{"id":3680,"date":"2019-03-18T17:11:09","date_gmt":"2019-03-18T20:11:09","guid":{"rendered":"https:\/\/jundiai.sp.gov.br\/planejamento-e-meio-ambiente\/?page_id=3680"},"modified":"2026-02-05T15:29:30","modified_gmt":"2026-02-05T18:29:30","slug":"plano-de-gerenciamento-de-residuos-solidos","status":"publish","type":"page","link":"https:\/\/jundiai.sp.gov.br\/planejamento-e-meio-ambiente\/plano-de-gerenciamento-de-residuos-solidos\/","title":{"rendered":"Plano de Gerenciamento de Res\u00edduos S\u00f3lidos"},"content":{"rendered":"<p><strong>Plano de Gerenciamento de Res\u00edduos S\u00f3lidos<\/strong><\/p>\n<p>O requerimento a seguir dever\u00e1 ser preenchido e protocolado juntamente com os documentos necess\u00e1rios conforme descrito no pr\u00f3prio requerimento:<br \/>\n<a href=\"https:\/\/drive.google.com\/file\/d\/1SfoE9aqqHxBKZXTfHzJv2frHsDCOz2iF\/view\" target=\"_blank\" rel=\"noopener noreferrer\">Jundia\u00ed PGRS _ Requerimento<\/a><\/p>\n<p>O Setor de Protocolo fica localizado no piso t\u00e9rreo do Pa\u00e7o Municipal Nova Jundia\u00ed que fica na Avenida da Liberdade s\/n\u00ba no Jardim Bot\u00e2nico.<\/p>\n<p>Para orienta\u00e7\u00f5es para elabora\u00e7\u00e3o do PGRS acesse:<br \/>\n<a href=\"https:\/\/drive.google.com\/file\/d\/17ImI_VnwDzfKW-V8F98Ac2dgnLk-Cd7b\/view\" target=\"_blank\" rel=\"noopener noreferrer\">Jundia\u00ed PGRS _ Procedimento<\/a><\/p>\n<p>Para orienta\u00e7\u00f5es para elabora\u00e7\u00e3o dos Relat\u00f3rios peri\u00f3dicos acesse:<br \/>\n<a href=\"https:\/\/drive.google.com\/file\/d\/1CQHDibJJk1yVbP8BPWNzw6BFq7Iuw5VW\/view\" target=\"_blank\" rel=\"noopener noreferrer\">Jundia\u00ed PGRS Relat\u00f3rio_Peri\u00f3dico Estrutura_Modelo<\/a><\/p>\n<p>Para orienta\u00e7\u00f5es para extra\u00e7\u00e3o de comprovantes de destina\u00e7\u00e3o de Res\u00edduos S\u00f3lidos no site Coletas Online acesse:<br \/>\n<a href=\"https:\/\/drive.google.com\/file\/d\/17WC8rNIA7eyM6mzOoz3zo8ywsz8fJEjn\/view\" target=\"_blank\" rel=\"noopener noreferrer\">Jundia\u00ed PGRS Gerado Destina\u00e7\u00e3o Extra\u00e7\u00e3o_Relat\u00f3rio Tutorial<\/a><\/p>\n<p><strong>Atos normativos:<\/strong><\/p>\n<p><a href=\"https:\/\/jundiai.sp.gov.br\/planejamento-e-meio-ambiente\/wp-content\/uploads\/sites\/15\/2019\/03\/federal-brasil-conama-res-469-de-2015.pdf\">Federal Brasil CONAMA Res 469 de 2015<\/a><br \/>\n<a href=\"https:\/\/jundiai.sp.gov.br\/planejamento-e-meio-ambiente\/wp-content\/uploads\/sites\/15\/2019\/03\/estadual-sao-paulo-lei-12300-de-2006-pers.pdf\">Estadual S\u00e3o Paulo Lei 12300 de 2006 PERS<\/a><\/p>\n","protected":false},"excerpt":{"rendered":"<p>Plano de Gerenciamento de Res\u00edduos S\u00f3lidos O requerimento a seguir dever\u00e1 ser preenchido e protocolado juntamente com os documentos necess\u00e1rios conforme descrito no pr\u00f3prio requerimento: Jundia\u00ed PGRS _ Requerimento O Setor de Protocolo fica localizado no piso t\u00e9rreo do Pa\u00e7o Municipal Nova Jundia\u00ed que fica na Avenida da Liberdade s\/n\u00ba no Jardim Bot\u00e2nico. Para orienta\u00e7\u00f5es [&hellip;]<\/p>\n","protected":false},"author":37,"featured_media":0,"parent":0,"menu_order":0,"comment_status":"closed","ping_status":"closed","template":"","meta":{"footnotes":""},"class_list":["post-3680","page","type-page","status-publish","hentry"],"_links":{"self":[{"href":"https:\/\/jundiai.sp.gov.br\/planejamento-e-meio-ambiente\/wp-json\/wp\/v2\/pages\/3680","targetHints":{"allow":["GET"]}}],"collection":[{"href":"https:\/\/jundiai.sp.gov.br\/planejamento-e-meio-ambiente\/wp-json\/wp\/v2\/pages"}],"about":[{"href":"https:\/\/jundiai.sp.gov.br\/planejamento-e-meio-ambiente\/wp-json\/wp\/v2\/types\/page"}],"author":[{"embeddable":true,"href":"https:\/\/jundiai.sp.gov.br\/planejamento-e-meio-ambiente\/wp-json\/wp\/v2\/users\/37"}],"replies":[{"embeddable":true,"href":"https:\/\/jundiai.sp.gov.br\/planejamento-e-meio-ambiente\/wp-json\/wp\/v2\/comments?post=3680"}],"version-history":[{"count":15,"href":"https:\/\/jundiai.sp.gov.br\/planejamento-e-meio-ambiente\/wp-json\/wp\/v2\/pages\/3680\/revisions"}],"predecessor-version":[{"id":4835,"href":"https:\/\/jundiai.sp.gov.br\/planejamento-e-meio-ambiente\/wp-json\/wp\/v2\/pages\/3680\/revisions\/4835"}],"wp:attachment":[{"href":"https:\/\/jundiai.sp.gov.br\/planejamento-e-meio-ambiente\/wp-json\/wp\/v2\/media?parent=3680"}],"curies":[{"name":"wp","href":"https:\/\/api.w.org\/{rel}","templated":true}]}}