{"id":4086,"date":"2020-05-13T14:31:14","date_gmt":"2020-05-13T17:31:14","guid":{"rendered":"https:\/\/jundiai.sp.gov.br\/planejamento-e-meio-ambiente\/?page_id=4086"},"modified":"2021-02-23T15:01:06","modified_gmt":"2021-02-23T18:01:06","slug":"2016-2","status":"publish","type":"page","link":"https:\/\/jundiai.sp.gov.br\/planejamento-e-meio-ambiente\/conselhos\/conselho-municipal-de-defesa-do-meio-ambiente-comdema\/2016-2\/","title":{"rendered":"2016"},"content":{"rendered":"<p><a href=\"https:\/\/jundiai.sp.gov.br\/planejamento-e-meio-ambiente\/wp-content\/uploads\/sites\/15\/2017\/04\/16\u00aa-Ata_Ordin\u00e1ria-COMDEMA-14.12.2016.pdf\" target=\"_blank\" rel=\"noopener noreferrer\">Reuni\u00e3o Ordin\u00e1ria &#8211; 14.12.2016<\/a><br \/>\n<a href=\"https:\/\/jundiai.sp.gov.br\/planejamento-e-meio-ambiente\/wp-content\/uploads\/sites\/15\/2017\/04\/15\u00aa-Ata_Ordin\u00e1ria-COMDEMA-09.11.2016.pdf\" target=\"_blank\" rel=\"noopener noreferrer\">Reuni\u00e3o Ordin\u00e1ria &#8211; 09.11.2016<\/a><br \/>\n<a href=\"https:\/\/jundiai.sp.gov.br\/planejamento-e-meio-ambiente\/wp-content\/uploads\/sites\/15\/2017\/04\/14\u00aa-Ata_Ordin\u00e1ria-COMDEMA-11.10.2016.pdf\" target=\"_blank\" rel=\"noopener noreferrer\">Reuni\u00e3o Ordin\u00e1ria &#8211; 11.10.2016<\/a><br \/>\n<a href=\"https:\/\/jundiai.sp.gov.br\/planejamento-e-meio-ambiente\/wp-content\/uploads\/sites\/15\/2017\/04\/13\u00aa-Ata_Ordin\u00e1ria-COMDEMA-14.09.2016.pdf\" target=\"_blank\" rel=\"noopener noreferrer\">Reuni\u00e3o Ordin\u00e1ria &#8211; 14.06.2016<\/a><br \/>\n<a href=\"https:\/\/jundiai.sp.gov.br\/planejamento-e-meio-ambiente\/wp-content\/uploads\/sites\/15\/2017\/04\/12\u00aa-Ata_Ordin\u00e1ria-COMDEMA-10.08.2016.pdf\" target=\"_blank\" rel=\"noopener noreferrer\">Reuni\u00e3o Ordin\u00e1ria &#8211; 10.08.2016<\/a><br \/>\n<a href=\"https:\/\/jundiai.sp.gov.br\/planejamento-e-meio-ambiente\/wp-content\/uploads\/sites\/15\/2017\/04\/11\u00aa-Ata_Ordin\u00e1ria-COMDEMA-13.07.2016.pdf\" target=\"_blank\" rel=\"noopener noreferrer\">Reuni\u00e3o Ordin\u00e1ria &#8211; 13.07.2016<\/a><br \/>\n<a href=\"https:\/\/jundiai.sp.gov.br\/planejamento-e-meio-ambiente\/wp-content\/uploads\/sites\/15\/2014\/09\/COMDEMA_Ata_Reun_Ord_2016-06-08.pdf\">Reuni\u00e3o Ordin\u00e1ria \u2013 08\/06\/2016<\/a><br \/>\n<a href=\"https:\/\/jundiai.sp.gov.br\/planejamento-e-meio-ambiente\/wp-content\/uploads\/sites\/15\/2014\/09\/COMDEMA_Ata_Reun_Ord_2016-05-11.pdf\">Reuni\u00e3o Ordin\u00e1ria \u2013 11\/05\/2016<\/a><br \/>\n<a href=\"https:\/\/jundiai.sp.gov.br\/planejamento-e-meio-ambiente\/wp-content\/uploads\/sites\/15\/2014\/09\/COMDEMA_Ata_Reun_Ord_2016-04-13.pdf\">Reuni\u00e3o Ordin\u00e1ria \u2013 13\/04\/2016<\/a><br \/>\n<a href=\"https:\/\/jundiai.sp.gov.br\/planejamento-e-meio-ambiente\/wp-content\/uploads\/sites\/15\/2014\/09\/COMDEMA_Ata_Reun_Ord_2016-03-09.pdf\">Reuni\u00e3o Ordin\u00e1ria \u2013 09\/03\/2016<\/a><br \/>\n<a href=\"https:\/\/jundiai.sp.gov.br\/planejamento-e-meio-ambiente\/wp-content\/uploads\/sites\/15\/2014\/09\/COMDEMA_Ata_Reun_Ord_2016-02-10.pdf\">Reuni\u00e3o Ordin\u00e1ria \u2013 10\/02\/2016<\/a><br \/>\n<a href=\"https:\/\/jundiai.sp.gov.br\/planejamento-e-meio-ambiente\/wp-content\/uploads\/sites\/15\/2014\/09\/COMDEMA_Ata_Reun_Extraord_2016-01-20.pdf\">Reuni\u00e3o Extraordin\u00e1ria \u2013 20\/01\/2016<\/a><br \/>\n<a href=\"https:\/\/jundiai.sp.gov.br\/planejamento-e-meio-ambiente\/wp-content\/uploads\/sites\/15\/2014\/09\/COMDEMA_Ata_Reun_Ord_2016-01-13.pdf\">Reuni\u00e3o Ordin\u00e1ria \u2013 13\/01\/2016<\/a><\/p>\n","protected":false},"excerpt":{"rendered":"<p>Reuni\u00e3o Ordin\u00e1ria &#8211; 14.12.2016 Reuni\u00e3o Ordin\u00e1ria &#8211; 09.11.2016 Reuni\u00e3o Ordin\u00e1ria &#8211; 11.10.2016 Reuni\u00e3o Ordin\u00e1ria &#8211; 14.06.2016 Reuni\u00e3o Ordin\u00e1ria &#8211; 10.08.2016 Reuni\u00e3o Ordin\u00e1ria &#8211; 13.07.2016 Reuni\u00e3o Ordin\u00e1ria \u2013 08\/06\/2016 Reuni\u00e3o Ordin\u00e1ria \u2013 11\/05\/2016 Reuni\u00e3o Ordin\u00e1ria \u2013 13\/04\/2016 Reuni\u00e3o Ordin\u00e1ria \u2013 09\/03\/2016 Reuni\u00e3o Ordin\u00e1ria \u2013 10\/02\/2016 Reuni\u00e3o Extraordin\u00e1ria \u2013 20\/01\/2016 Reuni\u00e3o Ordin\u00e1ria \u2013 13\/01\/2016<\/p>\n","protected":false},"author":50,"featured_media":0,"parent":2614,"menu_order":0,"comment_status":"closed","ping_status":"closed","template":"","meta":{"footnotes":""},"class_list":["post-4086","page","type-page","status-publish","hentry"],"_links":{"self":[{"href":"https:\/\/jundiai.sp.gov.br\/planejamento-e-meio-ambiente\/wp-json\/wp\/v2\/pages\/4086","targetHints":{"allow":["GET"]}}],"collection":[{"href":"https:\/\/jundiai.sp.gov.br\/planejamento-e-meio-ambiente\/wp-json\/wp\/v2\/pages"}],"about":[{"href":"https:\/\/jundiai.sp.gov.br\/planejamento-e-meio-ambiente\/wp-json\/wp\/v2\/types\/page"}],"author":[{"embeddable":true,"href":"https:\/\/jundiai.sp.gov.br\/planejamento-e-meio-ambiente\/wp-json\/wp\/v2\/users\/50"}],"replies":[{"embeddable":true,"href":"https:\/\/jundiai.sp.gov.br\/planejamento-e-meio-ambiente\/wp-json\/wp\/v2\/comments?post=4086"}],"version-history":[{"count":1,"href":"https:\/\/jundiai.sp.gov.br\/planejamento-e-meio-ambiente\/wp-json\/wp\/v2\/pages\/4086\/revisions"}],"predecessor-version":[{"id":4087,"href":"https:\/\/jundiai.sp.gov.br\/planejamento-e-meio-ambiente\/wp-json\/wp\/v2\/pages\/4086\/revisions\/4087"}],"up":[{"embeddable":true,"href":"https:\/\/jundiai.sp.gov.br\/planejamento-e-meio-ambiente\/wp-json\/wp\/v2\/pages\/2614"}],"wp:attachment":[{"href":"https:\/\/jundiai.sp.gov.br\/planejamento-e-meio-ambiente\/wp-json\/wp\/v2\/media?parent=4086"}],"curies":[{"name":"wp","href":"https:\/\/api.w.org\/{rel}","templated":true}]}}