{"id":4137,"date":"2020-05-21T08:19:44","date_gmt":"2020-05-21T11:19:44","guid":{"rendered":"https:\/\/jundiai.sp.gov.br\/planejamento-e-meio-ambiente\/?page_id=4137"},"modified":"2021-02-23T15:06:58","modified_gmt":"2021-02-23T18:06:58","slug":"2019-3","status":"publish","type":"page","link":"https:\/\/jundiai.sp.gov.br\/planejamento-e-meio-ambiente\/conselhos\/conselho-de-gestao-da-serra-do-japi\/2019-3\/","title":{"rendered":"2019"},"content":{"rendered":"<p><a href=\"https:\/\/jundiai.sp.gov.br\/planejamento-e-meio-ambiente\/wp-content\/uploads\/sites\/15\/2020\/05\/ata-da-2a-reuniao-ordinaria-04-12-2019.pdf\" target=\"_blank\" rel=\"noopener noreferrer\">Reuni\u00e3o Ordin\u00e1ria 04.12.2019<\/a><br \/>\n<a href=\"https:\/\/jundiai.sp.gov.br\/planejamento-e-meio-ambiente\/wp-content\/uploads\/sites\/15\/2020\/05\/ata-da-1a-reuniao-ordinaria-06-11-2019.pdf\" target=\"_blank\" rel=\"noopener noreferrer\">Reuni\u00e3o Ordin\u00e1ria 06.11.2019<\/a><br \/>\n<a href=\"https:\/\/jundiai.sp.gov.br\/planejamento-e-meio-ambiente\/wp-content\/uploads\/sites\/15\/2020\/05\/ata-da-24a-reuniao-ordinaria-07-08-2019.pdf\" target=\"_blank\" rel=\"noopener noreferrer\">Reuni\u00e3o Ordin\u00e1ria 07.08.2019<\/a><br \/>\n<a href=\"https:\/\/jundiai.sp.gov.br\/planejamento-e-meio-ambiente\/wp-content\/uploads\/sites\/15\/2020\/05\/ata-da-23a-reuniao-ordinaria-03-07-2019.pdf\" target=\"_blank\" rel=\"noopener noreferrer\">Reuni\u00e3o Ordin\u00e1ria 03.07.2019<\/a><br \/>\n<a href=\"https:\/\/jundiai.sp.gov.br\/planejamento-e-meio-ambiente\/wp-content\/uploads\/sites\/15\/2020\/05\/ata-da-22a-reuniao-ordinaria-05-06-2019.pdf\" target=\"_blank\" rel=\"noopener noreferrer\">Reuni\u00e3o Ordin\u00e1ria 05.06.2019<\/a><br \/>\n<a href=\"https:\/\/jundiai.sp.gov.br\/planejamento-e-meio-ambiente\/wp-content\/uploads\/sites\/15\/2020\/05\/ata-da-21a-reuniao-ordinaria-15-05-2019nao-houve-quorun.pdf\" target=\"_blank\" rel=\"noopener noreferrer\">Reuni\u00e3o Ordin\u00e1ria 15.05.2019<\/a><br \/>\n<a href=\"https:\/\/jundiai.sp.gov.br\/planejamento-e-meio-ambiente\/wp-content\/uploads\/sites\/15\/2020\/05\/ata-da-20a-reuniao-ordinaria-03-04-2019nao-houve-quorun.pdf\" target=\"_blank\" rel=\"noopener noreferrer\">Reuni\u00e3o Ordin\u00e1ria 03.04.2019<\/a><br \/>\n<a href=\"https:\/\/jundiai.sp.gov.br\/planejamento-e-meio-ambiente\/wp-content\/uploads\/sites\/15\/2020\/05\/ata-da-19a-reuniao-ordinaria-13-03-2019-1.pdf\" target=\"_blank\" rel=\"noopener noreferrer\">Reuni\u00e3o Ordin\u00e1ria 13.03.2019<\/a><br \/>\n<a href=\"https:\/\/jundiai.sp.gov.br\/planejamento-e-meio-ambiente\/wp-content\/uploads\/sites\/15\/2020\/05\/ata-da-18a-reuniao-ordinaria-06-02-2019-1.pdf\" target=\"_blank\" rel=\"noopener noreferrer\">Reuni\u00e3o Ordin\u00e1ria 06.02.2019<\/a><br \/>\n<a href=\"https:\/\/jundiai.sp.gov.br\/planejamento-e-meio-ambiente\/wp-content\/uploads\/sites\/15\/2019\/03\/ata-da-17a-reuniao-ordinaria-23-01-2019.pdf\" target=\"_blank\" rel=\"noopener noreferrer\">Reuni\u00e3o Ordin\u00e1ria 23.01.2019<\/a><\/p>\n<p>&nbsp;<\/p>\n<p>&nbsp;<\/p>\n","protected":false},"excerpt":{"rendered":"<p>Reuni\u00e3o Ordin\u00e1ria 04.12.2019 Reuni\u00e3o Ordin\u00e1ria 06.11.2019 Reuni\u00e3o Ordin\u00e1ria 07.08.2019 Reuni\u00e3o Ordin\u00e1ria 03.07.2019 Reuni\u00e3o Ordin\u00e1ria 05.06.2019 Reuni\u00e3o Ordin\u00e1ria 15.05.2019 Reuni\u00e3o Ordin\u00e1ria 03.04.2019 Reuni\u00e3o Ordin\u00e1ria 13.03.2019 Reuni\u00e3o Ordin\u00e1ria 06.02.2019 Reuni\u00e3o Ordin\u00e1ria 23.01.2019 &nbsp; &nbsp;<\/p>\n","protected":false},"author":50,"featured_media":0,"parent":2608,"menu_order":0,"comment_status":"closed","ping_status":"closed","template":"","meta":{"footnotes":""},"class_list":["post-4137","page","type-page","status-publish","hentry"],"_links":{"self":[{"href":"https:\/\/jundiai.sp.gov.br\/planejamento-e-meio-ambiente\/wp-json\/wp\/v2\/pages\/4137","targetHints":{"allow":["GET"]}}],"collection":[{"href":"https:\/\/jundiai.sp.gov.br\/planejamento-e-meio-ambiente\/wp-json\/wp\/v2\/pages"}],"about":[{"href":"https:\/\/jundiai.sp.gov.br\/planejamento-e-meio-ambiente\/wp-json\/wp\/v2\/types\/page"}],"author":[{"embeddable":true,"href":"https:\/\/jundiai.sp.gov.br\/planejamento-e-meio-ambiente\/wp-json\/wp\/v2\/users\/50"}],"replies":[{"embeddable":true,"href":"https:\/\/jundiai.sp.gov.br\/planejamento-e-meio-ambiente\/wp-json\/wp\/v2\/comments?post=4137"}],"version-history":[{"count":5,"href":"https:\/\/jundiai.sp.gov.br\/planejamento-e-meio-ambiente\/wp-json\/wp\/v2\/pages\/4137\/revisions"}],"predecessor-version":[{"id":4182,"href":"https:\/\/jundiai.sp.gov.br\/planejamento-e-meio-ambiente\/wp-json\/wp\/v2\/pages\/4137\/revisions\/4182"}],"up":[{"embeddable":true,"href":"https:\/\/jundiai.sp.gov.br\/planejamento-e-meio-ambiente\/wp-json\/wp\/v2\/pages\/2608"}],"wp:attachment":[{"href":"https:\/\/jundiai.sp.gov.br\/planejamento-e-meio-ambiente\/wp-json\/wp\/v2\/media?parent=4137"}],"curies":[{"name":"wp","href":"https:\/\/api.w.org\/{rel}","templated":true}]}}