{"id":4202,"date":"2020-06-17T08:10:31","date_gmt":"2020-06-17T11:10:31","guid":{"rendered":"https:\/\/jundiai.sp.gov.br\/planejamento-e-meio-ambiente\/?page_id=4202"},"modified":"2022-05-18T10:01:31","modified_gmt":"2022-05-18T13:01:31","slug":"cmpt-2015-2018","status":"publish","type":"page","link":"https:\/\/jundiai.sp.gov.br\/planejamento-e-meio-ambiente\/conselhos\/politica-territorial-cmpt\/cmpt-2015-2018\/","title":{"rendered":"Conselho Municipal de Pol\u00edtica Territorial 2015-2018"},"content":{"rendered":"<p><strong>Membros da Coordenadoria Executiva:<\/strong><br \/>\nPresidente: Daniel Motta (ong-coletivo\/Coletivo Cultura Jundiahy)<br \/>\nVice-Presidente: Silvio de Rezende Duarte Filho (moradores\/regi\u00e3o central)<br \/>\n1\u00b0 Secret\u00e1ria: Alissandra Bernardini de Oliveira (poder p\u00fablico)<br \/>\n2\u00b0 Secret\u00e1ria: Indal\u00e9cia Aparecida Paim de Souza Moraes (moradores\/regi\u00e3o central)<\/p>\n<h3><strong>Documentos\u00a0<\/strong><\/h3>\n<p><a href=\"https:\/\/jundiai.sp.gov.br\/planejamento-e-meio-ambiente\/atas-e-oficios\/\">Atas e Of\u00edcios\u00a0<\/a><\/p>\n<h3><strong>Mapa<\/strong><\/h3>\n<p><a href=\"https:\/\/jundiai.sp.gov.br\/planejamento-e-meio-ambiente\/wp-content\/uploads\/sites\/15\/2014\/08\/Lei-8683-Anexo-I-Mapa-14-Divis%C3%A3o-CMPT.pdf\" target=\"_blank\" rel=\"noopener noreferrer\">Mapa 14 \u2013 referente \u00e0 Lei 8683\/2016, que setorizou a cidade para a representatividade no CMPT<\/a><\/p>\n<h3><strong>Conselheiros<\/strong><\/h3>\n<p><a href=\"https:\/\/jundiai.sp.gov.br\/planejamento-e-meio-ambiente\/composicao\/\">Composi\u00e7\u00e3o\u00a0<\/a><\/p>\n<h3><strong>C\u00e2maras e Comiss\u00f5es Permanentes<\/strong><\/h3>\n<p><strong>C\u00e2mara T\u00e9cnica Para a Fun\u00e7\u00e3o Social e Ambiental da Cidade (CTFSAC)<\/strong><br \/>\nCoordenador: Fernanda Cristina dos Santos Tib\u00e9rio (moradores\/regi\u00e3o norte)<\/p>\n<p><strong>C\u00e2mara T\u00e9cnica para a Equidade, Inclus\u00e3o e Democratiza\u00e7\u00e3o (CTEID)<\/strong><br \/>\nCoordenadora: Helena Cristina Alves de Oliveira (moradores\/regi\u00e3o oeste)<\/p>\n<p><strong>Comiss\u00e3o T\u00e9cnica para a An\u00e1lise da Legisla\u00e7\u00e3o Urban\u00edstica (CTALU)<\/strong><br \/>\nCoordenadora: Daniela Colagrossi (poder p\u00fablico)<\/p>\n<p><strong>Comiss\u00e3o T\u00e9cnica para o Fundo Municipal de Desenvolvimento Territorial (CTFMDT)<\/strong><br \/>\nCoordenadora: Claudia Debroi de Campos<\/p>\n","protected":false},"excerpt":{"rendered":"<p>Membros da Coordenadoria Executiva: Presidente: Daniel Motta (ong-coletivo\/Coletivo Cultura Jundiahy) Vice-Presidente: Silvio de Rezende Duarte Filho (moradores\/regi\u00e3o central) 1\u00b0 Secret\u00e1ria: Alissandra Bernardini de Oliveira (poder p\u00fablico) 2\u00b0 Secret\u00e1ria: Indal\u00e9cia Aparecida Paim de Souza Moraes (moradores\/regi\u00e3o central) Documentos\u00a0 Atas e Of\u00edcios\u00a0 Mapa Mapa 14 \u2013 referente \u00e0 Lei 8683\/2016, que setorizou a cidade para a representatividade [&hellip;]<\/p>\n","protected":false},"author":50,"featured_media":0,"parent":2610,"menu_order":0,"comment_status":"closed","ping_status":"closed","template":"","meta":{"footnotes":""},"class_list":["post-4202","page","type-page","status-publish","hentry"],"_links":{"self":[{"href":"https:\/\/jundiai.sp.gov.br\/planejamento-e-meio-ambiente\/wp-json\/wp\/v2\/pages\/4202","targetHints":{"allow":["GET"]}}],"collection":[{"href":"https:\/\/jundiai.sp.gov.br\/planejamento-e-meio-ambiente\/wp-json\/wp\/v2\/pages"}],"about":[{"href":"https:\/\/jundiai.sp.gov.br\/planejamento-e-meio-ambiente\/wp-json\/wp\/v2\/types\/page"}],"author":[{"embeddable":true,"href":"https:\/\/jundiai.sp.gov.br\/planejamento-e-meio-ambiente\/wp-json\/wp\/v2\/users\/50"}],"replies":[{"embeddable":true,"href":"https:\/\/jundiai.sp.gov.br\/planejamento-e-meio-ambiente\/wp-json\/wp\/v2\/comments?post=4202"}],"version-history":[{"count":13,"href":"https:\/\/jundiai.sp.gov.br\/planejamento-e-meio-ambiente\/wp-json\/wp\/v2\/pages\/4202\/revisions"}],"predecessor-version":[{"id":5874,"href":"https:\/\/jundiai.sp.gov.br\/planejamento-e-meio-ambiente\/wp-json\/wp\/v2\/pages\/4202\/revisions\/5874"}],"up":[{"embeddable":true,"href":"https:\/\/jundiai.sp.gov.br\/planejamento-e-meio-ambiente\/wp-json\/wp\/v2\/pages\/2610"}],"wp:attachment":[{"href":"https:\/\/jundiai.sp.gov.br\/planejamento-e-meio-ambiente\/wp-json\/wp\/v2\/media?parent=4202"}],"curies":[{"name":"wp","href":"https:\/\/api.w.org\/{rel}","templated":true}]}}