{"id":4374,"date":"2024-07-10T17:11:22","date_gmt":"2024-07-10T20:11:22","guid":{"rendered":"https:\/\/jundiai.sp.gov.br\/planejamento-e-meio-ambiente\/?page_id=4374"},"modified":"2024-07-10T17:11:22","modified_gmt":"2024-07-10T20:11:22","slug":"informacoes-programa-municipio-verde-azul","status":"publish","type":"page","link":"https:\/\/jundiai.sp.gov.br\/planejamento-e-meio-ambiente\/programas\/informacoes-programa-municipio-verde-azul\/","title":{"rendered":"Programa Munic\u00edpio Verde Azul"},"content":{"rendered":"\n<p>O Programa Munic\u00edpio VerdeAzul &#8211; PMVA tem o inovador prop\u00f3sito de medir e apoiar a efici\u00eancia da gest\u00e3o ambiental com a descentraliza\u00e7\u00e3o e valoriza\u00e7\u00e3o da agenda ambiental nos munic\u00edpios. O PMVA estimula e auxilia as prefeituras paulistas na elabora\u00e7\u00e3o e execu\u00e7\u00e3o de suas pol\u00edticas p\u00fablicas estrat\u00e9gicas para o desenvolvimento sustent\u00e1vel do estado de S\u00e3o Paulo.<\/p>\n\n\n\n<p>O Governo do Estado publica o Ranking Ambiental dos munic\u00edpios paulistas . Tal Ranking resulta da avalia\u00e7\u00e3o t\u00e9cnica das informa\u00e7\u00f5es fornecidas pelos munic\u00edpios, com crit\u00e9rios preestabelecidos de medi\u00e7\u00e3o da efic\u00e1cia das a\u00e7\u00f5es executadas. A partir dessa avalia\u00e7\u00e3o o Indicador de Avalia\u00e7\u00e3o Ambiental &#8211; IAA \u00e9 publicado para que o poder p\u00fablico e toda a popula\u00e7\u00e3o possam utiliza-lo como norteador na formula\u00e7\u00e3o e aprimoramento de pol\u00edticas p\u00fablicas e demais a\u00e7\u00f5es sustent\u00e1veis. <\/p>\n\n\n\n<div class=\"wp-block-file\"><a href=\"https:\/\/jundiai.sp.gov.br\/planejamento-e-meio-ambiente\/wp-content\/uploads\/sites\/15\/2020\/09\/eea8-jundiai-2020-publicacao.pdf\" target=\"_blank\" rel=\"noreferrer noopener\">Dados Ambientais Jundia\u00ed<\/a><\/div>\n\n\n\n<p><a href=\"https:\/\/jundiai.sp.gov.br\/planejamento-e-meio-ambiente\/wp-content\/uploads\/sites\/15\/2021\/09\/03b-manual-tecnico-de-arborizacao-urbana.pdf\">Manual T\u00e9cnico de Arboriza\u00e7\u00e3o Urbana <\/a><\/p>\n\n\n\n<p><a href=\"https:\/\/jundiai.sp.gov.br\/planejamento-e-meio-ambiente\/wp-content\/uploads\/sites\/15\/2021\/09\/dados-ambientais-jundiai-2021.pdf\">Dados Ambientais 2021<\/a><\/p>\n\n\n\n<p><\/p>\n","protected":false},"excerpt":{"rendered":"<p>O Programa Munic\u00edpio VerdeAzul &#8211; PMVA tem o inovador prop\u00f3sito de medir e apoiar a efici\u00eancia da gest\u00e3o ambiental com a descentraliza\u00e7\u00e3o e valoriza\u00e7\u00e3o da agenda ambiental nos munic\u00edpios. O PMVA estimula e auxilia as prefeituras paulistas na elabora\u00e7\u00e3o e execu\u00e7\u00e3o de suas pol\u00edticas p\u00fablicas estrat\u00e9gicas para o desenvolvimento sustent\u00e1vel do estado de S\u00e3o Paulo. [&hellip;]<\/p>\n","protected":false},"author":8,"featured_media":0,"parent":4854,"menu_order":0,"comment_status":"closed","ping_status":"closed","template":"lei-eleitoral-2024\/lei-eleitoral-2024.php","meta":{"footnotes":""},"class_list":["post-4374","page","type-page","status-publish","hentry"],"_links":{"self":[{"href":"https:\/\/jundiai.sp.gov.br\/planejamento-e-meio-ambiente\/wp-json\/wp\/v2\/pages\/4374","targetHints":{"allow":["GET"]}}],"collection":[{"href":"https:\/\/jundiai.sp.gov.br\/planejamento-e-meio-ambiente\/wp-json\/wp\/v2\/pages"}],"about":[{"href":"https:\/\/jundiai.sp.gov.br\/planejamento-e-meio-ambiente\/wp-json\/wp\/v2\/types\/page"}],"author":[{"embeddable":true,"href":"https:\/\/jundiai.sp.gov.br\/planejamento-e-meio-ambiente\/wp-json\/wp\/v2\/users\/8"}],"replies":[{"embeddable":true,"href":"https:\/\/jundiai.sp.gov.br\/planejamento-e-meio-ambiente\/wp-json\/wp\/v2\/comments?post=4374"}],"version-history":[{"count":7,"href":"https:\/\/jundiai.sp.gov.br\/planejamento-e-meio-ambiente\/wp-json\/wp\/v2\/pages\/4374\/revisions"}],"predecessor-version":[{"id":5200,"href":"https:\/\/jundiai.sp.gov.br\/planejamento-e-meio-ambiente\/wp-json\/wp\/v2\/pages\/4374\/revisions\/5200"}],"up":[{"embeddable":true,"href":"https:\/\/jundiai.sp.gov.br\/planejamento-e-meio-ambiente\/wp-json\/wp\/v2\/pages\/4854"}],"wp:attachment":[{"href":"https:\/\/jundiai.sp.gov.br\/planejamento-e-meio-ambiente\/wp-json\/wp\/v2\/media?parent=4374"}],"curies":[{"name":"wp","href":"https:\/\/api.w.org\/{rel}","templated":true}]}}