{"id":4677,"date":"2021-02-23T16:09:01","date_gmt":"2021-02-23T19:09:01","guid":{"rendered":"https:\/\/jundiai.sp.gov.br\/planejamento-e-meio-ambiente\/?page_id=4677"},"modified":"2022-01-19T15:44:04","modified_gmt":"2022-01-19T18:44:04","slug":"plano-de-bairro","status":"publish","type":"page","link":"https:\/\/jundiai.sp.gov.br\/planejamento-e-meio-ambiente\/planos\/plano-de-bairro\/","title":{"rendered":"Plano de Bairro"},"content":{"rendered":"\n<p>O Plano de Bairro \u00e9 um instrumento do Sistema Municipal de Planejamento e Gest\u00e3o Territorial, institu\u00eddo no art. 7\u00ba do Plano Diretor do Munic\u00edpio \u2013 Lei n\u00ba 9.321\/2019, em conjunto com o Plano Plurianual \u2013 PPA, a Lei de Diretrizes Or\u00e7ament\u00e1rias \u2013 LDO, a Lei Or\u00e7ament\u00e1ria Anual \u2013 LOA, o C\u00f3digo de Obras e Edifica\u00e7\u00f5es, entre outros.<\/p>\n\n\n\n<p>Este \u00e9 o documento que apresenta a primeira etapa do Plano de Bairro Novo Horizonte e regi\u00e3o: o diagn\u00f3stico a partir da escuta a crian\u00e7as e pais que moram no local.&nbsp;<\/p>\n\n\n\n<p>A popula\u00e7\u00e3o ainda pode enviar suas sugest\u00f5es para o bairro at\u00e9 o final de mar\u00e7o de 2021. A partir de ent\u00e3o, a&nbsp;equipe envolvida no trabalho ir\u00e1 definir as diretrizes e a\u00e7\u00f5es que poder\u00e3o ser implantadas ao longo dos pr\u00f3ximos anos, de acordo com a disponibilidade financeira do munic\u00edpio e com a ordem de prioridade que for definida.<\/p>\n\n\n\n<p>O Plano Diretor prev\u00ea o desenvolvimento de um Plano de Bairro a cada ano.<\/p>\n\n\n\n<p><\/p>\n\n\n\n<p><a href=\"https:\/\/jundiai.sp.gov.br\/planejamento-e-meio-ambiente\/planos\/plano-de-bairro-novo-horizonte-e-regiao\/\">Plano de Bairro &#8211; Novo Horizonte e Regi\u00e3o <\/a><\/p>\n","protected":false},"excerpt":{"rendered":"<p>O Plano de Bairro \u00e9 um instrumento do Sistema Municipal de Planejamento e Gest\u00e3o Territorial, institu\u00eddo no art. 7\u00ba do Plano Diretor do Munic\u00edpio \u2013 Lei n\u00ba 9.321\/2019, em conjunto com o Plano Plurianual \u2013 PPA, a Lei de Diretrizes Or\u00e7ament\u00e1rias \u2013 LDO, a Lei Or\u00e7ament\u00e1ria Anual \u2013 LOA, o C\u00f3digo de Obras e Edifica\u00e7\u00f5es, [&hellip;]<\/p>\n","protected":false},"author":69,"featured_media":0,"parent":4829,"menu_order":0,"comment_status":"closed","ping_status":"closed","template":"","meta":{"footnotes":""},"class_list":["post-4677","page","type-page","status-publish","hentry"],"_links":{"self":[{"href":"https:\/\/jundiai.sp.gov.br\/planejamento-e-meio-ambiente\/wp-json\/wp\/v2\/pages\/4677","targetHints":{"allow":["GET"]}}],"collection":[{"href":"https:\/\/jundiai.sp.gov.br\/planejamento-e-meio-ambiente\/wp-json\/wp\/v2\/pages"}],"about":[{"href":"https:\/\/jundiai.sp.gov.br\/planejamento-e-meio-ambiente\/wp-json\/wp\/v2\/types\/page"}],"author":[{"embeddable":true,"href":"https:\/\/jundiai.sp.gov.br\/planejamento-e-meio-ambiente\/wp-json\/wp\/v2\/users\/69"}],"replies":[{"embeddable":true,"href":"https:\/\/jundiai.sp.gov.br\/planejamento-e-meio-ambiente\/wp-json\/wp\/v2\/comments?post=4677"}],"version-history":[{"count":5,"href":"https:\/\/jundiai.sp.gov.br\/planejamento-e-meio-ambiente\/wp-json\/wp\/v2\/pages\/4677\/revisions"}],"predecessor-version":[{"id":5436,"href":"https:\/\/jundiai.sp.gov.br\/planejamento-e-meio-ambiente\/wp-json\/wp\/v2\/pages\/4677\/revisions\/5436"}],"up":[{"embeddable":true,"href":"https:\/\/jundiai.sp.gov.br\/planejamento-e-meio-ambiente\/wp-json\/wp\/v2\/pages\/4829"}],"wp:attachment":[{"href":"https:\/\/jundiai.sp.gov.br\/planejamento-e-meio-ambiente\/wp-json\/wp\/v2\/media?parent=4677"}],"curies":[{"name":"wp","href":"https:\/\/api.w.org\/{rel}","templated":true}]}}