{"id":4688,"date":"2021-02-23T16:27:04","date_gmt":"2021-02-23T19:27:04","guid":{"rendered":"https:\/\/jundiai.sp.gov.br\/planejamento-e-meio-ambiente\/?page_id=4688"},"modified":"2024-02-08T14:29:34","modified_gmt":"2024-02-08T17:29:34","slug":"codigo-de-obras","status":"publish","type":"page","link":"https:\/\/jundiai.sp.gov.br\/planejamento-e-meio-ambiente\/obras-particulares\/legislacao\/codigo-de-obras\/","title":{"rendered":"C\u00f3digo de Obras"},"content":{"rendered":"\n<p>O C\u00f3digo de Obras e Edifica\u00e7\u00f5es de Jundia\u00ed foi institu\u00eddo em 1965 e ao longo dos anos, buscando acompanhar a evolu\u00e7\u00e3o da cidade, passou por uma revis\u00e3o em 1996 e a atual revis\u00e3o resultou na Legisla\u00e7\u00e3o que foi publicada em 2021,&nbsp;com altera\u00e7\u00f5es publicadas em 2023. O documento tem como objetivo disciplinar os procedimentos administrativos, executivos, fiscais e de penalidades, como tamb\u00e9m as regras gerais e espec\u00edficas a serem consideradas no projeto, no licenciamento, na execu\u00e7\u00e3o, na manuten\u00e7\u00e3o e na utiliza\u00e7\u00e3o de edifica\u00e7\u00f5es, urbaniza\u00e7\u00f5es e obras de constru\u00e7\u00e3o civil em geral em todo o Munic\u00edpio, sem preju\u00edzo da legisla\u00e7\u00e3o estadual e federal pertinentes, das normas t\u00e9cnicas da Associa\u00e7\u00e3o Brasileira de Normas T\u00e9cnicas \u2013 ABNT aplic\u00e1veis, do C\u00f3digo Brasileiro de Tr\u00e2nsito, do Plano Diretor Municipal e da Lei Org\u00e2nica do Munic\u00edpio.<\/p>\n\n\n\n<p>A reformula\u00e7\u00e3o do instrumento&nbsp;vem sendo&nbsp;discutida&nbsp;desde 2010 pelo Conselho Municipal de Obras e Edifica\u00e7\u00f5es do Munic\u00edpio,&nbsp;com a&nbsp;participa\u00e7\u00e3o de representantes de v\u00e1rios segmentos, dentre os quais destacamos, a Administra\u00e7\u00e3o Municipal, Associa\u00e7\u00e3o dos Engenheiros, N\u00facleo Jundia\u00ed do Instituto de Arquitetos do Brasil e representantes das empresas de constru\u00e7\u00e3o civil.<\/p>\n\n\n\n<p>A atual Lei revogou a Lei complementar n\u00ba174, de 09 de janeiro de 1996.<\/p>\n\n\n\n<p>Confira\u00a0<strong>\u00a0<a href=\"https:\/\/sapl.jundiai.sp.leg.br\/pysc\/download_norma_pysc?cod_norma=18723&amp;texto_consolidado=1\" data-type=\"link\" data-id=\"https:\/\/sapl.jundiai.sp.leg.br\/pysc\/download_norma_pysc?cod_norma=18723&amp;texto_consolidado=1\">A LEI COMPLEMENTAR N\u00ba 606, DE 25\/06\/2021<\/a><\/strong>\u00a0que\u00a0Institui o novo C\u00f3digo de Obras e\u00a0Edifica\u00e7\u00f5es,\u00a0\u00a0revoga normas correlatas e suas altera\u00e7\u00f5es.<\/p>\n","protected":false},"excerpt":{"rendered":"<p>O C\u00f3digo de Obras e Edifica\u00e7\u00f5es de Jundia\u00ed foi institu\u00eddo em 1965 e ao longo dos anos, buscando acompanhar a evolu\u00e7\u00e3o da cidade, passou por uma revis\u00e3o em 1996 e a atual revis\u00e3o resultou na Legisla\u00e7\u00e3o que foi publicada em 2021,&nbsp;com altera\u00e7\u00f5es publicadas em 2023. O documento tem como objetivo disciplinar os procedimentos administrativos, executivos, [&hellip;]<\/p>\n","protected":false},"author":69,"featured_media":0,"parent":2515,"menu_order":0,"comment_status":"closed","ping_status":"closed","template":"","meta":{"footnotes":""},"class_list":["post-4688","page","type-page","status-publish","hentry"],"_links":{"self":[{"href":"https:\/\/jundiai.sp.gov.br\/planejamento-e-meio-ambiente\/wp-json\/wp\/v2\/pages\/4688","targetHints":{"allow":["GET"]}}],"collection":[{"href":"https:\/\/jundiai.sp.gov.br\/planejamento-e-meio-ambiente\/wp-json\/wp\/v2\/pages"}],"about":[{"href":"https:\/\/jundiai.sp.gov.br\/planejamento-e-meio-ambiente\/wp-json\/wp\/v2\/types\/page"}],"author":[{"embeddable":true,"href":"https:\/\/jundiai.sp.gov.br\/planejamento-e-meio-ambiente\/wp-json\/wp\/v2\/users\/69"}],"replies":[{"embeddable":true,"href":"https:\/\/jundiai.sp.gov.br\/planejamento-e-meio-ambiente\/wp-json\/wp\/v2\/comments?post=4688"}],"version-history":[{"count":3,"href":"https:\/\/jundiai.sp.gov.br\/planejamento-e-meio-ambiente\/wp-json\/wp\/v2\/pages\/4688\/revisions"}],"predecessor-version":[{"id":7059,"href":"https:\/\/jundiai.sp.gov.br\/planejamento-e-meio-ambiente\/wp-json\/wp\/v2\/pages\/4688\/revisions\/7059"}],"up":[{"embeddable":true,"href":"https:\/\/jundiai.sp.gov.br\/planejamento-e-meio-ambiente\/wp-json\/wp\/v2\/pages\/2515"}],"wp:attachment":[{"href":"https:\/\/jundiai.sp.gov.br\/planejamento-e-meio-ambiente\/wp-json\/wp\/v2\/media?parent=4688"}],"curies":[{"name":"wp","href":"https:\/\/api.w.org\/{rel}","templated":true}]}}