{"id":4698,"date":"2021-02-25T11:41:46","date_gmt":"2021-02-25T14:41:46","guid":{"rendered":"https:\/\/jundiai.sp.gov.br\/planejamento-e-meio-ambiente\/?page_id=4698"},"modified":"2021-02-25T11:44:36","modified_gmt":"2021-02-25T14:44:36","slug":"potencial-construtivo","status":"publish","type":"page","link":"https:\/\/jundiai.sp.gov.br\/planejamento-e-meio-ambiente\/potencial-construtivo\/","title":{"rendered":"Potencial Construtivo"},"content":{"rendered":"\n<p><strong><a href=\"http:\/\/sapl.camarajundiai.sp.gov.br\/sapl_documentos\/norma_juridica\/18364_texto_integral.pdf\" target=\"_blank\" rel=\"noreferrer noopener\">Decreto 29.163\/2020<\/a><\/strong><strong><\/strong><\/p>\n\n\n\n<p>Regulamenta os procedimentos para a transfer\u00eancia do direito de construir por meio de Declara\u00e7\u00e3o de Potencial Construtivo Pass\u00edvel de Transfer\u00eancia e de Certid\u00e3o de Transfer\u00eancia de Potencial Construtivo, de acordo com os arts. 105 a 113 do Plano Diretor (Lei n.\u00ba 9.321, de 11 de novembro de 2019).<\/p>\n\n\n\n<p><a href=\"https:\/\/docs.google.com\/spreadsheets\/d\/1hUSKj1BI7npQS2GiQWA5rEfKslB35RYg-LBhakroAn8\/edit?usp=sharing\" target=\"_blank\" rel=\"noreferrer noopener\">Veja aqui as Declara\u00e7\u00f5es<\/a>&nbsp;de Potencial Construtivo Pass\u00edvel de Transfer\u00eancia emitidas pela UGPUMA.<\/p>\n","protected":false},"excerpt":{"rendered":"<p>Decreto 29.163\/2020 Regulamenta os procedimentos para a transfer\u00eancia do direito de construir por meio de Declara\u00e7\u00e3o de Potencial Construtivo Pass\u00edvel de Transfer\u00eancia e de Certid\u00e3o de Transfer\u00eancia de Potencial Construtivo, de acordo com os arts. 105 a 113 do Plano Diretor (Lei n.\u00ba 9.321, de 11 de novembro de 2019). Veja aqui as Declara\u00e7\u00f5es&nbsp;de Potencial [&hellip;]<\/p>\n","protected":false},"author":69,"featured_media":0,"parent":0,"menu_order":0,"comment_status":"closed","ping_status":"closed","template":"","meta":{"footnotes":""},"class_list":["post-4698","page","type-page","status-publish","hentry"],"_links":{"self":[{"href":"https:\/\/jundiai.sp.gov.br\/planejamento-e-meio-ambiente\/wp-json\/wp\/v2\/pages\/4698","targetHints":{"allow":["GET"]}}],"collection":[{"href":"https:\/\/jundiai.sp.gov.br\/planejamento-e-meio-ambiente\/wp-json\/wp\/v2\/pages"}],"about":[{"href":"https:\/\/jundiai.sp.gov.br\/planejamento-e-meio-ambiente\/wp-json\/wp\/v2\/types\/page"}],"author":[{"embeddable":true,"href":"https:\/\/jundiai.sp.gov.br\/planejamento-e-meio-ambiente\/wp-json\/wp\/v2\/users\/69"}],"replies":[{"embeddable":true,"href":"https:\/\/jundiai.sp.gov.br\/planejamento-e-meio-ambiente\/wp-json\/wp\/v2\/comments?post=4698"}],"version-history":[{"count":1,"href":"https:\/\/jundiai.sp.gov.br\/planejamento-e-meio-ambiente\/wp-json\/wp\/v2\/pages\/4698\/revisions"}],"predecessor-version":[{"id":4699,"href":"https:\/\/jundiai.sp.gov.br\/planejamento-e-meio-ambiente\/wp-json\/wp\/v2\/pages\/4698\/revisions\/4699"}],"wp:attachment":[{"href":"https:\/\/jundiai.sp.gov.br\/planejamento-e-meio-ambiente\/wp-json\/wp\/v2\/media?parent=4698"}],"curies":[{"name":"wp","href":"https:\/\/api.w.org\/{rel}","templated":true}]}}