{"id":4818,"date":"2021-05-05T16:06:20","date_gmt":"2021-05-05T19:06:20","guid":{"rendered":"https:\/\/jundiai.sp.gov.br\/planejamento-e-meio-ambiente\/?page_id=4818"},"modified":"2025-06-11T15:28:11","modified_gmt":"2025-06-11T18:28:11","slug":"resolucoes-ugpuma","status":"publish","type":"page","link":"https:\/\/jundiai.sp.gov.br\/planejamento-e-meio-ambiente\/legislacao\/resolucoes-ugpuma\/","title":{"rendered":"Resolu\u00e7\u00f5es UGPUMA"},"content":{"rendered":"\n<div class=\"wp-block-file\"><a href=\"https:\/\/jundiai.sp.gov.br\/planejamento-e-meio-ambiente\/wp-content\/uploads\/sites\/15\/2021\/05\/res-01-l-9321-19.pdf\" target=\"_blank\" rel=\"noreferrer noopener\">Resolu\u00e7\u00e3o UGPUMA-DEURB 001\/Lei 9.321\/2019<\/a><\/div>\n\n\n\n<p>Define n\u00famero de pavimentos das edifica\u00e7\u00f5es, conforme Quadro 11 do artigo 262 da Lei 9.321\/2019 &#8211; Plano Diretor.<\/p>\n\n\n\n<div class=\"wp-block-file\"><a href=\"https:\/\/jundiai.sp.gov.br\/planejamento-e-meio-ambiente\/wp-content\/uploads\/sites\/15\/2021\/05\/res-02-l-9321-19.pdf\" target=\"_blank\" rel=\"noreferrer noopener\">Resolu\u00e7\u00e3o UGPUMA-DEURB 002\/Lei 9.321\/2019<\/a><\/div>\n\n\n\n<p>Resolve metragem da testada do lote gerado caso o loteamento utilize os par\u00e2metros do artigo 290 da Lei 9.321\/2019 &#8211; Plano Diretor.<\/p>\n\n\n\n<div class=\"wp-block-file\"><a href=\"https:\/\/jundiai.sp.gov.br\/planejamento-e-meio-ambiente\/wp-content\/uploads\/sites\/15\/2021\/05\/res-03-l-9321-19.pdf\" target=\"_blank\" rel=\"noreferrer noopener\">Resolu\u00e7\u00e3o UGPUMA-DEURB 003\/Lei 9.321\/2019<\/a><\/div>\n\n\n\n<p>Resolve n\u00famero de vagas em projetos de creches e espa\u00e7os de educa\u00e7\u00e3o infantil definido no artigo 264 da Lei 9.321\/2019 &#8211; Plano Diretor.<\/p>\n\n\n\n<div class=\"wp-block-file\"><a href=\"https:\/\/jundiai.sp.gov.br\/planejamento-e-meio-ambiente\/wp-content\/uploads\/sites\/15\/2021\/05\/res-04-l-9321-19.pdf\" target=\"_blank\" rel=\"noreferrer noopener\">Resolu\u00e7\u00e3o UGPUMA-DEURB 004\/Lei 9.321\/2019<\/a><\/div>\n\n\n\n<p>Resolve ponto de refer\u00eancia do perfil natural do terreno para medir a altura das edifica\u00e7\u00f5es definida no artigo 262 da Lei 9.321\/2019 &#8211; Plano Diretor.<\/p>\n\n\n\n<div class=\"wp-block-file\"><a id=\"wp-block-file--media-96e4d921-a18a-423b-a816-27e5a2b63c83\" href=\"https:\/\/jundiai.sp.gov.br\/planejamento-e-meio-ambiente\/wp-content\/uploads\/sites\/15\/2024\/12\/resolucao_ugpuma_assinado_1_assinado-1.pdf\" target=\"_blank\" rel=\"noreferrer noopener\">RESOLU\u00c7\u00c3O&nbsp;UGPUMA-DEURB No 005,&nbsp;Lei 9.321\/2019 Alterada pela Lei 10.177\/2024<\/a><\/div>\n\n\n\n<p>Que trata da aplica\u00e7\u00e3o do par\u00e1grafo 18 do artigo 289&nbsp;e do inciso III do par\u00e1grafo 4\u00ba do artigo 295<br>&nbsp;da Lei Municipal no 9.321, de 11 de novembro de 2019, alterada pela Lei Municipal n\u00famero 10.177, de 13 de junho de 2.024.<\/p>\n\n\n\n<div class=\"wp-block-file\"><a id=\"wp-block-file--media-94efb725-6a4c-415a-a252-3ccc29756020\" href=\"https:\/\/jundiai.sp.gov.br\/planejamento-e-meio-ambiente\/wp-content\/uploads\/sites\/15\/2025\/03\/res_001_2025.pdf\" target=\"_blank\" rel=\"noreferrer noopener\">RESOLU\u00c7\u00c3O UGPUMA 001\/2025<\/a><\/div>\n\n\n\n<p>Defini\u00e7\u00e3o dos procedimentos administrativos adotados pela UGPUMA\/DELOI com rela\u00e7\u00e3o a Lei Complementar n\u00ba 636, de 17 de dezembro de 2024.<\/p>\n\n\n\n<div class=\"wp-block-file\"><a id=\"wp-block-file--media-e6427681-6115-45e5-a2cf-ca256f7cd5e6\" href=\"https:\/\/jundiai.sp.gov.br\/planejamento-e-meio-ambiente\/wp-content\/uploads\/sites\/15\/2025\/06\/resolucao_ugpuma_002e003-2025-io.pdf\" target=\"_blank\" rel=\"noreferrer noopener\">RESOLU\u00c7\u00d5ES 002 E 003\/2025<\/a><\/div>\n\n\n\n<p>Instru\u00e7\u00f5es sobre \u00e1reas p\u00fablicas a serem doadas, demarca\u00e7\u00f5es das \u00e1reas Livres de Uso P\u00fablico (ALUP) &#8211; \u00c1rea Verde e Quota de Terreno M\u00ednima por Unidade Habitacional.<\/p>\n","protected":false},"excerpt":{"rendered":"<p>Define n\u00famero de pavimentos das edifica\u00e7\u00f5es, conforme Quadro 11 do artigo 262 da Lei 9.321\/2019 &#8211; Plano Diretor. Resolve metragem da testada do lote gerado caso o loteamento utilize os par\u00e2metros do artigo 290 da Lei 9.321\/2019 &#8211; Plano Diretor. Resolve n\u00famero de vagas em projetos de creches e espa\u00e7os de educa\u00e7\u00e3o infantil definido no [&hellip;]<\/p>\n","protected":false},"author":8,"featured_media":0,"parent":82,"menu_order":0,"comment_status":"closed","ping_status":"closed","template":"","meta":{"footnotes":""},"class_list":["post-4818","page","type-page","status-publish","hentry"],"_links":{"self":[{"href":"https:\/\/jundiai.sp.gov.br\/planejamento-e-meio-ambiente\/wp-json\/wp\/v2\/pages\/4818","targetHints":{"allow":["GET"]}}],"collection":[{"href":"https:\/\/jundiai.sp.gov.br\/planejamento-e-meio-ambiente\/wp-json\/wp\/v2\/pages"}],"about":[{"href":"https:\/\/jundiai.sp.gov.br\/planejamento-e-meio-ambiente\/wp-json\/wp\/v2\/types\/page"}],"author":[{"embeddable":true,"href":"https:\/\/jundiai.sp.gov.br\/planejamento-e-meio-ambiente\/wp-json\/wp\/v2\/users\/8"}],"replies":[{"embeddable":true,"href":"https:\/\/jundiai.sp.gov.br\/planejamento-e-meio-ambiente\/wp-json\/wp\/v2\/comments?post=4818"}],"version-history":[{"count":9,"href":"https:\/\/jundiai.sp.gov.br\/planejamento-e-meio-ambiente\/wp-json\/wp\/v2\/pages\/4818\/revisions"}],"predecessor-version":[{"id":7737,"href":"https:\/\/jundiai.sp.gov.br\/planejamento-e-meio-ambiente\/wp-json\/wp\/v2\/pages\/4818\/revisions\/7737"}],"up":[{"embeddable":true,"href":"https:\/\/jundiai.sp.gov.br\/planejamento-e-meio-ambiente\/wp-json\/wp\/v2\/pages\/82"}],"wp:attachment":[{"href":"https:\/\/jundiai.sp.gov.br\/planejamento-e-meio-ambiente\/wp-json\/wp\/v2\/media?parent=4818"}],"curies":[{"name":"wp","href":"https:\/\/api.w.org\/{rel}","templated":true}]}}