{"id":4829,"date":"2021-05-05T16:22:27","date_gmt":"2021-05-05T19:22:27","guid":{"rendered":"https:\/\/jundiai.sp.gov.br\/planejamento-e-meio-ambiente\/?page_id=4829"},"modified":"2026-02-05T16:22:41","modified_gmt":"2026-02-05T19:22:41","slug":"planos","status":"publish","type":"page","link":"https:\/\/jundiai.sp.gov.br\/planejamento-e-meio-ambiente\/planos\/","title":{"rendered":"Planos"},"content":{"rendered":"\n<ul class=\"wp-block-list\">\n<li><a href=\"https:\/\/planodiretor.jundiai.sp.gov.br\/\" target=\"_blank\" rel=\"noreferrer noopener\">Plano Diretor<\/a><\/li>\n\n\n\n<li><a href=\"https:\/\/jundiai.sp.gov.br\/planejamento-e-meio-ambiente\/planos\/plano-de-bairro\/\">Plano de Bairro<\/a><\/li>\n\n\n\n<li><a href=\"https:\/\/jundiai.sp.gov.br\/planejamento-e-meio-ambiente\/planos\/plano-de-gerenciamento-de-residuos-do-municipio\/\">Plano de Gerenciamento de Res\u00edduos do Munic\u00edpio<\/a><\/li>\n\n\n\n<li><a href=\"https:\/\/jundiai.sp.gov.br\/planejamento-e-meio-ambiente\/planos\/plano-de-ocupacao-das-oficinas-da-companhia-paulista\/\">Plano de Ocupa\u00e7\u00e3o das Oficinas da Companhia Paulista<\/a><\/li>\n\n\n\n<li><a href=\"https:\/\/jundiai.sp.gov.br\/planejamento-e-meio-ambiente\/planos\/plano-de-saneamento\/\">Plano de Saneamento<\/a><\/li>\n\n\n\n<li><a href=\"https:\/\/jundiai.sp.gov.br\/planejamento-e-meio-ambiente\/plano-de-requalificacao-do-vale-do-rio-jundiai\/\">Plano de Requalifica\u00e7\u00e3o do Vale do Rio Jundia\u00ed<\/a><\/li>\n<\/ul>\n","protected":false},"excerpt":{"rendered":"","protected":false},"author":8,"featured_media":0,"parent":0,"menu_order":0,"comment_status":"closed","ping_status":"closed","template":"","meta":{"footnotes":""},"class_list":["post-4829","page","type-page","status-publish","hentry"],"_links":{"self":[{"href":"https:\/\/jundiai.sp.gov.br\/planejamento-e-meio-ambiente\/wp-json\/wp\/v2\/pages\/4829","targetHints":{"allow":["GET"]}}],"collection":[{"href":"https:\/\/jundiai.sp.gov.br\/planejamento-e-meio-ambiente\/wp-json\/wp\/v2\/pages"}],"about":[{"href":"https:\/\/jundiai.sp.gov.br\/planejamento-e-meio-ambiente\/wp-json\/wp\/v2\/types\/page"}],"author":[{"embeddable":true,"href":"https:\/\/jundiai.sp.gov.br\/planejamento-e-meio-ambiente\/wp-json\/wp\/v2\/users\/8"}],"replies":[{"embeddable":true,"href":"https:\/\/jundiai.sp.gov.br\/planejamento-e-meio-ambiente\/wp-json\/wp\/v2\/comments?post=4829"}],"version-history":[{"count":8,"href":"https:\/\/jundiai.sp.gov.br\/planejamento-e-meio-ambiente\/wp-json\/wp\/v2\/pages\/4829\/revisions"}],"predecessor-version":[{"id":8145,"href":"https:\/\/jundiai.sp.gov.br\/planejamento-e-meio-ambiente\/wp-json\/wp\/v2\/pages\/4829\/revisions\/8145"}],"wp:attachment":[{"href":"https:\/\/jundiai.sp.gov.br\/planejamento-e-meio-ambiente\/wp-json\/wp\/v2\/media?parent=4829"}],"curies":[{"name":"wp","href":"https:\/\/api.w.org\/{rel}","templated":true}]}}