{"id":4857,"date":"2021-05-05T17:04:28","date_gmt":"2021-05-05T20:04:28","guid":{"rendered":"https:\/\/jundiai.sp.gov.br\/planejamento-e-meio-ambiente\/?page_id=4857"},"modified":"2024-07-10T17:22:45","modified_gmt":"2024-07-10T20:22:45","slug":"projetos","status":"publish","type":"page","link":"https:\/\/jundiai.sp.gov.br\/planejamento-e-meio-ambiente\/projetos\/","title":{"rendered":"Projetos"},"content":{"rendered":"\n<ul class=\"wp-block-list\">\n<li><a rel=\"noreferrer noopener\" href=\"https:\/\/jundiai.sp.gov.br\/planejamento-e-meio-ambiente\/wp-content\/uploads\/sites\/15\/2022\/10\/barracas-do-centro.pdf\" target=\"_blank\">Barracas do Centro<\/a><\/li>\n\n\n\n<li><a href=\"https:\/\/jundiai.sp.gov.br\/planejamento-e-meio-ambiente\/wp-content\/uploads\/sites\/15\/2022\/10\/ciclovia-avenida-9-de-julho-1.pdf\">Ciclovia Avenida Nove de Julho<\/a><\/li>\n\n\n\n<li><a href=\"https:\/\/jundiai.sp.gov.br\/planejamento-e-meio-ambiente\/wp-content\/uploads\/sites\/15\/2022\/10\/ciclovia-navarro-de-andrade.pdf\">Ciclovia Navarro<\/a><\/li>\n\n\n\n<li><a href=\"https:\/\/jundiai.sp.gov.br\/planejamento-e-meio-ambiente\/wp-content\/uploads\/sites\/15\/2022\/10\/estacionamento-paco-municipal.pdf\">Estacionamento Pa\u00e7o Municipal<\/a><\/li>\n\n\n\n<li><a href=\"https:\/\/jundiai.sp.gov.br\/planejamento-e-meio-ambiente\/wp-content\/uploads\/sites\/15\/2022\/10\/mundo-da-crianca.pdf\">Mundo da Crian\u00e7a<\/a><\/li>\n\n\n\n<li><a rel=\"noreferrer noopener\" href=\"https:\/\/jundiai.sp.gov.br\/planejamento-e-meio-ambiente\/wp-content\/uploads\/sites\/15\/2022\/10\/parque-do-cerrado.pdf\" target=\"_blank\">Parque do Cerrado<\/a><\/li>\n\n\n\n<li><a rel=\"noreferrer noopener\" href=\"https:\/\/jundiai.sp.gov.br\/planejamento-e-meio-ambiente\/wp-content\/uploads\/sites\/15\/2022\/10\/parque-eloy-chaves.pdf\" target=\"_blank\">Parque Eloy Chaves<\/a><\/li>\n\n\n\n<li><a rel=\"noreferrer noopener\" href=\"https:\/\/jundiai.sp.gov.br\/planejamento-e-meio-ambiente\/wp-content\/uploads\/sites\/15\/2022\/10\/parque-guapeva-1.pdf\" target=\"_blank\">Parque Guapeva<\/a><\/li>\n\n\n\n<li><a href=\"https:\/\/jundiai.sp.gov.br\/planejamento-e-meio-ambiente\/wp-content\/uploads\/sites\/15\/2022\/10\/parque-taruma.pdf\">Parque Tarum\u00e3<\/a><\/li>\n\n\n\n<li><a rel=\"noreferrer noopener\" href=\"https:\/\/jundiai.sp.gov.br\/planejamento-e-meio-ambiente\/wp-content\/uploads\/sites\/15\/2022\/10\/praca-benedito-camargo.pdf\" target=\"_blank\">Pra\u00e7a Benedito de Camargo<\/a><\/li>\n\n\n\n<li><a rel=\"noreferrer noopener\" href=\"https:\/\/jundiai.sp.gov.br\/planejamento-e-meio-ambiente\/wp-content\/uploads\/sites\/15\/2022\/10\/praca-centenario-da-imigracao-italiana.pdf\" target=\"_blank\">Pra\u00e7a Centen\u00e1rio da Imigra\u00e7\u00e3o Italiana<\/a><\/li>\n\n\n\n<li><a rel=\"noreferrer noopener\" href=\"https:\/\/jundiai.sp.gov.br\/planejamento-e-meio-ambiente\/wp-content\/uploads\/sites\/15\/2022\/10\/praca-coopercica.pdf\" target=\"_blank\">Pra\u00e7a Coopercica <\/a><\/li>\n\n\n\n<li><a rel=\"noreferrer noopener\" href=\"https:\/\/jundiai.sp.gov.br\/planejamento-e-meio-ambiente\/wp-content\/uploads\/sites\/15\/2022\/10\/praca-da-crianca-bolao.pdf\" target=\"_blank\">Pra\u00e7a da Crian\u00e7a Bol\u00e3o<\/a><\/li>\n\n\n\n<li><a rel=\"noreferrer noopener\" href=\"https:\/\/jundiai.sp.gov.br\/planejamento-e-meio-ambiente\/wp-content\/uploads\/sites\/15\/2022\/10\/praca-do-ciclista-eloy-chaves.pdf\" target=\"_blank\">Pra\u00e7a do Ciclista Eloy Chaves <\/a><\/li>\n\n\n\n<li><a rel=\"noreferrer noopener\" href=\"https:\/\/jundiai.sp.gov.br\/planejamento-e-meio-ambiente\/wp-content\/uploads\/sites\/15\/2022\/10\/praca-do-ciclista-paco-municipal.pdf\" target=\"_blank\">Pra\u00e7a do Ciclista Pa\u00e7o Municipal<\/a><\/li>\n\n\n\n<li><a href=\"https:\/\/jundiai.sp.gov.br\/planejamento-e-meio-ambiente\/wp-content\/uploads\/sites\/15\/2022\/10\/praca-do-forum_compressed-1.pdf\">Pra\u00e7a do F\u00f3rum<\/a><\/li>\n\n\n\n<li><a rel=\"noreferrer noopener\" href=\"https:\/\/jundiai.sp.gov.br\/planejamento-e-meio-ambiente\/wp-content\/uploads\/sites\/15\/2022\/10\/praca-dom-pedro-ii-das-rosas.pdf\" target=\"_blank\">Pra\u00e7a Dom Pedro II (das Rosas)<\/a><\/li>\n\n\n\n<li><a rel=\"noreferrer noopener\" href=\"https:\/\/jundiai.sp.gov.br\/planejamento-e-meio-ambiente\/wp-content\/uploads\/sites\/15\/2022\/10\/praca-edhewaldo-cortizo-2.pdf\" target=\"_blank\">Pra\u00e7a Edhewaldo Cortizo<\/a><\/li>\n\n\n\n<li><a rel=\"noreferrer noopener\" href=\"https:\/\/jundiai.sp.gov.br\/planejamento-e-meio-ambiente\/wp-content\/uploads\/sites\/15\/2022\/10\/praca-francisco-f-pessolano.pdf\" target=\"_blank\">Pra\u00e7a Francisco F. Pessolano<\/a><\/li>\n\n\n\n<li><a href=\"https:\/\/jundiai.sp.gov.br\/planejamento-e-meio-ambiente\/wp-content\/uploads\/sites\/15\/2022\/10\/praca-joaquim-soares-lemos.pdf\">Pra\u00e7a Joaquim Soares de Lemos<\/a><\/li>\n\n\n\n<li><a rel=\"noreferrer noopener\" href=\"https:\/\/jundiai.sp.gov.br\/planejamento-e-meio-ambiente\/wp-content\/uploads\/sites\/15\/2022\/10\/praca-jose-orlandi.pdf\" target=\"_blank\">Pra\u00e7a Jos\u00e9 Orlandi<\/a><\/li>\n\n\n\n<li><a rel=\"noreferrer noopener\" href=\"https:\/\/jundiai.sp.gov.br\/planejamento-e-meio-ambiente\/wp-content\/uploads\/sites\/15\/2022\/10\/praca-jundiai-mirim.pdf\" target=\"_blank\">Pra\u00e7a Jundia\u00ed-Mirim<\/a><\/li>\n\n\n\n<li><a href=\"https:\/\/jundiai.sp.gov.br\/planejamento-e-meio-ambiente\/wp-content\/uploads\/sites\/15\/2022\/10\/praca-monsenhor-dr-arthur-ricci.pdf\">Pra\u00e7a Monsenhor Dr. Arthur Ricci<\/a><\/li>\n\n\n\n<li><a rel=\"noreferrer noopener\" href=\"https:\/\/jundiai.sp.gov.br\/planejamento-e-meio-ambiente\/wp-content\/uploads\/sites\/15\/2022\/10\/praca-mosteiro-sao-bento.pdf\" target=\"_blank\">Pra\u00e7a Mosteiro S\u00e3o Bento<\/a><\/li>\n\n\n\n<li><a rel=\"noreferrer noopener\" href=\"https:\/\/jundiai.sp.gov.br\/planejamento-e-meio-ambiente\/wp-content\/uploads\/sites\/15\/2022\/10\/praca-ruy-barbosa.pdf\" target=\"_blank\">Pra\u00e7a Ruy Barbosa<\/a><\/li>\n\n\n\n<li><a rel=\"noreferrer noopener\" href=\"https:\/\/jundiai.sp.gov.br\/planejamento-e-meio-ambiente\/wp-content\/uploads\/sites\/15\/2022\/10\/praca-tiradentes.pdf\" target=\"_blank\">Pra\u00e7a Tiradentes<\/a><\/li>\n\n\n\n<li><a rel=\"noreferrer noopener\" href=\"https:\/\/jundiai.sp.gov.br\/planejamento-e-meio-ambiente\/wp-content\/uploads\/sites\/15\/2022\/10\/praca-valdemar-lopes.pdf\" target=\"_blank\">Pra\u00e7a Waldemar Lopes<\/a><\/li>\n\n\n\n<li><a rel=\"noreferrer noopener\" href=\"https:\/\/jundiai.sp.gov.br\/planejamento-e-meio-ambiente\/wp-content\/uploads\/sites\/15\/2022\/10\/pracas-da-matriz.pdf\" target=\"_blank\">Pra\u00e7a da Matriz<\/a><\/li>\n\n\n\n<li><a rel=\"noreferrer noopener\" href=\"https:\/\/jundiai.sp.gov.br\/planejamento-e-meio-ambiente\/wp-content\/uploads\/sites\/15\/2022\/10\/requalificacao-da-area-central.pdf\" target=\"_blank\">Requalifica\u00e7\u00e3o da \u00c1rea Central<\/a><\/li>\n\n\n\n<li><a rel=\"noreferrer noopener\" href=\"https:\/\/jundiai.sp.gov.br\/planejamento-e-meio-ambiente\/wp-content\/uploads\/sites\/15\/2022\/10\/revitalizacao-centro-das-artes.pdf\" target=\"_blank\">Revitaliza\u00e7\u00e3o Centro das Artes<\/a><\/li>\n\n\n\n<li><a rel=\"noreferrer noopener\" href=\"https:\/\/jundiai.sp.gov.br\/planejamento-e-meio-ambiente\/wp-content\/uploads\/sites\/15\/2022\/10\/rua-idalina.pdf\" target=\"_blank\">Rua Idalina<\/a><\/li>\n\n\n\n<li><a rel=\"noreferrer noopener\" href=\"https:\/\/jundiai.sp.gov.br\/planejamento-e-meio-ambiente\/wp-content\/uploads\/sites\/15\/2022\/10\/rua-interna-emeb-fernanda-de-favre-1.pdf\" target=\"_blank\">Rua Interna EMEB Fernanda de Favre<\/a><\/li>\n\n\n\n<li><a rel=\"noreferrer noopener\" href=\"https:\/\/jundiai.sp.gov.br\/planejamento-e-meio-ambiente\/wp-content\/uploads\/sites\/15\/2022\/10\/sao-camilo-encontros-viela-rua.pdf\" target=\"_blank\">S\u00e3o Camilo Encontro de Viela-Rua<\/a><\/li>\n\n\n\n<li><a rel=\"noreferrer noopener\" href=\"https:\/\/jundiai.sp.gov.br\/planejamento-e-meio-ambiente\/wp-content\/uploads\/sites\/15\/2022\/10\/sao-camilo-espaco-vazio-01.pdf\" target=\"_blank\">S\u00e3o Camilo Espa\u00e7o Vazio 01<\/a><\/li>\n\n\n\n<li><a rel=\"noreferrer noopener\" href=\"https:\/\/jundiai.sp.gov.br\/planejamento-e-meio-ambiente\/wp-content\/uploads\/sites\/15\/2022\/10\/sao-camilo-espaco-vazio-02.pdf\" target=\"_blank\">S\u00e3o Camilo Espa\u00e7o Vazio 02<\/a><\/li>\n\n\n\n<li><a rel=\"noreferrer noopener\" href=\"https:\/\/jundiai.sp.gov.br\/planejamento-e-meio-ambiente\/wp-content\/uploads\/sites\/15\/2022\/10\/sao-camilo-espaco-vazio-03.pdf\" target=\"_blank\">S\u00e3o Camilo Espa\u00e7o Vazio 03<\/a><\/li>\n\n\n\n<li><a rel=\"noreferrer noopener\" href=\"https:\/\/jundiai.sp.gov.br\/planejamento-e-meio-ambiente\/wp-content\/uploads\/sites\/15\/2022\/10\/sao-camilo-espacos-vazios-04-e-05.pdf\" target=\"_blank\">S\u00e3o Camilo Espa\u00e7o Vazio 04 e 05<\/a><\/li>\n\n\n\n<li><a rel=\"noreferrer noopener\" href=\"https:\/\/jundiai.sp.gov.br\/planejamento-e-meio-ambiente\/wp-content\/uploads\/sites\/15\/2022\/10\/sao-camilo-espaco-vazio-07.pdf\" target=\"_blank\">S\u00e3o Camilo Espa\u00e7o Vazio 07<\/a><\/li>\n\n\n\n<li><a rel=\"noreferrer noopener\" href=\"https:\/\/jundiai.sp.gov.br\/planejamento-e-meio-ambiente\/wp-content\/uploads\/sites\/15\/2022\/10\/sao-camilo-vielas.pdf\" target=\"_blank\">S\u00e3o Camilo Vielas<\/a><\/li>\n\n\n\n<li><a rel=\"noreferrer noopener\" href=\"https:\/\/jundiai.sp.gov.br\/planejamento-e-meio-ambiente\/wp-content\/uploads\/sites\/15\/2022\/10\/seguranca-viaria-taruma.pdf\" target=\"_blank\">Seguran\u00e7a Vi\u00e1ria Tarum\u00e3<\/a><\/li>\n\n\n\n<li><a rel=\"noreferrer noopener\" href=\"https:\/\/jundiai.sp.gov.br\/planejamento-e-meio-ambiente\/wp-content\/uploads\/sites\/15\/2022\/10\/totens-rotas-turisticas.pdf\" target=\"_blank\">Totens Rotas Tur\u00edsticas<\/a><br><br><br><\/li>\n<\/ul>\n","protected":false},"excerpt":{"rendered":"","protected":false},"author":8,"featured_media":0,"parent":0,"menu_order":0,"comment_status":"closed","ping_status":"closed","template":"lei-eleitoral-2024\/lei-eleitoral-2024.php","meta":{"footnotes":""},"class_list":["post-4857","page","type-page","status-publish","hentry"],"_links":{"self":[{"href":"https:\/\/jundiai.sp.gov.br\/planejamento-e-meio-ambiente\/wp-json\/wp\/v2\/pages\/4857","targetHints":{"allow":["GET"]}}],"collection":[{"href":"https:\/\/jundiai.sp.gov.br\/planejamento-e-meio-ambiente\/wp-json\/wp\/v2\/pages"}],"about":[{"href":"https:\/\/jundiai.sp.gov.br\/planejamento-e-meio-ambiente\/wp-json\/wp\/v2\/types\/page"}],"author":[{"embeddable":true,"href":"https:\/\/jundiai.sp.gov.br\/planejamento-e-meio-ambiente\/wp-json\/wp\/v2\/users\/8"}],"replies":[{"embeddable":true,"href":"https:\/\/jundiai.sp.gov.br\/planejamento-e-meio-ambiente\/wp-json\/wp\/v2\/comments?post=4857"}],"version-history":[{"count":2,"href":"https:\/\/jundiai.sp.gov.br\/planejamento-e-meio-ambiente\/wp-json\/wp\/v2\/pages\/4857\/revisions"}],"predecessor-version":[{"id":6724,"href":"https:\/\/jundiai.sp.gov.br\/planejamento-e-meio-ambiente\/wp-json\/wp\/v2\/pages\/4857\/revisions\/6724"}],"wp:attachment":[{"href":"https:\/\/jundiai.sp.gov.br\/planejamento-e-meio-ambiente\/wp-json\/wp\/v2\/media?parent=4857"}],"curies":[{"name":"wp","href":"https:\/\/api.w.org\/{rel}","templated":true}]}}