{"id":4873,"date":"2021-05-06T14:36:02","date_gmt":"2021-05-06T17:36:02","guid":{"rendered":"https:\/\/jundiai.sp.gov.br\/planejamento-e-meio-ambiente\/?page_id=4873"},"modified":"2021-05-06T14:36:02","modified_gmt":"2021-05-06T17:36:02","slug":"castracao-de-gatos-de-vida-livre","status":"publish","type":"page","link":"https:\/\/jundiai.sp.gov.br\/planejamento-e-meio-ambiente\/servicos-online\/castracao-de-gatos-de-vida-livre\/","title":{"rendered":"Castra\u00e7\u00e3o de gatos de vida livre"},"content":{"rendered":"\n<p>O controle populacional de gatos de vida livre que convivem em col\u00f4nia (animais ferais e sem tutor) ocorre em parceria com a comunidade. Os animais s\u00e3o capturados por armadilha disponibilizada pelo DEBEA, esterelizados e devolvidos ao local. O monitoramento das col\u00f4nias \u00e9 feito por meio de um pequeno corte da orelha esquerda de cada gato, que indica visualmente quais j\u00e1 foram castrados e se a col\u00f4nia est\u00e1 sob controle. O corte na orelha, que \u00e9 feito no momento da anestesia e n\u00e3o implica dor ao animal, tamb\u00e9m ajuda a evitar que um gato j\u00e1 castrado seja capturado e passe novamente pelo estresse da cirurgia de castra\u00e7\u00e3o.<\/p>\n\n\n\n<p>As solicita\u00e7\u00f5es devem ser feitas ao <a href=\"https:\/\/156cijun.custhelp.com\/\" target=\"_blank\" rel=\"noreferrer noopener\">156<\/a> por meio de liga\u00e7\u00f5es telef\u00f4nicas, do site ou do <a href=\"https:\/\/jundiai.sp.gov.br\/aplicativo-prefeitura-de-jundiai\/\">APP da Prefeitura<\/a>, na op\u00e7\u00e3o <em>gatos de col\u00f4nia<\/em>. Ap\u00f3s a solicita\u00e7\u00e3o, o DEBEA agendar\u00e1 uma vistoria no local para tra\u00e7ar as estrat\u00e9gias de captura dos animais<\/p>\n","protected":false},"excerpt":{"rendered":"<p>O controle populacional de gatos de vida livre que convivem em col\u00f4nia (animais ferais e sem tutor) ocorre em parceria com a comunidade. Os animais s\u00e3o capturados por armadilha disponibilizada pelo DEBEA, esterelizados e devolvidos ao local. O monitoramento das col\u00f4nias \u00e9 feito por meio de um pequeno corte da orelha esquerda de cada gato, [&hellip;]<\/p>\n","protected":false},"author":8,"featured_media":0,"parent":243,"menu_order":0,"comment_status":"closed","ping_status":"closed","template":"","meta":{"footnotes":""},"class_list":["post-4873","page","type-page","status-publish","hentry"],"_links":{"self":[{"href":"https:\/\/jundiai.sp.gov.br\/planejamento-e-meio-ambiente\/wp-json\/wp\/v2\/pages\/4873","targetHints":{"allow":["GET"]}}],"collection":[{"href":"https:\/\/jundiai.sp.gov.br\/planejamento-e-meio-ambiente\/wp-json\/wp\/v2\/pages"}],"about":[{"href":"https:\/\/jundiai.sp.gov.br\/planejamento-e-meio-ambiente\/wp-json\/wp\/v2\/types\/page"}],"author":[{"embeddable":true,"href":"https:\/\/jundiai.sp.gov.br\/planejamento-e-meio-ambiente\/wp-json\/wp\/v2\/users\/8"}],"replies":[{"embeddable":true,"href":"https:\/\/jundiai.sp.gov.br\/planejamento-e-meio-ambiente\/wp-json\/wp\/v2\/comments?post=4873"}],"version-history":[{"count":1,"href":"https:\/\/jundiai.sp.gov.br\/planejamento-e-meio-ambiente\/wp-json\/wp\/v2\/pages\/4873\/revisions"}],"predecessor-version":[{"id":4874,"href":"https:\/\/jundiai.sp.gov.br\/planejamento-e-meio-ambiente\/wp-json\/wp\/v2\/pages\/4873\/revisions\/4874"}],"up":[{"embeddable":true,"href":"https:\/\/jundiai.sp.gov.br\/planejamento-e-meio-ambiente\/wp-json\/wp\/v2\/pages\/243"}],"wp:attachment":[{"href":"https:\/\/jundiai.sp.gov.br\/planejamento-e-meio-ambiente\/wp-json\/wp\/v2\/media?parent=4873"}],"curies":[{"name":"wp","href":"https:\/\/api.w.org\/{rel}","templated":true}]}}