{"id":4876,"date":"2021-05-06T14:36:54","date_gmt":"2021-05-06T17:36:54","guid":{"rendered":"https:\/\/jundiai.sp.gov.br\/planejamento-e-meio-ambiente\/?page_id=4876"},"modified":"2022-03-08T10:48:12","modified_gmt":"2022-03-08T13:48:12","slug":"microchipagem-de-animais","status":"publish","type":"page","link":"https:\/\/jundiai.sp.gov.br\/planejamento-e-meio-ambiente\/servicos-online\/microchipagem-de-animais\/","title":{"rendered":"Microchipagem de animais"},"content":{"rendered":"\n<p>A aplica\u00e7\u00e3o de um microchip subcut\u00e2neo que permite, atrav\u00e9s de um c\u00f3digo individual, identificar c\u00e3es e gatos e relacion\u00e1-los ao seu respons\u00e1vel,\u00a0bem como informar sobre procedimentos relevantes neles realizados, como a castra\u00e7\u00e3o, \u00e9 parte primordial nas a\u00e7\u00f5es das pol\u00edticas p\u00fablicas para o controle populacional desses animais.<\/p>\n\n\n\n<p>Em Jundia\u00ed os animais microchipados devem ser cadastrados no Sistema\u00a0<strong>GBEA<\/strong>\u00a0(Gest\u00e3o do Bem-Estar Animal) do Departamento de Bem-Estar Animal da Prefeitura Municipal.<\/p>\n\n\n\n<p><strong>O\u00a0GBEA\u00a0<\/strong>permite a consulta \u00e0s informa\u00e7\u00f5es sobre o animal e seu respons\u00e1vel, mediante a leitura do dispositivo de identifica\u00e7\u00e3o. Esse banco de dados evita, por exemplo, que animais j\u00e1 castrados sejam submetidos ao estresse de um procedimento de captura, seda\u00e7\u00e3o e cirurgia para esteriliza\u00e7\u00e3o, e torna poss\u00edvel a identifica\u00e7\u00e3o de animais desaparecidos e sua devolu\u00e7\u00e3o a seus tutores ou respons\u00e1veis, bem como auxilia nos casos de responsabiliza\u00e7\u00e3o por abandono de animais e de maus-tratos.<\/p>\n\n\n\n<p>A microchipagem \u00e9 oferecida gratuitamente aos animais nos mutir\u00f5es de castra\u00e7\u00e3o e \u00e0queles que passam pelo servi\u00e7o de atendimento cl\u00ednico do\u00a0<strong>DEBEA<\/strong>. O microchip n\u00e3o possui GPS, ele \u00e9 apenas uma ferramenta que nos permite devolver o animal encontrado nas ruas ao respons\u00e1vel e monitorar e reduzir os casos de abandono e maus-tratos. O ideal \u00e9 que um dia todos os c\u00e3es e gatos de Jundia\u00ed sejam microchipados, para que possamos saber de quem s\u00e3o os animais que est\u00e3o nas ruas e assim cobrar mais responsabilidade das pessoas.<\/p>\n\n\n\n<p>\u00c9 importante manter os dados sempre atualizados no\u00a0<strong>GBEA<\/strong>, principalmente quando:<\/p>\n\n\n\n<ul class=\"wp-block-list\"><li>o animal for castrado;<\/li><li>o animal vier a \u00f3bito;<\/li><li>o correr mudan\u00e7a de endere\u00e7o ou telefone;<\/li><li>houver transfer\u00eancia da\u00a0responsabilidade pelo\u00a0animal.<\/li><\/ul>\n\n\n\n<p>Para inser\u00e7\u00e3o de animais ou atualiza\u00e7\u00e3o dos dados, o fato deve ser comunicado ao DEBEA.\u00a0<\/p>\n\n\n\n<p><strong>Aten\u00e7\u00e3o:<\/strong><\/p>\n\n\n\n<p>Enquanto n\u00e3o for realizada a atualiza\u00e7\u00e3o dos dados sobre o novo tutor do animal, o respons\u00e1vel pelo c\u00e3o ou gato que constar na base de dados permanecer\u00e1 respondendo legalmente por este. Para transferir um animal de um respons\u00e1vel a outro \u00e9 necess\u00e1rio preencher e assinar o\u00a0<a href=\"https:\/\/jundiai.sp.gov.br\/planejamento-e-meio-ambiente\/wp-content\/uploads\/sites\/15\/2022\/03\/termo-autorizacao-transferencia-microchip-1.pdf\">Termo de Transfer\u00eancia de Microchip\u00a0<\/a>e enviar para o e-mail\u00a0<a rel=\"noreferrer noopener\" href=\"mailto:debea@jundiai.sp.gov.br\" target=\"_blank\">debea@jundiai.sp.gov.br<\/a>, juntamente com os documentos de ambos os respons\u00e1veis (documento com foto, assinatura e CPF) e os respectivos comprovantes de endere\u00e7o.<\/p>\n\n\n\n<p><\/p>\n","protected":false},"excerpt":{"rendered":"<p>A aplica\u00e7\u00e3o de um microchip subcut\u00e2neo que permite, atrav\u00e9s de um c\u00f3digo individual, identificar c\u00e3es e gatos e relacion\u00e1-los ao seu respons\u00e1vel,\u00a0bem como informar sobre procedimentos relevantes neles realizados, como a castra\u00e7\u00e3o, \u00e9 parte primordial nas a\u00e7\u00f5es das pol\u00edticas p\u00fablicas para o controle populacional desses animais. Em Jundia\u00ed os animais microchipados devem ser cadastrados no [&hellip;]<\/p>\n","protected":false},"author":8,"featured_media":0,"parent":243,"menu_order":0,"comment_status":"closed","ping_status":"closed","template":"","meta":{"footnotes":""},"class_list":["post-4876","page","type-page","status-publish","hentry"],"_links":{"self":[{"href":"https:\/\/jundiai.sp.gov.br\/planejamento-e-meio-ambiente\/wp-json\/wp\/v2\/pages\/4876","targetHints":{"allow":["GET"]}}],"collection":[{"href":"https:\/\/jundiai.sp.gov.br\/planejamento-e-meio-ambiente\/wp-json\/wp\/v2\/pages"}],"about":[{"href":"https:\/\/jundiai.sp.gov.br\/planejamento-e-meio-ambiente\/wp-json\/wp\/v2\/types\/page"}],"author":[{"embeddable":true,"href":"https:\/\/jundiai.sp.gov.br\/planejamento-e-meio-ambiente\/wp-json\/wp\/v2\/users\/8"}],"replies":[{"embeddable":true,"href":"https:\/\/jundiai.sp.gov.br\/planejamento-e-meio-ambiente\/wp-json\/wp\/v2\/comments?post=4876"}],"version-history":[{"count":3,"href":"https:\/\/jundiai.sp.gov.br\/planejamento-e-meio-ambiente\/wp-json\/wp\/v2\/pages\/4876\/revisions"}],"predecessor-version":[{"id":5682,"href":"https:\/\/jundiai.sp.gov.br\/planejamento-e-meio-ambiente\/wp-json\/wp\/v2\/pages\/4876\/revisions\/5682"}],"up":[{"embeddable":true,"href":"https:\/\/jundiai.sp.gov.br\/planejamento-e-meio-ambiente\/wp-json\/wp\/v2\/pages\/243"}],"wp:attachment":[{"href":"https:\/\/jundiai.sp.gov.br\/planejamento-e-meio-ambiente\/wp-json\/wp\/v2\/media?parent=4876"}],"curies":[{"name":"wp","href":"https:\/\/api.w.org\/{rel}","templated":true}]}}