{"id":4879,"date":"2021-05-06T14:37:57","date_gmt":"2021-05-06T17:37:57","guid":{"rendered":"https:\/\/jundiai.sp.gov.br\/planejamento-e-meio-ambiente\/?page_id=4879"},"modified":"2022-09-26T12:26:04","modified_gmt":"2022-09-26T15:26:04","slug":"vistorias-de-maus-tratos","status":"publish","type":"page","link":"https:\/\/jundiai.sp.gov.br\/planejamento-e-meio-ambiente\/servicos-online\/vistorias-de-maus-tratos\/","title":{"rendered":"Vistorias de maus tratos"},"content":{"rendered":"\n<p>As den\u00fancias de maus-tratos a animais s\u00e3o recebidas pelo DEBEA por meio do servi\u00e7o 156 da Prefeitura de Jundia\u00ed. Ao receber uma den\u00fancia o <a href=\"https:\/\/jundiai.sp.gov.br\/planejamento-e-meio-ambiente\/departamento-do-bem-estar-animal\/\">DEBEA<\/a> analisa seu conte\u00fado e insere em sua programa\u00e7\u00e3o de vistoria.<\/p>\n\n\n\n<p>O DEBEA nunca informa ao denunciado quem foi o autor da den\u00fancia. Mas, caso ainda assim voc\u00ea opte por n\u00e3o se identificar, pedimos que fa\u00e7a o detalhamento da situa\u00e7\u00e3o com o m\u00e1ximo de informa\u00e7\u00f5es poss\u00edveis a fim de ajudar na triagem e posterior averigua\u00e7\u00e3o. A den\u00fancia an\u00f4nima tende a dificultar o contato com o denunciante para obten\u00e7\u00e3o de maiores informa\u00e7\u00f5es, assim como esclarecimentos sobre o caso.<\/p>\n\n\n\n<p>O intuito da vistoria \u00e9 avaliar o grau de bem-estar do animal e orientar os respons\u00e1veis para melhorar a situa\u00e7\u00e3o encontrada. Ou seja, nosso foco \u00e9, em primeiro lugar, educativo e tem por objetivo sensibilizar as pessoas quanto \u00e0s condi\u00e7\u00f5es adequadas para manter a guarda\/tutela dos animais.<\/p>\n\n\n\n<p>A depender da situa\u00e7\u00e3o encontrada, o DEBEA envolve outros \u00f3rg\u00e3os ou departamentos para uma a\u00e7\u00e3o conjunta.<\/p>\n\n\n\n<p>Em situa\u00e7\u00f5es mais graves, ou quando o respons\u00e1vel pelo animal n\u00e3o toma as medidas necess\u00e1rias, o DEBEA assume um papel punitivo que se restringe a medidas administrativas: notifica\u00e7\u00e3o e multa.&nbsp;<\/p>\n\n\n\n<p>A fim de agilizar o pronto atendimento de uma solicita\u00e7\u00e3o de maior gravidade, pedimos a ajuda para que os&nbsp;mun\u00edcipes, quando munidos de provas testemunhais ou f\u00edsicas, acionem a delegacia mais pr\u00f3xima da ocorr\u00eancia e abram o boletim de ocorr\u00eancia.<\/p>\n\n\n\n<p>O recolhimento \u00e9 realizado apenas em \u00faltimo caso, quando h\u00e1 risco <a>eminente<\/a><a href=\"#_msocom_2\">[2]<\/a>&nbsp; de morte do animal e n\u00e3o h\u00e1 quem assuma seus cuidados. Essa decis\u00e3o \u00e9 sempre t\u00e9cnica, feita pelo veterin\u00e1rio do Departamento.<\/p>\n\n\n\n<p>O que fazemos:<\/p>\n\n\n\n<p>1) Avalia\u00e7\u00e3o de bem-estar animal e solicita\u00e7\u00e3o das corre\u00e7\u00f5es necess\u00e1rias;&nbsp;<\/p>\n\n\n\n<p>2) Conscientiza\u00e7\u00e3o da popula\u00e7\u00e3o por meio de orienta\u00e7\u00f5es;<\/p>\n\n\n\n<p>3) San\u00e7\u00f5es administrativas (notifica\u00e7\u00f5es e\/ou multas);<\/p>\n\n\n\n<p>4) Encaminhamento da situa\u00e7\u00e3o para outros \u00f3rg\u00e3os conforme a compet\u00eancia de cada um;<\/p>\n\n\n\n<p>5) A\u00e7\u00f5es conjuntas com outros \u00f3rg\u00e3os quando necess\u00e1rio;<\/p>\n\n\n\n<p>6) Levantamento de indicadores que auxiliam a implanta\u00e7\u00e3o de estrat\u00e9gias operacionais.<\/p>\n\n\n\n<p>O que n\u00e3o fazemos:<\/p>\n\n\n\n<p>1) Recolhimento e\/ou captura de animais;<\/p>\n\n\n\n<p>2) Medica\u00e7\u00f5es;<\/p>\n\n\n\n<p>3) Registro de boletim de ocorr\u00eancia representando terceiros;<\/p>\n\n\n\n<p>4) Acesso a im\u00f3veis ou terrenos sem autoriza\u00e7\u00e3o expressa do propriet\u00e1rio ou ordem judicial;<\/p>\n\n\n\n<p>5) Resolu\u00e7\u00e3o de conflitos ou desintelig\u00eancia entre mun\u00edcipes&nbsp;por conta de ru\u00eddo (que n\u00e3o estejam ligados a possibilidade&nbsp;de maus-tratos).&nbsp;<\/p>\n\n\n\n<hr class=\"wp-block-separator has-alpha-channel-opacity\"\/>\n\n\n\n<p><a id=\"_msocom_1\"><\/a><\/p>\n\n\n\n<p><\/p>\n","protected":false},"excerpt":{"rendered":"<p>As den\u00fancias de maus-tratos a animais s\u00e3o recebidas pelo DEBEA por meio do servi\u00e7o 156 da Prefeitura de Jundia\u00ed. Ao receber uma den\u00fancia o DEBEA analisa seu conte\u00fado e insere em sua programa\u00e7\u00e3o de vistoria. O DEBEA nunca informa ao denunciado quem foi o autor da den\u00fancia. Mas, caso ainda assim voc\u00ea opte por n\u00e3o [&hellip;]<\/p>\n","protected":false},"author":8,"featured_media":0,"parent":243,"menu_order":0,"comment_status":"closed","ping_status":"closed","template":"","meta":{"footnotes":""},"class_list":["post-4879","page","type-page","status-publish","hentry"],"_links":{"self":[{"href":"https:\/\/jundiai.sp.gov.br\/planejamento-e-meio-ambiente\/wp-json\/wp\/v2\/pages\/4879","targetHints":{"allow":["GET"]}}],"collection":[{"href":"https:\/\/jundiai.sp.gov.br\/planejamento-e-meio-ambiente\/wp-json\/wp\/v2\/pages"}],"about":[{"href":"https:\/\/jundiai.sp.gov.br\/planejamento-e-meio-ambiente\/wp-json\/wp\/v2\/types\/page"}],"author":[{"embeddable":true,"href":"https:\/\/jundiai.sp.gov.br\/planejamento-e-meio-ambiente\/wp-json\/wp\/v2\/users\/8"}],"replies":[{"embeddable":true,"href":"https:\/\/jundiai.sp.gov.br\/planejamento-e-meio-ambiente\/wp-json\/wp\/v2\/comments?post=4879"}],"version-history":[{"count":4,"href":"https:\/\/jundiai.sp.gov.br\/planejamento-e-meio-ambiente\/wp-json\/wp\/v2\/pages\/4879\/revisions"}],"predecessor-version":[{"id":6144,"href":"https:\/\/jundiai.sp.gov.br\/planejamento-e-meio-ambiente\/wp-json\/wp\/v2\/pages\/4879\/revisions\/6144"}],"up":[{"embeddable":true,"href":"https:\/\/jundiai.sp.gov.br\/planejamento-e-meio-ambiente\/wp-json\/wp\/v2\/pages\/243"}],"wp:attachment":[{"href":"https:\/\/jundiai.sp.gov.br\/planejamento-e-meio-ambiente\/wp-json\/wp\/v2\/media?parent=4879"}],"curies":[{"name":"wp","href":"https:\/\/api.w.org\/{rel}","templated":true}]}}