{"id":4882,"date":"2024-07-10T17:11:22","date_gmt":"2024-07-10T20:11:22","guid":{"rendered":"https:\/\/jundiai.sp.gov.br\/planejamento-e-meio-ambiente\/?page_id=4882"},"modified":"2024-07-10T17:11:22","modified_gmt":"2024-07-10T20:11:22","slug":"programa-entre-a-casa-e-a-escola","status":"publish","type":"page","link":"https:\/\/jundiai.sp.gov.br\/planejamento-e-meio-ambiente\/programas\/programa-entre-a-casa-e-a-escola\/","title":{"rendered":"Programa Entre a Casa e a Escola"},"content":{"rendered":"\n<p>Como fazer da natureza e dos espa\u00e7os abertos aliados no processo de retorno \u00e0s escolas<\/p>\n\n\n\n<p>Programa de requalifica\u00e7\u00e3o do entorno das 110 escolas e creches da rede p\u00fablica municipal, a partir de um processo de escuta dos alunos sobre seus caminhos, que d\u00e1 origem a projetos espec\u00edficos para diferentes \u00e1reas da cidade, que envolvem melhoria de cal\u00e7adas, plantio de \u00e1rvores, instala\u00e7\u00e3o de mobili\u00e1rio e cria\u00e7\u00e3o de pequenos espa\u00e7os de lazer no meio do caminho.<\/p>\n\n\n\n<p>Este programa teve in\u00edcio em 2017, a partir de uma pesquisa sobre a mobilidade dos alunos das escolas p\u00fablicas. Todos os dias, milhares de crian\u00e7as transitam pela cidade e grande parte destes deslocamentos \u00e9 feita a p\u00e9. Estes n\u00fameros justificam o interesse do poder p\u00fablico pelos caminhos onde passam tantas crian\u00e7as, em suas rotinas di\u00e1rias.<\/p>\n\n\n\n<p>Em que medida a cidade desperta nas crian\u00e7as a curiosidade, a criatividade, a autonomia? Estes trajetos s\u00e3o seguros? Como proporcionar boas experi\u00eancias para crian\u00e7as, pais e cuidadores nesses caminhos? Esse \u00e9 o desafio do programa.<\/p>\n\n\n\n<div class=\"wp-block-file\"><a href=\"https:\/\/jundiai.sp.gov.br\/planejamento-e-meio-ambiente\/wp-content\/uploads\/sites\/15\/2021\/05\/entre-a-casa-e-a-escola-_-emeb-deodato-janski-_1_.pdf\" target=\"_blank\" rel=\"noreferrer noopener\">Entre a Casa e a Escola Deodato Janski<\/a><\/div>\n\n\n\n<div class=\"wp-block-file\"><a href=\"https:\/\/jundiai.sp.gov.br\/planejamento-e-meio-ambiente\/wp-content\/uploads\/sites\/15\/2021\/05\/entre-a-casa-e-a-escola-emeb-luiz-barbaro.pdf\" target=\"_blank\" rel=\"noreferrer noopener\">Entre a Casa e a Escola Luiz B\u00e1rbaro<\/a><\/div>\n","protected":false},"excerpt":{"rendered":"<p>Como fazer da natureza e dos espa\u00e7os abertos aliados no processo de retorno \u00e0s escolas Programa de requalifica\u00e7\u00e3o do entorno das 110 escolas e creches da rede p\u00fablica municipal, a partir de um processo de escuta dos alunos sobre seus caminhos, que d\u00e1 origem a projetos espec\u00edficos para diferentes \u00e1reas da cidade, que envolvem melhoria [&hellip;]<\/p>\n","protected":false},"author":8,"featured_media":0,"parent":4854,"menu_order":0,"comment_status":"closed","ping_status":"closed","template":"lei-eleitoral-2024\/lei-eleitoral-2024.php","meta":{"footnotes":""},"class_list":["post-4882","page","type-page","status-publish","hentry"],"_links":{"self":[{"href":"https:\/\/jundiai.sp.gov.br\/planejamento-e-meio-ambiente\/wp-json\/wp\/v2\/pages\/4882","targetHints":{"allow":["GET"]}}],"collection":[{"href":"https:\/\/jundiai.sp.gov.br\/planejamento-e-meio-ambiente\/wp-json\/wp\/v2\/pages"}],"about":[{"href":"https:\/\/jundiai.sp.gov.br\/planejamento-e-meio-ambiente\/wp-json\/wp\/v2\/types\/page"}],"author":[{"embeddable":true,"href":"https:\/\/jundiai.sp.gov.br\/planejamento-e-meio-ambiente\/wp-json\/wp\/v2\/users\/8"}],"replies":[{"embeddable":true,"href":"https:\/\/jundiai.sp.gov.br\/planejamento-e-meio-ambiente\/wp-json\/wp\/v2\/comments?post=4882"}],"version-history":[{"count":3,"href":"https:\/\/jundiai.sp.gov.br\/planejamento-e-meio-ambiente\/wp-json\/wp\/v2\/pages\/4882\/revisions"}],"predecessor-version":[{"id":4959,"href":"https:\/\/jundiai.sp.gov.br\/planejamento-e-meio-ambiente\/wp-json\/wp\/v2\/pages\/4882\/revisions\/4959"}],"up":[{"embeddable":true,"href":"https:\/\/jundiai.sp.gov.br\/planejamento-e-meio-ambiente\/wp-json\/wp\/v2\/pages\/4854"}],"wp:attachment":[{"href":"https:\/\/jundiai.sp.gov.br\/planejamento-e-meio-ambiente\/wp-json\/wp\/v2\/media?parent=4882"}],"curies":[{"name":"wp","href":"https:\/\/api.w.org\/{rel}","templated":true}]}}