{"id":4902,"date":"2021-05-07T09:27:46","date_gmt":"2021-05-07T12:27:46","guid":{"rendered":"https:\/\/jundiai.sp.gov.br\/planejamento-e-meio-ambiente\/?page_id=4902"},"modified":"2022-09-19T09:42:40","modified_gmt":"2022-09-19T12:42:40","slug":"plano-de-bairro-novo-horizonte-e-regiao","status":"publish","type":"page","link":"https:\/\/jundiai.sp.gov.br\/planejamento-e-meio-ambiente\/planos\/plano-de-bairro-novo-horizonte-e-regiao\/","title":{"rendered":"Plano de Bairro Novo Horizonte e regi\u00e3o"},"content":{"rendered":"\n<p><a href=\"https:\/\/jundiai.sp.gov.br\/planejamento-e-meio-ambiente\/wp-content\/uploads\/sites\/15\/2022\/09\/plano-de-bairro.pdf\" target=\"_blank\" rel=\"noreferrer noopener\">LEI N.\u00ba 9.817, DE 31 DE AGOSTO DE 2022<\/a> &#8211; Institui o Plano de Bairro Novo Horizonte <\/p>\n\n\n\n<p>Etapa 1: <a href=\"https:\/\/jundiai.sp.gov.br\/planejamento-e-meio-ambiente\/wp-content\/uploads\/sites\/15\/2022\/01\/planonovohorizonte-etapa1-1.pdf\">Diagn\u00f3stico a partir do olhar de crian\u00e7as e cuidadores <\/a><\/p>\n\n\n\n<p><br>Etapa 2:<a href=\"https:\/\/jundiai.sp.gov.br\/planejamento-e-meio-ambiente\/wp-content\/uploads\/sites\/15\/2022\/05\/3-plano-de-bairro-2022-01_paisagem.pdf\"> O plano: metas, diretrizes e a\u00e7\u00f5es propostas <\/a><\/p>\n\n\n\n<p><\/p>\n\n\n\n<p><a href=\"https:\/\/jundiai.sp.gov.br\/planejamento-e-meio-ambiente\/wp-content\/uploads\/sites\/15\/2022\/05\/nh-a1-mapa-sintese.pdf\">Mapa s\u00edntese das propostas.<\/a><\/p>\n\n\n\n<p><\/p>\n\n\n\n<p><\/p>\n","protected":false},"excerpt":{"rendered":"<p>LEI N.\u00ba 9.817, DE 31 DE AGOSTO DE 2022 &#8211; Institui o Plano de Bairro Novo Horizonte Etapa 1: Diagn\u00f3stico a partir do olhar de crian\u00e7as e cuidadores Etapa 2: O plano: metas, diretrizes e a\u00e7\u00f5es propostas Mapa s\u00edntese das propostas.<\/p>\n","protected":false},"author":8,"featured_media":0,"parent":4829,"menu_order":0,"comment_status":"closed","ping_status":"closed","template":"","meta":{"footnotes":""},"class_list":["post-4902","page","type-page","status-publish","hentry"],"_links":{"self":[{"href":"https:\/\/jundiai.sp.gov.br\/planejamento-e-meio-ambiente\/wp-json\/wp\/v2\/pages\/4902","targetHints":{"allow":["GET"]}}],"collection":[{"href":"https:\/\/jundiai.sp.gov.br\/planejamento-e-meio-ambiente\/wp-json\/wp\/v2\/pages"}],"about":[{"href":"https:\/\/jundiai.sp.gov.br\/planejamento-e-meio-ambiente\/wp-json\/wp\/v2\/types\/page"}],"author":[{"embeddable":true,"href":"https:\/\/jundiai.sp.gov.br\/planejamento-e-meio-ambiente\/wp-json\/wp\/v2\/users\/8"}],"replies":[{"embeddable":true,"href":"https:\/\/jundiai.sp.gov.br\/planejamento-e-meio-ambiente\/wp-json\/wp\/v2\/comments?post=4902"}],"version-history":[{"count":14,"href":"https:\/\/jundiai.sp.gov.br\/planejamento-e-meio-ambiente\/wp-json\/wp\/v2\/pages\/4902\/revisions"}],"predecessor-version":[{"id":6065,"href":"https:\/\/jundiai.sp.gov.br\/planejamento-e-meio-ambiente\/wp-json\/wp\/v2\/pages\/4902\/revisions\/6065"}],"up":[{"embeddable":true,"href":"https:\/\/jundiai.sp.gov.br\/planejamento-e-meio-ambiente\/wp-json\/wp\/v2\/pages\/4829"}],"wp:attachment":[{"href":"https:\/\/jundiai.sp.gov.br\/planejamento-e-meio-ambiente\/wp-json\/wp\/v2\/media?parent=4902"}],"curies":[{"name":"wp","href":"https:\/\/api.w.org\/{rel}","templated":true}]}}