{"id":4966,"date":"2024-07-10T17:11:22","date_gmt":"2024-07-10T20:11:22","guid":{"rendered":"https:\/\/jundiai.sp.gov.br\/planejamento-e-meio-ambiente\/?page_id=4966"},"modified":"2024-07-10T17:11:22","modified_gmt":"2024-07-10T20:11:22","slug":"hortas-urbanas","status":"publish","type":"page","link":"https:\/\/jundiai.sp.gov.br\/planejamento-e-meio-ambiente\/programas\/hortas-urbanas\/","title":{"rendered":"Programa Horta Urbana"},"content":{"rendered":"\n<figure class=\"wp-block-image size-full\"><a href=\"https:\/\/jundiai.sp.gov.br\/planejamento-e-meio-ambiente\/wp-content\/uploads\/sites\/15\/2022\/01\/banner_site_horta_urbana-1.png\"><img loading=\"lazy\" decoding=\"async\" width=\"1280\" height=\"274\" src=\"https:\/\/jundiai.sp.gov.br\/planejamento-e-meio-ambiente\/wp-content\/uploads\/sites\/15\/2022\/01\/banner_site_horta_urbana-1.png\" alt=\"\" class=\"wp-image-5507\" srcset=\"https:\/\/jundiai.sp.gov.br\/planejamento-e-meio-ambiente\/wp-content\/uploads\/sites\/15\/2022\/01\/banner_site_horta_urbana-1.png 1280w, https:\/\/jundiai.sp.gov.br\/planejamento-e-meio-ambiente\/wp-content\/uploads\/sites\/15\/2022\/01\/banner_site_horta_urbana-1-300x64.png 300w, https:\/\/jundiai.sp.gov.br\/planejamento-e-meio-ambiente\/wp-content\/uploads\/sites\/15\/2022\/01\/banner_site_horta_urbana-1-768x164.png 768w\" sizes=\"auto, (max-width: 1280px) 100vw, 1280px\" \/><\/a><\/figure>\n\n\n\n<p><a href=\"https:\/\/jundiai.sp.gov.br\/planejamento-e-meio-ambiente\/conheca-o-programa-hortas-urbanas\/\"><strong>Conhe\u00e7a o Programa <\/strong><\/a><\/p>\n\n\n\n<p><strong><a href=\"https:\/\/jundiai.sp.gov.br\/planejamento-e-meio-ambiente\/decreto\/\">Decreto<\/a><\/strong><\/p>\n\n\n\n<p><strong><a rel=\"noreferrer noopener\" href=\"https:\/\/jundiai.sp.gov.br\/planejamento-e-meio-ambiente\/localizacao-das-hortas\/\" target=\"_blank\">Localiza\u00e7\u00e3o das hortas<\/a><\/strong><\/p>\n\n\n\n<p><strong><a href=\"https:\/\/jundiai.sp.gov.br\/planejamento-e-meio-ambiente\/permissionarios-das-areas\/\">Permission\u00e1rios das \u00e1reas<\/a><\/strong><\/p>\n\n\n\n<p><a href=\"https:\/\/jundiai.sp.gov.br\/noticias\/tag\/horta-urbana\/\"><strong>Todas as not\u00edcias sobre o Programa Horta Urbana<\/strong><\/a><\/p>\n\n\n\n<p><\/p>\n\n\n\n<p><\/p>\n","protected":false},"excerpt":{"rendered":"<p>Conhe\u00e7a o Programa Decreto Localiza\u00e7\u00e3o das hortas Permission\u00e1rios das \u00e1reas Todas as not\u00edcias sobre o Programa Horta Urbana<\/p>\n","protected":false},"author":8,"featured_media":0,"parent":4854,"menu_order":0,"comment_status":"closed","ping_status":"closed","template":"lei-eleitoral-2024\/lei-eleitoral-2024.php","meta":{"footnotes":""},"class_list":["post-4966","page","type-page","status-publish","hentry"],"_links":{"self":[{"href":"https:\/\/jundiai.sp.gov.br\/planejamento-e-meio-ambiente\/wp-json\/wp\/v2\/pages\/4966","targetHints":{"allow":["GET"]}}],"collection":[{"href":"https:\/\/jundiai.sp.gov.br\/planejamento-e-meio-ambiente\/wp-json\/wp\/v2\/pages"}],"about":[{"href":"https:\/\/jundiai.sp.gov.br\/planejamento-e-meio-ambiente\/wp-json\/wp\/v2\/types\/page"}],"author":[{"embeddable":true,"href":"https:\/\/jundiai.sp.gov.br\/planejamento-e-meio-ambiente\/wp-json\/wp\/v2\/users\/8"}],"replies":[{"embeddable":true,"href":"https:\/\/jundiai.sp.gov.br\/planejamento-e-meio-ambiente\/wp-json\/wp\/v2\/comments?post=4966"}],"version-history":[{"count":33,"href":"https:\/\/jundiai.sp.gov.br\/planejamento-e-meio-ambiente\/wp-json\/wp\/v2\/pages\/4966\/revisions"}],"predecessor-version":[{"id":6867,"href":"https:\/\/jundiai.sp.gov.br\/planejamento-e-meio-ambiente\/wp-json\/wp\/v2\/pages\/4966\/revisions\/6867"}],"up":[{"embeddable":true,"href":"https:\/\/jundiai.sp.gov.br\/planejamento-e-meio-ambiente\/wp-json\/wp\/v2\/pages\/4854"}],"wp:attachment":[{"href":"https:\/\/jundiai.sp.gov.br\/planejamento-e-meio-ambiente\/wp-json\/wp\/v2\/media?parent=4966"}],"curies":[{"name":"wp","href":"https:\/\/api.w.org\/{rel}","templated":true}]}}