{"id":5162,"date":"2021-08-27T14:41:17","date_gmt":"2021-08-27T17:41:17","guid":{"rendered":"https:\/\/jundiai.sp.gov.br\/planejamento-e-meio-ambiente\/?page_id=5162"},"modified":"2021-08-27T14:41:17","modified_gmt":"2021-08-27T17:41:17","slug":"eleicoes-para-conselheiros-gestao-2021-2023","status":"publish","type":"page","link":"https:\/\/jundiai.sp.gov.br\/planejamento-e-meio-ambiente\/eleicoes-para-conselheiros-gestao-2021-2023\/","title":{"rendered":"Elei\u00e7\u00f5es para conselheiros Gest\u00e3o 2021 &#8211; 2023"},"content":{"rendered":"\n<p>1 &#8211; <a href=\"https:\/\/jundiai.sp.gov.br\/planejamento-e-meio-ambiente\/wp-content\/uploads\/sites\/15\/2021\/08\/edital-cgsj-2021_2023.pdf\">Edital das Elei\u00e7\u00f5es (arquivo anexo)<\/a><\/p>\n\n\n\n<p>2 &#8211; <a href=\"https:\/\/forms.gle\/wwrdbyQU4dtbT5LV6\">Formul\u00e1rio eletr\u00f4nico de Inscri\u00e7\u00f5es<\/a><\/p>\n\n\n\n<p><\/p>\n","protected":false},"excerpt":{"rendered":"<p>1 &#8211; Edital das Elei\u00e7\u00f5es (arquivo anexo) 2 &#8211; Formul\u00e1rio eletr\u00f4nico de Inscri\u00e7\u00f5es<\/p>\n","protected":false},"author":69,"featured_media":0,"parent":0,"menu_order":0,"comment_status":"closed","ping_status":"closed","template":"","meta":{"footnotes":""},"class_list":["post-5162","page","type-page","status-publish","hentry"],"_links":{"self":[{"href":"https:\/\/jundiai.sp.gov.br\/planejamento-e-meio-ambiente\/wp-json\/wp\/v2\/pages\/5162","targetHints":{"allow":["GET"]}}],"collection":[{"href":"https:\/\/jundiai.sp.gov.br\/planejamento-e-meio-ambiente\/wp-json\/wp\/v2\/pages"}],"about":[{"href":"https:\/\/jundiai.sp.gov.br\/planejamento-e-meio-ambiente\/wp-json\/wp\/v2\/types\/page"}],"author":[{"embeddable":true,"href":"https:\/\/jundiai.sp.gov.br\/planejamento-e-meio-ambiente\/wp-json\/wp\/v2\/users\/69"}],"replies":[{"embeddable":true,"href":"https:\/\/jundiai.sp.gov.br\/planejamento-e-meio-ambiente\/wp-json\/wp\/v2\/comments?post=5162"}],"version-history":[{"count":1,"href":"https:\/\/jundiai.sp.gov.br\/planejamento-e-meio-ambiente\/wp-json\/wp\/v2\/pages\/5162\/revisions"}],"predecessor-version":[{"id":5165,"href":"https:\/\/jundiai.sp.gov.br\/planejamento-e-meio-ambiente\/wp-json\/wp\/v2\/pages\/5162\/revisions\/5165"}],"wp:attachment":[{"href":"https:\/\/jundiai.sp.gov.br\/planejamento-e-meio-ambiente\/wp-json\/wp\/v2\/media?parent=5162"}],"curies":[{"name":"wp","href":"https:\/\/api.w.org\/{rel}","templated":true}]}}