{"id":5317,"date":"2021-11-26T11:48:35","date_gmt":"2021-11-26T14:48:35","guid":{"rendered":"https:\/\/jundiai.sp.gov.br\/planejamento-e-meio-ambiente\/?page_id=5317"},"modified":"2024-07-22T15:56:11","modified_gmt":"2024-07-22T18:56:11","slug":"instrucoes-eiv-riv","status":"publish","type":"page","link":"https:\/\/jundiai.sp.gov.br\/planejamento-e-meio-ambiente\/instrucoes-eiv-riv\/","title":{"rendered":"Instru\u00e7\u00f5es EIV\/RIV"},"content":{"rendered":"\n<ul class=\"wp-block-list\">\n<li>Para elabora\u00e7\u00e3o do EIV\/RIV:<br><a href=\"https:\/\/jundiai.sp.gov.br\/planejamento-e-meio-ambiente\/wp-content\/uploads\/sites\/15\/2014\/08\/Decreto_26716-16_EIV_RIV.pdf\">Decreto n\u00ba 26.716\/2016 \u2013 Termo de Refer\u00eancia EIV\/RIV<\/a><\/li>\n<\/ul>\n\n\n\n<p><\/p>\n\n\n\n<ul class=\"wp-block-list\">\n<li>Para elabora\u00e7\u00e3o do RIT, consultar a UGMT ou acesse:<br><a href=\"https:\/\/jundiai.sp.gov.br\/mobilidade\/relatorio-de-impacto-de-transito\/\">https:\/\/jundiai.sp.gov.br\/mobilidade\/relatorio-de-impacto-de-transito\/<\/a><\/li>\n<\/ul>\n\n\n\n<ul class=\"wp-block-list\">\n<li>Todos os novos estudos EIV\/RIV dever\u00e3o ser protocolados via sistema <a href=\"https:\/\/web.cijun.sp.gov.br\/PMJ\/APROVE\/CadastroTelasCustom\/NavegarTelaCustom?idTela=26\">SAEPRO neste link.<\/a><\/li>\n\n\n\n<li>Para saber o passo a passo do protocolo dos estudos EIV\/RIV, consultar o manual a seguir:<br><a href=\"https:\/\/jundiai.sp.gov.br\/planejamento-e-meio-ambiente\/wp-content\/uploads\/sites\/15\/2024\/07\/manual-para-abertura-dos-processos-eiv-via-saepro.doc\">Manual para abertura de processos EIV\/RIV \u2013 SAEPRO<\/a><\/li>\n<\/ul>\n\n\n\n<p>Termo de Refer\u00eancia em partes, conforme sequ\u00eancia a ser anexada no sistema SAEPRO:<\/p>\n\n\n\n<ul class=\"wp-block-list\">\n<li><a href=\"https:\/\/jundiai.sp.gov.br\/planejamento-e-meio-ambiente\/wp-content\/uploads\/sites\/15\/2023\/10\/anexo-i.docx\">Anexo I;<\/a><\/li>\n\n\n\n<li><a href=\"https:\/\/jundiai.sp.gov.br\/planejamento-e-meio-ambiente\/wp-content\/uploads\/sites\/15\/2023\/10\/anexo-ii.docx\">Anexo II;<\/a><\/li>\n\n\n\n<li><a href=\"https:\/\/jundiai.sp.gov.br\/planejamento-e-meio-ambiente\/wp-content\/uploads\/sites\/15\/2023\/10\/parte-1.docx\">Parte 1<\/a> (orienta\u00e7\u00f5es para preenchimento dos anexos acima e inser\u00e7\u00e3o dos documentos necess\u00e1rios);<\/li>\n\n\n\n<li><a href=\"https:\/\/jundiai.sp.gov.br\/planejamento-e-meio-ambiente\/wp-content\/uploads\/sites\/15\/2023\/10\/parte-2-item-4.docx\">Parte 2 item 4;<\/a><\/li>\n\n\n\n<li><a href=\"https:\/\/jundiai.sp.gov.br\/planejamento-e-meio-ambiente\/wp-content\/uploads\/sites\/15\/2023\/10\/parte-2-item-5.docx\">Parte 2 item 5;<\/a><\/li>\n\n\n\n<li><a href=\"https:\/\/jundiai.sp.gov.br\/planejamento-e-meio-ambiente\/wp-content\/uploads\/sites\/15\/2023\/10\/parte-2-item-6.docx\">Parte 2 item 6;<\/a><\/li>\n\n\n\n<li><a href=\"https:\/\/jundiai.sp.gov.br\/planejamento-e-meio-ambiente\/wp-content\/uploads\/sites\/15\/2023\/10\/parte-2-item-7-1.docx\">Parte 2 item 7;<\/a><\/li>\n\n\n\n<li><a href=\"https:\/\/jundiai.sp.gov.br\/planejamento-e-meio-ambiente\/wp-content\/uploads\/sites\/15\/2023\/10\/parte-2-item-8.docx\">Parte 2 item 8;<\/a><\/li>\n\n\n\n<li><a href=\"https:\/\/jundiai.sp.gov.br\/planejamento-e-meio-ambiente\/wp-content\/uploads\/sites\/15\/2023\/10\/parte-3-item-9-matriz-de-impactos-e-riv-instrucoes.docx\">Parte 3 item 9 \u2013&nbsp; MATRIZ DE IMPACTO e RIV INSTRU\u00c7\u00d5ES<\/a><\/li>\n\n\n\n<li><a href=\"https:\/\/jundiai.sp.gov.br\/planejamento-e-meio-ambiente\/wp-content\/uploads\/sites\/15\/2023\/10\/parte-3-item-9-matriz-de-impactos-nao-residencial.doc\">Parte 3 item 9 \u2013 MATRIZ DE IMPACTO N\u00c3O RESIDENCIAL&nbsp;<\/a><\/li>\n\n\n\n<li><a href=\"https:\/\/jundiai.sp.gov.br\/planejamento-e-meio-ambiente\/wp-content\/uploads\/sites\/15\/2024\/07\/parte-3-item-9-matriz-de-impactos-residencial.doc\">Parte 3 item 9 \u2013 MATRIZ DE IMPACTO RESIDENCIAL<\/a><\/li>\n\n\n\n<li><a href=\"https:\/\/jundiai.sp.gov.br\/planejamento-e-meio-ambiente\/wp-content\/uploads\/sites\/15\/2023\/10\/parte-3-item-10-propostas-medidas.docx\">Parte 3 item 10 \u2013 Proposta medidas;<\/a><\/li>\n<\/ul>\n","protected":false},"excerpt":{"rendered":"<p>Termo de Refer\u00eancia em partes, conforme sequ\u00eancia a ser anexada no sistema SAEPRO:<\/p>\n","protected":false},"author":69,"featured_media":0,"parent":0,"menu_order":0,"comment_status":"closed","ping_status":"closed","template":"","meta":{"footnotes":""},"class_list":["post-5317","page","type-page","status-publish","hentry"],"_links":{"self":[{"href":"https:\/\/jundiai.sp.gov.br\/planejamento-e-meio-ambiente\/wp-json\/wp\/v2\/pages\/5317","targetHints":{"allow":["GET"]}}],"collection":[{"href":"https:\/\/jundiai.sp.gov.br\/planejamento-e-meio-ambiente\/wp-json\/wp\/v2\/pages"}],"about":[{"href":"https:\/\/jundiai.sp.gov.br\/planejamento-e-meio-ambiente\/wp-json\/wp\/v2\/types\/page"}],"author":[{"embeddable":true,"href":"https:\/\/jundiai.sp.gov.br\/planejamento-e-meio-ambiente\/wp-json\/wp\/v2\/users\/69"}],"replies":[{"embeddable":true,"href":"https:\/\/jundiai.sp.gov.br\/planejamento-e-meio-ambiente\/wp-json\/wp\/v2\/comments?post=5317"}],"version-history":[{"count":5,"href":"https:\/\/jundiai.sp.gov.br\/planejamento-e-meio-ambiente\/wp-json\/wp\/v2\/pages\/5317\/revisions"}],"predecessor-version":[{"id":7277,"href":"https:\/\/jundiai.sp.gov.br\/planejamento-e-meio-ambiente\/wp-json\/wp\/v2\/pages\/5317\/revisions\/7277"}],"wp:attachment":[{"href":"https:\/\/jundiai.sp.gov.br\/planejamento-e-meio-ambiente\/wp-json\/wp\/v2\/media?parent=5317"}],"curies":[{"name":"wp","href":"https:\/\/api.w.org\/{rel}","templated":true}]}}