{"id":5332,"date":"2021-12-03T15:50:35","date_gmt":"2021-12-03T18:50:35","guid":{"rendered":"https:\/\/jundiai.sp.gov.br\/planejamento-e-meio-ambiente\/?page_id=5332"},"modified":"2025-12-09T10:10:11","modified_gmt":"2025-12-09T13:10:11","slug":"modelos-de-projeto-dapeu","status":"publish","type":"page","link":"https:\/\/jundiai.sp.gov.br\/planejamento-e-meio-ambiente\/obras-particulares\/modelos-de-projeto-dapeu\/","title":{"rendered":"Modelos de Projeto &#8211; DAPEU"},"content":{"rendered":"\n<p>Os arquivos de projetos apresentados pelos profissionais no SAEPRO, para protocolo e aprova\u00e7\u00e3o de projetos analisados pela Divis\u00e3o de Aprova\u00e7\u00e3o de Projetos de Edifica\u00e7\u00f5es e Urbaniza\u00e7\u00e3o (UGPUMA\/DAPEU) dever\u00e3o seguir o padr\u00e3o de apresenta\u00e7\u00e3o dos modelos listados abaixo.<\/p>\n\n\n\n<div class=\"wp-block-file\"><a id=\"wp-block-file--media-ef91c7dc-3636-4537-888a-13189ce741d3\" href=\"https:\/\/jundiai.sp.gov.br\/planejamento-e-meio-ambiente\/wp-content\/uploads\/sites\/15\/2025\/12\/a-_-padr_o-geral.zip\" target=\"_blank\" rel=\"noreferrer noopener\">A &#8211; PADR\u00c3O GERAL &#8211; CONSTRU\u00c7\u00c3O E REGULARIZA\u00c7\u00c3O DE EDIFICA\u00c7\u00d5ES EM GERAL<\/a><a href=\"https:\/\/jundiai.sp.gov.br\/planejamento-e-meio-ambiente\/wp-content\/uploads\/sites\/15\/2025\/12\/a-_-padr_o-geral.zip\" class=\"wp-block-file__button wp-element-button\" download aria-describedby=\"wp-block-file--media-ef91c7dc-3636-4537-888a-13189ce741d3\">Baixar<\/a><\/div>\n\n\n\n<div class=\"wp-block-file\"><a id=\"wp-block-file--media-e2057201-3500-4f6e-ac2d-72c1a127b151\" href=\"https:\/\/jundiai.sp.gov.br\/planejamento-e-meio-ambiente\/wp-content\/uploads\/sites\/15\/2025\/12\/b-_-amplia__o.zip\" target=\"_blank\" rel=\"noreferrer noopener\">B &#8211; AMPLIA\u00c7\u00c3O DE EDIFICA\u00c7\u00c3O<\/a><a href=\"https:\/\/jundiai.sp.gov.br\/planejamento-e-meio-ambiente\/wp-content\/uploads\/sites\/15\/2025\/12\/b-_-amplia__o.zip\" class=\"wp-block-file__button wp-element-button\" download aria-describedby=\"wp-block-file--media-e2057201-3500-4f6e-ac2d-72c1a127b151\">Baixar<\/a><\/div>\n\n\n\n<div class=\"wp-block-file\"><a id=\"wp-block-file--media-213e5ed7-1d32-4067-86ed-54373c378d1c\" href=\"https:\/\/jundiai.sp.gov.br\/planejamento-e-meio-ambiente\/wp-content\/uploads\/sites\/15\/2025\/12\/c-_-regulariza__o-de-amplia__o.zip\" target=\"_blank\" rel=\"noreferrer noopener\">C &#8211; REGULARIZA\u00c7\u00c3O DE AMPLIA\u00c7\u00c3O DE EDIFICA\u00c7\u00c3O<\/a><a href=\"https:\/\/jundiai.sp.gov.br\/planejamento-e-meio-ambiente\/wp-content\/uploads\/sites\/15\/2025\/12\/c-_-regulariza__o-de-amplia__o.zip\" class=\"wp-block-file__button wp-element-button\" download aria-describedby=\"wp-block-file--media-213e5ed7-1d32-4067-86ed-54373c378d1c\">Baixar<\/a><\/div>\n\n\n\n<div class=\"wp-block-file\"><a id=\"wp-block-file--media-1eb76f23-0260-4557-bb42-21bb6589e839\" href=\"https:\/\/jundiai.sp.gov.br\/planejamento-e-meio-ambiente\/wp-content\/uploads\/sites\/15\/2025\/12\/d-_-transforma__o.zip\" target=\"_blank\" rel=\"noreferrer noopener\">D &#8211; TRANSFORMA\u00c7\u00c3O DE USO DA EDIFICA\u00c7\u00c3O<\/a><a href=\"https:\/\/jundiai.sp.gov.br\/planejamento-e-meio-ambiente\/wp-content\/uploads\/sites\/15\/2025\/12\/d-_-transforma__o.zip\" class=\"wp-block-file__button wp-element-button\" download aria-describedby=\"wp-block-file--media-1eb76f23-0260-4557-bb42-21bb6589e839\">Baixar<\/a><\/div>\n\n\n\n<div class=\"wp-block-file\"><a id=\"wp-block-file--media-c3bd1811-970d-4d30-acf2-cb827c8a471c\" href=\"https:\/\/jundiai.sp.gov.br\/planejamento-e-meio-ambiente\/wp-content\/uploads\/sites\/15\/2025\/12\/e-_-condom_nio-amplia__o.zip\" target=\"_blank\" rel=\"noreferrer noopener\">E &#8211; CONDOM\u00cdNIO AMPLIA\u00c7\u00c3O. OU REGULARIZA\u00c7\u00c3O DE AMPLIA\u00c7\u00c3O<\/a><a href=\"https:\/\/jundiai.sp.gov.br\/planejamento-e-meio-ambiente\/wp-content\/uploads\/sites\/15\/2025\/12\/e-_-condom_nio-amplia__o.zip\" class=\"wp-block-file__button wp-element-button\" download aria-describedby=\"wp-block-file--media-c3bd1811-970d-4d30-acf2-cb827c8a471c\">Baixar<\/a><\/div>\n\n\n\n<div class=\"wp-block-file\"><a id=\"wp-block-file--media-cb0bb096-ec71-4499-bed8-784978821a56\" href=\"https:\/\/jundiai.sp.gov.br\/planejamento-e-meio-ambiente\/wp-content\/uploads\/sites\/15\/2025\/06\/modelo_f.zip\" target=\"_blank\" rel=\"noreferrer noopener\">F &#8211; MODELO RURAL &#8211; ART. 58 \u2013 \u00a7 9\u00ba LC 606.21<\/a><a href=\"https:\/\/jundiai.sp.gov.br\/planejamento-e-meio-ambiente\/wp-content\/uploads\/sites\/15\/2025\/06\/modelo_f.zip\" class=\"wp-block-file__button wp-element-button\" download aria-describedby=\"wp-block-file--media-cb0bb096-ec71-4499-bed8-784978821a56\">Baixar<\/a><\/div>\n\n\n\n<div class=\"wp-block-file\"><a id=\"wp-block-file--media-52dc819c-3eae-4144-8910-69c3f1fd4077\" href=\"https:\/\/jundiai.sp.gov.br\/planejamento-e-meio-ambiente\/wp-content\/uploads\/sites\/15\/2021\/12\/g-anexacao.zip\" target=\"_blank\" rel=\"noreferrer noopener\">G &#8211; ANEXA\u00c7\u00c3O<\/a><a href=\"https:\/\/jundiai.sp.gov.br\/planejamento-e-meio-ambiente\/wp-content\/uploads\/sites\/15\/2021\/12\/g-anexacao.zip\" class=\"wp-block-file__button wp-element-button\" download aria-describedby=\"wp-block-file--media-52dc819c-3eae-4144-8910-69c3f1fd4077\">Baixar<\/a><\/div>\n\n\n\n<div class=\"wp-block-file\"><a id=\"wp-block-file--media-064636cd-eccd-4d35-b4c7-97ad5f020d80\" href=\"https:\/\/jundiai.sp.gov.br\/planejamento-e-meio-ambiente\/wp-content\/uploads\/sites\/15\/2021\/12\/h-desdobro.zip\" target=\"_blank\" rel=\"noreferrer noopener\">H &#8211; DESDOBRO<\/a><a href=\"https:\/\/jundiai.sp.gov.br\/planejamento-e-meio-ambiente\/wp-content\/uploads\/sites\/15\/2021\/12\/h-desdobro.zip\" class=\"wp-block-file__button wp-element-button\" download aria-describedby=\"wp-block-file--media-064636cd-eccd-4d35-b4c7-97ad5f020d80\">Baixar<\/a><\/div>\n\n\n\n<div class=\"wp-block-file\"><a id=\"wp-block-file--media-01c836f1-e6d9-44de-843d-0590ca6b92f4\" href=\"https:\/\/jundiai.sp.gov.br\/planejamento-e-meio-ambiente\/wp-content\/uploads\/sites\/15\/2021\/12\/i-anexacao-com-desdobro.zip\" target=\"_blank\" rel=\"noreferrer noopener\">I &#8211; ANEXA\u00c7\u00c3O COM DESDOBRO<\/a><a href=\"https:\/\/jundiai.sp.gov.br\/planejamento-e-meio-ambiente\/wp-content\/uploads\/sites\/15\/2021\/12\/i-anexacao-com-desdobro.zip\" class=\"wp-block-file__button wp-element-button\" download aria-describedby=\"wp-block-file--media-01c836f1-e6d9-44de-843d-0590ca6b92f4\">Baixar<\/a><\/div>\n\n\n\n<div class=\"wp-block-file\"><a id=\"wp-block-file--media-b71e9bf4-14ad-4827-a3e9-7ad7158b0686\" href=\"https:\/\/jundiai.sp.gov.br\/planejamento-e-meio-ambiente\/wp-content\/uploads\/sites\/15\/2024\/06\/terraplenagem-_-atualizado-04_06_24.zip\" target=\"_blank\" rel=\"noreferrer noopener\">J &#8211; TERRAPLENAGEM<\/a><a href=\"https:\/\/jundiai.sp.gov.br\/planejamento-e-meio-ambiente\/wp-content\/uploads\/sites\/15\/2024\/06\/terraplenagem-_-atualizado-04_06_24.zip\" class=\"wp-block-file__button wp-element-button\" download aria-describedby=\"wp-block-file--media-b71e9bf4-14ad-4827-a3e9-7ad7158b0686\">Baixar<\/a><\/div>\n\n\n\n<div class=\"wp-block-file\"><a id=\"wp-block-file--media-a9808d38-5dea-41db-b7bf-bf69fad970cc\" href=\"https:\/\/jundiai.sp.gov.br\/planejamento-e-meio-ambiente\/wp-content\/uploads\/sites\/15\/2024\/04\/k-_-modelo-vagas-art_-33-lc-606_21-vers_o-26_04_24.zip\" target=\"_blank\" rel=\"noreferrer noopener\">K \u2013 MODELOS DE VAGAS \u2013 ART. 33 \u2013 LC 606.21<\/a><a href=\"https:\/\/jundiai.sp.gov.br\/planejamento-e-meio-ambiente\/wp-content\/uploads\/sites\/15\/2024\/04\/k-_-modelo-vagas-art_-33-lc-606_21-vers_o-26_04_24.zip\" class=\"wp-block-file__button wp-element-button\" download aria-describedby=\"wp-block-file--media-a9808d38-5dea-41db-b7bf-bf69fad970cc\">Baixar<\/a><\/div>\n","protected":false},"excerpt":{"rendered":"<p>Os arquivos de projetos apresentados pelos profissionais no SAEPRO, para protocolo e aprova\u00e7\u00e3o de projetos analisados pela Divis\u00e3o de Aprova\u00e7\u00e3o de Projetos de Edifica\u00e7\u00f5es e Urbaniza\u00e7\u00e3o (UGPUMA\/DAPEU) dever\u00e3o seguir o padr\u00e3o de apresenta\u00e7\u00e3o dos modelos listados abaixo.<\/p>\n","protected":false},"author":8,"featured_media":0,"parent":2434,"menu_order":0,"comment_status":"closed","ping_status":"closed","template":"","meta":{"footnotes":""},"class_list":["post-5332","page","type-page","status-publish","hentry"],"_links":{"self":[{"href":"https:\/\/jundiai.sp.gov.br\/planejamento-e-meio-ambiente\/wp-json\/wp\/v2\/pages\/5332","targetHints":{"allow":["GET"]}}],"collection":[{"href":"https:\/\/jundiai.sp.gov.br\/planejamento-e-meio-ambiente\/wp-json\/wp\/v2\/pages"}],"about":[{"href":"https:\/\/jundiai.sp.gov.br\/planejamento-e-meio-ambiente\/wp-json\/wp\/v2\/types\/page"}],"author":[{"embeddable":true,"href":"https:\/\/jundiai.sp.gov.br\/planejamento-e-meio-ambiente\/wp-json\/wp\/v2\/users\/8"}],"replies":[{"embeddable":true,"href":"https:\/\/jundiai.sp.gov.br\/planejamento-e-meio-ambiente\/wp-json\/wp\/v2\/comments?post=5332"}],"version-history":[{"count":31,"href":"https:\/\/jundiai.sp.gov.br\/planejamento-e-meio-ambiente\/wp-json\/wp\/v2\/pages\/5332\/revisions"}],"predecessor-version":[{"id":8030,"href":"https:\/\/jundiai.sp.gov.br\/planejamento-e-meio-ambiente\/wp-json\/wp\/v2\/pages\/5332\/revisions\/8030"}],"up":[{"embeddable":true,"href":"https:\/\/jundiai.sp.gov.br\/planejamento-e-meio-ambiente\/wp-json\/wp\/v2\/pages\/2434"}],"wp:attachment":[{"href":"https:\/\/jundiai.sp.gov.br\/planejamento-e-meio-ambiente\/wp-json\/wp\/v2\/media?parent=5332"}],"curies":[{"name":"wp","href":"https:\/\/api.w.org\/{rel}","templated":true}]}}