{"id":535,"date":"2014-08-25T11:09:07","date_gmt":"2014-08-25T14:09:07","guid":{"rendered":"https:\/\/jundiai.sp.gov.br\/planejamento-e-meio-ambiente\/?page_id=535"},"modified":"2014-08-25T11:10:18","modified_gmt":"2014-08-25T14:10:18","slug":"consulta-programacao-de-servicos","status":"publish","type":"page","link":"https:\/\/jundiai.sp.gov.br\/planejamento-e-meio-ambiente\/consulta-programacao-de-servicos\/","title":{"rendered":"Consulta Programa\u00e7\u00e3o de Servi\u00e7os"},"content":{"rendered":"","protected":false},"excerpt":{"rendered":"","protected":false},"author":11,"featured_media":0,"parent":0,"menu_order":0,"comment_status":"closed","ping_status":"closed","template":"","meta":{"footnotes":""},"class_list":["post-535","page","type-page","status-publish","hentry"],"_links":{"self":[{"href":"https:\/\/jundiai.sp.gov.br\/planejamento-e-meio-ambiente\/wp-json\/wp\/v2\/pages\/535","targetHints":{"allow":["GET"]}}],"collection":[{"href":"https:\/\/jundiai.sp.gov.br\/planejamento-e-meio-ambiente\/wp-json\/wp\/v2\/pages"}],"about":[{"href":"https:\/\/jundiai.sp.gov.br\/planejamento-e-meio-ambiente\/wp-json\/wp\/v2\/types\/page"}],"author":[{"embeddable":true,"href":"https:\/\/jundiai.sp.gov.br\/planejamento-e-meio-ambiente\/wp-json\/wp\/v2\/users\/11"}],"replies":[{"embeddable":true,"href":"https:\/\/jundiai.sp.gov.br\/planejamento-e-meio-ambiente\/wp-json\/wp\/v2\/comments?post=535"}],"version-history":[{"count":2,"href":"https:\/\/jundiai.sp.gov.br\/planejamento-e-meio-ambiente\/wp-json\/wp\/v2\/pages\/535\/revisions"}],"predecessor-version":[{"id":537,"href":"https:\/\/jundiai.sp.gov.br\/planejamento-e-meio-ambiente\/wp-json\/wp\/v2\/pages\/535\/revisions\/537"}],"wp:attachment":[{"href":"https:\/\/jundiai.sp.gov.br\/planejamento-e-meio-ambiente\/wp-json\/wp\/v2\/media?parent=535"}],"curies":[{"name":"wp","href":"https:\/\/api.w.org\/{rel}","templated":true}]}}