{"id":5408,"date":"2022-01-18T12:26:57","date_gmt":"2022-01-18T15:26:57","guid":{"rendered":"https:\/\/jundiai.sp.gov.br\/planejamento-e-meio-ambiente\/?page_id=5408"},"modified":"2023-04-11T17:06:52","modified_gmt":"2023-04-11T20:06:52","slug":"2022-2","status":"publish","type":"page","link":"https:\/\/jundiai.sp.gov.br\/planejamento-e-meio-ambiente\/2022-2\/","title":{"rendered":"2022"},"content":{"rendered":"\n<p><strong>Reuni\u00f5es Ordin\u00e1rias<\/strong><\/p>\n\n\n\n<p><a href=\"https:\/\/jundiai.sp.gov.br\/planejamento-e-meio-ambiente\/wp-content\/uploads\/sites\/15\/2022\/03\/ata-1-reuniao-ordinaria-comdema-21_23-1.pdf\">1\u00aa Reuni\u00e3o Ordin\u00e1ria<\/a><\/p>\n\n\n\n<p><a href=\"https:\/\/jundiai.sp.gov.br\/planejamento-e-meio-ambiente\/wp-content\/uploads\/sites\/15\/2022\/03\/ata-2a-reuniao-ordinaria-comdema-21_23_rev1-1.pdf\">2\u00aa Reuni\u00e3o Ordin\u00e1ria <\/a><\/p>\n\n\n\n<p><a href=\"https:\/\/jundiai.sp.gov.br\/planejamento-e-meio-ambiente\/wp-content\/uploads\/sites\/15\/2022\/03\/ata-3a-reuniao-ordinaria-comdema-21_23-rev-conselheiros.pdf\">3\u00aa Reuni\u00e3o Ordin\u00e1ria<\/a><\/p>\n\n\n\n<p><a href=\"https:\/\/jundiai.sp.gov.br\/planejamento-e-meio-ambiente\/wp-content\/uploads\/sites\/15\/2022\/05\/ata-4-ro-aprovada-1.pdf\">4\u00aa Reuni\u00e3o Ordin\u00e1ria <\/a><\/p>\n\n\n\n<p><a href=\"https:\/\/jundiai.sp.gov.br\/planejamento-e-meio-ambiente\/wp-content\/uploads\/sites\/15\/2022\/05\/ata-5-ro-aprovada-1.pdf\">5\u00aa Reuni\u00e3o Ordin\u00e1ria <\/a><\/p>\n\n\n\n<p><a href=\"https:\/\/jundiai.sp.gov.br\/planejamento-e-meio-ambiente\/wp-content\/uploads\/sites\/15\/2022\/06\/ata-6a-reuniao-ordinaria-comdema-21_23-rev-1-com-anexos.pdf\">6\u00aa Reuni\u00e3o Ordin\u00e1ria<\/a><\/p>\n\n\n\n<p><a href=\"https:\/\/jundiai.sp.gov.br\/planejamento-e-meio-ambiente\/wp-content\/uploads\/sites\/15\/2022\/07\/ata-7a-reuniao-ordinaria-comdema-21_23-rev-1-com-anexos.pdf\">7\u00aa Reuni\u00e3o Ordin\u00e1ria<\/a><\/p>\n\n\n\n<p><a href=\"https:\/\/jundiai.sp.gov.br\/planejamento-e-meio-ambiente\/wp-content\/uploads\/sites\/15\/2022\/08\/ata-8a-reuniao-ordinaria-comdema-21_23-v-revisada-por-conselheiros.pdf\" target=\"_blank\" rel=\"noreferrer noopener\">8\u00aa Reuni\u00e3o Ordin\u00e1ria<\/a><\/p>\n\n\n\n<p><a rel=\"noreferrer noopener\" href=\"https:\/\/jundiai.sp.gov.br\/planejamento-e-meio-ambiente\/wp-content\/uploads\/sites\/15\/2022\/08\/ata-da-9a-reuniao-ordinaria-do-cgsj-2021_2023-1-1.pdf\" target=\"_blank\">9\u00aa Reuni\u00e3o Ordin\u00e1ria<\/a><\/p>\n\n\n\n<p><a href=\"https:\/\/jundiai.sp.gov.br\/planejamento-e-meio-ambiente\/wp-content\/uploads\/sites\/15\/2022\/10\/ata-10a-reuniao-ordinaria-comdema-21_23.pdf\">10\u00aa Reuni\u00e3o Ordin\u00e1ria <\/a><\/p>\n\n\n\n<p><a href=\"https:\/\/jundiai.sp.gov.br\/planejamento-e-meio-ambiente\/wp-content\/uploads\/sites\/15\/2022\/11\/ata-11a-reuniao-ordinaria-comdema-21_23-1.pdf\">11\u00aa Reuni\u00e3o Ordin\u00e1ria<\/a><\/p>\n\n\n\n<p><a href=\"https:\/\/jundiai.sp.gov.br\/planejamento-e-meio-ambiente\/wp-content\/uploads\/sites\/15\/2022\/11\/ata-12a-reuniao-ordinaria-comdema-21_23-v3-1.pdf\">12\u00aa Reuni\u00e3o Ordin\u00e1ria<\/a><\/p>\n\n\n\n<p><a href=\"https:\/\/jundiai.sp.gov.br\/planejamento-e-meio-ambiente\/wp-content\/uploads\/sites\/15\/2023\/01\/ata-13a-reuniao-ordinaria-comdema-21_23-v1.pdf\">13\u00aa Reuni\u00e3o Ordin\u00e1ria<\/a><\/p>\n\n\n\n<p><a href=\"https:\/\/jundiai.sp.gov.br\/planejamento-e-meio-ambiente\/wp-content\/uploads\/sites\/15\/2023\/04\/ata-14a-reuniao-ordinaria-comdema-21_23-v2-1.pdf\" target=\"_blank\" rel=\"noreferrer noopener\">14\u00aa Reuni\u00e3o Ordin\u00e1ria<\/a><\/p>\n\n\n\n<p><strong>Reuni\u00f5es Extraordin\u00e1rias<\/strong><\/p>\n\n\n\n<p><a href=\"https:\/\/jundiai.sp.gov.br\/planejamento-e-meio-ambiente\/wp-content\/uploads\/sites\/15\/2022\/06\/ata-2a-reuniao-extraordinaria-comdema-21_23-rev-1-com-anexos.pdf\">2\u00aa Reuni\u00e3o Extraordin\u00e1ria<\/a><\/p>\n","protected":false},"excerpt":{"rendered":"<p>Reuni\u00f5es Ordin\u00e1rias 1\u00aa Reuni\u00e3o Ordin\u00e1ria 2\u00aa Reuni\u00e3o Ordin\u00e1ria 3\u00aa Reuni\u00e3o Ordin\u00e1ria 4\u00aa Reuni\u00e3o Ordin\u00e1ria 5\u00aa Reuni\u00e3o Ordin\u00e1ria 6\u00aa Reuni\u00e3o Ordin\u00e1ria 7\u00aa Reuni\u00e3o Ordin\u00e1ria 8\u00aa Reuni\u00e3o Ordin\u00e1ria 9\u00aa Reuni\u00e3o Ordin\u00e1ria 10\u00aa Reuni\u00e3o Ordin\u00e1ria 11\u00aa Reuni\u00e3o Ordin\u00e1ria 12\u00aa Reuni\u00e3o Ordin\u00e1ria 13\u00aa Reuni\u00e3o Ordin\u00e1ria 14\u00aa Reuni\u00e3o Ordin\u00e1ria Reuni\u00f5es Extraordin\u00e1rias 2\u00aa Reuni\u00e3o Extraordin\u00e1ria<\/p>\n","protected":false},"author":69,"featured_media":0,"parent":0,"menu_order":0,"comment_status":"closed","ping_status":"closed","template":"","meta":{"footnotes":""},"class_list":["post-5408","page","type-page","status-publish","hentry"],"_links":{"self":[{"href":"https:\/\/jundiai.sp.gov.br\/planejamento-e-meio-ambiente\/wp-json\/wp\/v2\/pages\/5408","targetHints":{"allow":["GET"]}}],"collection":[{"href":"https:\/\/jundiai.sp.gov.br\/planejamento-e-meio-ambiente\/wp-json\/wp\/v2\/pages"}],"about":[{"href":"https:\/\/jundiai.sp.gov.br\/planejamento-e-meio-ambiente\/wp-json\/wp\/v2\/types\/page"}],"author":[{"embeddable":true,"href":"https:\/\/jundiai.sp.gov.br\/planejamento-e-meio-ambiente\/wp-json\/wp\/v2\/users\/69"}],"replies":[{"embeddable":true,"href":"https:\/\/jundiai.sp.gov.br\/planejamento-e-meio-ambiente\/wp-json\/wp\/v2\/comments?post=5408"}],"version-history":[{"count":13,"href":"https:\/\/jundiai.sp.gov.br\/planejamento-e-meio-ambiente\/wp-json\/wp\/v2\/pages\/5408\/revisions"}],"predecessor-version":[{"id":6509,"href":"https:\/\/jundiai.sp.gov.br\/planejamento-e-meio-ambiente\/wp-json\/wp\/v2\/pages\/5408\/revisions\/6509"}],"wp:attachment":[{"href":"https:\/\/jundiai.sp.gov.br\/planejamento-e-meio-ambiente\/wp-json\/wp\/v2\/media?parent=5408"}],"curies":[{"name":"wp","href":"https:\/\/api.w.org\/{rel}","templated":true}]}}