{"id":5539,"date":"2022-01-31T17:19:40","date_gmt":"2022-01-31T20:19:40","guid":{"rendered":"https:\/\/jundiai.sp.gov.br\/planejamento-e-meio-ambiente\/?page_id=5539"},"modified":"2023-05-03T16:54:03","modified_gmt":"2023-05-03T19:54:03","slug":"plano-municipal-de-conservacao-e-recuperacao-da-mata-atlantica-e-cerrado-pmmac","status":"publish","type":"page","link":"https:\/\/jundiai.sp.gov.br\/planejamento-e-meio-ambiente\/plano-municipal-de-conservacao-e-recuperacao-da-mata-atlantica-e-cerrado-pmmac\/","title":{"rendered":"Plano Municipal de Conserva\u00e7\u00e3o e Recupera\u00e7\u00e3o da Mata Atl\u00e2ntica e Cerrado (PMMAC)"},"content":{"rendered":"\n<p><\/p>\n\n\n\n<p><br><strong>O Plano Municipal de Conserva\u00e7\u00e3o e Recupera\u00e7\u00e3o da Mata Atl\u00e2ntica (PMMA)<\/strong>&nbsp;\u00e9 um instrumento legal, estabelecido dentro da Lei da Mata Atl\u00e2ntica (Lei Federal n<sup>o<\/sup>&nbsp;11.428\/2006, regulamentada pelo Decreto Federal n<sup>o<\/sup> 6.660\/2008) que fortalece o papel do munic\u00edpio em atuar, proativamente, na defesa, conserva\u00e7\u00e3o e restaura\u00e7\u00e3o da vegeta\u00e7\u00e3o nativa presente em seu territ\u00f3rio. Al\u00e9m da Mata Atl\u00e2ntica, Jundia\u00ed conta com a presen\u00e7a do Cerrado, por esta raz\u00e3o o Plano foi nominado de <strong>Plano Municipal de Conserva\u00e7\u00e3o e Restaura\u00e7\u00e3o da Mata Atl\u00e2ntica e Cerrado (PMMAC).<\/strong>&nbsp;<\/p>\n\n\n\n<p>O Plano identificou, com base no mapeamento e an\u00e1lises dos remanescentes do munic\u00edpio, as \u00e1reas priorit\u00e1rias para a conserva\u00e7\u00e3o, recupera\u00e7\u00e3o e amplia\u00e7\u00e3o da Mata Atl\u00e2ntica e Cerrado, considerando tanto as suas fun\u00e7\u00f5es sociais como ecol\u00f3gicas, abrangendo as zonas urbanas e rurais do munic\u00edpio, al\u00e9m de definir e planejar as a\u00e7\u00f5es para alcan\u00e7ar os objetivos estabelecidos durante a sua constru\u00e7\u00e3o.&nbsp;&nbsp;&nbsp;<\/p>\n\n\n\n<p>O Plano ganha papel de destaque ao subsidiar as decis\u00f5es de planejamento simultaneamente com o crescimento do munic\u00edpio, integrando-se aos planos municipais e regionais correlatos, como o Plano Diretor Municipal, o Plano Municipal de Saneamento B\u00e1sico, o Plano Municipal de Recursos H\u00eddricos e os demais Planos Municipais de interesse.<\/p>\n\n\n\n<p>O processo de elabora\u00e7\u00e3o do PMMAC ocorreu de maneira participativa e transparente, com ampla colabora\u00e7\u00e3o e contribui\u00e7\u00e3o da popula\u00e7\u00e3o, por meio de oficinas participativas e consultas p\u00fablicas. O Plano, conforme determina a legisla\u00e7\u00e3o, foi submetido \u00e0 an\u00e1lise e aprova\u00e7\u00e3o do Conselho Municipal de Meio Ambiente.&nbsp;<\/p>\n\n\n\n<ul class=\"wp-block-list\">\n<li><strong><strong>OBJETIVOS E APLICA\u00c7\u00d5ES DO PMMAC<\/strong><\/strong><\/li>\n<\/ul>\n\n\n\n<p>O PMMAC buscou retratar a realidade do munic\u00edpio, para que a partir deste cen\u00e1rio fosse poss\u00edvel orientar as a\u00e7\u00f5es da administra\u00e7\u00e3o municipal na promo\u00e7\u00e3o da conserva\u00e7\u00e3o, restaura\u00e7\u00e3o e amplia\u00e7\u00e3o dos remanescentes de vegeta\u00e7\u00e3o nativa e da biodiversidade existentes na Mata Atl\u00e2ntica e Cerrado.  <br>O PMMAC mostrou ser uma grande oportunidade para o fortalecimento da gest\u00e3o ambiental municipal, fortalecendo tanto o \u00f3rg\u00e3o municipal do meio ambiente como tamb\u00e9m o Conselho Municipal de Defesa do Meio Ambiente, e, tamb\u00e9m, trouxe uma perspectiva de di\u00e1logo com os demais planos municipais e regionais. <\/p>\n\n\n\n<p><\/p>\n\n\n<div class=\"wp-block-image\">\n<figure class=\"aligncenter\"><img loading=\"lazy\" decoding=\"async\" width=\"625\" height=\"395\" src=\"https:\/\/jundiai.sp.gov.br\/planejamento-e-meio-ambiente\/wp-content\/uploads\/sites\/15\/2023\/05\/imagem-1-7.png\" alt=\"\" class=\"wp-image-6577\" srcset=\"https:\/\/jundiai.sp.gov.br\/planejamento-e-meio-ambiente\/wp-content\/uploads\/sites\/15\/2023\/05\/imagem-1-7.png 625w, https:\/\/jundiai.sp.gov.br\/planejamento-e-meio-ambiente\/wp-content\/uploads\/sites\/15\/2023\/05\/imagem-1-7-300x190.png 300w\" sizes=\"auto, (max-width: 625px) 100vw, 625px\" \/><\/figure>\n<\/div>\n\n\n<p><\/p>\n\n\n\n<ul class=\"wp-block-list\">\n<li><strong><strong>ETAPAS DE ELABORA\u00c7\u00c3O DO PMMAC<\/strong><\/strong><\/li>\n<\/ul>\n\n\n\n<p>Todo o processo de elabora\u00e7\u00e3o do PMMAC teve como base a realidade e voca\u00e7\u00e3o do munic\u00edpio, e foi conduzido de forma a consolidar um Plano objetivo e exequ\u00edvel, de maneira que seja poss\u00edvel promover uma implementa\u00e7\u00e3o de fato efetiva. <\/p>\n\n\n\n<figure class=\"wp-block-image size-full\"><img loading=\"lazy\" decoding=\"async\" width=\"1244\" height=\"670\" src=\"https:\/\/jundiai.sp.gov.br\/planejamento-e-meio-ambiente\/wp-content\/uploads\/sites\/15\/2023\/05\/imagem-2-2.png\" alt=\"\" class=\"wp-image-6573\" srcset=\"https:\/\/jundiai.sp.gov.br\/planejamento-e-meio-ambiente\/wp-content\/uploads\/sites\/15\/2023\/05\/imagem-2-2.png 1244w, https:\/\/jundiai.sp.gov.br\/planejamento-e-meio-ambiente\/wp-content\/uploads\/sites\/15\/2023\/05\/imagem-2-2-300x162.png 300w, https:\/\/jundiai.sp.gov.br\/planejamento-e-meio-ambiente\/wp-content\/uploads\/sites\/15\/2023\/05\/imagem-2-2-768x414.png 768w\" sizes=\"auto, (max-width: 1244px) 100vw, 1244px\" \/><\/figure>\n\n\n\n<p>&nbsp;<\/p>\n\n\n\n<ul class=\"wp-block-list\">\n<li><strong>DOCUMENTOS FINAIS \u2013 elaborados em cada fase<\/strong><\/li>\n<\/ul>\n\n\n\n<p><strong>Fase 1 \u2013 Diagn\u00f3stico<\/strong><\/p>\n\n\n\n<p>O diagn\u00f3stico teve como objetivo caracterizar e analisar, de maneira objetiva, a situa\u00e7\u00e3o atual da Mata Atl\u00e2ntica e do Cerrado no munic\u00edpio, para que a partir deste fosse poss\u00edvel visualizar os cen\u00e1rios aos quais se desejam alcan\u00e7ar, bem como quais os desafios dever\u00e3o ser priorizados e como maximizar os resultados.&nbsp;<\/p>\n\n\n\n<p>O diagn\u00f3stico apresentou quatro dimens\u00f5es, sendo:<br>1. a an\u00e1lise da realidade existente dos remanescentes de Mata Atl\u00e2ntica e Cerrado e das \u00e1reas de vegeta\u00e7\u00e3o nativa degradadas;<br>2. a indica\u00e7\u00e3o dos vetores de press\u00e3o potencialmente causadores de desmatamento e degrada\u00e7\u00e3o<br>desses remanescentes;<br>3. a an\u00e1lise da capacidade de gest\u00e3o; e<br>4. os planos e programas que se relacionam de alguma forma com o PMMAC.<\/p>\n\n\n\n<p>Nesta fase foram elaborados um total de 69 mapas que podem ser consultados, juntamente com todo<br>o conte\u00fado produzido em:&nbsp;<br><a rel=\"noreferrer noopener\" href=\"https:\/\/jundiai.sp.gov.br\/planejamento-e-meio-ambiente\/wp-content\/uploads\/sites\/15\/2023\/04\/diagnostico-pmmac_r04-parte-1_compressed-4.pdf\" target=\"_blank\">Diagn\u00f3stico \u2013 Parte 1<\/a> <br><a rel=\"noreferrer noopener\" href=\"https:\/\/jundiai.sp.gov.br\/planejamento-e-meio-ambiente\/wp-content\/uploads\/sites\/15\/2023\/04\/diagnostico-pmmac_r04-parte-2-1_compressed-1.pdf\" target=\"_blank\">Diagn\u00f3stico \u2013 Parte 2<\/a> <br><a rel=\"noreferrer noopener\" href=\"https:\/\/jundiai.sp.gov.br\/planejamento-e-meio-ambiente\/wp-content\/uploads\/sites\/15\/2023\/04\/diagnostico-pmmac_r04-parte-3_compressed-1-1.pdf\" target=\"_blank\">Diagn\u00f3stico \u2013 Parte 3<\/a> <\/p>\n\n\n\n<p><strong>Fase 2 \u2013 Progn\u00f3stico&nbsp;<\/strong><\/p>\n\n\n\n<p>O progn\u00f3stico, gerado a partir das an\u00e1lises realizadas no diagn\u00f3stico, elegeu as \u00e1reas priorit\u00e1rias e estabeleceu um plano de metas com prazos para o cumprimento de cada a\u00e7\u00e3o proposta.&nbsp;<\/p>\n\n\n\n<p>O reconhecimento de \u00e1reas priorit\u00e1rias para a conserva\u00e7\u00e3o foi baseado na identifica\u00e7\u00e3o daqueles locais que possuem atributos naturais bastante expressivos e\/ou singulares. De maneira geral, s\u00e3o \u00e1reas normalmente bem preservadas, que devem ser mantidas para que o equil\u00edbrio ecol\u00f3gico seja resguardado. J\u00e1 a defini\u00e7\u00e3o de \u00e1reas priorit\u00e1ria para a recupera\u00e7\u00e3o baseou-se nas potencialidades e fragilidades das \u00e1reas pass\u00edveis de serem restauradas.<\/p>\n\n\n\n<p>Para o Plano foram definidos seis objetivos espec\u00edficos, descritos abaixo, os quais est\u00e3o alinhados com <br>os objetivos da Agenda ONU 2030 para o desenvolvimento sustent\u00e1vel, em especial aos Objetivos de Desenvolvimento Sustent\u00e1vel (ODS):<br>I. Fortalecer a Conserva\u00e7\u00e3o da Biodiversidade;<br>II. Promover a recupera\u00e7\u00e3o da Mata Atl\u00e2ntica e do Cerrado de Jundia\u00ed;<br>III. Promover o uso do PMMAC no desenvolvimento urbano;<br>IV. Conciliar o PMMAC com o desenvolvimento sustent\u00e1vel;<br>V. Conhecer e comunicar a Mata Atl\u00e2ntica e o Cerrado de Jundia\u00ed; e<br>VI. Ajustar o desenvolvimento institucional ao PMMAC.<\/p>\n\n\n\n<p>Nesta fase foram estudados e propostos a implanta\u00e7\u00e3o de corredores ecol\u00f3gicos municipal e regional, interligando os remanescentes com outros munic\u00edpios, al\u00e9m da elabora\u00e7\u00e3o de 12 mapas tem\u00e1ticos. <br>Todo o conte\u00fado do progn\u00f3stico pode ser consultado em:&nbsp;<\/p>\n\n\n\n<p><a rel=\"noreferrer noopener\" href=\"https:\/\/jundiai.sp.gov.br\/planejamento-e-meio-ambiente\/wp-content\/uploads\/sites\/15\/2023\/04\/prognostico-pmmac_r01-parte-1-1.pdf\" target=\"_blank\">Progn\u00f3stico \u2013 Parte 1<\/a><br><a rel=\"noreferrer noopener\" href=\"https:\/\/jundiai.sp.gov.br\/planejamento-e-meio-ambiente\/wp-content\/uploads\/sites\/15\/2023\/04\/prognostico-pmmac_r01-parte-2-3.pdf\" target=\"_blank\">Progn\u00f3stico \u2013 Parte 2<\/a><\/p>\n\n\n\n<ul class=\"wp-block-list\">\n<li><strong>PLANO PARTICIPATIVO<\/strong><\/li>\n<\/ul>\n\n\n\n<p>Entende-se que a participa\u00e7\u00e3o da sociedade civil na constru\u00e7\u00e3o dos Planos Municipais fortalece as  propostas e as decis\u00f5es do Poder P\u00fablico sobre a gest\u00e3o no territ\u00f3rio. O processo participativo permite o compartilhamento de saberes e ideias e a constru\u00e7\u00e3o coletiva de um documento de planejamento que permite a vis\u00e3o de um cen\u00e1rio na qual o \u00eaxito das a\u00e7\u00f5es projetadas est\u00e1 de fato consorciado com o contexto dos atores sociais envolvidos.<\/p>\n\n\n\n<p>As atividades participativas ocorreram das seguintes formas:<\/p>\n\n\n\n<p><strong>Oficina Participativa<\/strong><\/p>\n\n\n\n<p><strong>Local:<\/strong> Ambiente virtual \u2013 protocolo adotado para evitar a dissemina\u00e7\u00e3o do Covid -19;<br><strong>Data:<\/strong> 05 de mar\u00e7o de 2022;<br><strong>Objetivo:<\/strong> Identificar as \u00e1reas priorit\u00e1rias para conserva\u00e7\u00e3o e recupera\u00e7\u00e3o dos dois biomas no munic\u00edpio, a partir da percep\u00e7\u00e3o dos participantes.&nbsp;<\/p>\n\n\n\n<p><strong>Consulta P\u00fablica<\/strong><\/p>\n\n\n\n<p>A Consulta P\u00fablica foi mais um meio que visou ampliar a participa\u00e7\u00e3o e o envolvimento social na elabora\u00e7\u00e3o e implementa\u00e7\u00e3o do Plano.&nbsp;&nbsp;<br>Foram disponibilizados, no site da Prefeitura, o diagn\u00f3stico e o progn\u00f3stico para acolhimento das sugest\u00f5es.<\/p>\n\n\n\n<p><\/p>\n\n\n\n<ul class=\"wp-block-list\">\n<li><strong>GRUPO DE TRABALHO<\/strong><\/li>\n<\/ul>\n\n\n\n<p>O Grupo de Trabalho (GT) foi institu\u00eddo por meio do Decreto Municipal n<sup>o<\/sup> 30.949\/2022, sendo composto por 23 membros, tr\u00eas representantes da sociedade civil e 20 do poder p\u00fablico.&nbsp;<\/p>\n\n\n\n<p>O GT ficou incumbido de participar das etapas de elabora\u00e7\u00e3o, discuss\u00e3o e aprova\u00e7\u00e3o do Plano e teve como fun\u00e7\u00e3o principal a de garantir que a constru\u00e7\u00e3o do Plano ocorresse de maneira participativa, transparente e com embasamento t\u00e9cnico.&nbsp;<\/p>\n\n\n\n<ul class=\"wp-block-list\">\n<li><strong>CONSELHO MUNICIPAL DE DEFESA DO MEIO AMBIENTE<\/strong><\/li>\n<\/ul>\n\n\n\n<p>O Conselho teve um papel decisivo na constru\u00e7\u00e3o do Plano, participou ativamente das etapas de elabora\u00e7\u00e3o e, ap\u00f3s a inclus\u00e3o das suas sugest\u00f5es e recomenda\u00e7\u00f5es no conte\u00fado do Plano, este foi aprovado, conforme estabelece o Decreto Federal n\u00ba 6.660\/2008.<\/p>\n\n\n\n<ul class=\"wp-block-list\">\n<li><strong>MATERIAL CONSULTADO<\/strong><\/li>\n<\/ul>\n\n\n\n<p>O Plano Municipal de Conserva\u00e7\u00e3o e Recupera\u00e7\u00e3o est\u00e1 previsto na Lei Federal n<sup>o<\/sup>&nbsp;11.428, de 22 de dezembro de 2006, que disp\u00f5e sobre a utiliza\u00e7\u00e3o e prote\u00e7\u00e3o da vegeta\u00e7\u00e3o nativa do Bioma Mata Atl\u00e2ntica, em seu artigo 38, sendo regulamentada pelo Decreto Federal n<sup>o<\/sup>&nbsp;6.660, de 21 de novembro de 2008, que estabelece o conte\u00fado m\u00ednimo necess\u00e1rio que dever\u00e1 compor o Plano.&nbsp;<\/p>\n\n\n\n<p>O Roteiro para elabora\u00e7\u00e3o e implementa\u00e7\u00e3o dos Planos Municipais de Conserva\u00e7\u00e3o e Recupera\u00e7\u00e3o (2017) \u00e9 uma publica\u00e7\u00e3o de autoria do Minist\u00e9rio do Meio Ambiente que visa contribuir com a dissemina\u00e7\u00e3o e embasamento t\u00e9cnico para elabora\u00e7\u00e3o dos Planos.&nbsp;<\/p>\n\n\n\n<ul class=\"wp-block-list\">\n<li><a href=\"https:\/\/jundiai.sp.gov.br\/planejamento-e-meio-ambiente\/wp-content\/uploads\/sites\/15\/2022\/01\/lei-federal-no-11-428_2006-1-1.pdf\">Lei Federal n<sup>o<\/sup> 11.428\/2006<\/a> (Lei da Mata Atl\u00e2ntica) <\/li>\n\n\n\n<li><a href=\"https:\/\/jundiai.sp.gov.br\/planejamento-e-meio-ambiente\/wp-content\/uploads\/sites\/15\/2022\/01\/decreto-federal-no-6-660_2008-1.pdf\">Decreto Federal n<sup>o<\/sup> 6.660\/2008 <\/a><\/li>\n\n\n\n<li><a href=\"https:\/\/jundiai.sp.gov.br\/planejamento-e-meio-ambiente\/wp-content\/uploads\/sites\/15\/2022\/01\/lei-estadual-no-13-550_2009.pdf\">Lei Estadual n<sup>o<\/sup> 13.550\/2009 <\/a>(Lei do Cerrado) <\/li>\n\n\n\n<li><a href=\"https:\/\/jundiai.sp.gov.br\/planejamento-e-meio-ambiente\/wp-content\/uploads\/sites\/15\/2022\/01\/roteiro-elaboracao-pmmac-2.pdf\">O Roteiro para elabora\u00e7\u00e3o e implementa\u00e7\u00e3o dos Planos Municipais de Conserva\u00e7\u00e3o e Recupera\u00e7\u00e3o <\/a><\/li>\n<\/ul>\n\n\n\n<p><strong>Not\u00edcias<\/strong><\/p>\n\n\n\n<ul class=\"wp-block-list\">\n<li><a href=\"https:\/\/jundiai.sp.gov.br\/noticias\/2022\/04\/02\/apresentacao-do-prognostico-do-plano-da-mata-atlantica-e-cerrado-e-nesta-terca-feira-5\/\">Apresenta\u00e7\u00e3o do progn\u00f3stico do Plano da Mata Atl\u00e2ntica e Cerrado \u00e9 nesta ter\u00e7a-feira (5)<\/a><\/li>\n\n\n\n<li><a href=\"https:\/\/jundiai.sp.gov.br\/noticias\/2022\/03\/07\/oficina-participativa-trata-do-plano-da-mata-atlantica-e-do-cerrado\/\">Oficina Participativa trata do Plano da Mata Atl\u00e2ntica e do Cerrado<\/a><\/li>\n\n\n\n<li><a rel=\"noreferrer noopener\" href=\"https:\/\/jundiai.sp.gov.br\/noticias\/2022\/03\/03\/oficina-participativa-do-plano-da-mata-atlantica-e-cerrado-e-neste-sabado-5\/\" target=\"_blank\">Oficina Participativa do Plano da Mata Atl\u00e2ntica e Cerrado \u00e9 neste s\u00e1bado (5)<\/a><\/li>\n\n\n\n<li><a rel=\"noreferrer noopener\" href=\"https:\/\/jundiai.sp.gov.br\/noticias\/2022\/02\/16\/plano-da-mata-atlantica-e-cerrado-promove-oficina-participativa-em-marco\/\" target=\"_blank\">Plano da Mata Atl\u00e2ntica e Cerrado promove Oficina Participativa em mar\u00e7o<\/a><\/li>\n\n\n\n<li><a rel=\"noreferrer noopener\" href=\"https:\/\/jundiai.sp.gov.br\/noticias\/2022\/02\/07\/diagnostico-do-plano-da-mata-atlantica-e-cerrado-esta-disponivel-para-consulta-da-populacao\/\" target=\"_blank\">Diagn\u00f3stico do Plano da Mata Atl\u00e2ntica e Cerrado est\u00e1 dispon\u00edvel para consulta da popula\u00e7\u00e3o<\/a><\/li>\n\n\n\n<li><a rel=\"noreferrer noopener\" href=\"https:\/\/jundiai.sp.gov.br\/noticias\/2021\/12\/03\/plano-de-conservacao-da-mata-atlantica-e-cerrado-segue-com-reunioes\/\" target=\"_blank\">Plano de Conserva\u00e7\u00e3o da Mata Atl\u00e2ntica e Cerrado segue com reuni\u00f5es<\/a><\/li>\n\n\n\n<li><a rel=\"noreferrer noopener\" href=\"https:\/\/jundiai.sp.gov.br\/noticias\/2021\/10\/14\/plano-da-mata-atlantica-e-cerrado-grupo-de-trabalho-inicia-a-discussao-sobre-o-tema\/\" target=\"_blank\">Plano da Mata Atl\u00e2ntica e Cerrado: Grupo de Trabalho inicia a discuss\u00e3o sobre o tema<\/a><\/li>\n\n\n\n<li><a rel=\"noreferrer noopener\" href=\"https:\/\/jundiai.sp.gov.br\/noticias\/2021\/09\/12\/plano-da-mata-atlantica-e-cerrado-e-apresentado-ao-comdema\/\" target=\"_blank\">Plano da Mata Atl\u00e2ntica e Cerrado \u00e9 apresentado ao Comdema<\/a><\/li>\n\n\n\n<li><a rel=\"noreferrer noopener\" href=\"https:\/\/jundiai.sp.gov.br\/noticias\/2021\/08\/31\/jundiai-elabora-plano-de-conservacao-da-mata-atlantica-e-cerrado\/\" target=\"_blank\">Jundia\u00ed elabora Plano de Conserva\u00e7\u00e3o da Mata Atl\u00e2ntica e Cerrado<\/a><\/li>\n<\/ul>\n","protected":false},"excerpt":{"rendered":"<p>O Plano Municipal de Conserva\u00e7\u00e3o e Recupera\u00e7\u00e3o da Mata Atl\u00e2ntica (PMMA)&nbsp;\u00e9 um instrumento legal, estabelecido dentro da Lei da Mata Atl\u00e2ntica (Lei Federal no&nbsp;11.428\/2006, regulamentada pelo Decreto Federal no 6.660\/2008) que fortalece o papel do munic\u00edpio em atuar, proativamente, na defesa, conserva\u00e7\u00e3o e restaura\u00e7\u00e3o da vegeta\u00e7\u00e3o nativa presente em seu territ\u00f3rio. Al\u00e9m da Mata Atl\u00e2ntica, [&hellip;]<\/p>\n","protected":false},"author":69,"featured_media":0,"parent":0,"menu_order":0,"comment_status":"closed","ping_status":"closed","template":"","meta":{"footnotes":""},"class_list":["post-5539","page","type-page","status-publish","hentry"],"_links":{"self":[{"href":"https:\/\/jundiai.sp.gov.br\/planejamento-e-meio-ambiente\/wp-json\/wp\/v2\/pages\/5539","targetHints":{"allow":["GET"]}}],"collection":[{"href":"https:\/\/jundiai.sp.gov.br\/planejamento-e-meio-ambiente\/wp-json\/wp\/v2\/pages"}],"about":[{"href":"https:\/\/jundiai.sp.gov.br\/planejamento-e-meio-ambiente\/wp-json\/wp\/v2\/types\/page"}],"author":[{"embeddable":true,"href":"https:\/\/jundiai.sp.gov.br\/planejamento-e-meio-ambiente\/wp-json\/wp\/v2\/users\/69"}],"replies":[{"embeddable":true,"href":"https:\/\/jundiai.sp.gov.br\/planejamento-e-meio-ambiente\/wp-json\/wp\/v2\/comments?post=5539"}],"version-history":[{"count":36,"href":"https:\/\/jundiai.sp.gov.br\/planejamento-e-meio-ambiente\/wp-json\/wp\/v2\/pages\/5539\/revisions"}],"predecessor-version":[{"id":6591,"href":"https:\/\/jundiai.sp.gov.br\/planejamento-e-meio-ambiente\/wp-json\/wp\/v2\/pages\/5539\/revisions\/6591"}],"wp:attachment":[{"href":"https:\/\/jundiai.sp.gov.br\/planejamento-e-meio-ambiente\/wp-json\/wp\/v2\/media?parent=5539"}],"curies":[{"name":"wp","href":"https:\/\/api.w.org\/{rel}","templated":true}]}}