{"id":558,"date":"2014-09-02T18:21:51","date_gmt":"2014-09-02T21:21:51","guid":{"rendered":"https:\/\/jundiai.sp.gov.br\/planejamento-e-meio-ambiente\/?page_id=558"},"modified":"2020-01-20T15:10:40","modified_gmt":"2020-01-20T17:10:40","slug":"leis-revogadas","status":"publish","type":"page","link":"https:\/\/jundiai.sp.gov.br\/planejamento-e-meio-ambiente\/legislacao\/leis-revogadas\/","title":{"rendered":"Leis Revogadas"},"content":{"rendered":"<p><strong>Aten\u00e7\u00e3o:<\/strong> Esta p\u00e1gina cont\u00e9m legisla\u00e7\u00e3o j\u00e1 revogada, servindo de base apenas para consultas.<\/p>\n<p><strong>Plano Diretor &#8211; Revogado<br \/>\n<\/strong>Lei n\u00ba 8.683\/2016<strong><br \/>\n<\/strong><a href=\"https:\/\/planodiretor.jundiai.sp.gov.br\/lei-8683-2016\/\">Lei Completa &#8211; texto e anexos<\/a><\/p>\n<p>Lei Complementar n\u00ba 415\/04 (Plano Diretor anterior) &#8211; Revogado<br \/>\n<a href=\"https:\/\/jundiai.sp.gov.br\/planejamento-e-meio-ambiente\/wp-content\/uploads\/sites\/15\/2014\/09\/Lei-Complementar-n\u00ba41504.zip\">Lei Completa &#8211; texto e anexos.<\/a><\/p>\n<p><strong>Zoneamento &#8211; Revogado<\/strong><br \/>\n<a href=\"https:\/\/jundiai.sp.gov.br\/planejamento-e-meio-ambiente\/zoneamento-revogado\/\" target=\"_blank\" rel=\"noopener noreferrer\">Entenda a Lei de Zoneamento e suas altera\u00e7\u00f5es<\/a><\/p>\n<hr \/>\n<p>Lei complementar n\u00ba\u00a0416\/04 (Zoneamento Anterior) &#8211; Revogada<br \/>\n<a href=\"https:\/\/jundiai.sp.gov.br\/planejamento-e-meio-ambiente\/wp-content\/uploads\/sites\/15\/2014\/09\/Lei-complementar-n\u00ba-41604.zip\">Lei completa &#8211; texto, tabelas e mapa<\/a><\/p>\n<p>Lei complementar n\u00ba 444\/07 (Revisa a lei n\u00ba 416\/04) &#8211; Revogada<br \/>\n<a href=\"https:\/\/jundiai.sp.gov.br\/planejamento-e-meio-ambiente\/wp-content\/uploads\/sites\/15\/2014\/09\/Lei-complementar-n\u00ba-44407.zip\">Lei completa &#8211; texto, tabelas e mapa<\/a><\/p>\n<p>Lei complementar n\u00ba 448\/07 (Altera as leis n\u00ba 416\/04 e n\u00ba 444\/07) &#8211; Revogada<br \/>\n<a href=\"https:\/\/jundiai.sp.gov.br\/planejamento-e-meio-ambiente\/wp-content\/uploads\/sites\/15\/2014\/09\/Lei-complementar-n\u00ba-44807.zip\">Lei completa &#8211; texto e tabelas<\/a><\/p>\n<p>Lei complementar n\u00ba 456\/08 (Muda setoriza\u00e7\u00e3o de \u00e1rea) &#8211; Revogada<br \/>\nSuspensa, por inconstitucional (Decreto Legislativo n\u00ba 1.283 de 01\/12\/2009).<\/p>\n<p>Zoneamento \u2013 Compila\u00e7\u00e3o das LC n\u00ba 416\/04, n\u00ba 444\/07 e n\u00ba 448\/07 &#8211; Revogada<br \/>\n<a href=\"https:\/\/jundiai.sp.gov.br\/planejamento-e-meio-ambiente\/wp-content\/uploads\/sites\/15\/2014\/09\/Zoneamento-\u2013-Compila\u00e7\u00e3o-das-LC-41604-44407-e-44807.zip\">Compila\u00e7\u00e3o &#8211; texto, tabelas e mapa<\/a><\/p>\n<p>Lei n\u00ba 7.503\/10 (Zoneamento Anterior) &#8211; Revogada<br \/>\n<a href=\"https:\/\/jundiai.sp.gov.br\/planejamento-e-meio-ambiente\/wp-content\/uploads\/sites\/15\/2014\/09\/Lei-n\u00b0-7.503-10-Lei.pdf\">Lei &#8211; texto e anexos<\/a><br \/>\n<a href=\"https:\/\/jundiai.sp.gov.br\/planejamento-e-meio-ambiente\/wp-content\/uploads\/sites\/15\/2014\/09\/Lei-n\u00b0-7.503-10-Mapa.pdf\">Mapa<\/a><\/p>\n<p>Lei n\u00b0 7.741\/11 (zoneamento vigente at\u00e9 17\/07\/12) &#8211; Revogada<br \/>\n<a href=\"https:\/\/jundiai.sp.gov.br\/planejamento-e-meio-ambiente\/wp-content\/uploads\/sites\/15\/2014\/09\/Lei-n\u00b0-7.741-11-Lei.pdf\">Lei &#8211; texto e anexos &#8211; altera Lei 7.503\/10<\/a><br \/>\n<a href=\"https:\/\/jundiai.sp.gov.br\/planejamento-e-meio-ambiente\/wp-content\/uploads\/sites\/15\/2014\/09\/Lei-n\u00b0-7.741-11-Mapa.pdf\">Mapa &#8211; substitui mapa da Lei 7.503\/10<\/a><\/p>\n<p>Lei n\u00b0 7.503\/10 + altera\u00e7\u00f5es da Lei n\u00ba 7.741\/11 (Compila\u00e7\u00e3o) &#8211; Revogada<br \/>\n<a href=\"https:\/\/jundiai.sp.gov.br\/planejamento-e-meio-ambiente\/wp-content\/uploads\/sites\/15\/2014\/09\/Lei-n\u00b0-7.503-10-+-altera\u00e7\u00f5es-da-Lei-7.741-11-Lei.pdf\">Compila\u00e7\u00e3o &#8211; texto e anexos<\/a><br \/>\n<a href=\"https:\/\/jundiai.sp.gov.br\/planejamento-e-meio-ambiente\/wp-content\/uploads\/sites\/15\/2014\/09\/Lei-n\u00b0-7.503-10-+-altera\u00e7\u00f5es-da-Lei-7.741-11-Mapa.pdf\">Mapa &#8211; Lei n\u00ba 7.741\/11<\/a><\/p>\n<p><a href=\"https:\/\/jundiai.sp.gov.br\/planejamento-e-meio-ambiente\/wp-content\/uploads\/sites\/15\/2014\/08\/Prefeitura-de-Jundia\u00ed-Plano-Diretor-Lei-7857-12.zip\" target=\"_blank\" rel=\"noopener noreferrer\">Lei n\u00ba 7.857\/12<\/a><br \/>\nPlano Diretor\u00a0Anterior &#8211; Revogada<\/p>\n<p><a href=\"https:\/\/jundiai.sp.gov.br\/planejamento-e-meio-ambiente\/wp-content\/uploads\/sites\/15\/2015\/06\/Prefeitura-de-Jundia\u00ed-Zoneamento-Lei-7858-12_Alt-Lei-8220-14.zip\" target=\"_blank\" rel=\"noopener noreferrer\">Lei n\u00ba 7.858\/12 (com altera\u00e7\u00f5es da\u00a0Lei 8.220\/14)<\/a><br \/>\nZoneamento Anterior &#8211; Revogada<\/p>\n<hr \/>\n<p><strong>Decretos &#8211; Revogados<\/strong><\/p>\n<p><a href=\"https:\/\/jundiai.sp.gov.br\/planejamento-e-meio-ambiente\/wp-content\/uploads\/sites\/15\/2014\/09\/Decreto-n\u00b0-20.025-05.pdf\">Decreto n\u00b0 20.025\/05<\/a> (Recuos e Atividades)<\/p>\n<p><a href=\"https:\/\/jundiai.sp.gov.br\/planejamento-e-meio-ambiente\/wp-content\/uploads\/sites\/15\/2014\/09\/Decreto-n\u00b0-20.306-06.pdf\">Decreto n\u00b0 20.306\/06<\/a> (Vilas Rurais)<\/p>\n<p><a href=\"https:\/\/jundiai.sp.gov.br\/planejamento-e-meio-ambiente\/wp-content\/uploads\/sites\/15\/2014\/09\/Decreto-n\u00b0-20.345-06.pdf\">Decreto n\u00b0 20.345\/06<\/a> (Diretriz de Gleba)<\/p>\n<p><a href=\"https:\/\/jundiai.sp.gov.br\/planejamento-e-meio-ambiente\/wp-content\/uploads\/sites\/15\/2014\/09\/Decreto-n\u00b0-20.441-06.pdf\">Decreto n\u00b0 20.441\/06<\/a> (Altera Decreto n\u00b0 20.306\/06)<\/p>\n<p><a href=\"https:\/\/jundiai.sp.gov.br\/planejamento-e-meio-ambiente\/diretrizes-viarias\/\" target=\"_blank\" rel=\"noopener noreferrer\">Decreto n\u00ba 20.480\/06<\/a>\u00a0(Diretrizes Vi\u00e1rias)<\/p>\n<p><a href=\"https:\/\/jundiai.sp.gov.br\/planejamento-e-meio-ambiente\/wp-content\/uploads\/sites\/15\/2014\/09\/Decreto-n\u00b0-21.408-08.pdf\">Decreto n\u00b0 21.408\/08<\/a> (Altera Decreto n\u00b0 20.306\/06)<\/p>\n<p><a href=\"https:\/\/jundiai.sp.gov.br\/planejamento-e-meio-ambiente\/wp-content\/uploads\/sites\/15\/2014\/09\/Decreto-n\u00b0-22.281-10.pdf\">Decreto n\u00b0 22.281\/10<\/a> (Altera Decreto n\u00b0 20.025\/05)<\/p>\n","protected":false},"excerpt":{"rendered":"<p>Aten\u00e7\u00e3o: Esta p\u00e1gina cont\u00e9m legisla\u00e7\u00e3o j\u00e1 revogada, servindo de base apenas para consultas. Plano Diretor &#8211; Revogado Lei n\u00ba 8.683\/2016 Lei Completa &#8211; texto e anexos Lei Complementar n\u00ba 415\/04 (Plano Diretor anterior) &#8211; Revogado Lei Completa &#8211; texto e anexos. Zoneamento &#8211; Revogado Entenda a Lei de Zoneamento e suas altera\u00e7\u00f5es Lei complementar n\u00ba\u00a0416\/04 [&hellip;]<\/p>\n","protected":false},"author":5,"featured_media":0,"parent":82,"menu_order":0,"comment_status":"closed","ping_status":"closed","template":"","meta":{"footnotes":""},"class_list":["post-558","page","type-page","status-publish","hentry"],"_links":{"self":[{"href":"https:\/\/jundiai.sp.gov.br\/planejamento-e-meio-ambiente\/wp-json\/wp\/v2\/pages\/558","targetHints":{"allow":["GET"]}}],"collection":[{"href":"https:\/\/jundiai.sp.gov.br\/planejamento-e-meio-ambiente\/wp-json\/wp\/v2\/pages"}],"about":[{"href":"https:\/\/jundiai.sp.gov.br\/planejamento-e-meio-ambiente\/wp-json\/wp\/v2\/types\/page"}],"author":[{"embeddable":true,"href":"https:\/\/jundiai.sp.gov.br\/planejamento-e-meio-ambiente\/wp-json\/wp\/v2\/users\/5"}],"replies":[{"embeddable":true,"href":"https:\/\/jundiai.sp.gov.br\/planejamento-e-meio-ambiente\/wp-json\/wp\/v2\/comments?post=558"}],"version-history":[{"count":23,"href":"https:\/\/jundiai.sp.gov.br\/planejamento-e-meio-ambiente\/wp-json\/wp\/v2\/pages\/558\/revisions"}],"predecessor-version":[{"id":4023,"href":"https:\/\/jundiai.sp.gov.br\/planejamento-e-meio-ambiente\/wp-json\/wp\/v2\/pages\/558\/revisions\/4023"}],"up":[{"embeddable":true,"href":"https:\/\/jundiai.sp.gov.br\/planejamento-e-meio-ambiente\/wp-json\/wp\/v2\/pages\/82"}],"wp:attachment":[{"href":"https:\/\/jundiai.sp.gov.br\/planejamento-e-meio-ambiente\/wp-json\/wp\/v2\/media?parent=558"}],"curies":[{"name":"wp","href":"https:\/\/api.w.org\/{rel}","templated":true}]}}