{"id":5775,"date":"2022-05-16T14:32:44","date_gmt":"2022-05-16T17:32:44","guid":{"rendered":"https:\/\/jundiai.sp.gov.br\/planejamento-e-meio-ambiente\/?page_id=5775"},"modified":"2022-05-18T10:19:05","modified_gmt":"2022-05-18T13:19:05","slug":"2020-2","status":"publish","type":"page","link":"https:\/\/jundiai.sp.gov.br\/planejamento-e-meio-ambiente\/2020-2\/","title":{"rendered":"2020"},"content":{"rendered":"\n<h2 class=\"wp-block-heading\">Ata de Reuni\u00e3o <\/h2>\n\n\n\n<p><a href=\"https:\/\/jundiai.sp.gov.br\/planejamento-e-meio-ambiente\/wp-content\/uploads\/sites\/15\/2022\/05\/ata_2020_03_21.pdf\">Ata da Reuni\u00e3o da C\u00e2mara T\u00e9cnica de Participa\u00e7\u00e3o Regional &#8211; 21\/03\/2020<\/a><\/p>\n\n\n\n<p><a href=\"https:\/\/jundiai.sp.gov.br\/planejamento-e-meio-ambiente\/wp-content\/uploads\/sites\/15\/2022\/05\/ata_2020_03_30.pdf\">Ata da 1\u00aa Reuni\u00e3o Extraordin\u00e1ria &#8211; 30\/03\/2020<\/a><\/p>\n\n\n\n<p><a href=\"https:\/\/jundiai.sp.gov.br\/planejamento-e-meio-ambiente\/wp-content\/uploads\/sites\/15\/2022\/05\/ata_2020_04_27.pdf\">Ata da 2\u00aa Reuni\u00e3o Extraordin\u00e1ria &#8211; 27\/04\/2020<\/a><\/p>\n\n\n\n<p><a href=\"https:\/\/jundiai.sp.gov.br\/planejamento-e-meio-ambiente\/wp-content\/uploads\/sites\/15\/2022\/05\/ata_2020_06_08.pdf\">Ata da 3\u00aa Reuni\u00e3o Extraordin\u00e1ria &#8211; 08\/06\/2020<\/a><\/p>\n\n\n\n<p><a href=\"https:\/\/jundiai.sp.gov.br\/planejamento-e-meio-ambiente\/wp-content\/uploads\/sites\/15\/2022\/05\/ata_2020_01_30.pdf\">Ata da 4\u00aa Reuni\u00e3o Ordin\u00e1ria &#8211; 30\/01\/2020<\/a><\/p>\n\n\n\n<p><a href=\"https:\/\/jundiai.sp.gov.br\/planejamento-e-meio-ambiente\/wp-content\/uploads\/sites\/15\/2022\/05\/ata_2020_06_15.pdf\">Ata da 4\u00aa Reuni\u00e3o Extraordin\u00e1ria &#8211; 15\/06\/2020<\/a><\/p>\n\n\n\n<p><a href=\"https:\/\/jundiai.sp.gov.br\/planejamento-e-meio-ambiente\/wp-content\/uploads\/sites\/15\/2022\/05\/ata_2020_07_27.pdf\">Ata da 5\u00aa Reuni\u00e3o Extraordin\u00e1ria &#8211; 27\/06\/2020<\/a><\/p>\n\n\n\n<p><a href=\"https:\/\/jundiai.sp.gov.br\/planejamento-e-meio-ambiente\/wp-content\/uploads\/sites\/15\/2022\/05\/ata_2020_11_23.pdf\">Ata da 6\u00aa Reuni\u00e3o Extraordin\u00e1ria &#8211; 23\/11\/2020<\/a><\/p>\n\n\n\n<p><\/p>\n\n\n\n<h2 class=\"wp-block-heading\">Parecer da C\u00e2mara T\u00e9cnica de An\u00e1lise da Legisla\u00e7\u00e3o Urban\u00edstica <\/h2>\n\n\n\n<p><a href=\"https:\/\/jundiai.sp.gov.br\/planejamento-e-meio-ambiente\/wp-content\/uploads\/sites\/15\/2022\/05\/parecer-ctalu_2020-03-22_altura-x-pav-1.pdf\">An\u00e1lise do conflito entre altura das edifica\u00e7\u00f5es e n\u00famero de pavimentos<\/a><\/p>\n\n\n\n<p><a href=\"https:\/\/jundiai.sp.gov.br\/planejamento-e-meio-ambiente\/wp-content\/uploads\/sites\/15\/2022\/05\/parecer-ctalu_2020-04-05_codigo-de-obras.pdf\">Proposta de Altera\u00e7\u00e3o do C\u00f3digo de Obras<\/a><\/p>\n\n\n\n<p><a href=\"https:\/\/jundiai.sp.gov.br\/planejamento-e-meio-ambiente\/wp-content\/uploads\/sites\/15\/2022\/05\/parecer-ctalu_2020-07-14_vagas.pdf\">Equival\u00eancia entre Usos: Culto e Escola Infantil<\/a><\/p>\n\n\n\n<p><a href=\"https:\/\/jundiai.sp.gov.br\/planejamento-e-meio-ambiente\/wp-content\/uploads\/sites\/15\/2022\/05\/parecer-ctalu_2020-07-06_marquises.pdf\">An\u00e1lise de Artigo 261 da Lei 9.321\/2019<\/a> <\/p>\n\n\n\n<p><a href=\"https:\/\/jundiai.sp.gov.br\/planejamento-e-meio-ambiente\/wp-content\/uploads\/sites\/15\/2022\/05\/parecer-ctalu_2020-06-03_lotes-zca.pdf\">Par\u00e2metros para uso do Artigo 290 da Lei 9.321\/2019<\/a><\/p>\n\n\n\n<p><a href=\"https:\/\/jundiai.sp.gov.br\/planejamento-e-meio-ambiente\/wp-content\/uploads\/sites\/15\/2022\/05\/parecer-ctalu_2020-07-23_art289-his.pdf\">Regulamenta\u00e7\u00e3o de procedimentos para Habita\u00e7\u00e3o de Interesse Social<\/a><\/p>\n\n\n\n<p><a href=\"https:\/\/jundiai.sp.gov.br\/planejamento-e-meio-ambiente\/wp-content\/uploads\/sites\/15\/2022\/05\/parecer-ctalu_2020-11-17_art262.pdf\">Ponto de refer\u00eancia do perfil natural do terreno <\/a><\/p>\n\n\n\n<p><a href=\"https:\/\/jundiai.sp.gov.br\/planejamento-e-meio-ambiente\/wp-content\/uploads\/sites\/15\/2022\/05\/parecer-ctalu_2020-11-17_ocupac%cc%a7a%cc%83o-do-passeio-3.pdf\">Decreto municipal que regulamenta os procedimentos administrativos<\/a><\/p>\n\n\n\n<p><\/p>\n\n\n\n<p><\/p>\n\n\n\n<p><\/p>\n\n\n\n<p><\/p>\n","protected":false},"excerpt":{"rendered":"<p>Ata de Reuni\u00e3o Ata da Reuni\u00e3o da C\u00e2mara T\u00e9cnica de Participa\u00e7\u00e3o Regional &#8211; 21\/03\/2020 Ata da 1\u00aa Reuni\u00e3o Extraordin\u00e1ria &#8211; 30\/03\/2020 Ata da 2\u00aa Reuni\u00e3o Extraordin\u00e1ria &#8211; 27\/04\/2020 Ata da 3\u00aa Reuni\u00e3o Extraordin\u00e1ria &#8211; 08\/06\/2020 Ata da 4\u00aa Reuni\u00e3o Ordin\u00e1ria &#8211; 30\/01\/2020 Ata da 4\u00aa Reuni\u00e3o Extraordin\u00e1ria &#8211; 15\/06\/2020 Ata da 5\u00aa Reuni\u00e3o Extraordin\u00e1ria &#8211; [&hellip;]<\/p>\n","protected":false},"author":69,"featured_media":0,"parent":0,"menu_order":0,"comment_status":"closed","ping_status":"closed","template":"","meta":{"footnotes":""},"class_list":["post-5775","page","type-page","status-publish","hentry"],"_links":{"self":[{"href":"https:\/\/jundiai.sp.gov.br\/planejamento-e-meio-ambiente\/wp-json\/wp\/v2\/pages\/5775","targetHints":{"allow":["GET"]}}],"collection":[{"href":"https:\/\/jundiai.sp.gov.br\/planejamento-e-meio-ambiente\/wp-json\/wp\/v2\/pages"}],"about":[{"href":"https:\/\/jundiai.sp.gov.br\/planejamento-e-meio-ambiente\/wp-json\/wp\/v2\/types\/page"}],"author":[{"embeddable":true,"href":"https:\/\/jundiai.sp.gov.br\/planejamento-e-meio-ambiente\/wp-json\/wp\/v2\/users\/69"}],"replies":[{"embeddable":true,"href":"https:\/\/jundiai.sp.gov.br\/planejamento-e-meio-ambiente\/wp-json\/wp\/v2\/comments?post=5775"}],"version-history":[{"count":5,"href":"https:\/\/jundiai.sp.gov.br\/planejamento-e-meio-ambiente\/wp-json\/wp\/v2\/pages\/5775\/revisions"}],"predecessor-version":[{"id":5883,"href":"https:\/\/jundiai.sp.gov.br\/planejamento-e-meio-ambiente\/wp-json\/wp\/v2\/pages\/5775\/revisions\/5883"}],"wp:attachment":[{"href":"https:\/\/jundiai.sp.gov.br\/planejamento-e-meio-ambiente\/wp-json\/wp\/v2\/media?parent=5775"}],"curies":[{"name":"wp","href":"https:\/\/api.w.org\/{rel}","templated":true}]}}