{"id":5801,"date":"2022-05-16T16:09:00","date_gmt":"2022-05-16T19:09:00","guid":{"rendered":"https:\/\/jundiai.sp.gov.br\/planejamento-e-meio-ambiente\/?page_id=5801"},"modified":"2022-05-16T16:11:38","modified_gmt":"2022-05-16T19:11:38","slug":"2021-4","status":"publish","type":"page","link":"https:\/\/jundiai.sp.gov.br\/planejamento-e-meio-ambiente\/2021-4\/","title":{"rendered":"2021"},"content":{"rendered":"\n<h2 class=\"wp-block-heading\">Atas das Reuni\u00f5es <\/h2>\n\n\n\n<p><a href=\"https:\/\/jundiai.sp.gov.br\/planejamento-e-meio-ambiente\/wp-content\/uploads\/sites\/15\/2022\/05\/ata_2021-01-28.pdf\">Ata da 7\u00aa Reuni\u00e3o Extraordin\u00e1ria &#8211; 28\/01\/2021<\/a><\/p>\n\n\n\n<p><a href=\"https:\/\/jundiai.sp.gov.br\/planejamento-e-meio-ambiente\/wp-content\/uploads\/sites\/15\/2022\/05\/ata_2021-02-25.pdf\">Ata da 8\u00aa Reuni\u00e3o Extraordin\u00e1ria &#8211; 25\/02\/2021<\/a><\/p>\n\n\n\n<p><a href=\"https:\/\/jundiai.sp.gov.br\/planejamento-e-meio-ambiente\/wp-content\/uploads\/sites\/15\/2022\/05\/ata_2021-03-18.pdf\">Ata na 9\u00aa Reuni\u00e3o Extraordin\u00e1ria -18\/03\/2021<\/a><\/p>\n\n\n\n<p><a href=\"https:\/\/jundiai.sp.gov.br\/planejamento-e-meio-ambiente\/wp-content\/uploads\/sites\/15\/2022\/05\/ata_2021-04-08.pdf\">Ata da 10\u00aa Reuni\u00e3o Extraordin\u00e1ria &#8211; 08\/04\/2021<\/a><\/p>\n\n\n\n<p><a href=\"https:\/\/jundiai.sp.gov.br\/planejamento-e-meio-ambiente\/wp-content\/uploads\/sites\/15\/2022\/05\/ata_2021-04-29.pdf\">Ata da 11\u00aa Reuni\u00e3o Extraordin\u00e1ria &#8211; 29\/04\/2021<\/a><\/p>\n\n\n\n<p><a href=\"https:\/\/jundiai.sp.gov.br\/planejamento-e-meio-ambiente\/wp-content\/uploads\/sites\/15\/2022\/05\/ata_2021-05-10.pdf\">Ata da 12\u00aa Reuni\u00e3o Extraordin\u00e1ria &#8211; 10\/05\/2021<\/a><\/p>\n\n\n\n<p><a href=\"https:\/\/jundiai.sp.gov.br\/planejamento-e-meio-ambiente\/wp-content\/uploads\/sites\/15\/2022\/05\/ata_2021-05-27.pdf\">Ata da 13\u00aa Reuni\u00e3o Extraordin\u00e1ria &#8211; 27\/05\/2021<\/a><\/p>\n\n\n\n<p><a href=\"https:\/\/jundiai.sp.gov.br\/planejamento-e-meio-ambiente\/wp-content\/uploads\/sites\/15\/2022\/05\/ata_2021-06-24.pdf\">Ata da 14\u00aa Reuni\u00e3o Extraordin\u00e1ria &#8211; 24\/06\/2021<\/a><\/p>\n\n\n\n<p><a href=\"https:\/\/jundiai.sp.gov.br\/planejamento-e-meio-ambiente\/wp-content\/uploads\/sites\/15\/2022\/05\/ata_2021-07-29.pdf\">Ata da 15\u00aa Reuni\u00e3o Extraordin\u00e1ria &#8211; 29\/07\/2021<\/a><\/p>\n\n\n\n<p><a href=\"https:\/\/jundiai.sp.gov.br\/planejamento-e-meio-ambiente\/wp-content\/uploads\/sites\/15\/2022\/05\/ata_2021-08-26.pdf\">Ata da 16\u00aa Reuni\u00e3o Extraordin\u00e1ria &#8211; 26\/08\/2021<\/a><\/p>\n\n\n\n<p><a href=\"https:\/\/jundiai.sp.gov.br\/planejamento-e-meio-ambiente\/wp-content\/uploads\/sites\/15\/2022\/05\/ata_2021-09-30-1.pdf\">Ata da 17\u00aa Reuni\u00e3o Extraordin\u00e1ria &#8211; 30\/09\/2021<\/a><\/p>\n\n\n\n<p><a href=\"https:\/\/jundiai.sp.gov.br\/planejamento-e-meio-ambiente\/wp-content\/uploads\/sites\/15\/2022\/05\/ata_2021-10-28-1-1.pdf\">Ata da 18\u00aa Reuni\u00e3o Extraordin\u00e1ria &#8211; 28\/10\/2021<\/a><\/p>\n\n\n\n<p><a href=\"https:\/\/jundiai.sp.gov.br\/planejamento-e-meio-ambiente\/wp-content\/uploads\/sites\/15\/2022\/05\/ata_2021-11-25.pdf\">Ata da 19\u00aa Reuni\u00e3o Extraordin\u00e1ria &#8211; 25\/11\/2021<\/a><\/p>\n\n\n\n<p><a href=\"https:\/\/jundiai.sp.gov.br\/planejamento-e-meio-ambiente\/wp-content\/uploads\/sites\/15\/2022\/05\/ata_2021-12-14-1.pdf\">Ata da 20\u00aa Reuni\u00e3o Extraordin\u00e1ria &#8211; 14\/12\/2021<\/a><br><\/p>\n\n\n\n<h2 class=\"wp-block-heading\">Parecer da C\u00e2mara T\u00e9cnica de An\u00e1lise da Legisla\u00e7\u00e3o Urban\u00edstica<\/h2>\n\n\n\n<p><a href=\"https:\/\/jundiai.sp.gov.br\/planejamento-e-meio-ambiente\/wp-content\/uploads\/sites\/15\/2022\/05\/parecer-ctalu_2021-07-27_altura-a-jusante-da-bandeirantes.pdf\">Defini\u00e7\u00e3o da lei 9321\/19 na zona ZQB \u2013 Zona de Qualifica\u00e7\u00e3o de Bairros.<\/a><\/p>\n\n\n\n<p><a href=\"https:\/\/jundiai.sp.gov.br\/planejamento-e-meio-ambiente\/wp-content\/uploads\/sites\/15\/2022\/05\/parecer-ctalu_2021-02-22_densidade-zona-rural.pdf\">An\u00e1lise da Densidade na Zona Rural requerida pela UGPUMA<\/a><\/p>\n\n\n\n<p><a href=\"https:\/\/jundiai.sp.gov.br\/planejamento-e-meio-ambiente\/wp-content\/uploads\/sites\/15\/2022\/05\/parecer-ctalu_2021-05-06_reclassificacao-viaria.pdf\">Reclassifica\u00e7\u00e3o Vi\u00e1ria<\/a><\/p>\n\n\n\n<p><a href=\"https:\/\/jundiai.sp.gov.br\/planejamento-e-meio-ambiente\/wp-content\/uploads\/sites\/15\/2022\/05\/parecer-ctalu_2021-09-28_postos-de-combustiveis.pdf\">Sobre instala\u00e7\u00e3o de Postos de Combust\u00edveis I<\/a><\/p>\n\n\n\n<p><a href=\"https:\/\/jundiai.sp.gov.br\/planejamento-e-meio-ambiente\/wp-content\/uploads\/sites\/15\/2022\/05\/parecer-ctalu_2021-10-25_postos-de-combustiveis2.pdf\">Sobre instala\u00e7\u00e3o de Postos de Combust\u00edveis II<\/a><\/p>\n\n\n\n<p><a href=\"https:\/\/jundiai.sp.gov.br\/planejamento-e-meio-ambiente\/wp-content\/uploads\/sites\/15\/2022\/05\/parecer-ctalu_2021-09-28_vagas-ensino.pdf\">Obrigatoriedade de vagas para Institui\u00e7\u00f5es de Ensino Fundamental<\/a><\/p>\n\n\n\n<p><a href=\"https:\/\/jundiai.sp.gov.br\/planejamento-e-meio-ambiente\/wp-content\/uploads\/sites\/15\/2022\/05\/parecer-ctalu_2021-05-14_recuo.pdf\">Recuo nas edifica\u00e7\u00f5es<\/a><\/p>\n\n\n\n<p><a href=\"https:\/\/jundiai.sp.gov.br\/planejamento-e-meio-ambiente\/wp-content\/uploads\/sites\/15\/2022\/05\/parecer-ctalu_2021-12-09_reclassificacao-jardim-brasil.pdf\">Reclassifica\u00e7\u00e3o de Zoneamento e Sistema Vi\u00e1rio do Jardim Brasil<\/a><\/p>\n\n\n\n<p><\/p>\n\n\n\n<p><\/p>\n\n\n\n<p><\/p>\n","protected":false},"excerpt":{"rendered":"<p>Atas das Reuni\u00f5es Ata da 7\u00aa Reuni\u00e3o Extraordin\u00e1ria &#8211; 28\/01\/2021 Ata da 8\u00aa Reuni\u00e3o Extraordin\u00e1ria &#8211; 25\/02\/2021 Ata na 9\u00aa Reuni\u00e3o Extraordin\u00e1ria -18\/03\/2021 Ata da 10\u00aa Reuni\u00e3o Extraordin\u00e1ria &#8211; 08\/04\/2021 Ata da 11\u00aa Reuni\u00e3o Extraordin\u00e1ria &#8211; 29\/04\/2021 Ata da 12\u00aa Reuni\u00e3o Extraordin\u00e1ria &#8211; 10\/05\/2021 Ata da 13\u00aa Reuni\u00e3o Extraordin\u00e1ria &#8211; 27\/05\/2021 Ata da 14\u00aa Reuni\u00e3o [&hellip;]<\/p>\n","protected":false},"author":69,"featured_media":0,"parent":0,"menu_order":0,"comment_status":"closed","ping_status":"closed","template":"","meta":{"footnotes":""},"class_list":["post-5801","page","type-page","status-publish","hentry"],"_links":{"self":[{"href":"https:\/\/jundiai.sp.gov.br\/planejamento-e-meio-ambiente\/wp-json\/wp\/v2\/pages\/5801","targetHints":{"allow":["GET"]}}],"collection":[{"href":"https:\/\/jundiai.sp.gov.br\/planejamento-e-meio-ambiente\/wp-json\/wp\/v2\/pages"}],"about":[{"href":"https:\/\/jundiai.sp.gov.br\/planejamento-e-meio-ambiente\/wp-json\/wp\/v2\/types\/page"}],"author":[{"embeddable":true,"href":"https:\/\/jundiai.sp.gov.br\/planejamento-e-meio-ambiente\/wp-json\/wp\/v2\/users\/69"}],"replies":[{"embeddable":true,"href":"https:\/\/jundiai.sp.gov.br\/planejamento-e-meio-ambiente\/wp-json\/wp\/v2\/comments?post=5801"}],"version-history":[{"count":2,"href":"https:\/\/jundiai.sp.gov.br\/planejamento-e-meio-ambiente\/wp-json\/wp\/v2\/pages\/5801\/revisions"}],"predecessor-version":[{"id":5829,"href":"https:\/\/jundiai.sp.gov.br\/planejamento-e-meio-ambiente\/wp-json\/wp\/v2\/pages\/5801\/revisions\/5829"}],"wp:attachment":[{"href":"https:\/\/jundiai.sp.gov.br\/planejamento-e-meio-ambiente\/wp-json\/wp\/v2\/media?parent=5801"}],"curies":[{"name":"wp","href":"https:\/\/api.w.org\/{rel}","templated":true}]}}