{"id":5828,"date":"2022-05-16T16:18:49","date_gmt":"2022-05-16T19:18:49","guid":{"rendered":"https:\/\/jundiai.sp.gov.br\/planejamento-e-meio-ambiente\/?page_id=5828"},"modified":"2022-12-14T10:35:20","modified_gmt":"2022-12-14T13:35:20","slug":"2020-3","status":"publish","type":"page","link":"https:\/\/jundiai.sp.gov.br\/planejamento-e-meio-ambiente\/2020-3\/","title":{"rendered":"2022"},"content":{"rendered":"\n<h2 class=\"wp-block-heading\">Atas de Reuni\u00f5es <\/h2>\n\n\n\n<p><a href=\"https:\/\/jundiai.sp.gov.br\/planejamento-e-meio-ambiente\/wp-content\/uploads\/sites\/15\/2022\/05\/ata_2022-01-27.pdf\">Ata da 21\u00aa Reuni\u00e3o Extraordin\u00e1ria &#8211; 27\/01\/2022<\/a><\/p>\n\n\n\n<p><a href=\"https:\/\/jundiai.sp.gov.br\/planejamento-e-meio-ambiente\/wp-content\/uploads\/sites\/15\/2022\/05\/ata_2022-02-10.pdf\">Ata da 22\u00aa Reuni\u00e3o Extraordin\u00e1ria &#8211; 10\/02\/2022<\/a><\/p>\n\n\n\n<p><a href=\"https:\/\/jundiai.sp.gov.br\/planejamento-e-meio-ambiente\/wp-content\/uploads\/sites\/15\/2022\/05\/ata_2022-02-23.pdf\">Ata da 23\u00aa Reuni\u00e3o Extraordin\u00e1ria &#8211; 23\/02\/2022<\/a><\/p>\n\n\n\n<p><a href=\"https:\/\/jundiai.sp.gov.br\/planejamento-e-meio-ambiente\/wp-content\/uploads\/sites\/15\/2022\/05\/ata_2022-03-31.pdf\">Ata da 24\u00aa Reuni\u00e3o Extraordin\u00e1ria &#8211; 31\/03\/2022<\/a><\/p>\n\n\n\n<p><a href=\"https:\/\/jundiai.sp.gov.br\/planejamento-e-meio-ambiente\/wp-content\/uploads\/sites\/15\/2022\/06\/ata_2022-04-28-1.pdf\">Ata da 25\u00aa Reuni\u00e3o Extraordin\u00e1ria &#8211; 28\/04\/2022<\/a><\/p>\n\n\n\n<p><a href=\"https:\/\/jundiai.sp.gov.br\/planejamento-e-meio-ambiente\/wp-content\/uploads\/sites\/15\/2022\/07\/ata_2022-05-26-1.pdf\" target=\"_blank\" rel=\"noreferrer noopener\">Ata da 26\u00aa Reuni\u00e3o Extraordin\u00e1ria &#8211; 26\/05\/2022<\/a><\/p>\n\n\n\n<p><a href=\"https:\/\/jundiai.sp.gov.br\/planejamento-e-meio-ambiente\/wp-content\/uploads\/sites\/15\/2022\/07\/ata_2022-06-30.pdf\">Ata da 27\u00aa Reuni\u00e3o Extraordin\u00e1ria &#8211; 30\/06\/2022<\/a><\/p>\n\n\n\n<p><a href=\"https:\/\/jundiai.sp.gov.br\/planejamento-e-meio-ambiente\/wp-content\/uploads\/sites\/15\/2022\/10\/ata-da-28a-reuniao-extraordinaria-22072022.pdf\">Ata da 28\u00aa Reuni\u00e3o Extraordin\u00e1ria &#8211; 28\/07\/2022<\/a><\/p>\n\n\n\n<p><a href=\"https:\/\/jundiai.sp.gov.br\/planejamento-e-meio-ambiente\/wp-content\/uploads\/sites\/15\/2022\/10\/ata-da-29a-reuniao-extraordinaria-25082022.pdf\">Ata da 29\u00aa Reuni\u00e3o Extraordin\u00e1ria &#8211; 25\/08\/2022<\/a><\/p>\n\n\n\n<p><a href=\"https:\/\/jundiai.sp.gov.br\/planejamento-e-meio-ambiente\/wp-content\/uploads\/sites\/15\/2022\/11\/ata-da-30a-reuniao-extraordinaria-29092022-1.pdf\">Ata da 30\u00aa Reuni\u00e3o Extraordin\u00e1ria &#8211; 29\/09\/2022<\/a><\/p>\n\n\n\n<p><a href=\"https:\/\/jundiai.sp.gov.br\/planejamento-e-meio-ambiente\/wp-content\/uploads\/sites\/15\/2022\/11\/ata-da-31a-reuniao-extraordinaria-27102022.pdf\">Ata da 31\u00aa Reuni\u00e3o Extraordin\u00e1ria &#8211; 29\/09\/2022<\/a><\/p>\n\n\n\n<p><a href=\"https:\/\/jundiai.sp.gov.br\/planejamento-e-meio-ambiente\/wp-content\/uploads\/sites\/15\/2022\/11\/ata-da-31a-reuniao-lista-de-presenca.pdf\">Ata da 31\u00aa Reuni\u00e3o Extraordin\u00e1ria &#8211; Lista de Presen\u00e7a <\/a><\/p>\n\n\n\n<h2 class=\"wp-block-heading\">Parecer da C\u00e2mara T\u00e9cnica de An\u00e1lise da Legisla\u00e7\u00e3o Urban\u00edstica<\/h2>\n\n\n\n<p><a href=\"https:\/\/jundiai.sp.gov.br\/planejamento-e-meio-ambiente\/wp-content\/uploads\/sites\/15\/2022\/05\/parecer-ctalu_2022-02-16_processo-15177-rod-geraldo-dias.pdf\">An\u00e1lise de Empreendimento Vertical na Rod. Vereador Geraldo Dias \u2013 km70<\/a><\/p>\n\n\n\n<p><a href=\"https:\/\/jundiai.sp.gov.br\/planejamento-e-meio-ambiente\/wp-content\/uploads\/sites\/15\/2022\/05\/parecer-ctalu_2022-03-22_lei-fumas.pdf\">Manifesta\u00e7\u00e3o sobre processo Fumas SEI 21.252\/2021<\/a><\/p>\n\n\n\n<p><a href=\"https:\/\/jundiai.sp.gov.br\/planejamento-e-meio-ambiente\/wp-content\/uploads\/sites\/15\/2022\/05\/parecer-ctalu_2022-02-18_processo-duplo-recuo.pdf\">An\u00e1lise de Duplo Recuo Frontal em Loteamentos Residenciais Fechados<\/a><\/p>\n\n\n\n<p><a href=\"https:\/\/jundiai.sp.gov.br\/planejamento-e-meio-ambiente\/wp-content\/uploads\/sites\/15\/2022\/05\/parecer-ctalu_2022-04-20_novo-mundo-e-anexos-1.pdf\">Fechamento do Jardim Novo Mundo<\/a><\/p>\n\n\n\n<p><a href=\"https:\/\/jundiai.sp.gov.br\/planejamento-e-meio-ambiente\/wp-content\/uploads\/sites\/15\/2022\/07\/parecer-ctalu_2022-05-17_fazenda-campo-verde-eta.pdf\">Fazenda Campo Verde &#8211; cess\u00e3o de \u00e1rea para ETA<\/a><\/p>\n\n\n\n<p><a href=\"https:\/\/jundiai.sp.gov.br\/planejamento-e-meio-ambiente\/wp-content\/uploads\/sites\/15\/2022\/07\/parecer-ctalu_2022-05-17_fazenda-campo-verde-lote.pdf\" target=\"_blank\" rel=\"noreferrer noopener\">Fazenda Campo Verde &#8211; vegeta\u00e7\u00e3o no lote (art. 280)<\/a><\/p>\n\n\n\n<p><a href=\"https:\/\/jundiai.sp.gov.br\/planejamento-e-meio-ambiente\/wp-content\/uploads\/sites\/15\/2022\/07\/parecer-ctalu_2022-05-17_fechamento-engordadouro.pdf\" target=\"_blank\" rel=\"noreferrer noopener\">Fechamento de loteamento&nbsp;no Engordadouro<\/a><\/p>\n\n\n\n<p><a href=\"https:\/\/jundiai.sp.gov.br\/planejamento-e-meio-ambiente\/wp-content\/uploads\/sites\/15\/2022\/11\/ocupacao-zrc-art-258.pdf\">Ocupa\u00e7\u00e3o ZRC &#8211; art. 258<\/a><\/p>\n\n\n\n<p><a href=\"https:\/\/jundiai.sp.gov.br\/planejamento-e-meio-ambiente\/wp-content\/uploads\/sites\/15\/2022\/11\/zoneamento-mrs-processo-5404-2022-1.pdf\">Zoneamento MRS &#8211; Processo 5404-2022<\/a><\/p>\n\n\n\n<p><a href=\"https:\/\/jundiai.sp.gov.br\/planejamento-e-meio-ambiente\/wp-content\/uploads\/sites\/15\/2022\/11\/proposta-de-revisao-do-plano-diretor.pdf\">Proposta de Revis\u00e3o do Plano Diretor<\/a><\/p>\n\n\n\n<p> <\/p>\n","protected":false},"excerpt":{"rendered":"<p>Atas de Reuni\u00f5es Ata da 21\u00aa Reuni\u00e3o Extraordin\u00e1ria &#8211; 27\/01\/2022 Ata da 22\u00aa Reuni\u00e3o Extraordin\u00e1ria &#8211; 10\/02\/2022 Ata da 23\u00aa Reuni\u00e3o Extraordin\u00e1ria &#8211; 23\/02\/2022 Ata da 24\u00aa Reuni\u00e3o Extraordin\u00e1ria &#8211; 31\/03\/2022 Ata da 25\u00aa Reuni\u00e3o Extraordin\u00e1ria &#8211; 28\/04\/2022 Ata da 26\u00aa Reuni\u00e3o Extraordin\u00e1ria &#8211; 26\/05\/2022 Ata da 27\u00aa Reuni\u00e3o Extraordin\u00e1ria &#8211; 30\/06\/2022 Ata da 28\u00aa [&hellip;]<\/p>\n","protected":false},"author":69,"featured_media":0,"parent":0,"menu_order":0,"comment_status":"closed","ping_status":"closed","template":"","meta":{"footnotes":""},"class_list":["post-5828","page","type-page","status-publish","hentry"],"_links":{"self":[{"href":"https:\/\/jundiai.sp.gov.br\/planejamento-e-meio-ambiente\/wp-json\/wp\/v2\/pages\/5828","targetHints":{"allow":["GET"]}}],"collection":[{"href":"https:\/\/jundiai.sp.gov.br\/planejamento-e-meio-ambiente\/wp-json\/wp\/v2\/pages"}],"about":[{"href":"https:\/\/jundiai.sp.gov.br\/planejamento-e-meio-ambiente\/wp-json\/wp\/v2\/types\/page"}],"author":[{"embeddable":true,"href":"https:\/\/jundiai.sp.gov.br\/planejamento-e-meio-ambiente\/wp-json\/wp\/v2\/users\/69"}],"replies":[{"embeddable":true,"href":"https:\/\/jundiai.sp.gov.br\/planejamento-e-meio-ambiente\/wp-json\/wp\/v2\/comments?post=5828"}],"version-history":[{"count":10,"href":"https:\/\/jundiai.sp.gov.br\/planejamento-e-meio-ambiente\/wp-json\/wp\/v2\/pages\/5828\/revisions"}],"predecessor-version":[{"id":6370,"href":"https:\/\/jundiai.sp.gov.br\/planejamento-e-meio-ambiente\/wp-json\/wp\/v2\/pages\/5828\/revisions\/6370"}],"wp:attachment":[{"href":"https:\/\/jundiai.sp.gov.br\/planejamento-e-meio-ambiente\/wp-json\/wp\/v2\/media?parent=5828"}],"curies":[{"name":"wp","href":"https:\/\/api.w.org\/{rel}","templated":true}]}}