{"id":5861,"date":"2022-05-18T09:54:27","date_gmt":"2022-05-18T12:54:27","guid":{"rendered":"https:\/\/jundiai.sp.gov.br\/planejamento-e-meio-ambiente\/?page_id=5861"},"modified":"2022-05-18T09:58:28","modified_gmt":"2022-05-18T12:58:28","slug":"atas-e-oficios","status":"publish","type":"page","link":"https:\/\/jundiai.sp.gov.br\/planejamento-e-meio-ambiente\/atas-e-oficios\/","title":{"rendered":"Atas e Of\u00edcios"},"content":{"rendered":"\n<ul class=\"wp-block-list\"><li><a href=\"https:\/\/jundiai.sp.gov.br\/planejamento-e-meio-ambiente\/wp-content\/uploads\/sites\/15\/2017\/04\/ATA-005-2017-26-01-2017-ORDINARIA-1.docx\" target=\"_blank\" rel=\"noreferrer noopener\">Ata n\u00ba 005\/2017<\/a><\/li><li><a href=\"https:\/\/jundiai.sp.gov.br\/planejamento-e-meio-ambiente\/wp-content\/uploads\/sites\/15\/2017\/04\/ATA-003-2017-10-11-2016-EXTRAORDINARIA-1.docx\" target=\"_blank\" rel=\"noreferrer noopener\">Ata n\u00ba 003\/2017<\/a><\/li><\/ul>\n\n\n\n<p>Anexo \u2013 Apresenta\u00e7\u00e3o<\/p>\n\n\n\n<p><a href=\"https:\/\/jundiai.sp.gov.br\/planejamento-e-meio-ambiente\/wp-content\/uploads\/sites\/15\/2017\/04\/ATA-003-2017-ANEXO-e-mail-ATAS-reuni%C3%B5es-passadas-1.pdf\" target=\"_blank\" rel=\"noreferrer noopener\">Anexo \u2013 Atas das reuni\u00f5es passadas<\/a><\/p>\n\n\n\n<p><a href=\"https:\/\/jundiai.sp.gov.br\/planejamento-e-meio-ambiente\/wp-content\/uploads\/sites\/15\/2017\/04\/ATA-003-2017-ANEXO-e-mail-comunicacao-1.pdf\" target=\"_blank\" rel=\"noreferrer noopener\">Anexo \u2013 E-mail comunica\u00e7\u00e3o de modelos<\/a><\/p>\n\n\n\n<p><a href=\"https:\/\/jundiai.sp.gov.br\/planejamento-e-meio-ambiente\/wp-content\/uploads\/sites\/15\/2017\/04\/ATA-003-2017-ANEXO-forma%C3%A7%C3%A3o-camaras-tecnicas-1.pdf\" target=\"_blank\" rel=\"noreferrer noopener\">Anexo \u2013 Forma\u00e7\u00e3o das c\u00e2maras t\u00e9cnicas<\/a><\/p>\n\n\n\n<p>Anexo \u2013 Apresenta\u00e7\u00e3o Proposta para Forma\u00e7\u00e3o de C\u00e2maras T\u00e9cnicas<\/p>\n\n\n\n<p><a href=\"https:\/\/jundiai.sp.gov.br\/planejamento-e-meio-ambiente\/wp-content\/uploads\/sites\/15\/2017\/04\/ATA-003-2017-ANEXO-ri-cmpt-aprovado-em-10-11-2016-1.pdf\" target=\"_blank\" rel=\"noreferrer noopener\">Anexo \u2013&nbsp;Regimento Interno aprovado pelo Conselho<\/a><\/p>\n\n\n\n<ul class=\"wp-block-list\"><li><a href=\"https:\/\/jundiai.sp.gov.br\/planejamento-e-meio-ambiente\/wp-content\/uploads\/sites\/15\/2017\/04\/ATA-002-2017-27-10-2016-ORDINARIA-1.docx\" target=\"_blank\" rel=\"noreferrer noopener\">Ata n\u00ba 002\/2017<\/a><\/li><\/ul>\n\n\n\n<p><a href=\"https:\/\/jundiai.sp.gov.br\/planejamento-e-meio-ambiente\/wp-content\/uploads\/sites\/15\/2017\/04\/ATA-002-2017-ANEXO-e-mail-ATAS-reuni%C3%B5es-passadas-1.pdf\" target=\"_blank\" rel=\"noreferrer noopener\">Anexo \u2013 Atas das reuni\u00f5es passadas<\/a><\/p>\n\n\n\n<p><a href=\"https:\/\/jundiai.sp.gov.br\/planejamento-e-meio-ambiente\/wp-content\/uploads\/sites\/15\/2017\/04\/ATA-002-2017-ANEXO-e-mail-comunicacao-modelos-ri-1.pdf\" target=\"_blank\" rel=\"noreferrer noopener\">Anexo \u2013 E-mail comunica\u00e7\u00e3o de modelos<\/a><\/p>\n\n\n\n<p><a href=\"https:\/\/jundiai.sp.gov.br\/planejamento-e-meio-ambiente\/wp-content\/uploads\/sites\/15\/2017\/04\/ATA-002-2017-ANEXO-e-mail-emendas-documento-compartilhado-google-drive-1.pdf\" target=\"_blank\" rel=\"noreferrer noopener\">Anexo \u2013 Emendas e documentos compartilhados 1<\/a><\/p>\n\n\n\n<p><a href=\"https:\/\/jundiai.sp.gov.br\/planejamento-e-meio-ambiente\/wp-content\/uploads\/sites\/15\/2017\/04\/ATA-002-2017-ANEXO-emenda-proposta-1-1.pdf\" target=\"_blank\" rel=\"noreferrer noopener\">Anexo \u2013 Emenda proposta 1<\/a><\/p>\n\n\n\n<p><a href=\"https:\/\/jundiai.sp.gov.br\/planejamento-e-meio-ambiente\/wp-content\/uploads\/sites\/15\/2017\/04\/ATA-002-2017-ANEXO-emenda-proposta-2-1.pdf\" target=\"_blank\" rel=\"noreferrer noopener\">Anexo \u2013 Emenda proposta 2<\/a><\/p>\n\n\n\n<p><a href=\"https:\/\/jundiai.sp.gov.br\/planejamento-e-meio-ambiente\/wp-content\/uploads\/sites\/15\/2017\/04\/ATA-002-2017-ANEXO-emenda-proposta-3-1.pdf\" target=\"_blank\" rel=\"noreferrer noopener\">Anexo \u2013 Emenda proposta 3<\/a><\/p>\n\n\n\n<p><a href=\"https:\/\/jundiai.sp.gov.br\/planejamento-e-meio-ambiente\/wp-content\/uploads\/sites\/15\/2017\/04\/ATA-002-2017-ANEXO-emendas-documento-compartilhado-google-drive-1.pdf\" target=\"_blank\" rel=\"noreferrer noopener\">Anexo \u2013 Emendas e documentos compartilhados 2<\/a><\/p>\n\n\n\n<p><a href=\"https:\/\/jundiai.sp.gov.br\/planejamento-e-meio-ambiente\/wp-content\/uploads\/sites\/15\/2017\/04\/ATA-002-2017-ANEXO-ri-apreciado-pelo-cmpt-27-10-1.pdf\" target=\"_blank\" rel=\"noreferrer noopener\">Anexo \u2013 Regimento Interno aprovado pelo Conselho<\/a><\/p>\n\n\n\n<p><a href=\"https:\/\/jundiai.sp.gov.br\/planejamento-e-meio-ambiente\/wp-content\/uploads\/sites\/15\/2017\/04\/ATA-002-2017-ANEXO-ri-texto-base-para-aprecia%C3%A7%C3%A3o-do-cmpt-1.pdf\" target=\"_blank\" rel=\"noreferrer noopener\">Anexo \u2013 Texto base Regimento Interno para aprecia\u00e7\u00e3o do Conselho<\/a><\/p>\n\n\n\n<ul class=\"wp-block-list\"><li><a href=\"https:\/\/jundiai.sp.gov.br\/planejamento-e-meio-ambiente\/wp-content\/uploads\/sites\/15\/2017\/04\/ATA-001-2017-27-09-2016-ORDINARIA-1.docx\" target=\"_blank\" rel=\"noreferrer noopener\">Ata n\u00ba 001\/2017<\/a><\/li><\/ul>\n\n\n\n<p>Anexo \u2013 Apresenta\u00e7\u00e3o<\/p>\n\n\n\n<p><a href=\"https:\/\/jundiai.sp.gov.br\/planejamento-e-meio-ambiente\/wp-content\/uploads\/sites\/15\/2017\/04\/ATA-001-2017-ANEXO-e-mail-ATAS-Reuni%C3%B5es-Passadas-1.pdf\" target=\"_blank\" rel=\"noreferrer noopener\">Anexo \u2013 Atas das reuni\u00f5es passadas<\/a><\/p>\n\n\n\n<ul class=\"wp-block-list\"><li><a rel=\"noreferrer noopener\" href=\"https:\/\/jundiai.sp.gov.br\/planejamento-e-meio-ambiente\/wp-content\/uploads\/sites\/15\/2017\/04\/ATA-001-2016-24-11-2016-ORDINARIA-1.docx\" target=\"_blank\">Ata n\u00ba 001\/2016<\/a><br><a rel=\"noreferrer noopener\" href=\"https:\/\/jundiai.sp.gov.br\/planejamento-e-meio-ambiente\/wp-content\/uploads\/sites\/15\/2017\/04\/ATA-001-2016-ANEXO-Organograma-19-09-1.pdf\" target=\"_blank\">Anexo \u2013 Organograma<\/a><a rel=\"noreferrer noopener\" href=\"https:\/\/jundiai.sp.gov.br\/planejamento-e-meio-ambiente\/wp-content\/uploads\/sites\/15\/2017\/04\/ATA-001-2016-ANEXO-Resolu%C3%A7%C3%B5es-V-Confer%C3%AAncia-da-Cidade-1.docx\" target=\"_blank\">Anexo \u2013 Resolu\u00e7\u00f5es 5\u00aa\u00a0Confer\u00eancia da Cidade<\/a><\/li><\/ul>\n\n\n\n<p><\/p>\n\n\n\n<h3 class=\"wp-block-heading\"><strong>Of\u00edcios<\/strong><\/h3>\n\n\n\n<ul class=\"wp-block-list\"><li><a href=\"https:\/\/jundiai.sp.gov.br\/planejamento-e-meio-ambiente\/wp-content\/uploads\/sites\/15\/2017\/04\/OF-001-2017-PARA-RELAC-INSTIUC-PARECERES-PL-FECHAMENTO.docx\" target=\"_blank\" rel=\"noreferrer noopener\">Of\u00edcio n\u00ba 001\/2017<\/a>;<\/li><li><a href=\"https:\/\/jundiai.sp.gov.br\/planejamento-e-meio-ambiente\/wp-content\/uploads\/sites\/15\/2017\/04\/OF-005-2016-PARA-SMPMA-AGENDAMENTO-AUDITORIO.docx\" target=\"_blank\" rel=\"noreferrer noopener\">Of\u00edcio n\u00ba 005\/2016<\/a>;<\/li><li><a href=\"https:\/\/jundiai.sp.gov.br\/planejamento-e-meio-ambiente\/wp-content\/uploads\/sites\/15\/2017\/04\/OF-004-2016-PARA-SMPMA-CONVITE-COMISSAO-TRANSICAO.docx\" target=\"_blank\" rel=\"noreferrer noopener\">Of\u00edcio n\u00ba 004\/2016<\/a>;<\/li><li><a href=\"https:\/\/jundiai.sp.gov.br\/planejamento-e-meio-ambiente\/wp-content\/uploads\/sites\/15\/2017\/04\/OF-003-2016-PARA-SMPMA-INDICADORES.docx\" target=\"_blank\" rel=\"noreferrer noopener\">Of\u00edcio n\u00ba 003\/2016<\/a>;<\/li><li><a href=\"https:\/\/jundiai.sp.gov.br\/planejamento-e-meio-ambiente\/wp-content\/uploads\/sites\/15\/2017\/04\/OF-002-2016-PARA-SMPMA-MAPAS.docx\" target=\"_blank\" rel=\"noreferrer noopener\">Of\u00edcio n\u00ba 002\/2016<\/a>;<\/li><li><a href=\"https:\/\/jundiai.sp.gov.br\/planejamento-e-meio-ambiente\/wp-content\/uploads\/sites\/15\/2017\/04\/OF-001-2016-PARA-CAMARA-VEREADORES.docx\" target=\"_blank\" rel=\"noreferrer noopener\">Of\u00edcio n\u00ba 001\/2016<\/a>;<\/li><\/ul>\n","protected":false},"excerpt":{"rendered":"<p>Ata n\u00ba 005\/2017 Ata n\u00ba 003\/2017 Anexo \u2013 Apresenta\u00e7\u00e3o Anexo \u2013 Atas das reuni\u00f5es passadas Anexo \u2013 E-mail comunica\u00e7\u00e3o de modelos Anexo \u2013 Forma\u00e7\u00e3o das c\u00e2maras t\u00e9cnicas Anexo \u2013 Apresenta\u00e7\u00e3o Proposta para Forma\u00e7\u00e3o de C\u00e2maras T\u00e9cnicas Anexo \u2013&nbsp;Regimento Interno aprovado pelo Conselho Ata n\u00ba 002\/2017 Anexo \u2013 Atas das reuni\u00f5es passadas Anexo \u2013 E-mail comunica\u00e7\u00e3o [&hellip;]<\/p>\n","protected":false},"author":69,"featured_media":0,"parent":0,"menu_order":0,"comment_status":"closed","ping_status":"closed","template":"","meta":{"footnotes":""},"class_list":["post-5861","page","type-page","status-publish","hentry"],"_links":{"self":[{"href":"https:\/\/jundiai.sp.gov.br\/planejamento-e-meio-ambiente\/wp-json\/wp\/v2\/pages\/5861","targetHints":{"allow":["GET"]}}],"collection":[{"href":"https:\/\/jundiai.sp.gov.br\/planejamento-e-meio-ambiente\/wp-json\/wp\/v2\/pages"}],"about":[{"href":"https:\/\/jundiai.sp.gov.br\/planejamento-e-meio-ambiente\/wp-json\/wp\/v2\/types\/page"}],"author":[{"embeddable":true,"href":"https:\/\/jundiai.sp.gov.br\/planejamento-e-meio-ambiente\/wp-json\/wp\/v2\/users\/69"}],"replies":[{"embeddable":true,"href":"https:\/\/jundiai.sp.gov.br\/planejamento-e-meio-ambiente\/wp-json\/wp\/v2\/comments?post=5861"}],"version-history":[{"count":2,"href":"https:\/\/jundiai.sp.gov.br\/planejamento-e-meio-ambiente\/wp-json\/wp\/v2\/pages\/5861\/revisions"}],"predecessor-version":[{"id":5867,"href":"https:\/\/jundiai.sp.gov.br\/planejamento-e-meio-ambiente\/wp-json\/wp\/v2\/pages\/5861\/revisions\/5867"}],"wp:attachment":[{"href":"https:\/\/jundiai.sp.gov.br\/planejamento-e-meio-ambiente\/wp-json\/wp\/v2\/media?parent=5861"}],"curies":[{"name":"wp","href":"https:\/\/api.w.org\/{rel}","templated":true}]}}