{"id":5870,"date":"2022-05-18T10:00:22","date_gmt":"2022-05-18T13:00:22","guid":{"rendered":"https:\/\/jundiai.sp.gov.br\/planejamento-e-meio-ambiente\/?page_id=5870"},"modified":"2022-05-18T10:00:22","modified_gmt":"2022-05-18T13:00:22","slug":"composicao","status":"publish","type":"page","link":"https:\/\/jundiai.sp.gov.br\/planejamento-e-meio-ambiente\/composicao\/","title":{"rendered":"Composi\u00e7\u00e3o"},"content":{"rendered":"\n<p><strong>Titulares \u2013 Segmento\/ Entidade<\/strong><\/p>\n\n\n\n<p>Nivaldo Jos\u00e9 Callegari \u2013 Empres\u00e1rios\/ Proempi<br>Sergio Mesquita Pompermaier \u2013 Empres\u00e1rios\/ Associa\u00e7\u00e3o Agr\u00edcola Jundia\u00ed<br>Mauricio Rappa Santos \u2013 Empres\u00e1rios\/ Ciesp<br>Ariovaldo Turra \u2013 Empres\u00e1rios\/ ADJ<br>Silvio Drezza \u2013 Entidades Acad\u00eamicas e de Pesquisa\/ AEJ<br>Luiz Dias da Silveira Junior \u2013 Entidades Acad\u00eamicas e de Pesquisa\/ OAB<br>Carlos Alberto Galv\u00e3o \u2013 Entidades Acad\u00eamicas e de Pesquisa\/ Creci<br>Rafael Benassi \u2013 Entidades Acad\u00eamicas e de Pesquisa\/ IAB<br>Dirceu Francisco Cardoso \u2013 Entidades Sindicais de Trabalhadores\/ Sciesp<br>Daniel da Silva \u2013 Entidades Sindicais de Trabalhadores\/ Sindicato dos Metal\u00fargicos<br>Claudio Franchini \u2013 Ong\/ Coletivo Coati<br>Daniel Motta \u2013 Ong\/ Coletivo Coletivo Cultura Jundiahy<br>Sergio Eduardo Goncalves de Aguiar \u2013 Moradores\/ Regi\u00e3o Leste<br>Edite Lopes da Silveira \u2013 Moradores\/ Regi\u00e3o Leste<br>Bruna Maria Silva Quirino \u2013 Moradores\/ Regi\u00e3o Norte<br>Fernanda Cristina dos Santos Tib\u00e9rio \u2013 Moradores\/ Regi\u00e3o Norte<br>Indalecia Aparecida Paim de Souza Moraes \u2013 Moradores\/ Regi\u00e3o Central<br>Silvio de Rezende Duarte Filho \u2013 Moradores\/ Regi\u00e3o Central<br>Afonso Peche Filho \u2013 Moradores\/ Regi\u00e3o Oeste<br>Helena Cristina Alves de Oliveira \u2013 Moradores\/ Regi\u00e3o Oeste<br>Antonio Carlos Cesar Bezerra \u2013 Moradores\/ Regi\u00e3o Sul<br>Antonio Fernando Carvalhaes Peres \u2013 Moradores\/ Regi\u00e3o Sul<br>Antonio Roberto Losqui \u2013 Moradores\/ Zona Rural e de Prote\u00e7\u00e3o Ambiental Norte<br>Antonio Luiz Junqueira Mendes Pereira \u2013 Moradores\/ Zona Rural e de Prote\u00e7\u00e3o Ambiental Sul<\/p>\n\n\n\n<p><strong>Suplentes \u2013 Segmento\/ Entidade<\/strong><\/p>\n\n\n\n<p>Roberto F. Gon\u00e7alves \u2013 Ong\/ Coletivo Pedala Jundia\u00ed<br>Reginaldo Manoel da Costa \u2013 Ong\/ Coletivo Marcha Jundia\u00ed<br>Rodrigo dos Santos Oliveira \u2013 Moradores\/ Regi\u00e3o Leste<br>Pedro Guilherme Paulino \u2013 Moradores\/ Regi\u00e3o Leste<br>Kleber Baradel \u2013 Moradores\/ Regi\u00e3o Norte<br>Leonardo Theon de Moraes \u2013 Moradores\/ Regi\u00e3o Central<br>Ricardo R. Filippi \u2013 Moradores\/ Regi\u00e3o Central<br>Jos\u00e9 Dib Junior \u2013 Moradores\/ Regi\u00e3o Oeste<br>Thiago O Schimdt \u2013 Moradores\/ Regi\u00e3o Oeste<br>Rafael Massucato \u2013 Moradores\/ Regi\u00e3o Sul<br>Antonio Carlos Foes \u2013 Moradores\/ Regi\u00e3o Sul<br>Melina Santos \u2013 Moradores\/ Zona Rural e de Prote\u00e7\u00e3o Ambiental Norte<br>Joel Alfredo Gobbo \u2013 Moradores\/ Zona Rural e de Prote\u00e7\u00e3o Ambiental Sul<br>Marcio Vioti \u2013 Empres\u00e1rios\/ Proempi<br>Jos\u00e9 Henrique Losqui \u2013 Empres\u00e1rios\/ Associa\u00e7\u00e3o Agr\u00edcola Jundia\u00ed<br>Thiago Priosti Coelho \u2013 Empres\u00e1rios\/ ADJ<br>Paula Kalaf Cossi \u2013 Entidades Acad\u00eamicas e de Pesquisa\/ OAB<br>Monica M. Frias Louzada \u2013 Entidades Acad\u00eamicas e de Pesquisa\/ IAB<br>Adriano Prochowski \u2013 Entidades Acad\u00eamicas e de Pesquisa\/ Creci<br>Maria Auxiliadora Pedro Dib \u2013 Entidades Acad\u00eamicas e de Pesquisa\/ AEJ<br>Gislaine Aparecida Vieira Rocha \u2013 Entidades Sindicais de Trabalhadores\/ Sindicomerci\u00e1rios<br>Thabada K. Yamauchi Tirelli \u2013 Entidades Sindicais de Trabalhadores\/ Sciesp.<\/p>\n","protected":false},"excerpt":{"rendered":"<p>Titulares \u2013 Segmento\/ Entidade Nivaldo Jos\u00e9 Callegari \u2013 Empres\u00e1rios\/ ProempiSergio Mesquita Pompermaier \u2013 Empres\u00e1rios\/ Associa\u00e7\u00e3o Agr\u00edcola Jundia\u00edMauricio Rappa Santos \u2013 Empres\u00e1rios\/ CiespAriovaldo Turra \u2013 Empres\u00e1rios\/ ADJSilvio Drezza \u2013 Entidades Acad\u00eamicas e de Pesquisa\/ AEJLuiz Dias da Silveira Junior \u2013 Entidades Acad\u00eamicas e de Pesquisa\/ OABCarlos Alberto Galv\u00e3o \u2013 Entidades Acad\u00eamicas e de Pesquisa\/ CreciRafael Benassi [&hellip;]<\/p>\n","protected":false},"author":69,"featured_media":0,"parent":0,"menu_order":0,"comment_status":"closed","ping_status":"closed","template":"","meta":{"footnotes":""},"class_list":["post-5870","page","type-page","status-publish","hentry"],"_links":{"self":[{"href":"https:\/\/jundiai.sp.gov.br\/planejamento-e-meio-ambiente\/wp-json\/wp\/v2\/pages\/5870","targetHints":{"allow":["GET"]}}],"collection":[{"href":"https:\/\/jundiai.sp.gov.br\/planejamento-e-meio-ambiente\/wp-json\/wp\/v2\/pages"}],"about":[{"href":"https:\/\/jundiai.sp.gov.br\/planejamento-e-meio-ambiente\/wp-json\/wp\/v2\/types\/page"}],"author":[{"embeddable":true,"href":"https:\/\/jundiai.sp.gov.br\/planejamento-e-meio-ambiente\/wp-json\/wp\/v2\/users\/69"}],"replies":[{"embeddable":true,"href":"https:\/\/jundiai.sp.gov.br\/planejamento-e-meio-ambiente\/wp-json\/wp\/v2\/comments?post=5870"}],"version-history":[{"count":1,"href":"https:\/\/jundiai.sp.gov.br\/planejamento-e-meio-ambiente\/wp-json\/wp\/v2\/pages\/5870\/revisions"}],"predecessor-version":[{"id":5871,"href":"https:\/\/jundiai.sp.gov.br\/planejamento-e-meio-ambiente\/wp-json\/wp\/v2\/pages\/5870\/revisions\/5871"}],"wp:attachment":[{"href":"https:\/\/jundiai.sp.gov.br\/planejamento-e-meio-ambiente\/wp-json\/wp\/v2\/media?parent=5870"}],"curies":[{"name":"wp","href":"https:\/\/api.w.org\/{rel}","templated":true}]}}