{"id":5963,"date":"2022-07-05T15:42:17","date_gmt":"2022-07-05T18:42:17","guid":{"rendered":"https:\/\/jundiai.sp.gov.br\/planejamento-e-meio-ambiente\/?page_id=5963"},"modified":"2022-07-05T15:44:45","modified_gmt":"2022-07-05T18:44:45","slug":"certidoes","status":"publish","type":"page","link":"https:\/\/jundiai.sp.gov.br\/planejamento-e-meio-ambiente\/assuntos-fundiarios\/certidoes\/","title":{"rendered":"Certid\u00f5es"},"content":{"rendered":"\n<h2 class=\"wp-block-heading\">Certid\u00e3o de Objeto e P\u00e9<\/h2>\n\n\n\n<p>A certid\u00e3o de objeto e p\u00e9 \u00e9 instrumento utilizado para informar o andamento&nbsp;do&nbsp;processo de regulariza\u00e7\u00e3o. Para a emiss\u00e3o desta certid\u00e3o \u00e9 necess\u00e1rio apresentar os seguintes documentos: requerimento, justificativa para a solicita\u00e7\u00e3o&nbsp;da&nbsp;certid\u00e3o e c\u00f3pia dos documentos pessoais.<\/p>\n\n\n\n<p><\/p>\n\n\n\n<p><\/p>\n\n\n\n<h2 class=\"wp-block-heading\">Certid\u00e3o de Regularidade de \u00c1rea<\/h2>\n\n\n\n<p>A certid\u00e3o de regularidade de \u00e1rea ou certid\u00e3o de \u00e1gua e luz como tamb\u00e9m \u00e9 conhecida, \u00e9 um documento emitido pelo munic\u00edpio quando solicitado pelo contribuinte para apresenta\u00e7\u00e3o junto \u00e0s concession\u00e1rias para liga\u00e7\u00e3o de \u00e1gua ou luz.&nbsp;Ela atesta que o lote faz parte de um loteamento\/desmembramento em processo de Regulariza\u00e7\u00e3o Fundi\u00e1ria&nbsp; e este processo j\u00e1 se encontra pr\u00e9 aprovado junto ao munic\u00edpio.<\/p>\n\n\n\n<p>A solicita\u00e7\u00e3o de liga\u00e7\u00e3o de \u00e1gua dever\u00e1 ser feita diretamente no&nbsp;<a href=\"https:\/\/www.daejundiai.com.br\/\" rel=\"noreferrer noopener\" target=\"_blank\">Departamento de \u00c1gua e Esgotos \u2013 DAE S\/A<\/a>, que solicitar\u00e1 as informa\u00e7\u00f5es ao Departamento de Assuntos Fundi\u00e1rios.<\/p>\n\n\n\n<p>A Certid\u00e3o para a solicita\u00e7\u00e3o de liga\u00e7\u00e3o de luz dever\u00e1 ser feita no Departamento de Assuntos Fundi\u00e1rios com a apresenta\u00e7\u00e3o dos seguintes documentos: C\u00f3pia&nbsp;da&nbsp;matr\u00edcula&nbsp;do&nbsp;loteamento, ficha de cadastro&nbsp;do&nbsp;Propriet\u00e1rio\/Possuidor&nbsp;do&nbsp;lote e c\u00f3pias dos documentos solicitados na ficha.<\/p>\n","protected":false},"excerpt":{"rendered":"<p>Certid\u00e3o de Objeto e P\u00e9 A certid\u00e3o de objeto e p\u00e9 \u00e9 instrumento utilizado para informar o andamento&nbsp;do&nbsp;processo de regulariza\u00e7\u00e3o. Para a emiss\u00e3o desta certid\u00e3o \u00e9 necess\u00e1rio apresentar os seguintes documentos: requerimento, justificativa para a solicita\u00e7\u00e3o&nbsp;da&nbsp;certid\u00e3o e c\u00f3pia dos documentos pessoais. Certid\u00e3o de Regularidade de \u00c1rea A certid\u00e3o de regularidade de \u00e1rea ou certid\u00e3o de [&hellip;]<\/p>\n","protected":false},"author":69,"featured_media":0,"parent":3045,"menu_order":1,"comment_status":"closed","ping_status":"closed","template":"","meta":{"footnotes":""},"class_list":["post-5963","page","type-page","status-publish","hentry"],"_links":{"self":[{"href":"https:\/\/jundiai.sp.gov.br\/planejamento-e-meio-ambiente\/wp-json\/wp\/v2\/pages\/5963","targetHints":{"allow":["GET"]}}],"collection":[{"href":"https:\/\/jundiai.sp.gov.br\/planejamento-e-meio-ambiente\/wp-json\/wp\/v2\/pages"}],"about":[{"href":"https:\/\/jundiai.sp.gov.br\/planejamento-e-meio-ambiente\/wp-json\/wp\/v2\/types\/page"}],"author":[{"embeddable":true,"href":"https:\/\/jundiai.sp.gov.br\/planejamento-e-meio-ambiente\/wp-json\/wp\/v2\/users\/69"}],"replies":[{"embeddable":true,"href":"https:\/\/jundiai.sp.gov.br\/planejamento-e-meio-ambiente\/wp-json\/wp\/v2\/comments?post=5963"}],"version-history":[{"count":3,"href":"https:\/\/jundiai.sp.gov.br\/planejamento-e-meio-ambiente\/wp-json\/wp\/v2\/pages\/5963\/revisions"}],"predecessor-version":[{"id":5966,"href":"https:\/\/jundiai.sp.gov.br\/planejamento-e-meio-ambiente\/wp-json\/wp\/v2\/pages\/5963\/revisions\/5966"}],"up":[{"embeddable":true,"href":"https:\/\/jundiai.sp.gov.br\/planejamento-e-meio-ambiente\/wp-json\/wp\/v2\/pages\/3045"}],"wp:attachment":[{"href":"https:\/\/jundiai.sp.gov.br\/planejamento-e-meio-ambiente\/wp-json\/wp\/v2\/media?parent=5963"}],"curies":[{"name":"wp","href":"https:\/\/api.w.org\/{rel}","templated":true}]}}