{"id":5982,"date":"2022-07-21T14:22:15","date_gmt":"2022-07-21T17:22:15","guid":{"rendered":"https:\/\/jundiai.sp.gov.br\/planejamento-e-meio-ambiente\/?page_id=5982"},"modified":"2022-07-21T14:26:02","modified_gmt":"2022-07-21T17:26:02","slug":"regularizacao-das-bancas-de-jornal","status":"publish","type":"page","link":"https:\/\/jundiai.sp.gov.br\/planejamento-e-meio-ambiente\/regularizacao-das-bancas-de-jornal\/","title":{"rendered":"Regulariza\u00e7\u00e3o das Bancas de Jornal"},"content":{"rendered":"\n<p>A Prefeitura de Jundia\u00ed iniciou um processo de regulariza\u00e7\u00e3o das bancas de jornal do Munic\u00edpio, com a aprova\u00e7\u00e3o da <a href=\"https:\/\/jundiai.sp.gov.br\/planejamento-e-meio-ambiente\/wp-content\/uploads\/sites\/15\/2022\/07\/lei-9795-2022-banca-1.pdf\" target=\"_blank\" rel=\"noreferrer noopener\">Lei n\u00b0 9.795<\/a>, de 30 de junho de 2022.<\/p>\n\n\n\n<p>Para isso, <strong>todos os permission\u00e1rios ou <\/strong><strong>os exploradores de bancas de jornal dever\u00e3o atualizar seu cadastro no Munic\u00edpio at\u00e9 o final de agosto deste ano, para garantir seu direito de explora\u00e7\u00e3o do local.<\/strong><\/p>\n\n\n\n<p>Dever\u00e3o ser enviados para o e-mail <a href=\"mailto:urbanismo@jundiai.sp.gov.br\">urbanismo@jundiai.sp.gov.br<\/a> os seguintes documentos:<\/p>\n\n\n\n<ol class=\"wp-block-list\" type=\"I\"><li><strong>Termo de permiss\u00e3o de uso<\/strong>, que comprove o direito de explora\u00e7\u00e3o de banca de jornal; ou documento que comprove que o permission\u00e1rio anterior deixou de exercer a atividade no local, com a efetiva explora\u00e7\u00e3o da banca desde ent\u00e3o pelo atual permission\u00e1rio;<\/li><li><strong>Documento com a descri\u00e7\u00e3o de todos<\/strong> <strong>os produtos e servi\u00e7os<\/strong> oferecidos no local;<\/li><li><strong>Relat\u00f3rio fotogr\u00e1fico<\/strong> da banca e do seu entorno.<\/li><\/ol>\n\n\n\n<p>Os documentos apresentados ser\u00e3o avaliados pelos t\u00e9cnicos da Prefeitura,<br>que indicar\u00e3o em seguida os requisitos para regulariza\u00e7\u00e3o das bancas.<\/p>\n\n\n\n<p><\/p>\n\n\n\n<p class=\"has-text-align-center\"><strong>IMPORTANTE: os permission\u00e1rios ou os exploradores de bancas de jornal<br>que n\u00e3o enviarem os documentos solicitados at\u00e9 o final de agosto de 2022<br>perder\u00e3o o direito de exerc\u00edcio da atividade na \u00e1rea p\u00fablica.<\/strong><\/p>\n\n\n\n<p><\/p>\n\n\n\n<p><\/p>\n\n\n\n<p><\/p>\n","protected":false},"excerpt":{"rendered":"<p>A Prefeitura de Jundia\u00ed iniciou um processo de regulariza\u00e7\u00e3o das bancas de jornal do Munic\u00edpio, com a aprova\u00e7\u00e3o da Lei n\u00b0 9.795, de 30 de junho de 2022. Para isso, todos os permission\u00e1rios ou os exploradores de bancas de jornal dever\u00e3o atualizar seu cadastro no Munic\u00edpio at\u00e9 o final de agosto deste ano, para garantir [&hellip;]<\/p>\n","protected":false},"author":69,"featured_media":0,"parent":0,"menu_order":0,"comment_status":"closed","ping_status":"closed","template":"","meta":{"footnotes":""},"class_list":["post-5982","page","type-page","status-publish","hentry"],"_links":{"self":[{"href":"https:\/\/jundiai.sp.gov.br\/planejamento-e-meio-ambiente\/wp-json\/wp\/v2\/pages\/5982","targetHints":{"allow":["GET"]}}],"collection":[{"href":"https:\/\/jundiai.sp.gov.br\/planejamento-e-meio-ambiente\/wp-json\/wp\/v2\/pages"}],"about":[{"href":"https:\/\/jundiai.sp.gov.br\/planejamento-e-meio-ambiente\/wp-json\/wp\/v2\/types\/page"}],"author":[{"embeddable":true,"href":"https:\/\/jundiai.sp.gov.br\/planejamento-e-meio-ambiente\/wp-json\/wp\/v2\/users\/69"}],"replies":[{"embeddable":true,"href":"https:\/\/jundiai.sp.gov.br\/planejamento-e-meio-ambiente\/wp-json\/wp\/v2\/comments?post=5982"}],"version-history":[{"count":3,"href":"https:\/\/jundiai.sp.gov.br\/planejamento-e-meio-ambiente\/wp-json\/wp\/v2\/pages\/5982\/revisions"}],"predecessor-version":[{"id":5987,"href":"https:\/\/jundiai.sp.gov.br\/planejamento-e-meio-ambiente\/wp-json\/wp\/v2\/pages\/5982\/revisions\/5987"}],"wp:attachment":[{"href":"https:\/\/jundiai.sp.gov.br\/planejamento-e-meio-ambiente\/wp-json\/wp\/v2\/media?parent=5982"}],"curies":[{"name":"wp","href":"https:\/\/api.w.org\/{rel}","templated":true}]}}