{"id":6595,"date":"2023-05-08T09:08:22","date_gmt":"2023-05-08T12:08:22","guid":{"rendered":"https:\/\/jundiai.sp.gov.br\/planejamento-e-meio-ambiente\/?page_id=6595"},"modified":"2025-07-04T10:11:50","modified_gmt":"2025-07-04T13:11:50","slug":"certidao-de-numeracao","status":"publish","type":"page","link":"https:\/\/jundiai.sp.gov.br\/planejamento-e-meio-ambiente\/obras-particulares\/fiscalizacao-de-obras\/certidao-de-numeracao\/","title":{"rendered":"Certid\u00e3o de Numera\u00e7\u00e3o, Logradouro, \u00c1rea Origin\u00e1ria e Segunda Via de Habite-se"},"content":{"rendered":"\n<p>De modo a evitar transtornos futuros aos contribuintes com a possibilidade de cria\u00e7\u00e3o de numera\u00e7\u00f5es prediais diferentes das emitidas no momento do habite-se, para que haja a liga\u00e7\u00e3o de \u00e1gua junto ao DAE\/SA, necess\u00e1rio se faz a devida certifica\u00e7\u00e3o da mesma.<\/p>\n\n\n\n<p>Para isso, existe a necessidade de apresenta\u00e7\u00e3o de certid\u00e3o de numera\u00e7\u00e3o devidamente expedida pela DFOSIP, Divis\u00e3o respons\u00e1vel pela gest\u00e3o da numera\u00e7\u00e3o predial no munic\u00edpio.<\/p>\n\n\n\n<p>Os alvar\u00e1s de constru\u00e7\u00e3o que forem emitidos j\u00e1 com a numera\u00e7\u00e3o predial, servir\u00e3o como certid\u00e3o, substituindo a certid\u00e3o e eliminando assim a burocracia da solicita\u00e7\u00e3o via SAEPRO.<\/p>\n\n\n\n<p>Para os processos de constru\u00e7\u00e3o protocolizados via SAEPRO, n\u00e3o ser\u00e3o emitidas as certid\u00f5es de numera\u00e7\u00e3o, pois o alvar\u00e1 ter\u00e1 tal fun\u00e7\u00e3o junto ao DAE\/SA.<\/p>\n\n\n\n<p>Para os terrenos vazios, sem aprova\u00e7\u00e3o de projeto e sem projetos protocolizados, o prazo para a certid\u00e3o \u00e9 de at\u00e9 30 (trinta) dias.<\/p>\n\n\n\n<p>Lembramos que, as certid\u00f5es de numera\u00e7\u00e3o que forem emitidas para os terrenos vazios, n\u00e3o autorizam a execu\u00e7\u00e3o das obras at\u00e9 que seja aprovado o projeto e expedido o consequente alvar\u00e1 de execu\u00e7\u00e3o.<\/p>\n\n\n\n<p>Para a solicita\u00e7\u00e3o das certid\u00f5es, sugerimos seguir o passo a passo abaixo:<\/p>\n\n\n\n<div data-wp-interactive=\"core\/file\" class=\"wp-block-file\"><object data-wp-bind--hidden=\"!state.hasPdfPreview\" hidden class=\"wp-block-file__embed\" data=\"https:\/\/jundiai.sp.gov.br\/planejamento-e-meio-ambiente\/wp-content\/uploads\/sites\/15\/2023\/06\/roteiro-certidoes-dfo.pdf\" type=\"application\/pdf\" style=\"width:100%;height:600px\" aria-label=\"Incorporado de Roteiro para Certid\u00f5es Fiscaliza\u00e7\u00e3o de Obras.\"><\/object><a id=\"wp-block-file--media-2137b134-dab9-414f-86b4-e5ccd45ee3e9\" href=\"https:\/\/jundiai.sp.gov.br\/planejamento-e-meio-ambiente\/wp-content\/uploads\/sites\/15\/2023\/06\/roteiro-certidoes-dfo.pdf\" target=\"_blank\" rel=\"noreferrer noopener\">Roteiro para Certid\u00f5es Fiscaliza\u00e7\u00e3o de Obras<\/a><a href=\"https:\/\/jundiai.sp.gov.br\/planejamento-e-meio-ambiente\/wp-content\/uploads\/sites\/15\/2023\/06\/roteiro-certidoes-dfo.pdf\" class=\"wp-block-file__button wp-element-button\" download aria-describedby=\"wp-block-file--media-2137b134-dab9-414f-86b4-e5ccd45ee3e9\">Baixar<\/a><\/div>\n","protected":false},"excerpt":{"rendered":"<p>De modo a evitar transtornos futuros aos contribuintes com a possibilidade de cria\u00e7\u00e3o de numera\u00e7\u00f5es prediais diferentes das emitidas no momento do habite-se, para que haja a liga\u00e7\u00e3o de \u00e1gua junto ao DAE\/SA, necess\u00e1rio se faz a devida certifica\u00e7\u00e3o da mesma. Para isso, existe a necessidade de apresenta\u00e7\u00e3o de certid\u00e3o de numera\u00e7\u00e3o devidamente expedida pela [&hellip;]<\/p>\n","protected":false},"author":8,"featured_media":0,"parent":6593,"menu_order":0,"comment_status":"closed","ping_status":"closed","template":"","meta":{"footnotes":""},"class_list":["post-6595","page","type-page","status-publish","hentry"],"_links":{"self":[{"href":"https:\/\/jundiai.sp.gov.br\/planejamento-e-meio-ambiente\/wp-json\/wp\/v2\/pages\/6595","targetHints":{"allow":["GET"]}}],"collection":[{"href":"https:\/\/jundiai.sp.gov.br\/planejamento-e-meio-ambiente\/wp-json\/wp\/v2\/pages"}],"about":[{"href":"https:\/\/jundiai.sp.gov.br\/planejamento-e-meio-ambiente\/wp-json\/wp\/v2\/types\/page"}],"author":[{"embeddable":true,"href":"https:\/\/jundiai.sp.gov.br\/planejamento-e-meio-ambiente\/wp-json\/wp\/v2\/users\/8"}],"replies":[{"embeddable":true,"href":"https:\/\/jundiai.sp.gov.br\/planejamento-e-meio-ambiente\/wp-json\/wp\/v2\/comments?post=6595"}],"version-history":[{"count":4,"href":"https:\/\/jundiai.sp.gov.br\/planejamento-e-meio-ambiente\/wp-json\/wp\/v2\/pages\/6595\/revisions"}],"predecessor-version":[{"id":7783,"href":"https:\/\/jundiai.sp.gov.br\/planejamento-e-meio-ambiente\/wp-json\/wp\/v2\/pages\/6595\/revisions\/7783"}],"up":[{"embeddable":true,"href":"https:\/\/jundiai.sp.gov.br\/planejamento-e-meio-ambiente\/wp-json\/wp\/v2\/pages\/6593"}],"wp:attachment":[{"href":"https:\/\/jundiai.sp.gov.br\/planejamento-e-meio-ambiente\/wp-json\/wp\/v2\/media?parent=6595"}],"curies":[{"name":"wp","href":"https:\/\/api.w.org\/{rel}","templated":true}]}}