{"id":6741,"date":"2023-07-13T11:25:07","date_gmt":"2023-07-13T14:25:07","guid":{"rendered":"https:\/\/jundiai.sp.gov.br\/planejamento-e-meio-ambiente\/?page_id=6741"},"modified":"2023-07-13T13:57:44","modified_gmt":"2023-07-13T16:57:44","slug":"localizacao-editais","status":"publish","type":"page","link":"https:\/\/jundiai.sp.gov.br\/planejamento-e-meio-ambiente\/parklet\/localizacao-editais\/","title":{"rendered":"Localiza\u00e7\u00e3o \/ Editais"},"content":{"rendered":"\n<h2 class=\"wp-block-heading\">Localiza\u00e7\u00e3o<\/h2>\n\n\n\n<p><a href=\"https:\/\/www.google.com\/maps\/d\/u\/1\/viewer?mid=1nBkdKzcCkjI9f_CcHERFreMsJ5nRWBgs&amp;ll=-23.189531199999998%2C-46.890617599999985&amp;z=17\" target=\"_blank\" rel=\"noreferrer noopener\">Localiza\u00e7\u00e3o dos Parklets existentes e em an\u00e1lise (My Maps)<\/a><\/p>\n\n\n\n<h2 class=\"wp-block-heading\">Editais<\/h2>\n\n\n\n<p>Pedidos aprovados de acordo com o decreto n\u00ba 26.524\/16.<\/p>\n\n\n\n<p><strong>Proponente: Carvalho Brothers Bar Ltda<\/strong><br><strong>Local:<\/strong>\u00a0Rua do Retiro, no 152<br><strong>Edital<\/strong>:\u00a0<a rel=\"noreferrer noopener\" href=\"https:\/\/jundiai.sp.gov.br\/planejamento-e-meio-ambiente\/wp-content\/uploads\/sites\/15\/2023\/06\/iom_p33-edital20230628-1-2.pdf\" target=\"_blank\">n\u00ba 026\/2023 \u2013 publicado em 2<u>8\/06\/2023<\/u><\/a><\/p>\n\n\n\n<p><strong>Proponente: Luiz Carlos da Silva<\/strong><br><strong>Local:<\/strong>\u00a0Avenida Am\u00e9lia Latorre, no 576<br><strong>Edital<\/strong>:\u00a0<strong><a href=\"https:\/\/jundiai.sp.gov.br\/planejamento-e-meio-ambiente\/wp-content\/uploads\/sites\/15\/2023\/07\/publicacao-do-edital-iom-5259-19-04-2023-2.pdf\" target=\"_blank\" rel=\"noreferrer noopener\">n\u00ba 015\/2023 \u2013 publicado em 19\/04\/2023<\/a><\/strong><\/p>\n\n\n\n<p><strong>Proponente: Betones BBQ Restaurante<\/strong><br><strong>Local:<\/strong> Rua Culto \u00e0 Ci\u00eancia, no 170<br><strong>Edital: <a href=\"https:\/\/jundiai.sp.gov.br\/planejamento-e-meio-ambiente\/wp-content\/uploads\/sites\/15\/2022\/02\/iom_pag61-62_edicao-5046-09-02-2022-1.pdf\">n\u00ba 12\/2022 \u2013 publicado em 09\/02\/2022&nbsp;<\/a><\/strong><\/p>\n\n\n\n<p><strong>Proponente: Espa\u00e7o de Arte Lel\u00ea da Cuca<br><\/strong><strong>Local:&nbsp;<\/strong>Rua Prudente de Moraes, n\u00ba 1.287 &#8211; Centro<br><strong>Edital:&nbsp;<a href=\"https:\/\/jundiai.sp.gov.br\/planejamento-e-meio-ambiente\/wp-content\/uploads\/sites\/15\/2016\/11\/Edital_Parklet_2016_68_R_Prudente_Moraes_1287.pdf\">n\u00ba 68\/2016 &#8211; publicado em 25\/11\/2016<\/a><\/strong><\/p>\n\n\n\n<p><strong>Proponente:&nbsp;Marcelo Kiyotaka Shiraishi \/ Smoked Burgers<br><\/strong><strong>Local:&nbsp;<\/strong>Rua&nbsp;Bar\u00e3o de Teff\u00e9, n\u00ba 296 &#8211; Anhangaba\u00fa<br><strong>Edital:&nbsp;<a href=\"https:\/\/jundiai.sp.gov.br\/planejamento-e-meio-ambiente\/wp-content\/uploads\/sites\/15\/2016\/11\/Edital_Parklet_2016_69_R_Barao_Teffe_296.pdf\">n\u00ba 69\/2016 \u2013 publicado em 25\/11\/2016<\/a><\/strong><\/p>\n","protected":false},"excerpt":{"rendered":"<p>Localiza\u00e7\u00e3o Localiza\u00e7\u00e3o dos Parklets existentes e em an\u00e1lise (My Maps) Editais Pedidos aprovados de acordo com o decreto n\u00ba 26.524\/16. Proponente: Carvalho Brothers Bar LtdaLocal:\u00a0Rua do Retiro, no 152Edital:\u00a0n\u00ba 026\/2023 \u2013 publicado em 28\/06\/2023 Proponente: Luiz Carlos da SilvaLocal:\u00a0Avenida Am\u00e9lia Latorre, no 576Edital:\u00a0n\u00ba 015\/2023 \u2013 publicado em 19\/04\/2023 Proponente: Betones BBQ RestauranteLocal: Rua Culto \u00e0 [&hellip;]<\/p>\n","protected":false},"author":69,"featured_media":0,"parent":6730,"menu_order":0,"comment_status":"closed","ping_status":"closed","template":"","meta":{"footnotes":""},"class_list":["post-6741","page","type-page","status-publish","hentry"],"_links":{"self":[{"href":"https:\/\/jundiai.sp.gov.br\/planejamento-e-meio-ambiente\/wp-json\/wp\/v2\/pages\/6741","targetHints":{"allow":["GET"]}}],"collection":[{"href":"https:\/\/jundiai.sp.gov.br\/planejamento-e-meio-ambiente\/wp-json\/wp\/v2\/pages"}],"about":[{"href":"https:\/\/jundiai.sp.gov.br\/planejamento-e-meio-ambiente\/wp-json\/wp\/v2\/types\/page"}],"author":[{"embeddable":true,"href":"https:\/\/jundiai.sp.gov.br\/planejamento-e-meio-ambiente\/wp-json\/wp\/v2\/users\/69"}],"replies":[{"embeddable":true,"href":"https:\/\/jundiai.sp.gov.br\/planejamento-e-meio-ambiente\/wp-json\/wp\/v2\/comments?post=6741"}],"version-history":[{"count":3,"href":"https:\/\/jundiai.sp.gov.br\/planejamento-e-meio-ambiente\/wp-json\/wp\/v2\/pages\/6741\/revisions"}],"predecessor-version":[{"id":6750,"href":"https:\/\/jundiai.sp.gov.br\/planejamento-e-meio-ambiente\/wp-json\/wp\/v2\/pages\/6741\/revisions\/6750"}],"up":[{"embeddable":true,"href":"https:\/\/jundiai.sp.gov.br\/planejamento-e-meio-ambiente\/wp-json\/wp\/v2\/pages\/6730"}],"wp:attachment":[{"href":"https:\/\/jundiai.sp.gov.br\/planejamento-e-meio-ambiente\/wp-json\/wp\/v2\/media?parent=6741"}],"curies":[{"name":"wp","href":"https:\/\/api.w.org\/{rel}","templated":true}]}}