{"id":7104,"date":"2024-03-13T15:48:58","date_gmt":"2024-03-13T18:48:58","guid":{"rendered":"https:\/\/jundiai.sp.gov.br\/planejamento-e-meio-ambiente\/?page_id=7104"},"modified":"2025-02-18T12:21:55","modified_gmt":"2025-02-18T15:21:55","slug":"2024-3","status":"publish","type":"page","link":"https:\/\/jundiai.sp.gov.br\/planejamento-e-meio-ambiente\/2024-3\/","title":{"rendered":"2024"},"content":{"rendered":"\n<div class=\"wp-block-columns is-layout-flex wp-container-core-columns-is-layout-9d6595d7 wp-block-columns-is-layout-flex\">\n<div class=\"wp-block-column is-layout-flow wp-block-column-is-layout-flow\">\n<h2 class=\"wp-block-heading\">Reuni\u00e3o Ordin\u00e1ria<\/h2>\n\n\n\n<p><a href=\"https:\/\/jundiai.sp.gov.br\/planejamento-e-meio-ambiente\/wp-content\/uploads\/sites\/15\/2024\/04\/ata-1-reuniao-ordinaria-comdema-23_25-revisada-1.pdf\">1\u00aa Reuni\u00e3o Ordin\u00e1ria<\/a> <\/p>\n\n\n\n<p><a href=\"https:\/\/jundiai.sp.gov.br\/planejamento-e-meio-ambiente\/wp-content\/uploads\/sites\/15\/2024\/05\/ata-2-reuniao-ordinaria-comdema-23_25-com-anexo.pdf\">2\u00aa Reuni\u00e3o Ordin\u00e1ria<\/a><\/p>\n\n\n\n<p><a href=\"https:\/\/jundiai.sp.gov.br\/planejamento-e-meio-ambiente\/wp-content\/uploads\/sites\/15\/2024\/05\/ata-3-reuniao-ordinaria-comdema-23_25-revisada-com-anexos.pdf\">3\u00aa Reuni\u00e3o Ordin\u00e1ria<\/a><\/p>\n\n\n\n<p><a href=\"https:\/\/jundiai.sp.gov.br\/planejamento-e-meio-ambiente\/wp-content\/uploads\/sites\/15\/2024\/05\/ata-4-reuniao-ordinaria-comdema-23_25-rev1-com-anexos.pdf\">4\u00aa Reuni\u00e3o Ordin\u00e1ria<\/a><\/p>\n\n\n\n<p><a href=\"https:\/\/jundiai.sp.gov.br\/planejamento-e-meio-ambiente\/wp-content\/uploads\/sites\/15\/2024\/05\/ata-5-reuniao-ordinaria-comdema-23_25-com-anexos.pdf\">5\u00aa Reuni\u00e3o Ordin\u00e1ria<\/a><\/p>\n\n\n\n<p><a href=\"https:\/\/jundiai.sp.gov.br\/planejamento-e-meio-ambiente\/wp-content\/uploads\/sites\/15\/2024\/08\/ata-6-reuniao-ordinaria-comdema-23_25.pdf\">6\u00aa Reuni\u00e3o Ordin\u00e1ria<\/a> <\/p>\n\n\n\n<p><a href=\"https:\/\/jundiai.sp.gov.br\/planejamento-e-meio-ambiente\/wp-content\/uploads\/sites\/15\/2024\/09\/ata-7-reuniao-ordinaria-comdema-23_25-1.pdf\">7\u00aa Reuni\u00e3o Ordin\u00e1ria<\/a><\/p>\n\n\n\n<p><a href=\"https:\/\/jundiai.sp.gov.br\/planejamento-e-meio-ambiente\/wp-content\/uploads\/sites\/15\/2024\/09\/ata-8-reuniao-ordinaria-comdema-23_25-rev-1-1.pdf\">8\u00aa Reuni\u00e3o Ordin\u00e1ria<\/a><\/p>\n\n\n\n<p><a href=\"https:\/\/jundiai.sp.gov.br\/planejamento-e-meio-ambiente\/wp-content\/uploads\/sites\/15\/2024\/12\/ata-9-reuniao-ordinaria-comdema-23_25.pdf\" data-type=\"link\" data-id=\"https:\/\/jundiai.sp.gov.br\/planejamento-e-meio-ambiente\/wp-content\/uploads\/sites\/15\/2024\/12\/ata-9-reuniao-ordinaria-comdema-23_25.pdf\">9\u00aa Reuni\u00e3o Ordin\u00e1ria<\/a><\/p>\n\n\n\n<p><a href=\"https:\/\/jundiai.sp.gov.br\/planejamento-e-meio-ambiente\/wp-content\/uploads\/sites\/15\/2024\/12\/ata-10-reuniao-ordinaria-comdema-23_25.pdf\" data-type=\"link\" data-id=\"https:\/\/jundiai.sp.gov.br\/planejamento-e-meio-ambiente\/wp-content\/uploads\/sites\/15\/2024\/12\/ata-10-reuniao-ordinaria-comdema-23_25.pdf\">10\u00aa Reuni\u00e3o Ordin\u00e1ria<\/a><\/p>\n\n\n\n<p><a href=\"https:\/\/jundiai.sp.gov.br\/planejamento-e-meio-ambiente\/wp-content\/uploads\/sites\/15\/2025\/01\/ata-11-reuniao-ordinaria-comdema-23_25-1.pdf\">11\u00aa Reuni\u00e3o Ordin\u00e1ria<\/a> <\/p>\n\n\n\n<p><a href=\"https:\/\/jundiai.sp.gov.br\/planejamento-e-meio-ambiente\/wp-content\/uploads\/sites\/15\/2025\/02\/ata-12-reuniao-ordinaria-comdema-23_25-1.pdf\">12\u00aa Reuni\u00e3o Ordin\u00e1ria <\/a><\/p>\n<\/div>\n\n\n\n<div class=\"wp-block-column is-layout-flow wp-block-column-is-layout-flow\">\n<h2 class=\"wp-block-heading\">Reuni\u00e3o Extraordin\u00e1ria<\/h2>\n\n\n\n<p> <a href=\"https:\/\/jundiai.sp.gov.br\/planejamento-e-meio-ambiente\/wp-content\/uploads\/sites\/15\/2024\/05\/ata-1-reuniao-extraordinaria-comdema-23_25-com-anexos.pdf\">1\u00aa Reuni\u00e3o Extraordin\u00e1ria<\/a><\/p>\n<\/div>\n<\/div>\n\n\n\n<p> <\/p>\n\n\n\n<p><\/p>\n","protected":false},"excerpt":{"rendered":"<p>Reuni\u00e3o Ordin\u00e1ria 1\u00aa Reuni\u00e3o Ordin\u00e1ria 2\u00aa Reuni\u00e3o Ordin\u00e1ria 3\u00aa Reuni\u00e3o Ordin\u00e1ria 4\u00aa Reuni\u00e3o Ordin\u00e1ria 5\u00aa Reuni\u00e3o Ordin\u00e1ria 6\u00aa Reuni\u00e3o Ordin\u00e1ria 7\u00aa Reuni\u00e3o Ordin\u00e1ria 8\u00aa Reuni\u00e3o Ordin\u00e1ria 9\u00aa Reuni\u00e3o Ordin\u00e1ria 10\u00aa Reuni\u00e3o Ordin\u00e1ria 11\u00aa Reuni\u00e3o Ordin\u00e1ria 12\u00aa Reuni\u00e3o Ordin\u00e1ria Reuni\u00e3o Extraordin\u00e1ria 1\u00aa Reuni\u00e3o Extraordin\u00e1ria<\/p>\n","protected":false},"author":112,"featured_media":0,"parent":0,"menu_order":0,"comment_status":"closed","ping_status":"closed","template":"","meta":{"footnotes":""},"class_list":["post-7104","page","type-page","status-publish","hentry"],"_links":{"self":[{"href":"https:\/\/jundiai.sp.gov.br\/planejamento-e-meio-ambiente\/wp-json\/wp\/v2\/pages\/7104","targetHints":{"allow":["GET"]}}],"collection":[{"href":"https:\/\/jundiai.sp.gov.br\/planejamento-e-meio-ambiente\/wp-json\/wp\/v2\/pages"}],"about":[{"href":"https:\/\/jundiai.sp.gov.br\/planejamento-e-meio-ambiente\/wp-json\/wp\/v2\/types\/page"}],"author":[{"embeddable":true,"href":"https:\/\/jundiai.sp.gov.br\/planejamento-e-meio-ambiente\/wp-json\/wp\/v2\/users\/112"}],"replies":[{"embeddable":true,"href":"https:\/\/jundiai.sp.gov.br\/planejamento-e-meio-ambiente\/wp-json\/wp\/v2\/comments?post=7104"}],"version-history":[{"count":14,"href":"https:\/\/jundiai.sp.gov.br\/planejamento-e-meio-ambiente\/wp-json\/wp\/v2\/pages\/7104\/revisions"}],"predecessor-version":[{"id":7579,"href":"https:\/\/jundiai.sp.gov.br\/planejamento-e-meio-ambiente\/wp-json\/wp\/v2\/pages\/7104\/revisions\/7579"}],"wp:attachment":[{"href":"https:\/\/jundiai.sp.gov.br\/planejamento-e-meio-ambiente\/wp-json\/wp\/v2\/media?parent=7104"}],"curies":[{"name":"wp","href":"https:\/\/api.w.org\/{rel}","templated":true}]}}