{"id":7638,"date":"2025-05-08T10:14:11","date_gmt":"2025-05-08T13:14:11","guid":{"rendered":"https:\/\/jundiai.sp.gov.br\/planejamento-e-meio-ambiente\/?page_id=7638"},"modified":"2025-10-15T15:56:54","modified_gmt":"2025-10-15T18:56:54","slug":"programa-de-visitas-monitoradas","status":"publish","type":"page","link":"https:\/\/jundiai.sp.gov.br\/planejamento-e-meio-ambiente\/programas\/programa-de-visitas-monitoradas\/","title":{"rendered":"Programa de Visitas Monitoradas"},"content":{"rendered":"\n<p>Criado em 2001, o <strong>Programa de Visitas Monitoradas<\/strong> da Reserva Biol\u00f3gica da Serra do Japi \u00e9 desenvolvido pela <strong>Prefeitura de Jundia\u00ed<\/strong>, por meio da <strong>Unidade de Gest\u00e3o de Planejamento Urbano e Meio Ambiente (UGPUMA).<\/strong><\/p>\n\n\n\n<h5 class=\"wp-block-heading\">Os Objetivos do Programa<\/h5>\n\n\n\n<p>Seu objetivo \u00e9 promover a educa\u00e7\u00e3o ambiental e sensibilizar os visitantes sobre a import\u00e2ncia da conserva\u00e7\u00e3o da biodiversidade local, por meio de visitas orientadas em um dos principais patrim\u00f4nios naturais do munic\u00edpio.<br><br>A Reserva Biol\u00f3gica \u00e9 uma Unidade de Conserva\u00e7\u00e3o de prote\u00e7\u00e3o integral, onde a presen\u00e7a humana \u00e9 extremamente restrita, sendo permitidas apenas pesquisas cient\u00edficas e visitas educativas previamente autorizadas. Por isso, todas as atividades ocorrem com acompanhamento de educadores ambientais capacitados, garantindo a seguran\u00e7a dos participantes e o respeito ao ambiente natural.<\/p>\n\n\n\n<p>As visitas s\u00e3o realizadas nos finais de semana e feriados, mediante agendamento pr\u00e9vio. O Programa apresenta trilhas com diferentes n\u00edveis de dificuldade, com n\u00famero limitado de visitantes e rod\u00edzio de uso para minimizar impactos ambientais. <br><br>O educador ambiental \u00e9 uma pe\u00e7a-chave no programa, atuando como agente multiplicador de conhecimento e consci\u00eancia ecol\u00f3gica. Seu papel \u00e9 orientar, informar e conduzir os grupos de forma segura, promovendo uma viv\u00eancia rica em aprendizado sobre a Serra do Japi. <\/p>\n\n\n\n<h5 class=\"wp-block-heading\">Decreto<\/h5>\n\n\n\n<p>O Programa \u00e9 regulamentado pelo <strong>Decreto Municipal no 18.1790\/1991<\/strong> e segue as diretrizes da <strong>Lei Federal no 9.985\/2000<\/strong>, que institui o <strong>Sistema Nacional de Unidades de Conserva\u00e7\u00e3o da Natureza (SNUC)<\/strong>, estabelecendo que em Reservas Biol\u00f3gicas s\u00f3 s\u00e3o permitidas visitas com fins cient\u00edficos e educacionais, sempre com monitoramento t\u00e9cnico, e da <strong>Lei Municipal no 3.672, de 1991<\/strong>, que criou a <strong>Reserva Biol\u00f3gica da Serra do Japi<\/strong>, com o objetivo de proteger sua fauna, flora e atributos naturais.<\/p>\n\n\n\n<style>\n.pagina li,\n.pagina p {\n    text-align: justify;\n}\n<\/style>\n","protected":false},"excerpt":{"rendered":"<p>Criado em 2001, o Programa de Visitas Monitoradas da Reserva Biol\u00f3gica da Serra do Japi \u00e9 desenvolvido pela Prefeitura de Jundia\u00ed, por meio da Unidade de Gest\u00e3o de Planejamento Urbano e Meio Ambiente (UGPUMA). Os Objetivos do Programa Seu objetivo \u00e9 promover a educa\u00e7\u00e3o ambiental e sensibilizar os visitantes sobre a import\u00e2ncia da conserva\u00e7\u00e3o da [&hellip;]<\/p>\n","protected":false},"author":117,"featured_media":0,"parent":4854,"menu_order":0,"comment_status":"closed","ping_status":"closed","template":"","meta":{"footnotes":""},"class_list":["post-7638","page","type-page","status-publish","hentry"],"_links":{"self":[{"href":"https:\/\/jundiai.sp.gov.br\/planejamento-e-meio-ambiente\/wp-json\/wp\/v2\/pages\/7638","targetHints":{"allow":["GET"]}}],"collection":[{"href":"https:\/\/jundiai.sp.gov.br\/planejamento-e-meio-ambiente\/wp-json\/wp\/v2\/pages"}],"about":[{"href":"https:\/\/jundiai.sp.gov.br\/planejamento-e-meio-ambiente\/wp-json\/wp\/v2\/types\/page"}],"author":[{"embeddable":true,"href":"https:\/\/jundiai.sp.gov.br\/planejamento-e-meio-ambiente\/wp-json\/wp\/v2\/users\/117"}],"replies":[{"embeddable":true,"href":"https:\/\/jundiai.sp.gov.br\/planejamento-e-meio-ambiente\/wp-json\/wp\/v2\/comments?post=7638"}],"version-history":[{"count":9,"href":"https:\/\/jundiai.sp.gov.br\/planejamento-e-meio-ambiente\/wp-json\/wp\/v2\/pages\/7638\/revisions"}],"predecessor-version":[{"id":7992,"href":"https:\/\/jundiai.sp.gov.br\/planejamento-e-meio-ambiente\/wp-json\/wp\/v2\/pages\/7638\/revisions\/7992"}],"up":[{"embeddable":true,"href":"https:\/\/jundiai.sp.gov.br\/planejamento-e-meio-ambiente\/wp-json\/wp\/v2\/pages\/4854"}],"wp:attachment":[{"href":"https:\/\/jundiai.sp.gov.br\/planejamento-e-meio-ambiente\/wp-json\/wp\/v2\/media?parent=7638"}],"curies":[{"name":"wp","href":"https:\/\/api.w.org\/{rel}","templated":true}]}}