{"id":7645,"date":"2025-05-08T11:58:11","date_gmt":"2025-05-08T14:58:11","guid":{"rendered":"https:\/\/jundiai.sp.gov.br\/planejamento-e-meio-ambiente\/?page_id=7645"},"modified":"2025-10-02T17:12:36","modified_gmt":"2025-10-02T20:12:36","slug":"quero-visitar-como-faco","status":"publish","type":"page","link":"https:\/\/jundiai.sp.gov.br\/planejamento-e-meio-ambiente\/visitacao-monitorada\/quero-visitar-como-faco\/","title":{"rendered":"Quero visitar. Como fa\u00e7o?"},"content":{"rendered":"\n<div class=\"wp-block-group is-nowrap is-layout-flex wp-container-core-group-is-layout-64989fb1 wp-block-group-is-layout-flex\">\n<div class=\"wp-block-group pilha-1 is-vertical is-layout-flex wp-container-core-group-is-layout-8cf370e7 wp-block-group-is-layout-flex\">\n<figure class=\"wp-block-image size-full fig-pilha-1\"><img loading=\"lazy\" decoding=\"async\" width=\"528\" height=\"960\" src=\"https:\/\/jundiai.sp.gov.br\/planejamento-e-meio-ambiente\/wp-content\/uploads\/sites\/15\/2025\/10\/image3.jpeg\" alt=\"\" class=\"wp-image-7860\" style=\"object-fit:cover\" srcset=\"https:\/\/jundiai.sp.gov.br\/planejamento-e-meio-ambiente\/wp-content\/uploads\/sites\/15\/2025\/10\/image3.jpeg 528w, https:\/\/jundiai.sp.gov.br\/planejamento-e-meio-ambiente\/wp-content\/uploads\/sites\/15\/2025\/10\/image3-275x500.jpeg 275w\" sizes=\"auto, (max-width: 528px) 100vw, 528px\" \/><figcaption class=\"wp-element-caption\">Trilha C\u00f3rrego dos Morcegos<\/figcaption><\/figure>\n<\/div>\n\n\n\n<div class=\"wp-block-group pilha-2 is-vertical is-layout-flex wp-container-core-group-is-layout-8cf370e7 wp-block-group-is-layout-flex\">\n<ul class=\"wp-block-list\">\n<li><strong>1\u00b0<\/strong> Ler as regras que dever\u00e3o ser atendidas em sua totalidade \u21d2 <a href=\"https:\/\/jundiai.sp.gov.br\/planejamento-e-meio-ambiente\/visitacao-monitorada\/recomendacoes-especificas\/\" target=\"_blank\" rel=\"noreferrer noopener\"><strong>O que devo saber antes da visita?<\/strong><\/a><\/li>\n<\/ul>\n\n\n\n<ul class=\"wp-block-list\">\n<li><strong>2\u00b0<\/strong> Escolher a trilha que deseja visitar \u21d2 <a href=\"https:\/\/jundiai.sp.gov.br\/planejamento-e-meio-ambiente\/visitacao-monitorada\/circuitos-visitaveis-dentro-da-reserva\/\" target=\"_blank\" rel=\"noreferrer noopener\"><strong>Trilhas para Visita\u00e7\u00e3o<\/strong><\/a>. <br>No link h\u00e1 informa\u00e7\u00f5es que te ajudar\u00e3o na escolha.\u00a0<\/li>\n<\/ul>\n\n\n\n<ul class=\"wp-block-list\">\n<li><strong>3\u00b0<\/strong> Escolhida a trilha, acessar o \u21d2\u00a0<a href=\"https:\/\/jundiai.sp.gov.br\/planejamento-e-meio-ambiente\/visitacao-monitorada\/programacao-de-visitas\/\" target=\"_blank\" rel=\"noreferrer noopener\"><strong>Programa\u00e7\u00e3o de Visitas<\/strong><\/a>.<br>Consta informa\u00e7\u00e3o sobre as datas e trilhas dispon\u00edveis, bem como o contato dos educadores ambientais.<\/li>\n<\/ul>\n\n\n\n<figure class=\"wp-block-image size-large fig-pilha-2\"><img loading=\"lazy\" decoding=\"async\" width=\"687\" height=\"458\" src=\"https:\/\/jundiai.sp.gov.br\/planejamento-e-meio-ambiente\/wp-content\/uploads\/sites\/15\/2025\/10\/image4.jpeg\" alt=\"\" class=\"wp-image-7861\" srcset=\"https:\/\/jundiai.sp.gov.br\/planejamento-e-meio-ambiente\/wp-content\/uploads\/sites\/15\/2025\/10\/image4.jpeg 687w, https:\/\/jundiai.sp.gov.br\/planejamento-e-meio-ambiente\/wp-content\/uploads\/sites\/15\/2025\/10\/image4-300x200.jpeg 300w\" sizes=\"auto, (max-width: 687px) 100vw, 687px\" \/><figcaption class=\"wp-element-caption\">Trilha do Mirante<\/figcaption><\/figure>\n<\/div>\n<\/div>\n\n\n\n<ul class=\"wp-block-list\">\n<li><strong>4\u00b0<\/strong> Agendamento: <strong>deve ser feito diretamente com o educador ambiental<\/strong>, por telefone ou e-mail \u21d2 <a href=\"https:\/\/docs.google.com\/spreadsheets\/d\/1Xb6A1BdblEjhWhmKLh0ZMPJoPT4sxTZ9KlTIddG3Xec\/edit?pli=1&amp;gid=0#gid=0\" target=\"_blank\" rel=\"noreferrer noopener\"><strong>contato dos educadores ambientais<\/strong><\/a>.<br>N\u00e3o precisa contactar a Prefeitura.<\/li>\n<\/ul>\n\n\n\n<ul class=\"wp-block-list\">\n<li><strong>5\u00b0<\/strong> Preencher o Termo de Responsabilidade. Sem ele, voc\u00ea n\u00e3o poder\u00e1 entrar na Reserva Biol\u00f3gica. Um para cada visitante.<\/li>\n<\/ul>\n\n\n\n<p><a href=\"https:\/\/docs.google.com\/forms\/d\/e\/1FAIpQLSc8MbKyMMmU6PFxvMo7H99kJ79JfMuYKmVGl2hvQbWL0ief3g\/viewform\" target=\"_blank\" rel=\"noreferrer noopener\"><strong>Termo de Responsabilidade<\/strong><\/a><\/p>\n\n\n\n<p><a href=\"https:\/\/docs.google.com\/forms\/d\/e\/1FAIpQLSftWDMtEVcYEobUzRxddscC9Z3JSuFvEldeWZhNMbv3EM-EDQ\/viewform\" target=\"_blank\" rel=\"noreferrer noopener\"><strong>Termo de Responsabilidade \u2013 Menor<\/strong><\/a><\/p>\n\n\n\n<p><br>Ap\u00f3s a visita, preencher a&nbsp;<a href=\"https:\/\/jundiai.sp.gov.br\/planejamento-e-meio-ambiente\/visitacao-monitorada\/pesquisa-de-satisfacao\/\" target=\"_blank\" rel=\"noreferrer noopener\"><strong>Pesquisa de Satisfa\u00e7\u00e3o<\/strong><\/a>. A sua contribui\u00e7\u00e3o \u00e9 muito importante.<\/p>\n\n\n\n<figure class=\"wp-block-gallery has-nested-images columns-default is-cropped wp-block-gallery-1 is-layout-flex wp-block-gallery-is-layout-flex\">\n<figure class=\"wp-block-image size-large\"><img loading=\"lazy\" decoding=\"async\" width=\"579\" height=\"476\" data-id=\"7863\" src=\"https:\/\/jundiai.sp.gov.br\/planejamento-e-meio-ambiente\/wp-content\/uploads\/sites\/15\/2025\/10\/image5.jpeg\" alt=\"\" class=\"wp-image-7863\" srcset=\"https:\/\/jundiai.sp.gov.br\/planejamento-e-meio-ambiente\/wp-content\/uploads\/sites\/15\/2025\/10\/image5.jpeg 579w, https:\/\/jundiai.sp.gov.br\/planejamento-e-meio-ambiente\/wp-content\/uploads\/sites\/15\/2025\/10\/image5-300x247.jpeg 300w\" sizes=\"auto, (max-width: 579px) 100vw, 579px\" \/><figcaption class=\"wp-element-caption\">Trilha das Jabuticabeiras<\/figcaption><\/figure>\n\n\n\n<figure class=\"wp-block-image size-large\"><img loading=\"lazy\" decoding=\"async\" width=\"580\" height=\"436\" data-id=\"7864\" src=\"https:\/\/jundiai.sp.gov.br\/planejamento-e-meio-ambiente\/wp-content\/uploads\/sites\/15\/2025\/10\/image6.jpeg\" alt=\"\" class=\"wp-image-7864\" srcset=\"https:\/\/jundiai.sp.gov.br\/planejamento-e-meio-ambiente\/wp-content\/uploads\/sites\/15\/2025\/10\/image6.jpeg 580w, https:\/\/jundiai.sp.gov.br\/planejamento-e-meio-ambiente\/wp-content\/uploads\/sites\/15\/2025\/10\/image6-300x226.jpeg 300w\" sizes=\"auto, (max-width: 580px) 100vw, 580px\" \/><figcaption class=\"wp-element-caption\">Trilha do Para\u00edso<\/figcaption><\/figure>\n<\/figure>\n\n\n<div class=\"wp-block-image fig-hide-on-desktop\">\n<figure class=\"alignleft size-full\"><img loading=\"lazy\" decoding=\"async\" width=\"528\" height=\"960\" src=\"https:\/\/jundiai.sp.gov.br\/planejamento-e-meio-ambiente\/wp-content\/uploads\/sites\/15\/2025\/10\/image3.jpeg\" alt=\"\" class=\"wp-image-7860\" style=\"object-fit:cover\" srcset=\"https:\/\/jundiai.sp.gov.br\/planejamento-e-meio-ambiente\/wp-content\/uploads\/sites\/15\/2025\/10\/image3.jpeg 528w, https:\/\/jundiai.sp.gov.br\/planejamento-e-meio-ambiente\/wp-content\/uploads\/sites\/15\/2025\/10\/image3-275x500.jpeg 275w\" sizes=\"auto, (max-width: 528px) 100vw, 528px\" \/><figcaption class=\"wp-element-caption\">Trilha C\u00f3rrego dos Morcegos<\/figcaption><\/figure>\n<\/div>\n\n\n<style>\n.pilha-1 {\n    margin-right: 30px !important;\n    width: 33%;\n}\n\n.pilha-2 {\nposition: relative;\n    width: 67%;\n}\n\n.fig-pilha-2 {\n    width:100%;    \n    max-width:554px\n}\n\n.fig-pilha-1 img {\n    object-fit: none;\n    height: 566px;\n    object-position: center;\n    object-position: bottom center;\n}\n\n.fig-hide-on-desktop {\n    display: none;\n    visibility: hidden;\n}\n\n@media only screen and (max-width:1280px) {\n    .fig-pilha-2 img {\n         height: 369px\n    }\n}\n\n\n@media only screen and (max-width: 1173px) {\n\n.fig-pilha-2 img{\n    height: 348px;\n    object-fit: none;\n    object-position: bottom;\n}\n\n}\n\n\n@media only screen and (max-width: 1103px) {\n.fig-pilha-2 img{\n    height: 326px;\n\n}\n\n@media only screen and (max-width:1024px) {\n\n\n.pilha-1 {\n    display: none !important;\n    visibility: hidden;\n}\n\n.fig-hide-on-desktop {\n    display: block;\n    visibility: visible;\n    \n\n}\n\n.fig-hide-on-desktop img {\n    height: 340px;\n    object-fit: contain;\n    object-position: bottom center;\n}\n\n.pilha-2 {\n    width: 100%;\n}\n\n.fig-pilha-2 {\n    display: flex;\n    flex-direction: column;\n    align-items: center;\n    justify-content: center;\n    width: 100%;\n    align-self: center;\n    margin-bottom: 0px !important;\n}\n\n}\n\n<\/style>\n","protected":false},"excerpt":{"rendered":"<p>Termo de Responsabilidade Termo de Responsabilidade \u2013 Menor Ap\u00f3s a visita, preencher a&nbsp;Pesquisa de Satisfa\u00e7\u00e3o. A sua contribui\u00e7\u00e3o \u00e9 muito importante.<\/p>\n","protected":false},"author":117,"featured_media":0,"parent":3110,"menu_order":0,"comment_status":"closed","ping_status":"closed","template":"","meta":{"footnotes":""},"class_list":["post-7645","page","type-page","status-publish","hentry"],"_links":{"self":[{"href":"https:\/\/jundiai.sp.gov.br\/planejamento-e-meio-ambiente\/wp-json\/wp\/v2\/pages\/7645","targetHints":{"allow":["GET"]}}],"collection":[{"href":"https:\/\/jundiai.sp.gov.br\/planejamento-e-meio-ambiente\/wp-json\/wp\/v2\/pages"}],"about":[{"href":"https:\/\/jundiai.sp.gov.br\/planejamento-e-meio-ambiente\/wp-json\/wp\/v2\/types\/page"}],"author":[{"embeddable":true,"href":"https:\/\/jundiai.sp.gov.br\/planejamento-e-meio-ambiente\/wp-json\/wp\/v2\/users\/117"}],"replies":[{"embeddable":true,"href":"https:\/\/jundiai.sp.gov.br\/planejamento-e-meio-ambiente\/wp-json\/wp\/v2\/comments?post=7645"}],"version-history":[{"count":32,"href":"https:\/\/jundiai.sp.gov.br\/planejamento-e-meio-ambiente\/wp-json\/wp\/v2\/pages\/7645\/revisions"}],"predecessor-version":[{"id":7900,"href":"https:\/\/jundiai.sp.gov.br\/planejamento-e-meio-ambiente\/wp-json\/wp\/v2\/pages\/7645\/revisions\/7900"}],"up":[{"embeddable":true,"href":"https:\/\/jundiai.sp.gov.br\/planejamento-e-meio-ambiente\/wp-json\/wp\/v2\/pages\/3110"}],"wp:attachment":[{"href":"https:\/\/jundiai.sp.gov.br\/planejamento-e-meio-ambiente\/wp-json\/wp\/v2\/media?parent=7645"}],"curies":[{"name":"wp","href":"https:\/\/api.w.org\/{rel}","templated":true}]}}