{"id":77,"date":"2014-08-20T16:43:15","date_gmt":"2014-08-20T19:43:15","guid":{"rendered":"https:\/\/jundiai.sp.gov.br\/planejamento-e-meio-ambiente\/?page_id=77"},"modified":"2021-11-26T11:51:53","modified_gmt":"2021-11-26T14:51:53","slug":"eiv-riv","status":"publish","type":"page","link":"https:\/\/jundiai.sp.gov.br\/planejamento-e-meio-ambiente\/eiv-riv\/","title":{"rendered":"EIV \/ RIV"},"content":{"rendered":"<p><a href=\"https:\/\/jundiai.sp.gov.br\/planejamento-e-meio-ambiente\/eiv-riv\/legislacao\/\">Legisla\u00e7\u00e3o<\/a><br \/>\n<a href=\"https:\/\/jundiai.sp.gov.br\/planejamento-e-meio-ambiente\/instrucoes-eiv-riv\/\">Instru\u00e7\u00f5es EIV\/RIV<\/a><br \/>\n<a href=\"https:\/\/jundiai.sp.gov.br\/planejamento-e-meio-ambiente\/acompanhamento-processos-eiv-riv\/\">Acompanhamento processos EIV\/RIV<\/a><br \/>\n<a href=\"https:\/\/jundiai.sp.gov.br\/planejamento-e-meio-ambiente\/eiv-riv\/publicacoes\/\">Publica\u00e7\u00f5es EIV\/RIV<\/a><\/p>\n<p><!--\n \t\n\n<li><a href=\"https:\/\/jundiai.sp.gov.br\/planejamento-e-meio-ambiente\/eiv-riv\/cartilha\/\" >Cartilha<\/a><\/li>\n\n\n \t\n\n<li><a href=\"https:\/\/jundiai.sp.gov.br\/planejamento-e-meio-ambiente\/eiv-riv\/formularios\/\">Formul\u00e1rios<\/a><\/li>\n\n\n--><\/p>\n","protected":false},"excerpt":{"rendered":"<p>Legisla\u00e7\u00e3o Instru\u00e7\u00f5es EIV\/RIV Acompanhamento processos EIV\/RIV Publica\u00e7\u00f5es EIV\/RIV<\/p>\n","protected":false},"author":5,"featured_media":0,"parent":0,"menu_order":0,"comment_status":"closed","ping_status":"closed","template":"","meta":{"footnotes":""},"class_list":["post-77","page","type-page","status-publish","hentry"],"_links":{"self":[{"href":"https:\/\/jundiai.sp.gov.br\/planejamento-e-meio-ambiente\/wp-json\/wp\/v2\/pages\/77","targetHints":{"allow":["GET"]}}],"collection":[{"href":"https:\/\/jundiai.sp.gov.br\/planejamento-e-meio-ambiente\/wp-json\/wp\/v2\/pages"}],"about":[{"href":"https:\/\/jundiai.sp.gov.br\/planejamento-e-meio-ambiente\/wp-json\/wp\/v2\/types\/page"}],"author":[{"embeddable":true,"href":"https:\/\/jundiai.sp.gov.br\/planejamento-e-meio-ambiente\/wp-json\/wp\/v2\/users\/5"}],"replies":[{"embeddable":true,"href":"https:\/\/jundiai.sp.gov.br\/planejamento-e-meio-ambiente\/wp-json\/wp\/v2\/comments?post=77"}],"version-history":[{"count":13,"href":"https:\/\/jundiai.sp.gov.br\/planejamento-e-meio-ambiente\/wp-json\/wp\/v2\/pages\/77\/revisions"}],"predecessor-version":[{"id":5323,"href":"https:\/\/jundiai.sp.gov.br\/planejamento-e-meio-ambiente\/wp-json\/wp\/v2\/pages\/77\/revisions\/5323"}],"wp:attachment":[{"href":"https:\/\/jundiai.sp.gov.br\/planejamento-e-meio-ambiente\/wp-json\/wp\/v2\/media?parent=77"}],"curies":[{"name":"wp","href":"https:\/\/api.w.org\/{rel}","templated":true}]}}