{"id":8079,"date":"2026-02-05T15:16:53","date_gmt":"2026-02-05T18:16:53","guid":{"rendered":"https:\/\/jundiai.sp.gov.br\/planejamento-e-meio-ambiente\/?page_id=8079"},"modified":"2026-02-05T16:35:02","modified_gmt":"2026-02-05T19:35:02","slug":"aprovacao-de-plano-de-gerenciamento-de-residuos-da-construcao-civil-pgrs-cc","status":"publish","type":"page","link":"https:\/\/jundiai.sp.gov.br\/planejamento-e-meio-ambiente\/aprovacao-de-plano-de-gerenciamento-de-residuos-da-construcao-civil-pgrs-cc\/","title":{"rendered":"Aprova\u00e7\u00e3o de Plano de Gerenciamento de Res\u00edduos da Constru\u00e7\u00e3o Civil (PGRS-CC)"},"content":{"rendered":"\n<p><a href=\"https:\/\/jundiai.sp.gov.br\/planejamento-e-meio-ambiente\/plano-de-gerenciamento-de-residuos-solidos-da-construcao-civil-pgrs-cc\/\">Plano de Gerenciamento de Res\u00edduos S\u00f3lidos da Constru\u00e7\u00e3o Civil (PGRS-CC)<\/a><br>\ud83d\udd39O\u00a0<strong>Plano de Gerenciamento de Res\u00edduos S\u00f3lidos da Constru\u00e7\u00e3o Civil \u2013 PGRS-CC<\/strong>\u00a0\u00e9 um instrumento de gest\u00e3o ambiental que define os procedimentos para o correto manejo dos res\u00edduos gerados durante as atividades de\u00a0<strong>constru\u00e7\u00e3o, reforma, amplia\u00e7\u00e3o e demoli\u00e7\u00e3o<\/strong>, desde a gera\u00e7\u00e3o at\u00e9 a destina\u00e7\u00e3o final ambientalmente adequada.<\/p>\n","protected":false},"excerpt":{"rendered":"<p>Plano de Gerenciamento de Res\u00edduos S\u00f3lidos da Constru\u00e7\u00e3o Civil (PGRS-CC)\ud83d\udd39O\u00a0Plano de Gerenciamento de Res\u00edduos S\u00f3lidos da Constru\u00e7\u00e3o Civil \u2013 PGRS-CC\u00a0\u00e9 um instrumento de gest\u00e3o ambiental que define os procedimentos para o correto manejo dos res\u00edduos gerados durante as atividades de\u00a0constru\u00e7\u00e3o, reforma, amplia\u00e7\u00e3o e demoli\u00e7\u00e3o, desde a gera\u00e7\u00e3o at\u00e9 a destina\u00e7\u00e3o final ambientalmente adequada.<\/p>\n","protected":false},"author":117,"featured_media":0,"parent":0,"menu_order":0,"comment_status":"closed","ping_status":"closed","template":"","meta":{"footnotes":""},"class_list":["post-8079","page","type-page","status-publish","hentry"],"_links":{"self":[{"href":"https:\/\/jundiai.sp.gov.br\/planejamento-e-meio-ambiente\/wp-json\/wp\/v2\/pages\/8079","targetHints":{"allow":["GET"]}}],"collection":[{"href":"https:\/\/jundiai.sp.gov.br\/planejamento-e-meio-ambiente\/wp-json\/wp\/v2\/pages"}],"about":[{"href":"https:\/\/jundiai.sp.gov.br\/planejamento-e-meio-ambiente\/wp-json\/wp\/v2\/types\/page"}],"author":[{"embeddable":true,"href":"https:\/\/jundiai.sp.gov.br\/planejamento-e-meio-ambiente\/wp-json\/wp\/v2\/users\/117"}],"replies":[{"embeddable":true,"href":"https:\/\/jundiai.sp.gov.br\/planejamento-e-meio-ambiente\/wp-json\/wp\/v2\/comments?post=8079"}],"version-history":[{"count":28,"href":"https:\/\/jundiai.sp.gov.br\/planejamento-e-meio-ambiente\/wp-json\/wp\/v2\/pages\/8079\/revisions"}],"predecessor-version":[{"id":8149,"href":"https:\/\/jundiai.sp.gov.br\/planejamento-e-meio-ambiente\/wp-json\/wp\/v2\/pages\/8079\/revisions\/8149"}],"wp:attachment":[{"href":"https:\/\/jundiai.sp.gov.br\/planejamento-e-meio-ambiente\/wp-json\/wp\/v2\/media?parent=8079"}],"curies":[{"name":"wp","href":"https:\/\/api.w.org\/{rel}","templated":true}]}}