{"id":8126,"date":"2026-02-05T15:51:03","date_gmt":"2026-02-05T18:51:03","guid":{"rendered":"https:\/\/jundiai.sp.gov.br\/planejamento-e-meio-ambiente\/?page_id=8126"},"modified":"2026-02-05T16:32:52","modified_gmt":"2026-02-05T19:32:52","slug":"plano-de-gerenciamento-de-residuos-solidos-da-construcao-civil-pgrs-cc","status":"publish","type":"page","link":"https:\/\/jundiai.sp.gov.br\/planejamento-e-meio-ambiente\/plano-de-gerenciamento-de-residuos-solidos-da-construcao-civil-pgrs-cc\/","title":{"rendered":"Plano de Gerenciamento de Res\u00edduos S\u00f3lidos da Constru\u00e7\u00e3o Civil (PGRS-CC)"},"content":{"rendered":"\n<p><strong>O Plano de Gerenciamento de Res\u00edduos S\u00f3lidos da Constru\u00e7\u00e3o Civil \u2013 PGRS-CC<\/strong> \u00e9 um instrumento de gest\u00e3o ambiental que define os procedimentos para o correto manejo dos res\u00edduos gerados durante as atividades de <strong>constru\u00e7\u00e3o, reforma, amplia\u00e7\u00e3o e demoli\u00e7\u00e3o<\/strong>, desde a gera\u00e7\u00e3o at\u00e9 a destina\u00e7\u00e3o final ambientalmente adequada.<br>No Munic\u00edpio de Jundia\u00ed, a apresenta\u00e7\u00e3o e aprova\u00e7\u00e3o do PGRS-CC s\u00e3o exigidas nos termos da legisla\u00e7\u00e3o ambiental vigente e das normas municipais, integrando o processo de licenciamento ambiental e, quando aplic\u00e1vel, o processo de licenciamento do Estudo de Impacto de Vizinhan\u00e7a (EIV).<\/p>\n\n\n\n<h4 class=\"wp-block-heading\"><strong>Protocolo Eletr\u00f4nico<\/strong><\/h4>\n\n\n\n<p>O requerimento e a documenta\u00e7\u00e3o necess\u00e1ria dever\u00e3o ser protocolados exclusivamente de forma eletr\u00f4nica, por meio do Sistema de An\u00e1lise de Processos \u2013 SAEPRO, conforme orienta\u00e7\u00f5es constantes no pr\u00f3prio requerimento.<\/p>\n\n\n\n<div class=\"wp-block-file\"><a id=\"wp-block-file--media-644d6d2e-66b9-43d5-b5fe-3ed0addc6608\" href=\"https:\/\/jundiai.sp.gov.br\/planejamento-e-meio-ambiente\/wp-content\/uploads\/sites\/15\/2026\/02\/jundiai-pgrs-cc_requerimento.pdf\" target=\"_blank\" rel=\"noreferrer noopener\"><em>Jundia\u00ed \u2013 PGRS-CC | Requerimento (SAEPRO)<\/em><\/a><\/div>\n\n\n\n<h4 class=\"wp-block-heading\"><strong>Orienta\u00e7\u00f5es e Procedimentos<\/strong><\/h4>\n\n\n\n<h6 class=\"wp-block-heading\">\ud83d\udcd8 Elabora\u00e7\u00e3o do PGRS-CC<\/h6>\n\n\n\n<div class=\"wp-block-file\"><a id=\"wp-block-file--media-75434caa-4a00-4d88-bf12-c0188ec51803\" href=\"https:\/\/jundiai.sp.gov.br\/planejamento-e-meio-ambiente\/wp-content\/uploads\/sites\/15\/2026\/02\/jundiai-pgrs-cc-_-procedimento.pdf\" target=\"_blank\" rel=\"noreferrer noopener\">Jundia\u00ed \u2013 PGRS-CC | Procedimento<\/a><\/div>\n\n\n\n<div class=\"wp-block-file\"><a id=\"wp-block-file--media-ba8c65ad-7a8a-412a-9ccc-0df3cdeb0fe4\" href=\"https:\/\/jundiai.sp.gov.br\/planejamento-e-meio-ambiente\/wp-content\/uploads\/sites\/15\/2026\/02\/jundiai-pgrs-cc_modelo-conteudo-pgrs-cc.pdf\" target=\"_blank\" rel=\"noreferrer noopener\">Jundia\u00ed &#8211; PGRS-CC | Modelo<\/a><\/div>\n\n\n\n<h6 class=\"wp-block-heading\">\ud83d\udcca Relat\u00f3rios Peri\u00f3dicos<\/h6>\n\n\n\n<div class=\"wp-block-file\"><a id=\"wp-block-file--media-5d65dee8-9ed9-4a48-bc84-599ddb3fe467\" href=\"https:\/\/jundiai.sp.gov.br\/planejamento-e-meio-ambiente\/wp-content\/uploads\/sites\/15\/2026\/02\/jundiai-pgrs-cc_modelo-relatorio.pdf\" target=\"_blank\" rel=\"noreferrer noopener\">Jundia\u00ed \u2013 PGRS-CC | Relat\u00f3rio Peri\u00f3dico \u2013 Estrutura \/ Modelo<\/a><\/div>\n\n\n\n<h6 class=\"wp-block-heading\">\ud83d\uddc2\ufe0f Comprovantes de Destina\u00e7\u00e3o de Res\u00edduos S\u00f3lidos<\/h6>\n\n\n\n<p>Para orienta\u00e7\u00f5es sobre a extra\u00e7\u00e3o de comprovantes de destina\u00e7\u00e3o de res\u00edduos s\u00f3lidos no local de coleta no Munic\u00edpio (Geresol), acesso o&nbsp; sistema&nbsp;<strong>Coletas Online<\/strong>:<\/p>\n\n\n\n<h4 class=\"wp-block-heading\"><strong>Atos Normativos<\/strong><\/h4>\n\n\n\n<h6 class=\"wp-block-heading\">\ud83d\udcdc Legisla\u00e7\u00e3o Federal<\/h6>\n\n\n\n<div class=\"wp-block-file\"><a id=\"wp-block-file--media-fd4ac643-b3d9-465c-bf11-4c4407a55dae\" href=\"https:\/\/jundiai.sp.gov.br\/planejamento-e-meio-ambiente\/wp-content\/uploads\/sites\/15\/2026\/02\/lei-federal-12-305_2010_pnrs.pdf\" target=\"_blank\" rel=\"noreferrer noopener\">Lei Federal n\u00ba 12.305\/2010 \u2013 Pol\u00edtica Nacional de Res\u00edduos S\u00f3lidos (PNRS)<\/a><\/div>\n\n\n\n<div class=\"wp-block-file\"><a id=\"wp-block-file--media-e136e75f-6b0a-466e-9cc9-7d24d64a4c6e\" href=\"https:\/\/jundiai.sp.gov.br\/planejamento-e-meio-ambiente\/wp-content\/uploads\/sites\/15\/2026\/02\/resolucao-estadual-307-05.pdf\" target=\"_blank\" rel=\"noreferrer noopener\">Resolu\u00e7\u00e3o CONAMA n\u00ba 307\/2002 e suas altera\u00e7\u00f5es<\/a><\/div>\n\n\n\n<h6 class=\"wp-block-heading\">\ud83d\udcdc Legisla\u00e7\u00e3o Estadual \u2013 S\u00e3o Paulo<\/h6>\n\n\n\n<div class=\"wp-block-file\"><a id=\"wp-block-file--media-4d0fa1a9-c550-4f56-932e-c03569b3a935\" href=\"https:\/\/jundiai.sp.gov.br\/planejamento-e-meio-ambiente\/wp-content\/uploads\/sites\/15\/2026\/02\/lei-estadual-12-300_2006_pers.pdf\" target=\"_blank\" rel=\"noreferrer noopener\">Lei Estadual n\u00ba 12.300\/2006 \u2013 Pol\u00edtica Estadual de Res\u00edduos S\u00f3lidos (PERS)<\/a><\/div>\n\n\n\n<h6 class=\"wp-block-heading\">\ud83d\udcdc Legisla\u00e7\u00e3o Municipal \u2013 Jundia\u00ed<\/h6>\n\n\n\n<div class=\"wp-block-file\"><a id=\"wp-block-file--media-96dec83d-695b-48a8-b58d-3fc8419d2abb\" href=\"https:\/\/jundiai.sp.gov.br\/planejamento-e-meio-ambiente\/wp-content\/uploads\/sites\/15\/2026\/02\/lei-8570-15_texto_integral.pdf\" target=\"_blank\" rel=\"noreferrer noopener\">Lei Municipal n\u00ba 8.570\/2015<\/a><\/div>\n\n\n\n<div class=\"wp-block-file\"><a id=\"wp-block-file--media-1a49ab65-c183-4e72-b07e-920112364497\" href=\"https:\/\/jundiai.sp.gov.br\/planejamento-e-meio-ambiente\/wp-content\/uploads\/sites\/15\/2026\/02\/lei-8574-15_texto_integral.pdf\" target=\"_blank\" rel=\"noreferrer noopener\">Lei Municipal n\u00ba 8.574\/2015<\/a><\/div>\n","protected":false},"excerpt":{"rendered":"<p>O Plano de Gerenciamento de Res\u00edduos S\u00f3lidos da Constru\u00e7\u00e3o Civil \u2013 PGRS-CC \u00e9 um instrumento de gest\u00e3o ambiental que define os procedimentos para o correto manejo dos res\u00edduos gerados durante as atividades de constru\u00e7\u00e3o, reforma, amplia\u00e7\u00e3o e demoli\u00e7\u00e3o, desde a gera\u00e7\u00e3o at\u00e9 a destina\u00e7\u00e3o final ambientalmente adequada.No Munic\u00edpio de Jundia\u00ed, a apresenta\u00e7\u00e3o e aprova\u00e7\u00e3o do [&hellip;]<\/p>\n","protected":false},"author":117,"featured_media":0,"parent":0,"menu_order":0,"comment_status":"closed","ping_status":"closed","template":"","meta":{"footnotes":""},"class_list":["post-8126","page","type-page","status-publish","hentry"],"_links":{"self":[{"href":"https:\/\/jundiai.sp.gov.br\/planejamento-e-meio-ambiente\/wp-json\/wp\/v2\/pages\/8126","targetHints":{"allow":["GET"]}}],"collection":[{"href":"https:\/\/jundiai.sp.gov.br\/planejamento-e-meio-ambiente\/wp-json\/wp\/v2\/pages"}],"about":[{"href":"https:\/\/jundiai.sp.gov.br\/planejamento-e-meio-ambiente\/wp-json\/wp\/v2\/types\/page"}],"author":[{"embeddable":true,"href":"https:\/\/jundiai.sp.gov.br\/planejamento-e-meio-ambiente\/wp-json\/wp\/v2\/users\/117"}],"replies":[{"embeddable":true,"href":"https:\/\/jundiai.sp.gov.br\/planejamento-e-meio-ambiente\/wp-json\/wp\/v2\/comments?post=8126"}],"version-history":[{"count":4,"href":"https:\/\/jundiai.sp.gov.br\/planejamento-e-meio-ambiente\/wp-json\/wp\/v2\/pages\/8126\/revisions"}],"predecessor-version":[{"id":8147,"href":"https:\/\/jundiai.sp.gov.br\/planejamento-e-meio-ambiente\/wp-json\/wp\/v2\/pages\/8126\/revisions\/8147"}],"wp:attachment":[{"href":"https:\/\/jundiai.sp.gov.br\/planejamento-e-meio-ambiente\/wp-json\/wp\/v2\/media?parent=8126"}],"curies":[{"name":"wp","href":"https:\/\/api.w.org\/{rel}","templated":true}]}}