{"id":8154,"date":"2026-02-18T11:54:55","date_gmt":"2026-02-18T14:54:55","guid":{"rendered":"https:\/\/jundiai.sp.gov.br\/planejamento-e-meio-ambiente\/?page_id=8154"},"modified":"2026-03-03T10:14:30","modified_gmt":"2026-03-03T13:14:30","slug":"1o-workshop-de-passagem-de-fauna","status":"publish","type":"page","link":"https:\/\/jundiai.sp.gov.br\/planejamento-e-meio-ambiente\/1o-workshop-de-passagem-de-fauna\/","title":{"rendered":"1\u00ba Workshop de Passagem de Fauna"},"content":{"rendered":"\n<figure class=\"wp-block-image size-large\"><img loading=\"lazy\" decoding=\"async\" width=\"1280\" height=\"320\" src=\"https:\/\/jundiai.sp.gov.br\/planejamento-e-meio-ambiente\/wp-content\/uploads\/sites\/15\/2026\/02\/image-1280x320.jpeg\" alt=\"\" class=\"wp-image-8155\" srcset=\"https:\/\/jundiai.sp.gov.br\/planejamento-e-meio-ambiente\/wp-content\/uploads\/sites\/15\/2026\/02\/image-1280x320.jpeg 1280w, https:\/\/jundiai.sp.gov.br\/planejamento-e-meio-ambiente\/wp-content\/uploads\/sites\/15\/2026\/02\/image-300x75.jpeg 300w, https:\/\/jundiai.sp.gov.br\/planejamento-e-meio-ambiente\/wp-content\/uploads\/sites\/15\/2026\/02\/image-768x192.jpeg 768w, https:\/\/jundiai.sp.gov.br\/planejamento-e-meio-ambiente\/wp-content\/uploads\/sites\/15\/2026\/02\/image.jpeg 1299w\" sizes=\"auto, (max-width: 1280px) 100vw, 1280px\" \/><\/figure>\n\n\n\n<p>A realiza\u00e7\u00e3o de um&nbsp;<em>workshop<\/em>&nbsp;t\u00e9cnico-institucional para discutir a implementa\u00e7\u00e3o de dispositivos de passagem de fauna em Jundia\u00ed n\u00e3o \u00e9 apenas uma boa pr\u00e1tica ambiental, mas uma exig\u00eancia estrat\u00e9gica e um passo fundamental para o cumprimento do Plano Municipal de Conserva\u00e7\u00e3o e Recupera\u00e7\u00e3o da Mata Atl\u00e2ntica e do Cerrado (PMMAC).<\/p>\n\n\n\n<p>Assim, o I WORKSHOP DE PASSAGEM DE FAUNA DAS APAS JUNDIA\u00cd E CABRE\u00daVA teve o objetivo de reunir profissionais e partes interessadas de diversas \u00e1reas para&nbsp;<strong>compartilhar experi\u00eancias e pr\u00e1ticas bem-sucedidas<\/strong>&nbsp;com foco no desenvolvimento de&nbsp;<strong>solu\u00e7\u00f5es eficazes<\/strong>&nbsp;para a&nbsp;<strong>conectividade de habitats<\/strong>&nbsp;e a&nbsp;<strong>mitiga\u00e7\u00e3o de atropelamentos de fauna<\/strong>&nbsp;na APA de Jundia\u00ed Cabre\u00fava, ampliando o di\u00e1logo para uma constru\u00e7\u00e3o coletiva de pol\u00edticas p\u00fablicas para conserva\u00e7\u00e3o da vida silvestre.&nbsp;<\/p>\n\n\n\n<p><strong>ORGANIZADORES:<\/strong>&nbsp;<\/p>\n\n\n\n<p>&#8211; Prefeitura de Jundia\u00ed, por meio da sua Secretaria de Planejamento Urbano e Meio Ambiente e do Departamento de Meio Ambiente; e<\/p>\n\n\n\n<p>&#8211; Secretaria Estadual de Meio Ambiente, Infraestrutura e Log\u00edstica, por meio da Funda\u00e7\u00e3o Florestal e da C\u00e2mara T\u00e9cnica de Biodiversidade.\u00a0<br><br><strong>APOIO:<\/strong>\u00a0SESC Jundia\u00ed.<\/p>\n\n\n\n<p><strong>LOCAL DO WORKSHOP:<\/strong><br>Data: 11\/02\/2026 (quarta-feira)<br>Hor\u00e1rio: 08h00 \u2013 13h30<br>Local: Sesc Jundia\u00ed<br>Endere\u00e7o: Avenida Ant\u00f4nio Frederico Ozanan, 6.600 \u2013 Jardim Bot\u00e2nico<\/p>\n\n\n\n<p><strong>PER\u00cdODO DE INSCRI\u00c7\u00c3O:<\/strong><br>In\u00edcio: 11\/01\/2026<br>Encerramento: 10\/02\/2026<br><strong><mark style=\"background-color:rgba(0, 0, 0, 0)\" class=\"has-inline-color has-vivid-red-color\">INSCRI\u00c7\u00d5ES ENCERRADAS<\/mark><\/strong><\/p>\n\n\n\n<p><strong>PROGRAMA\u00c7\u00c3O:<\/strong><\/p>\n\n\n\n<p><strong>8h00 \u2013 8h30 \u2013&nbsp;<\/strong>Credenciamento\/Recep\u00e7\u00e3o<\/p>\n\n\n\n<p><strong>8h30 \u2013 9h00\u00a0<\/strong>Abertura: Secretaria de Planejamento Urbano e Meio Ambiente\/Departamento de Meio Ambiente<br><strong>V\u00eddeo institucional APA Jundia\u00ed \u2013 Funda\u00e7\u00e3o Florestal<\/strong><\/p>\n\n\n\n<p><strong>9h00 \u2013 9h30 \u201c<\/strong>Prefeitura de Campinas \u2013 A experi\u00eancia do munic\u00edpio de Campinas na instala\u00e7\u00e3o e manuten\u00e7\u00e3o de passagens de fauna e no monitoramento de sua efetividade\u201d.<strong>&nbsp;<\/strong><br><strong>Palestrantes<\/strong>: Assessora T\u00e9cnica \u00c2ngela Cruz Guirao e Assessor T\u00e9cnico Rodrigo Pires \u2013 Secretaria Municipal do Clima, Meio Ambiente e Sustentabilidade de Campinas<\/p>\n\n\n\n<p><strong>9h30 \u2013 10h00&nbsp;<\/strong>\u201cO desafio da ecologia de transportes para a conserva\u00e7\u00e3o da biodiversidade no Brasil\u201d.&nbsp;<br><strong>Palestrante<\/strong>: Dr. Vagner Reis da Silveira \u2013 REET (Rede Brasileira de Especialistas em Ecologia de Transportes)&nbsp;<\/p>\n\n\n\n<p><strong>10h00 \u2013 10h30\u00a0<\/strong>\u201cComo as passagens de fauna e os corredores ecol\u00f3gicos podem contribuir para a conserva\u00e7\u00e3o de fragmentos florestais nos munic\u00edpios\u201d.<br><strong>Palestrante:\u00a0<\/strong>Alexandre Uezu \u2013 Instituto de Pesquisas Ecol\u00f3gicas \u2013 IP\u00ca<\/p>\n\n\n\n<p><strong>10h30 \u2013 11h00&nbsp;<\/strong>\u201cMedidas mitigadoras de atropelamento de fauna no licenciamento ambiental\u201d<br><strong>Palestrante:&nbsp;<\/strong>Ana Mengardo \u2013 CETESB<\/p>\n\n\n\n<p><strong>11h00 \u2013 11h30&nbsp;<\/strong>\u201cFerramentas e procedimentos desenvolvidos pela CETESB para gest\u00e3o da fauna silvestre\u201d<br><strong>Palestrantes:&nbsp;<\/strong>Gleice da C. Sales Ferreira \u2013 CETESB e Juliana Moreno Pina \u2013 CETESB.<\/p>\n\n\n\n<p><strong>11h30 \u2013 12h00\u00a0<\/strong>\u201cAs experi\u00eancias nacionais e internacionais nos estudos para instala\u00e7\u00e3o, monitoramento e manuten\u00e7\u00e3o de passagens de fauna para a redu\u00e7\u00e3o de atropelamentos de fauna em empreendimentos rodoferrovi\u00e1rios.\u201d<br><strong>Palestrante:\u00a0<\/strong>Fernanda Abra \u2013 ViaFauna<\/p>\n\n\n\n<p><strong>12h00 \u2013 13h00 \u2013\u00a0<\/strong>Participa\u00e7\u00e3o do p\u00fablico, discuss\u00e3o e encerramento.<br><strong>Moderador<\/strong>: Dr. Guilherme Theodoro Nascimento Pereira de Lima<\/p>\n\n\n\n<p><strong>PALESTRANTES E APRESENTA\u00c7\u00d5ES<\/strong><br><\/p>\n\n\n\n<figure class=\"wp-block-image size-full\"><img loading=\"lazy\" decoding=\"async\" width=\"1232\" height=\"596\" src=\"https:\/\/jundiai.sp.gov.br\/planejamento-e-meio-ambiente\/wp-content\/uploads\/sites\/15\/2026\/02\/image.png\" alt=\"\" class=\"wp-image-8156\" srcset=\"https:\/\/jundiai.sp.gov.br\/planejamento-e-meio-ambiente\/wp-content\/uploads\/sites\/15\/2026\/02\/image.png 1232w, https:\/\/jundiai.sp.gov.br\/planejamento-e-meio-ambiente\/wp-content\/uploads\/sites\/15\/2026\/02\/image-300x145.png 300w, https:\/\/jundiai.sp.gov.br\/planejamento-e-meio-ambiente\/wp-content\/uploads\/sites\/15\/2026\/02\/image-768x372.png 768w\" sizes=\"auto, (max-width: 1232px) 100vw, 1232px\" \/><\/figure>\n\n\n\n<p><a href=\"https:\/\/jundiai.sp.gov.br\/planejamento-e-meio-ambiente\/wp-content\/uploads\/sites\/15\/2026\/02\/01_angela_rodrigo-compactado.pdf\">Link para apresenta\u00e7\u00e3o<\/a><br><strong>\u00c1udio da apresenta\u00e7\u00e3o<\/strong> <\/p>\n\n\n\n<figure class=\"wp-block-audio\"><audio controls src=\"https:\/\/jundiai.sp.gov.br\/planejamento-e-meio-ambiente\/wp-content\/uploads\/sites\/15\/2026\/03\/dcxl7-0rdvs.mp3\"><\/audio><\/figure>\n\n\n\n<hr class=\"wp-block-separator has-alpha-channel-opacity\"\/>\n\n\n\n<figure class=\"wp-block-image size-full\"><img loading=\"lazy\" decoding=\"async\" width=\"936\" height=\"353\" src=\"https:\/\/jundiai.sp.gov.br\/planejamento-e-meio-ambiente\/wp-content\/uploads\/sites\/15\/2026\/02\/image-1.png\" alt=\"\" class=\"wp-image-8157\" srcset=\"https:\/\/jundiai.sp.gov.br\/planejamento-e-meio-ambiente\/wp-content\/uploads\/sites\/15\/2026\/02\/image-1.png 936w, https:\/\/jundiai.sp.gov.br\/planejamento-e-meio-ambiente\/wp-content\/uploads\/sites\/15\/2026\/02\/image-1-300x113.png 300w, https:\/\/jundiai.sp.gov.br\/planejamento-e-meio-ambiente\/wp-content\/uploads\/sites\/15\/2026\/02\/image-1-768x290.png 768w\" sizes=\"auto, (max-width: 936px) 100vw, 936px\" \/><\/figure>\n\n\n\n<p><a href=\"https:\/\/jundiai.sp.gov.br\/planejamento-e-meio-ambiente\/wp-content\/uploads\/sites\/15\/2026\/02\/02_vagner-silveira_compressed-1.pdf\">Link para apresenta\u00e7\u00e3o<\/a><br><strong>\u00c1udio da apresenta\u00e7\u00e3o<br><\/strong><\/p>\n\n\n\n<figure class=\"wp-block-audio\"><audio controls src=\"https:\/\/jundiai.sp.gov.br\/planejamento-e-meio-ambiente\/wp-content\/uploads\/sites\/15\/2026\/03\/260211_002_wk_p_fauna_vagner-reis-da-silveira-reet-1-1.mp3\"><\/audio><\/figure>\n\n\n\n<hr class=\"wp-block-separator has-alpha-channel-opacity\"\/>\n\n\n\n<figure class=\"wp-block-image size-full\"><img loading=\"lazy\" decoding=\"async\" width=\"1045\" height=\"408\" src=\"https:\/\/jundiai.sp.gov.br\/planejamento-e-meio-ambiente\/wp-content\/uploads\/sites\/15\/2026\/02\/image-2.png\" alt=\"\" class=\"wp-image-8158\" srcset=\"https:\/\/jundiai.sp.gov.br\/planejamento-e-meio-ambiente\/wp-content\/uploads\/sites\/15\/2026\/02\/image-2.png 1045w, https:\/\/jundiai.sp.gov.br\/planejamento-e-meio-ambiente\/wp-content\/uploads\/sites\/15\/2026\/02\/image-2-300x117.png 300w, https:\/\/jundiai.sp.gov.br\/planejamento-e-meio-ambiente\/wp-content\/uploads\/sites\/15\/2026\/02\/image-2-768x300.png 768w\" sizes=\"auto, (max-width: 1045px) 100vw, 1045px\" \/><\/figure>\n\n\n\n<p><a href=\"https:\/\/jundiai.sp.gov.br\/planejamento-e-meio-ambiente\/wp-content\/uploads\/sites\/15\/2026\/02\/03_ale_uezu_compressed.pdf\">Link para apresenta\u00e7\u00e3o<\/a><br><strong>\u00c1udio da apresenta\u00e7\u00e3o<br><\/strong><\/p>\n\n\n\n<figure class=\"wp-block-audio\"><audio controls src=\"https:\/\/jundiai.sp.gov.br\/planejamento-e-meio-ambiente\/wp-content\/uploads\/sites\/15\/2026\/03\/260211_003_wk_p_fauna_alexandre-uezu-ipe-instituto-de-pesquisas-ecologicas-ipe-1.mp3\"><\/audio><\/figure>\n\n\n\n<hr class=\"wp-block-separator has-alpha-channel-opacity\"\/>\n\n\n\n<figure class=\"wp-block-image size-full\"><img loading=\"lazy\" decoding=\"async\" width=\"1130\" height=\"400\" src=\"https:\/\/jundiai.sp.gov.br\/planejamento-e-meio-ambiente\/wp-content\/uploads\/sites\/15\/2026\/02\/image-3.png\" alt=\"\" class=\"wp-image-8159\" srcset=\"https:\/\/jundiai.sp.gov.br\/planejamento-e-meio-ambiente\/wp-content\/uploads\/sites\/15\/2026\/02\/image-3.png 1130w, https:\/\/jundiai.sp.gov.br\/planejamento-e-meio-ambiente\/wp-content\/uploads\/sites\/15\/2026\/02\/image-3-300x106.png 300w, https:\/\/jundiai.sp.gov.br\/planejamento-e-meio-ambiente\/wp-content\/uploads\/sites\/15\/2026\/02\/image-3-768x272.png 768w\" sizes=\"auto, (max-width: 1130px) 100vw, 1130px\" \/><\/figure>\n\n\n\n<p><a href=\"https:\/\/jundiai.sp.gov.br\/planejamento-e-meio-ambiente\/wp-content\/uploads\/sites\/15\/2026\/02\/07_fernanda_abra_compressed.pdf\">Link para apresenta\u00e7\u00e3o<\/a><br><strong>\u00c1udio da apresenta\u00e7\u00e3o<br><\/strong><\/p>\n\n\n\n<figure class=\"wp-block-audio\"><audio controls src=\"https:\/\/jundiai.sp.gov.br\/planejamento-e-meio-ambiente\/wp-content\/uploads\/sites\/15\/2026\/03\/260211_007_wk_p_fauna_fernanda-abra-viafauna-1.mp3\"><\/audio><\/figure>\n\n\n\n<hr class=\"wp-block-separator has-alpha-channel-opacity\"\/>\n\n\n\n<figure class=\"wp-block-image size-full\"><img loading=\"lazy\" decoding=\"async\" width=\"1218\" height=\"590\" src=\"https:\/\/jundiai.sp.gov.br\/planejamento-e-meio-ambiente\/wp-content\/uploads\/sites\/15\/2026\/02\/image-5.png\" alt=\"\" class=\"wp-image-8161\" srcset=\"https:\/\/jundiai.sp.gov.br\/planejamento-e-meio-ambiente\/wp-content\/uploads\/sites\/15\/2026\/02\/image-5.png 1218w, https:\/\/jundiai.sp.gov.br\/planejamento-e-meio-ambiente\/wp-content\/uploads\/sites\/15\/2026\/02\/image-5-300x145.png 300w, https:\/\/jundiai.sp.gov.br\/planejamento-e-meio-ambiente\/wp-content\/uploads\/sites\/15\/2026\/02\/image-5-768x372.png 768w\" sizes=\"auto, (max-width: 1218px) 100vw, 1218px\" \/><\/figure>\n\n\n\n<p><a href=\"https:\/\/jundiai.sp.gov.br\/planejamento-e-meio-ambiente\/wp-content\/uploads\/sites\/15\/2026\/02\/06_juliana_pina.pdf\">Link para apresenta\u00e7\u00e3o &#8211; Juliana Moreno Pina<\/a><br><strong>\u00c1udio da apresenta\u00e7\u00e3o<\/strong><\/p>\n\n\n\n<figure class=\"wp-block-audio\"><audio controls src=\"https:\/\/jundiai.sp.gov.br\/planejamento-e-meio-ambiente\/wp-content\/uploads\/sites\/15\/2026\/03\/260211_006_wk_p_fauna_juliana-m-pina-cetesb-1.mp3\"><\/audio><\/figure>\n\n\n\n<p><br><a href=\"https:\/\/jundiai.sp.gov.br\/planejamento-e-meio-ambiente\/wp-content\/uploads\/sites\/15\/2026\/02\/05_gleice_ferreira_compressed.pdf\">Link para apresenta\u00e7\u00e3o &#8211; Gleice da Concei\u00e7\u00e3o Sales Ferreira<\/a><br><strong>\u00c1udio da apresenta\u00e7\u00e3o<\/strong><\/p>\n\n\n\n<figure class=\"wp-block-audio\"><audio controls src=\"https:\/\/jundiai.sp.gov.br\/planejamento-e-meio-ambiente\/wp-content\/uploads\/sites\/15\/2026\/03\/260211_005_wk_p_fauna_gleice-c-s-ferreira-cetesb-1.mp3\"><\/audio><\/figure>\n\n\n\n<p><a href=\"https:\/\/jundiai.sp.gov.br\/planejamento-e-meio-ambiente\/wp-content\/uploads\/sites\/15\/2026\/02\/05_gleice_ferreira_compressed.pdf\"><br><\/a><a href=\"https:\/\/jundiai.sp.gov.br\/planejamento-e-meio-ambiente\/wp-content\/uploads\/sites\/15\/2026\/02\/04_ana_mengardo_compressed.pdf\">Link para apresenta\u00e7\u00e3o &#8211; Ana Luisa Mengardo<\/a><br><strong>\u00c1udio da apresenta\u00e7\u00e3o<br><\/strong><\/p>\n\n\n\n<figure class=\"wp-block-audio\"><audio controls src=\"https:\/\/jundiai.sp.gov.br\/planejamento-e-meio-ambiente\/wp-content\/uploads\/sites\/15\/2026\/03\/c5uoo-10kli.mp3\"><\/audio><\/figure>\n\n\n\n<hr class=\"wp-block-separator has-alpha-channel-opacity\"\/>\n\n\n\n<p><strong>PARA MAIS INFORMA\u00c7\u00d5ES:<\/strong><\/p>\n\n\n\n<p>Acesse o link: <a href=\"https:\/\/jundiai.sp.gov.br\/noticias\/2026\/01\/25\/primeiro-workshop-de-passagem-de-fauna-sera-realizado-em-fevereiro-em-jundiai\/\">https:\/\/jundiai.sp.gov.br\/noticias\/2026\/01\/25\/primeiro-workshop-de-passagem-de-fauna-sera-realizado-em-fevereiro-em-jundiai\/<\/a><\/p>\n\n\n\n<p>Acesse o link: <a href=\"https:\/\/jundiai.sp.gov.br\/noticias\/2026\/02\/12\/workshop-reune-prefeitura-de-jundiai-e-governo-de-sp-para-discutir-passagens-de-fauna\/\">https:\/\/jundiai.sp.gov.br\/noticias\/2026\/02\/12\/workshop-reune-prefeitura-de-jundiai-e-governo-de-sp-para-discutir-passagens-de-fauna\/<\/a><\/p>\n","protected":false},"excerpt":{"rendered":"<p>A realiza\u00e7\u00e3o de um&nbsp;workshop&nbsp;t\u00e9cnico-institucional para discutir a implementa\u00e7\u00e3o de dispositivos de passagem de fauna em Jundia\u00ed n\u00e3o \u00e9 apenas uma boa pr\u00e1tica ambiental, mas uma exig\u00eancia estrat\u00e9gica e um passo fundamental para o cumprimento do Plano Municipal de Conserva\u00e7\u00e3o e Recupera\u00e7\u00e3o da Mata Atl\u00e2ntica e do Cerrado (PMMAC). Assim, o I WORKSHOP DE PASSAGEM DE [&hellip;]<\/p>\n","protected":false},"author":129,"featured_media":0,"parent":0,"menu_order":0,"comment_status":"closed","ping_status":"closed","template":"","meta":{"footnotes":""},"class_list":["post-8154","page","type-page","status-publish","hentry"],"_links":{"self":[{"href":"https:\/\/jundiai.sp.gov.br\/planejamento-e-meio-ambiente\/wp-json\/wp\/v2\/pages\/8154","targetHints":{"allow":["GET"]}}],"collection":[{"href":"https:\/\/jundiai.sp.gov.br\/planejamento-e-meio-ambiente\/wp-json\/wp\/v2\/pages"}],"about":[{"href":"https:\/\/jundiai.sp.gov.br\/planejamento-e-meio-ambiente\/wp-json\/wp\/v2\/types\/page"}],"author":[{"embeddable":true,"href":"https:\/\/jundiai.sp.gov.br\/planejamento-e-meio-ambiente\/wp-json\/wp\/v2\/users\/129"}],"replies":[{"embeddable":true,"href":"https:\/\/jundiai.sp.gov.br\/planejamento-e-meio-ambiente\/wp-json\/wp\/v2\/comments?post=8154"}],"version-history":[{"count":11,"href":"https:\/\/jundiai.sp.gov.br\/planejamento-e-meio-ambiente\/wp-json\/wp\/v2\/pages\/8154\/revisions"}],"predecessor-version":[{"id":8190,"href":"https:\/\/jundiai.sp.gov.br\/planejamento-e-meio-ambiente\/wp-json\/wp\/v2\/pages\/8154\/revisions\/8190"}],"wp:attachment":[{"href":"https:\/\/jundiai.sp.gov.br\/planejamento-e-meio-ambiente\/wp-json\/wp\/v2\/media?parent=8154"}],"curies":[{"name":"wp","href":"https:\/\/api.w.org\/{rel}","templated":true}]}}