{"id":8240,"date":"2026-05-08T17:19:38","date_gmt":"2026-05-08T20:19:38","guid":{"rendered":"https:\/\/jundiai.sp.gov.br\/planejamento-e-meio-ambiente\/?page_id=8240"},"modified":"2026-05-11T17:48:31","modified_gmt":"2026-05-11T20:48:31","slug":"mes-do-meio-ambiente-2026","status":"publish","type":"page","link":"https:\/\/jundiai.sp.gov.br\/planejamento-e-meio-ambiente\/mes-do-meio-ambiente-2026\/","title":{"rendered":"M\u00eas do Meio Ambiente 2026"},"content":{"rendered":"\n<figure class=\"wp-block-image size-full\"><img loading=\"lazy\" decoding=\"async\" width=\"1070\" height=\"715\" src=\"https:\/\/jundiai.sp.gov.br\/planejamento-e-meio-ambiente\/wp-content\/uploads\/sites\/15\/2026\/05\/image-2.png\" alt=\"\" class=\"wp-image-8256\" srcset=\"https:\/\/jundiai.sp.gov.br\/planejamento-e-meio-ambiente\/wp-content\/uploads\/sites\/15\/2026\/05\/image-2.png 1070w, https:\/\/jundiai.sp.gov.br\/planejamento-e-meio-ambiente\/wp-content\/uploads\/sites\/15\/2026\/05\/image-2-300x200.png 300w, https:\/\/jundiai.sp.gov.br\/planejamento-e-meio-ambiente\/wp-content\/uploads\/sites\/15\/2026\/05\/image-2-768x513.png 768w\" sizes=\"auto, (max-width: 1070px) 100vw, 1070px\" \/><\/figure>\n\n\n\n<p>Entre os dias 13\/05 e 13\/06, a Secretaria Municipal de Planejamento Urbano e Meio Ambiente (SMPUMA) da Prefeitura de Jundia\u00ed organiza o \u201cM\u00eas do Meio Ambiente 2026\u201d cujo tema \u00e9 \u201cCaminhos das \u00c1guas\u201d.<\/p>\n\n\n\n<p>O evento promove educa\u00e7\u00e3o ambiental para diferentes p\u00fablicos, tendo por base um olhar especial para o ciclo hidrol\u00f3gico, sua rela\u00e7\u00e3o com o ambiente natural e o ser humano por meio de m\u00faltiplas interfaces.<\/p>\n\n\n\n<p>Convidamos voc\u00ea e toda a popula\u00e7\u00e3o de Jundia\u00ed e regi\u00e3o para participar dessa jornada conosco com uma programa\u00e7\u00e3o diversificada, espalhada pela cidade e envolvendo diferentes parceiros: visitas monitoradas e trilhas na Serra do Japi, oficinas, workshops, plantio de \u00e1rvores, pain\u00e9is, palestras, viv\u00eancias, cinema e muito mais.<\/p>\n\n\n\n<p><strong>VENHA PARTICIPAR!<\/strong><\/p>\n\n\n\n<h1 class=\"wp-block-heading\"><strong>PROGRAMA\u00c7\u00c3O<\/strong>:<\/h1>\n\n\n\n<p><strong>DATA: 15 de maio (sexta-feira)<\/strong><\/p>\n\n\n\n<p><strong>ATIVIDADE&nbsp;<\/strong><\/p>\n\n\n\n<p><strong>Nome: Viv\u00eancia &#8211; Trilha do CREAM &#8211; Serra do Japi&nbsp;<\/strong><\/p>\n\n\n\n<p>Tipo de inscri\u00e7\u00e3o\/obten\u00e7\u00e3o de ingresso: <a href=\"https:\/\/docs.google.com\/forms\/d\/e\/1FAIpQLSd4yUNfaWO-70olZA9Wk5zuW6lLWBXaRoG0UdNpGcqR5iL8LA\/closedform\">Formul\u00e1rio<\/a><\/p>\n\n\n\n<p>Hor\u00e1rio: Das 09:30 \u00e0s 11:30 \/ Local: CREAM \/ Vagas: 35<\/p>\n\n\n\n<p><strong>DATA: 16 de maio (s\u00e1bado)<\/strong><\/p>\n\n\n\n<p><strong>ATIVIDADE<\/strong><\/p>\n\n\n\n<p><strong>Nome: Visita Monitorada -Trilhas da Serra do Japi: Edi\u00e7\u00e3o Especial de M\u00eas do Meio Ambiente&nbsp;<\/strong><\/p>\n\n\n\n<p>Tipo de inscri\u00e7\u00e3o\/obten\u00e7\u00e3o de ingresso: Em <a href=\"https:\/\/centralrelacionamento.sescsp.org.br\/\">https:\/\/centralrelacionamento.sescsp.org.br\/<\/a> ou no aplicativo Credencial Sesc SP<\/p>\n\n\n\n<p>Hor\u00e1rio: Das 08:00 \u00e0s 12:00 \/ Local: Serra do Japi (com transporte saindo do Sesc Jundia\u00ed) \/ Classifica\u00e7\u00e3o indicativa: 14 anos \/ Vagas: 14<\/p>\n\n\n\n<p><strong>ATIVIDADE<\/strong><\/p>\n\n\n\n<p><strong>Nome: Oficina &#8211; Cultivo de Plantas Arom\u00e1ticas e Medicinais<\/strong><\/p>\n\n\n\n<p>Tipo de inscri\u00e7\u00e3o\/obten\u00e7\u00e3o de ingresso: <a href=\"https:\/\/docs.google.com\/forms\/d\/e\/1FAIpQLSddtoHl1g9TuouBS9TvuEu7oLieGGBEZXQgFTyFe3NwaN1cqQ\/viewform\">Formul\u00e1rio<\/a><\/p>\n\n\n\n<p>Hor\u00e1rio: Das 09:00 \u00e0s 11:00 \/ Local: Jardim Bot\u00e2nico \/ Classifica\u00e7\u00e3o indicativa: Livre \/ Vagas: 22<\/p>\n\n\n\n<p><strong>DATA: 17 de maio (domingo)<\/strong><\/p>\n\n\n\n<p><strong>ATIVIDADE<\/strong><\/p>\n\n\n\n<p><strong>Nome: Visita monitorada &#8211; Trilhas da Serra do Japi: Edi\u00e7\u00e3o Especial de M\u00eas do Meio Ambiente&nbsp;<\/strong><\/p>\n\n\n\n<p>Tipo de inscri\u00e7\u00e3o\/obten\u00e7\u00e3o de ingresso: Em <a href=\"https:\/\/centralrelacionamento.sescsp.org.br\/\">https:\/\/centralrelacionamento.sescsp.org.br\/<\/a> ou no aplicativo Credencial Sesc SP<\/p>\n\n\n\n<p>Hor\u00e1rio: Das 08:00 \u00e0s 12:00 \/ Local: Serra do Japi (com transporte saindo do Sesc Jundia\u00ed) \/ Classifica\u00e7\u00e3o indicativa: 14 anos \/ Vagas: 14<\/p>\n\n\n\n<p><strong>DATA: 19 de maio (ter\u00e7a-feira)<\/strong><\/p>\n\n\n\n<p><strong>ATIVIDADE<\/strong><\/p>\n\n\n\n<p><strong>Nome: Oficina &#8211; Monitoramento Clim\u00e1tico Urbano (Projeto Resfria)<\/strong><\/p>\n\n\n\n<p>Tipo de inscri\u00e7\u00e3o\/obten\u00e7\u00e3o de ingresso: Em <a href=\"https:\/\/centralrelacionamento.sescsp.org.br\/\">https:\/\/centralrelacionamento.sescsp.org.br\/<\/a> ou no aplicativo Credencial Sesc SP<\/p>\n\n\n\n<p>Hor\u00e1rio: Das 19:00 \u00e0s 21:30 \/ Local: Sesc Jundia\u00ed \/ Classifica\u00e7\u00e3o indicativa: 14 anos \/ Vagas: 30<\/p>\n\n\n\n<p><strong>DATA: 20 de maio (quarta-feira)<\/strong><\/p>\n\n\n\n<p><strong>ATIVIDADE<\/strong><\/p>\n\n\n\n<p><strong>Nome: Observa\u00e7\u00e3o e viv\u00eancia &#8211; Eu Leio \u00c1rvores<\/strong><\/p>\n\n\n\n<p>Tipo de inscri\u00e7\u00e3o\/obten\u00e7\u00e3o de ingresso: <a href=\"https:\/\/docs.google.com\/forms\/d\/e\/1FAIpQLSesVR4whmczfHvpzt-HGjGzV2I3zUOI2ONDWGO4DCdzWWXdgA\/closedform?pli=1\">Formul\u00e1rio<\/a><\/p>\n\n\n\n<p>Hor\u00e1rio: Das 08:00 \u00e0s 10:30 \/ Local: Complexo Argos \/ Classifica\u00e7\u00e3o indicativa: Livre \/ Vagas: 35<\/p>\n\n\n\n<p><strong>ATIVIDADE<\/strong><\/p>\n\n\n\n<p><strong>Nome: Oficina &#8211; Monitoramento Clim\u00e1tico Urbano (Projeto Resfria)<\/strong><\/p>\n\n\n\n<p>Tipo de inscri\u00e7\u00e3o\/obten\u00e7\u00e3o de ingresso: Em <a href=\"https:\/\/centralrelacionamento.sescsp.org.br\/\">https:\/\/centralrelacionamento.sescsp.org.br\/<\/a> ou no aplicativo Credencial Sesc SP<\/p>\n\n\n\n<p>Hor\u00e1rio: Das 19:00 \u00e0s 21:30 \/ Local: Sesc Jundia\u00ed \/ Classifica\u00e7\u00e3o indicativa: 14 anos \/ Vagas: 30<\/p>\n\n\n\n<p><strong><strong>ATIVIDADE<\/strong><\/strong><\/p>\n\n\n\n<p><strong>Nome: Visita monitorada &#8211; Trilhas da Serra do Japi: Edi\u00e7\u00e3o Especial de M\u00eas do Meio Ambiente&nbsp;<\/strong><\/p>\n\n\n\n<p>Tipo de inscri\u00e7\u00e3o\/obten\u00e7\u00e3o de ingresso: <a href=\"https:\/\/docs.google.com\/forms\/d\/e\/1FAIpQLSdIiKpc8wzDyRxAN0ZNlIgivAfI3FUBNnDVK7PkRNfPKtcrnw\/viewform?usp=header\">Formul\u00e1rio<\/a><\/p>\n\n\n\n<p>Hor\u00e1rio: Das 08:00 \u00e0s 12:00 \/ Local: Serra do Japi (com transporte saindo do Sesc Jundia\u00ed) \/ Vagas: 14<\/p>\n\n\n\n<p><strong>DATA: 23 de maio (s\u00e1bado)<\/strong><\/p>\n\n\n\n<p><strong>ATIVIDADE<\/strong><\/p>\n\n\n\n<p><strong>Nome: Visita monitorada &#8211; Trilhas da Serra do Japi: Edi\u00e7\u00e3o Especial de M\u00eas do Meio Ambiente&nbsp;<\/strong><\/p>\n\n\n\n<p>Tipo de inscri\u00e7\u00e3o\/obten\u00e7\u00e3o de ingresso: Em <a href=\"https:\/\/centralrelacionamento.sescsp.org.br\/\">https:\/\/centralrelacionamento.sescsp.org.br\/<\/a> ou no aplicativo Credencial Sesc SP<\/p>\n\n\n\n<p>Hor\u00e1rio: Das 08:00 \u00e0s 12:00 \/ Local: Serra do Japi (com transporte saindo do Sesc Jundia\u00ed) \/ Classifica\u00e7\u00e3o indicativa: 14 anos \/ Vagas: 14<\/p>\n\n\n\n<p><strong>ATIVIDADE&nbsp;<\/strong><\/p>\n\n\n\n<p><strong>Nome: Viv\u00eancia &#8211; Caminhada do Patrim\u00f4nio Natural no CREAM &#8211; Serra do Japi<\/strong><\/p>\n\n\n\n<p>Tipo de inscri\u00e7\u00e3o\/obten\u00e7\u00e3o de ingresso: <a href=\"https:\/\/docs.google.com\/forms\/d\/e\/1FAIpQLSftzeUHUrpJZwmLB5U_xj2DpTLfkU4TofuF0AQTn7VwFGUHIA\/viewform\">Formul\u00e1rio <\/a><\/p>\n\n\n\n<p>Hor\u00e1rio: Das 09:00 \u00e0s 12:00 \/ Local: CREAM &#8211; Centro de Refer\u00eancia em Educa\u00e7\u00e3o Ambiental \/ Classifica\u00e7\u00e3o indicativa: Livre\/ Vagas: 35<\/p>\n\n\n\n<p><strong>DATA: 24 de maio (domingo)<\/strong><\/p>\n\n\n\n<p><strong>ATIVIDADE&nbsp;<\/strong><\/p>\n\n\n\n<p><strong>Nome: Visita monitorada &#8211; Trilhas da Serra do Japi: Edi\u00e7\u00e3o Especial de M\u00eas do Meio Ambiente&nbsp;<\/strong><\/p>\n\n\n\n<p>Tipo de inscri\u00e7\u00e3o\/obten\u00e7\u00e3o de ingresso: Em <a href=\"https:\/\/centralrelacionamento.sescsp.org.br\/\">https:\/\/centralrelacionamento.sescsp.org.br\/<\/a> ou no aplicativo Credencial Sesc SP<\/p>\n\n\n\n<p>Hor\u00e1rio: Das 08:00 \u00e0s 12:00 &#8211; Local: Serra do Japi (com transporte saindo do Sesc Jundia\u00ed) \/ Classifica\u00e7\u00e3o indicativa: 14 anos \/ Vagas: 14<\/p>\n\n\n\n<p><strong>DATA: 25 de maio (segunda-feira)<\/strong><\/p>\n\n\n\n<p><strong>ATIVIDADE&nbsp;<\/strong><\/p>\n\n\n\n<p><strong>Nome: Viv\u00eancia &#8211; Venha Conhecer o Jardim Bot\u00e2nico de Jundia\u00ed&nbsp;<\/strong><\/p>\n\n\n\n<p>Tipo de inscri\u00e7\u00e3o\/obten\u00e7\u00e3o de ingresso: <a href=\"https:\/\/docs.google.com\/forms\/d\/e\/1FAIpQLSdmii_Z6soi99cHjOHVMmciZzQSA9PJqFv00KIFKNR6CC_ziQ\/viewform\">Formul\u00e1rio <\/a><\/p>\n\n\n\n<p>Hor\u00e1rio: Das 09:00 \u00e0s 11:00 \/ Local: Jardim Bot\u00e2nico \/ Vagas: 25<\/p>\n\n\n\n<p><strong>DATA: 30 de maio (s\u00e1bado)<\/strong><\/p>\n\n\n\n<p><strong>ATIVIDADE<\/strong><\/p>\n\n\n\n<p><strong>Nome: Viv\u00eancia &#8211; Venha Conhecer o Jardim Bot\u00e2nico de Jundia\u00ed&nbsp;<\/strong><\/p>\n\n\n\n<p>Tipo de inscri\u00e7\u00e3o\/obten\u00e7\u00e3o de ingresso: <a href=\"https:\/\/docs.google.com\/forms\/d\/e\/1FAIpQLSfAeMiAzKTxlJRAJyjHrOHYHOT8BSGWwQVx7jl6GtQbqMb4bg\/viewform?usp=header\">Formul\u00e1rio <\/a><\/p>\n\n\n\n<p>Hor\u00e1rio: Das 09:00 \u00e0s 11:00 \/ Local: Jardim Bot\u00e2nico \/ Classifica\u00e7\u00e3o indicativa: Livre \/ Vagas: 25<\/p>\n\n\n\n<p><strong>ATIVIDADE&nbsp;<\/strong><\/p>\n\n\n\n<p><strong>Nome: Visita monitorada &#8211; Caminhos das \u00c1guas (Parque da Cidade + Represa DAE + ETA Anhangaba\u00fa)&nbsp;<\/strong><\/p>\n\n\n\n<p>Tipo de inscri\u00e7\u00e3o\/obten\u00e7\u00e3o de ingresso: <a href=\"https:\/\/docs.google.com\/forms\/d\/e\/1FAIpQLSfsRpypBpa7gF7iV7YCHdKi-X_GcQoI15mWiAMIG5rsnsOnKw\/viewform?urp=gmail_link\">Formul\u00e1rio<\/a><\/p>\n\n\n\n<p>Hor\u00e1rio: Das 09:00 \u00e0s 12:00 -Local: Parque da Cidade, Represa DAE, ETA Anhangaba\u00fa (com transporte saindo do Parque da Cidade) \/ Classifica\u00e7\u00e3o indicativa: Livre \/ Vagas: 30<\/p>\n\n\n\n<p><strong>DATA: 06 de junho (s\u00e1bado)<\/strong><\/p>\n\n\n\n<p><strong>ATIVIDADE<\/strong><\/p>\n\n\n\n<p><strong>Nome: Viv\u00eancia \u2013 Passarinhar com o Coletivo Japy<\/strong><\/p>\n\n\n\n<p>Tipo de inscri\u00e7\u00e3o\/obten\u00e7\u00e3o de ingresso: <a href=\"https:\/\/docs.google.com\/forms\/d\/e\/1FAIpQLSdsIWk9S0yPgx260z4JtGRGUj7tuyNaeU5xvO_TABKLDe92DA\/viewform\">Formul\u00e1rio<\/a><\/p>\n\n\n\n<p>Hor\u00e1rio: Das 8:00 \u00e0s 11:00 \/ Endere\u00e7o: Avenida Brasil T\u00e2mega, s\/no &#8211; Serra do Japi\/ Classifica\u00e7\u00e3o indicativa: 14 anos \/ Vagas: 15<\/p>\n\n\n\n<p><strong>DATA: 08 de junho (segunda-feira)<\/strong><\/p>\n\n\n\n<p><strong>ATIVIDADE&nbsp;<\/strong><\/p>\n\n\n\n<p><strong>Nome: Viv\u00eancia &#8211; Plantio no Parque da Cidade&nbsp;<\/strong><\/p>\n\n\n\n<p>Tipo de inscri\u00e7\u00e3o\/obten\u00e7\u00e3o de ingresso: <a href=\"https:\/\/docs.google.com\/forms\/d\/e\/1FAIpQLSftHmOissP_8PNSHzi5SSrSbd91GFtF4A7VBx-ZLGolyP_-ag\/viewform\">Formul\u00e1rio<\/a><\/p>\n\n\n\n<p>Hor\u00e1rio: Das 08:00 \u00e0s 09:00 \/ Local: Parque da Cidade \/ Vagas: 30<\/p>\n\n\n\n<p><strong>ATIVIDADE&nbsp;<\/strong><\/p>\n\n\n\n<p><strong>Nome: Visita monitorada &#8211; Caminhos das \u00c1guas (Parque da Cidade + Represa DAE + ETA Anhangaba\u00fa)&nbsp;<\/strong><\/p>\n\n\n\n<p>Tipo de inscri\u00e7\u00e3o\/obten\u00e7\u00e3o de ingresso: <a href=\"https:\/\/docs.google.com\/forms\/d\/e\/1FAIpQLSftHmOissP_8PNSHzi5SSrSbd91GFtF4A7VBx-ZLGolyP_-ag\/viewform\">Formul\u00e1rio<\/a><\/p>\n\n\n\n<p>Hor\u00e1rio: Das 08:00 \u00e0s 12:00 \/ Local: Parque da Cidade, Represa DAE, ETA Anhangaba\u00fa (com transporte saindo do Parque da Cidade) \/ Vagas: 30<\/p>\n\n\n\n<p><strong>DATA: 13 de junho (s\u00e1bado)<\/strong><\/p>\n\n\n\n<p><strong>ATIVIDADE<\/strong><\/p>\n\n\n\n<p><strong>Nome: Festival &#8211; Sabores da Gente com M\u00eas do Meio Ambiente<\/strong><\/p>\n\n\n\n<p>Tipo de inscri\u00e7\u00e3o\/obten\u00e7\u00e3o de ingresso: Para esta atividade, n\u00e3o \u00e9 necess\u00e1rio inscri\u00e7\u00e3o ou ingresso&nbsp;<\/p>\n\n\n\n<p>Hor\u00e1rio: Das 09:00 \u00e0s 17:00 &#8211; Local: Pra\u00e7a da Matriz \/ Classifica\u00e7\u00e3o indicativa: Livre<\/p>\n\n\n\n<p><strong>ATIVIDADE&nbsp;<\/strong><\/p>\n\n\n\n<p><strong>Nome: Viv\u00eancia &#8211; Di\u00e1logos sobre o presente e o futuro do Espa\u00e7o Expressa (com equipe do Departamento de Projetos Urbanos da Prefeitura e participa\u00e7\u00e3o da Fatec Jundia\u00ed)<\/strong><\/p>\n\n\n\n<p>Tipo de inscri\u00e7\u00e3o\/obten\u00e7\u00e3o de ingresso: <a href=\"https:\/\/docs.google.com\/forms\/d\/e\/1FAIpQLSe69-FZSXIVpvZ82DKivRKSu5GEB_oQ_iyqkx7kymhMZooPmA\/viewform?usp=header\">Formul\u00e1rio<\/a><\/p>\n\n\n\n<p>Hor\u00e1rio: Das 09:00 \u00e0s 11:00 \/ Locais: Primeira parte no Centro das Artes (ponto de encontro) e segunda parte no Expressa \/ Classifica\u00e7\u00e3o indicativa: Livre \/ Vagas: 30<\/p>\n\n\n\n<p><strong>ATIVIDADE<\/strong><\/p>\n\n\n\n<p><strong>Nome: Workshop &#8211; Hortas urbanas <\/strong>&nbsp;<\/p>\n\n\n\n<p>Tipo de inscri\u00e7\u00e3o\/obten\u00e7\u00e3o de ingresso: <a href=\"https:\/\/docs.google.com\/forms\/d\/e\/1FAIpQLSc_8huJX8o2a2xWvW6kDP4Awc6uQRvZJ7GRpSxB6kFSWUFlPw\/viewform?usp=header\">Formul\u00e1rio<\/a><\/p>\n\n\n\n<p>Hor\u00e1rio: Das 15:00 \u00e0s 17:00 &#8211; Local: Espa\u00e7o Expressa \/ Classifica\u00e7\u00e3o indicativa: Livre \/ Vagas: 30<\/p>\n\n\n\n<p><strong>ATIVIDADE&nbsp;<\/strong><\/p>\n\n\n\n<p><strong>Nome: Viv\u00eancia &#8211; Programa Nascentes \u2013 10 anos (com equipe do Departamento de Agroneg\u00f3cios da Prefeitura e a ONG The Nature Conservancy)<\/strong><\/p>\n\n\n\n<p>Tipo de inscri\u00e7\u00e3o\/obten\u00e7\u00e3o de ingresso: <a href=\"https:\/\/docs.google.com\/forms\/d\/e\/1FAIpQLSfrFN2ArWI3zq4VfRyA_zK6ckQ0PC7m5F49PCylOdHgB_dgWQ\/viewform?usp=header\">Formul\u00e1rio<\/a><\/p>\n\n\n\n<p>Hor\u00e1rio: Das 09:00 \u00e0s 12:00 &#8211; Local: Centro das Artes (local de sa\u00edda e retorno da atividade) e propriedade do Programa Nascentes \/ Classifica\u00e7\u00e3o indicativa: 14 anos \/ Vagas: 30<\/p>\n\n\n\n<p><strong>LINKS PARA INSCRI\u00c7\u00c3O DE ATIVIDADES \u2013 EVENTOS DESTINADOS AO P\u00daBLICO INTERNO (SERVIDORES P\u00daBLICOS E PARCEIROS)<\/strong><\/p>\n\n\n\n<h2 class=\"wp-block-heading\"><strong>PALESTRANTES:<\/strong><\/h2>\n\n\n\n<p><strong>DATA 14 de maio&nbsp;<\/strong><\/p>\n\n\n\n<p><strong>Atividade: Painel &#8211; Caminhos do Vale do Rio Jundia\u00ed \u2013 Desafios e Oportunidades<\/strong><\/p>\n\n\n\n<p><strong>Andrea Ribeiro Gomes<\/strong><\/p>\n\n\n\n<p>Arquiteta Urbanista, doutorada pela USP e com p\u00f3s-doutorado pela UFABC. H\u00e1 mais de 30 anos atua na interse\u00e7\u00e3o entre planejamento urbano, gest\u00e3o p\u00fablica e educa\u00e7\u00e3o. Atua como Chefe de Departamento de Programas de Requalifica\u00e7\u00e3o Urbana na SDUH-SP, organizando instrumentos, crit\u00e9rios e fluxos que ajudam a transformar pol\u00edtica p\u00fablica em entregas no territ\u00f3rio. Em paralelo, atua como Professora Colaboradora na UNICAMP e mantem atua\u00e7\u00e3o acad\u00eamica como revisora do Journal of Happiness Studies (Springer Nature).<\/p>\n\n\n\n<p><strong>Lilian Henglang<\/strong><\/p>\n\n\n\n<p>Fundadora da Das Naturland e refer\u00eancia em Solu\u00e7\u00f5es Baseadas na Natureza (SBN), com mais de uma d\u00e9cada dedicada ao desenvolvimento socioambiental em diferentes biomas brasileiros, da Amaz\u00f4nia \u00e0 Mata Atl\u00e2ntica. Sua atua\u00e7\u00e3o \u00e9 marcada pela cria\u00e7\u00e3o de projetos inovadores e premiados em urbanismo sustent\u00e1vel, turismo regenerativo e bioeconomia, pol\u00edticas p\u00fablicas e povos origin\u00e1rios (ind\u00edgenas e quilombolas) sempre em di\u00e1logo com a cultura e a hist\u00f3ria local. Com 27 anos de experi\u00eancia em multinacionais,traz s\u00f3lida bagagem em gest\u00e3o e estrat\u00e9gia que, hoje aplica \u00e0 regenera\u00e7\u00e3o de territ\u00f3rios e ao engajamento comunit\u00e1rio. \u00c9 palestrante reconhecida em sustentabilidade e inova\u00e7\u00e3o territorial, al\u00e9m de parceira ativa em iniciativas de conserva\u00e7\u00e3o e cultura, como a Funda\u00e7\u00e3o Lymington (reintrodu\u00e7\u00e3o de araras amea\u00e7adas), a ONG Uirapuru \u2013 Arte e Ecologia e a trilha Caminho dos L\u00edrios, da qual \u00e9 guardi\u00e3.<\/p>\n\n\n\n<p><strong>DATA: 16 de maio (s\u00e1bado)<\/strong><strong> | <\/strong><strong>20 de maio (quarta-feira)<\/strong><\/p>\n\n\n\n<p><strong>Atividades: Oficina &#8211; Cultivo de Plantas Arom\u00e1ticas e Medicinais | Observa\u00e7\u00e3o e viv\u00eancia &#8211; Eu Leio \u00c1rvores&nbsp;<\/strong><\/p>\n\n\n\n<p><strong>Thiago Pinto Pires<\/strong><\/p>\n\n\n\n<p>Engenheiro Florestal graduado na Universidade Estadual Paulista &#8211; J\u00falio de Mesquita Filho &#8211; UNESP. Com experi\u00eancia na \u00e1rea de Ecologia, Conserva\u00e7\u00e3o, Arboriza\u00e7\u00e3o Urbana, Curadoria de Cole\u00e7\u00f5es Bot\u00e2nicas e Viveiro Florestal. Atualmente \u00e9 respons\u00e1vel pela chefia da Divis\u00e3o do Jardim Bot\u00e2nico de Jundia\u00ed &#8211; Secretaria Municipal de Infraestrutura e Servi\u00e7os P\u00fablicos &#8211; Prefeitura do Munic\u00edpio de Jundia\u00ed.<\/p>\n\n\n\n<p><strong>DATAS: 19 e 20 de maio<\/strong><strong> (ter\u00e7a e quarta-feira)<\/strong><\/p>\n\n\n\n<p><strong>Atividade: Oficina &#8211; Monitoramento Clim\u00e1tico Urbano (Projeto Resfria)<\/strong><\/p>\n\n\n\n<p><strong>Cl\u00e1udia Cotrim Pezzuto<\/strong><\/p>\n\n\n\n<p>Arquiteta e Urbanista, Doutora em Engenharia Civil, \u00e1rea de concentra\u00e7\u00e3o Arquitetura e Constru\u00e7\u00e3o, pela Universidade Estadual de Campinas. Mestre em Engenharia Urbana pela Universidade Federal de S\u00e3o Carlos. Possui P\u00f3s- Doutorado no Instituto de Ambiente, H\u00e1bitat y Energ\u00eda &#8211; Consejo Nacional de Investigaciones Cient\u00edficas y T\u00e9cnicas: Argentina (INAHE-CONICET), com foco em Avalia\u00e7\u00e3o Preditiva de Estrat\u00e9gias de Resfriamento Urbano em Cidades de Clima Quente. Atualmente, \u00e9 docente e pesquisadora da Pontif\u00edcia Universidade Cat\u00f3lica de Campinas, sendo docente permanente do Programa de P\u00f3s-Gradua\u00e7\u00e3o em Sistemas de Infraestrutura Urbana e das Faculdades de e Engenharia Civil e Arquitetura e Urbanismo da PUC Campinas. Realiza pesquisas com foco no delineamento de estrat\u00e9gias de adapta\u00e7\u00e3o e mitiga\u00e7\u00e3o das cidades frente \u00e0s mudan\u00e7as clim\u00e1ticas. Possui experi\u00eancia na coleta de dados clim\u00e1ticos e monitoramento urbano, na caracteriza\u00e7\u00e3o e an\u00e1lise das propriedades termo-\u00f3pticas de materiais utilizados em superf\u00edcies urbanas, e na an\u00e1lise do comportamento t\u00e9rmico urbano por meio de simula\u00e7\u00e3o computacional<\/p>\n\n\n\n<p><strong>Guilherme Theodoro Nascimento Pereira de Lima<\/strong><\/p>\n\n\n\n<p>Ocean\u00f3logo, Doutor em Recursos H\u00eddricos, Energ\u00e9ticos e Ambientais pela Universidade Estadual de Campinas (UNICAMP) e Mestre em Oceanografia F\u00edsica, Qu\u00edmica e Geol\u00f3gica pela mesma institui\u00e7\u00e3o. Foi Coordenador de Tecnologias de Informa\u00e7\u00f5es Ambientais no Munic\u00edpio de Campinas (SP) e atualmente \u00e9 Diretor de Meio Ambiente da Unidade de Planejamento Urbano e Meio Ambiente do Munic\u00edpio de Jundia\u00ed (SP). Tem experi\u00eancia em pesquisa, gest\u00e3o de projetos e desenvolvimento de Sistemas de Informa\u00e7\u00e3o Geogr\u00e1fica. Atua como Vice-presidente da Regional S\u00e3o Paulo da AOCEANO e no Conselho do F\u00f3rum do Mar.<\/p>\n\n\n\n<p><strong>Lia Toledo Moreira Mota<\/strong><\/p>\n\n\n\n<p>Engenheira Eletricista, Doutora e Mestre em Engenharia El\u00e9trica pela Universidade Estadual de Campinas. Possui P\u00f3s-Doutorado em Engenharia El\u00e9trica e em Efici\u00eancia Energ\u00e9tica pela Universidade Estadual de Campinas e em Engenharia El\u00e9trica pela McGill University, Montreal, Canad\u00e1. Atualmente, \u00e9 docente e pesquisadora da Pontif\u00edcia Universidade Cat\u00f3lica de Campinas, sendo docente do Programa de P\u00f3s-Gradua\u00e7\u00e3o em Sistemas de Infraestrutura Urbana. Foi Coordenadora do PPG em Sistemas de Infraestrutura Urbana da PUC-Campinas e atualmente \u00e9 Coordenadora do PPG em Gest\u00e3o de Redes de Telecomunica\u00e7\u00f5es, Diretora da Faculdade de Engenharia El\u00e9trica e Coordenadora do Curso de Engenharia Mec\u00e2nica da PUC-Campinas. Tem experi\u00eancia nas \u00e1reas de Monitoramento ambiental, Sensoriamento, Energias Renov\u00e1veis, Sistemas de Energia El\u00e9trica, Instala\u00e7\u00f5es El\u00e9tricas, Modelagem da Carga, Efici\u00eancia Energ\u00e9tica, Eletrot\u00e9cnica e Ensino em Engenharia.<\/p>\n\n\n\n<p><strong>Marcius Fabius Henriques de Carvalho<\/strong><\/p>\n\n\n\n<p>Engenheiro Eletricista, Doutor em Engenharia El\u00e9trica pela Universidade Estadual de Campinas e Mestre em Engenharia El\u00e9trica pela Universidade Federal do Rio de Janeiro. Atualmente, \u00e9 docente e pesquisador da Pontif\u00edcia Universidade Cat\u00f3lica de Campinas, sendo docente permanente do Programa de P\u00f3s-Gradua\u00e7\u00e3o em Sistemas de Infraestrutura Urbana e da Faculdade de Engenharia El\u00e9trica da PUC Campinas. Tem como tema principal de pesquisa o desenvolvimento de m\u00e9todos para an\u00e1lise e melhoria dos sistemas produtivos. Possui experi\u00eancia na \u00e1rea de aplica\u00e7\u00f5es de t\u00e9cnicas de pesquisa operacional na solu\u00e7\u00e3o de problemas associados \u00e0 Infraestrutura urbana em modelos de aloca\u00e7\u00e3o de Centros de Distribui\u00e7\u00e3o de Carga em Ambiente Urbano, avalia\u00e7\u00e3o do transporte p\u00fablico urbano e sistemas de distribui\u00e7\u00e3o de energia el\u00e9trica com gera\u00e7\u00e3o distribu\u00edda.<\/p>\n\n\n\n<p><strong>Sylvia Angelini<\/strong><\/p>\n\n\n\n<p>Arquiteta e Urbanista, mestre em Ci\u00eancias da Engenharia Ambiental (USP) e doutoranda em Arquitetura e Urbanismo (PUC-Campinas). Servidora p\u00fablica na Prefeitura de Jundia\u00ed h\u00e1 21 anos, tendo atuado na concep\u00e7\u00e3o e implementa\u00e7\u00e3o da Pol\u00edtica Municipal da Crian\u00e7a na Cidade, em equipe multidisciplinar (2017-2024); na coordena\u00e7\u00e3o do Plano de Bairro Novo Horizonte e Regi\u00e3o, Lei n\u00b0 9817, de 2022, vencedor do Pr\u00eamio Cidade Caminh\u00e1vel, promovido pelo Instituto Caminhabilidade (2023); na concep\u00e7\u00e3o e implementa\u00e7\u00e3o, em equipe, dos programas Entre a Casa e a Escola, Horta Urbana, P\u00e9 de \u00c1rvore e Jardim de Chuva, para melhorar a qualidade dos espa\u00e7os p\u00fablicos e minimizar o impacto das mudan\u00e7as clim\u00e1ticas.<\/p>\n\n\n\n<p><strong>DATAS: 25 e 30 de maio (segunda-feira e s\u00e1bado)<\/strong><\/p>\n\n\n\n<p><strong>Atividade: Viv\u00eancia &#8211; Venha Conhecer o Jardim Bot\u00e2nico de Jundia\u00ed&nbsp;<\/strong><\/p>\n\n\n\n<p><strong>Val\u00e9ria Regina Salla de Oliveira<\/strong><\/p>\n\n\n\n<p>Graduada em Ci\u00eancias F\u00edsicas e Biol\u00f3gicas (Fac. Anchieta &#8211; 2000), especialista em Gest\u00e3o Ambiental (UFSCar\/2005) e mestre em Engenharia Urbana (An\u00e1lise de impactos cumulativos &#8211; UFSCar\/2008). Graduanda em Direito (Unianchieta\/2017-atual). Tem experi\u00eancia na \u00e1rea de Licenciamento Ambiental &#8211; Agenda verde; s\u00f3lidos conhecimentos em Legisla\u00e7\u00e3o Ambiental e fundamenta\u00e7\u00e3o te\u00f3rica da Avalia\u00e7\u00e3o de Impactos Ambientais. Na \u00e1rea de educa\u00e7\u00e3o, j\u00e1 atuou em projetos de inicia\u00e7\u00e3o cient\u00edfica, organiza\u00e7\u00e3o de exposi\u00e7\u00f5es, feiras e atividades de experimenta\u00e7\u00e3o aulas de campo e gincanas cient\u00edfico culturais.<\/p>\n\n\n\n<p><strong>INFORMA\u00c7\u00d5ES SOBRE DEMAIS PALESTRANTES DE NOSSA PROGRAMA\u00c7\u00c3O SER\u00c3O DIVULGADAS EM BREVE.<\/strong><strong><\/strong><\/p>\n","protected":false},"excerpt":{"rendered":"<p>Entre os dias 13\/05 e 13\/06, a Secretaria Municipal de Planejamento Urbano e Meio Ambiente (SMPUMA) da Prefeitura de Jundia\u00ed organiza o \u201cM\u00eas do Meio Ambiente 2026\u201d cujo tema \u00e9 \u201cCaminhos das \u00c1guas\u201d. O evento promove educa\u00e7\u00e3o ambiental para diferentes p\u00fablicos, tendo por base um olhar especial para o ciclo hidrol\u00f3gico, sua rela\u00e7\u00e3o com o [&hellip;]<\/p>\n","protected":false},"author":129,"featured_media":0,"parent":0,"menu_order":0,"comment_status":"closed","ping_status":"closed","template":"","meta":{"footnotes":""},"class_list":["post-8240","page","type-page","status-publish","hentry"],"_links":{"self":[{"href":"https:\/\/jundiai.sp.gov.br\/planejamento-e-meio-ambiente\/wp-json\/wp\/v2\/pages\/8240","targetHints":{"allow":["GET"]}}],"collection":[{"href":"https:\/\/jundiai.sp.gov.br\/planejamento-e-meio-ambiente\/wp-json\/wp\/v2\/pages"}],"about":[{"href":"https:\/\/jundiai.sp.gov.br\/planejamento-e-meio-ambiente\/wp-json\/wp\/v2\/types\/page"}],"author":[{"embeddable":true,"href":"https:\/\/jundiai.sp.gov.br\/planejamento-e-meio-ambiente\/wp-json\/wp\/v2\/users\/129"}],"replies":[{"embeddable":true,"href":"https:\/\/jundiai.sp.gov.br\/planejamento-e-meio-ambiente\/wp-json\/wp\/v2\/comments?post=8240"}],"version-history":[{"count":7,"href":"https:\/\/jundiai.sp.gov.br\/planejamento-e-meio-ambiente\/wp-json\/wp\/v2\/pages\/8240\/revisions"}],"predecessor-version":[{"id":8262,"href":"https:\/\/jundiai.sp.gov.br\/planejamento-e-meio-ambiente\/wp-json\/wp\/v2\/pages\/8240\/revisions\/8262"}],"wp:attachment":[{"href":"https:\/\/jundiai.sp.gov.br\/planejamento-e-meio-ambiente\/wp-json\/wp\/v2\/media?parent=8240"}],"curies":[{"name":"wp","href":"https:\/\/api.w.org\/{rel}","templated":true}]}}