{"id":851,"date":"2014-09-18T11:10:03","date_gmt":"2014-09-18T14:10:03","guid":{"rendered":"https:\/\/jundiai.sp.gov.br\/planejamento-e-meio-ambiente\/?page_id=851"},"modified":"2014-09-18T11:10:40","modified_gmt":"2014-09-18T14:10:40","slug":"tombamento-das-serras","status":"publish","type":"page","link":"https:\/\/jundiai.sp.gov.br\/planejamento-e-meio-ambiente\/tombamento-das-serras\/","title":{"rendered":"Tombamento das Serras"},"content":{"rendered":"<p>O Conselho de Defesa do Patrim\u00f4nio Hist\u00f3rico, Arqueol\u00f3gico, Art\u00edstico e Tur\u00edstico (CONDEPHAAT), instituiu em 08 de mar\u00e7o de 1983 o tombamento das Serras do Japi, Guaxinduva e Jaguacoara, abrangendo uma \u00e1rea de 191, 70 km\u00b2 distribu\u00edda nos territ\u00f3rios de quatro munic\u00edpios, a saber:<\/p>\n<table>\n<tbody>\n<tr>\n<th style=\"text-align: left\">Munic\u00edpio<\/th>\n<th style=\"text-align: left\">\u00c1rea<\/th>\n<th style=\"text-align: left\">Porcentagem<\/th>\n<\/tr>\n<tr>\n<td style=\"text-align: left\">Jundia\u00ed<\/td>\n<td style=\"text-align: left\">91,4 km\u00b2<\/td>\n<td style=\"text-align: left\">47,67 %<\/td>\n<\/tr>\n<tr>\n<td style=\"text-align: left\">Cabre\u00fava<\/td>\n<td style=\"text-align: left\">78,90 km\u00b2<\/td>\n<td style=\"text-align: left\">41,16 %<\/td>\n<\/tr>\n<tr>\n<td style=\"text-align: left\">Bom Jesus de Pirapora<\/td>\n<td style=\"text-align: left\">20,10 km\u00b2<\/td>\n<td style=\"text-align: left\">10,49 %<\/td>\n<\/tr>\n<tr>\n<td style=\"text-align: left\">Cajamar<\/td>\n<td style=\"text-align: left\">01,30 km\u00b2<\/td>\n<td style=\"text-align: left\">00,68 %<\/td>\n<\/tr>\n<\/tbody>\n<\/table>\n<p>Essas \u00e1reas comp\u00f5em s\u00edtios de grande valor paisag\u00edstico e c\u00eanico do territ\u00f3rio paulista, com predomin\u00e2ncia de vegeta\u00e7\u00e3o nativa adaptada a solos de baixa fertilidade e correspondem a uma das poucas por\u00e7\u00f5es de remanescentes de Mata Atl\u00e2ntica cont\u00ednua do interior do Estado.<\/p>\n<p><a href=\"https:\/\/jundiai.sp.gov.br\/planejamento-e-meio-ambiente\/wp-content\/uploads\/sites\/15\/2014\/09\/Conforme-resolu\u00e7\u00e3o-11-CONDEPHAAT.pdf\">Conforme resolu\u00e7\u00e3o 11 &#8211; CONDEPHAAT<\/a><\/p>\n","protected":false},"excerpt":{"rendered":"<p>O Conselho de Defesa do Patrim\u00f4nio Hist\u00f3rico, Arqueol\u00f3gico, Art\u00edstico e Tur\u00edstico (CONDEPHAAT), instituiu em 08 de mar\u00e7o de 1983 o tombamento das Serras do Japi, Guaxinduva e Jaguacoara, abrangendo uma \u00e1rea de 191, 70 km\u00b2 distribu\u00edda nos territ\u00f3rios de quatro munic\u00edpios, a saber: Munic\u00edpio \u00c1rea Porcentagem Jundia\u00ed 91,4 km\u00b2 47,67 % Cabre\u00fava 78,90 km\u00b2 41,16 [&hellip;]<\/p>\n","protected":false},"author":5,"featured_media":0,"parent":0,"menu_order":0,"comment_status":"closed","ping_status":"closed","template":"","meta":{"footnotes":""},"class_list":["post-851","page","type-page","status-publish","hentry"],"_links":{"self":[{"href":"https:\/\/jundiai.sp.gov.br\/planejamento-e-meio-ambiente\/wp-json\/wp\/v2\/pages\/851","targetHints":{"allow":["GET"]}}],"collection":[{"href":"https:\/\/jundiai.sp.gov.br\/planejamento-e-meio-ambiente\/wp-json\/wp\/v2\/pages"}],"about":[{"href":"https:\/\/jundiai.sp.gov.br\/planejamento-e-meio-ambiente\/wp-json\/wp\/v2\/types\/page"}],"author":[{"embeddable":true,"href":"https:\/\/jundiai.sp.gov.br\/planejamento-e-meio-ambiente\/wp-json\/wp\/v2\/users\/5"}],"replies":[{"embeddable":true,"href":"https:\/\/jundiai.sp.gov.br\/planejamento-e-meio-ambiente\/wp-json\/wp\/v2\/comments?post=851"}],"version-history":[{"count":2,"href":"https:\/\/jundiai.sp.gov.br\/planejamento-e-meio-ambiente\/wp-json\/wp\/v2\/pages\/851\/revisions"}],"predecessor-version":[{"id":854,"href":"https:\/\/jundiai.sp.gov.br\/planejamento-e-meio-ambiente\/wp-json\/wp\/v2\/pages\/851\/revisions\/854"}],"wp:attachment":[{"href":"https:\/\/jundiai.sp.gov.br\/planejamento-e-meio-ambiente\/wp-json\/wp\/v2\/media?parent=851"}],"curies":[{"name":"wp","href":"https:\/\/api.w.org\/{rel}","templated":true}]}}