{"id":11,"date":"2025-02-11T17:05:35","date_gmt":"2025-02-11T20:05:35","guid":{"rendered":"https:\/\/jundiai.sp.gov.br\/planodegoverno\/?page_id=11"},"modified":"2025-02-11T17:28:16","modified_gmt":"2025-02-11T20:28:16","slug":"plano-de-governo-gestao-2025-2028","status":"publish","type":"page","link":"https:\/\/jundiai.sp.gov.br\/planodegoverno\/","title":{"rendered":"PLANO DE GOVERNO 2025-2028"},"content":{"rendered":"\n<style>\n.pagina-titulo {text-align: center; font-size: 38px !important;}\n<\/style>\n\n\n\n<div style=\"height:50px\" aria-hidden=\"true\" class=\"wp-block-spacer\"><\/div>\n\n\n\n<h5 class=\"wp-block-heading has-text-align-center\">Relat\u00f3rio de Execu\u00e7\u00e3o \u2013 Avalia\u00e7\u00e3o das Iniciativas Propostas<\/h5>\n\n\n\n<p class=\"has-text-align-center\"><strong>\u00daltima atualiza\u00e7\u00e3o:<\/strong>&nbsp;fevereiro de 2025.<\/p>\n\n\n\n<div style=\"height:50px\" aria-hidden=\"true\" class=\"wp-block-spacer\"><\/div>\n\n\n\n<p>O&nbsp;Plano de Governo Municipal&nbsp;\u00e9 um instrumento de planejamento em que se estabelece as diretrizes e as medidas que ser\u00e3o tomadas nesta gest\u00e3o.<\/p>\n\n\n\n<p>O Plano de Governo, documento norteador de planejamento que traz diretrizes estrat\u00e9gicas com vig\u00eancia para os anos de 2025 a 2028, foi elaborado de forma participativa para ser implementado e executado ao longo dos anos.<\/p>\n\n\n\n<p>O planejamento estrat\u00e9gico para a administra\u00e7\u00e3o da cidade segue pautado pela organiza\u00e7\u00e3o financeira e responsabilidade fiscal, respeito ao contribuinte, transpar\u00eancia, inova\u00e7\u00e3o e sua capacidade de coordena\u00e7\u00e3o das pol\u00edticas p\u00fablicas para gera\u00e7\u00e3o de empregos, qualidade do ensino, promo\u00e7\u00e3o da sa\u00fade, seguran\u00e7a, mobilidade e todas as demais entregas em benef\u00edcio da popula\u00e7\u00e3o.<\/p>\n\n\n\n<p>A Unidade Central de Planejamento e Governan\u00e7a, departamento da Unidade de Gest\u00e3o de Governo e Finan\u00e7as, por meio do Escrit\u00f3rio de Avalia\u00e7\u00e3o de Planos Governamentais, efetua os levantamentos das informa\u00e7\u00f5es junto a todos os \u00f3rg\u00e3os da administra\u00e7\u00e3o (direta e indireta) utilizando-se de metodologias e sistemas de controle integrados e de gest\u00e3o de projetos e, assim, realiza as an\u00e1lises de converg\u00eancia das iniciativas propostas no Plano de Governo em rela\u00e7\u00e3o \u00e0s efetivas a\u00e7\u00f5es e entregas de governo \u2013 materializadas em leis espec\u00edficas como o <a href=\"https:\/\/jundiai.sp.gov.br\/ppa\/\">PPA 2022-2025<\/a>, LDOs e LOAs.<\/p>\n\n\n\n<p>Este conjunto de informa\u00e7\u00f5es \u00e9, ent\u00e3o, compilado e disponibilizado para consulta dos cidad\u00e3os nos principais canais digitais do governo, como <a href=\"https:\/\/jundiai.sp.gov.br\/\" target=\"_blank\" rel=\"noreferrer noopener\">Portal da Prefeitura Municipal<\/a>, <a href=\"https:\/\/transparencia.jundiai.sp.gov.br\/\" target=\"_blank\" rel=\"noreferrer noopener\">Portal da Transpar\u00eancia<\/a> e <a href=\"https:\/\/observatorio.jundiai.sp.gov.br\/\" target=\"_blank\" rel=\"noreferrer noopener\">Observat\u00f3rio Jundia\u00ed<\/a>.<\/p>\n\n\n\n<p>A seguir, disponibilizamos o Plano de Governo, para que seja poss\u00edvel conhecer as iniciativas o planejado e o que est\u00e1 sendo realizado.<\/p>\n\n\n\n<div style=\"height:100px\" aria-hidden=\"true\" class=\"wp-block-spacer\"><\/div>\n\n\n\n<div data-wp-interactive=\"core\/file\" class=\"wp-block-file\"><object data-wp-bind--hidden=\"!state.hasPdfPreview\" hidden class=\"wp-block-file__embed\" data=\"https:\/\/jundiai.sp.gov.br\/planodegoverno\/wp-content\/uploads\/sites\/94\/2025\/02\/pmj_plano_de_governo_gestao_2025_2028.pdf\" type=\"application\/pdf\" style=\"width:100%;height:800px\" aria-label=\"Incorporado de Plano de Governo - Gest\u00e3o 2025-2028.\"><\/object><a id=\"wp-block-file--media-e170466d-d6b4-4d60-84eb-ecc7e122e2c9\" href=\"https:\/\/jundiai.sp.gov.br\/planodegoverno\/wp-content\/uploads\/sites\/94\/2025\/02\/pmj_plano_de_governo_gestao_2025_2028.pdf\" target=\"_blank\" rel=\"noreferrer noopener\">Plano de Governo &#8211; Gest\u00e3o 2025-2028<\/a><a href=\"https:\/\/jundiai.sp.gov.br\/planodegoverno\/wp-content\/uploads\/sites\/94\/2025\/02\/pmj_plano_de_governo_gestao_2025_2028.pdf\" class=\"wp-block-file__button wp-element-button\" download aria-describedby=\"wp-block-file--media-e170466d-d6b4-4d60-84eb-ecc7e122e2c9\">Baixar<\/a><\/div>\n\n\n\n<div style=\"height:100px\" aria-hidden=\"true\" class=\"wp-block-spacer\"><\/div>\n\n\n\n<h5 class=\"wp-block-heading has-text-align-center\">PLANO DE GOVERNO<\/h5>\n\n\n\n<p>Acompanhamento, an\u00e1lise e atualiza\u00e7\u00e3o: Unidade Central de Planejamento e Governan\u00e7a<\/p>\n\n\n\n<p>Diretor: Rodolfo Piovezan<\/p>\n\n\n\n<p>Equipe T\u00e9cnica: Kleber Tandello Pereira e Henrique de Souza Ruyz Cardoso<\/p>\n\n\n\n<p>Contato pelo email <a href=\"mailto:ucpg@jundiai.sp.gov.br\">ucpg@jundiai.sp.gov.br<\/a><\/p>\n\n\n\n<p><\/p>\n","protected":false},"excerpt":{"rendered":"<p>Relat\u00f3rio de Execu\u00e7\u00e3o \u2013 Avalia\u00e7\u00e3o das Iniciativas Propostas \u00daltima atualiza\u00e7\u00e3o:&nbsp;fevereiro de 2025. O&nbsp;Plano de Governo Municipal&nbsp;\u00e9 um instrumento de planejamento em que se estabelece as diretrizes e as medidas que ser\u00e3o tomadas nesta gest\u00e3o. O Plano de Governo, documento norteador de planejamento que traz diretrizes estrat\u00e9gicas com vig\u00eancia para os anos de 2025 a 2028, [&hellip;]<\/p>\n","protected":false},"author":8,"featured_media":0,"parent":0,"menu_order":0,"comment_status":"closed","ping_status":"closed","template":"","meta":{"footnotes":""},"class_list":["post-11","page","type-page","status-publish","hentry"],"_links":{"self":[{"href":"https:\/\/jundiai.sp.gov.br\/planodegoverno\/wp-json\/wp\/v2\/pages\/11","targetHints":{"allow":["GET"]}}],"collection":[{"href":"https:\/\/jundiai.sp.gov.br\/planodegoverno\/wp-json\/wp\/v2\/pages"}],"about":[{"href":"https:\/\/jundiai.sp.gov.br\/planodegoverno\/wp-json\/wp\/v2\/types\/page"}],"author":[{"embeddable":true,"href":"https:\/\/jundiai.sp.gov.br\/planodegoverno\/wp-json\/wp\/v2\/users\/8"}],"replies":[{"embeddable":true,"href":"https:\/\/jundiai.sp.gov.br\/planodegoverno\/wp-json\/wp\/v2\/comments?post=11"}],"version-history":[{"count":15,"href":"https:\/\/jundiai.sp.gov.br\/planodegoverno\/wp-json\/wp\/v2\/pages\/11\/revisions"}],"predecessor-version":[{"id":29,"href":"https:\/\/jundiai.sp.gov.br\/planodegoverno\/wp-json\/wp\/v2\/pages\/11\/revisions\/29"}],"wp:attachment":[{"href":"https:\/\/jundiai.sp.gov.br\/planodegoverno\/wp-json\/wp\/v2\/media?parent=11"}],"curies":[{"name":"wp","href":"https:\/\/api.w.org\/{rel}","templated":true}]}}