{"id":2,"date":"2026-01-26T16:54:07","date_gmt":"2026-01-26T19:54:07","guid":{"rendered":"http:\/\/localhost\/portal\/?page_id=2"},"modified":"2026-03-17T16:41:29","modified_gmt":"2026-03-17T19:41:29","slug":"prefeitura-na-area","status":"publish","type":"page","link":"https:\/\/jundiai.sp.gov.br\/prefeituranaarea\/","title":{"rendered":"A Prefeitura mais perto de voc\u00ea, com servi\u00e7os, atendimento e escuta ativa."},"content":{"rendered":"\n<div class=\"wp-block-columns are-vertically-aligned-center is-layout-flex wp-container-core-columns-is-layout-9d6595d7 wp-block-columns-is-layout-flex\">\n<div class=\"wp-block-column is-vertically-aligned-center is-layout-flow wp-block-column-is-layout-flow\">\n<p>Pr\u00f3xima edi\u00e7\u00e3o<\/p>\n\n\n\n<h2 class=\"wp-block-heading\">23 de maio, das 9h \u00e0s 15h<\/h2>\n\n\n\n<p>EMEB Professor Ant\u00f4nio Adelino Marques da Silva Brand\u00e3o<br>Rua Uva Isabel, 50 &#8211; Morada das Vinhas<\/p>\n<\/div>\n\n\n\n<div class=\"wp-block-column is-vertically-aligned-center is-layout-flow wp-block-column-is-layout-flow\">\n<iframe src=\"https:\/\/www.google.com\/maps\/embed?pb=!1m18!1m12!1m3!1d3672.648256723397!2d-46.93091372392684!3d-23.137487246158237!2m3!1f0!2f0!3f0!3m2!1i1024!2i768!4f13.1!3m3!1m2!1s0x94cf2f6c227d9ddb%3A0xacbc86f957aaa859!2sR.%20Uva%20Isabel%2C%2050%20-%20Morada%20das%20Vinhas%2C%20Jundia%C3%AD%20-%20SP%2C%2013214-701!5e0!3m2!1spt-BR!2sbr!4v1773776468453!5m2!1spt-BR!2sbr\" width=\"100%\" height=\"250\" style=\"border:0;\" allowfullscreen=\"\" loading=\"lazy\" referrerpolicy=\"no-referrer-when-downgrade\"><\/iframe>\n<\/div>\n<\/div>\n\n\n\n<p><\/p>\n","protected":false},"excerpt":{"rendered":"<p>Pr\u00f3xima edi\u00e7\u00e3o 23 de maio, das 9h \u00e0s 15h EMEB Professor Ant\u00f4nio Adelino Marques da Silva Brand\u00e3oRua Uva Isabel, 50 &#8211; Morada das Vinhas<\/p>\n","protected":false},"author":8,"featured_media":0,"parent":0,"menu_order":1,"comment_status":"closed","ping_status":"closed","template":"","meta":{"footnotes":""},"class_list":["post-2","page","type-page","status-publish","hentry"],"_links":{"self":[{"href":"https:\/\/jundiai.sp.gov.br\/prefeituranaarea\/wp-json\/wp\/v2\/pages\/2","targetHints":{"allow":["GET"]}}],"collection":[{"href":"https:\/\/jundiai.sp.gov.br\/prefeituranaarea\/wp-json\/wp\/v2\/pages"}],"about":[{"href":"https:\/\/jundiai.sp.gov.br\/prefeituranaarea\/wp-json\/wp\/v2\/types\/page"}],"author":[{"embeddable":true,"href":"https:\/\/jundiai.sp.gov.br\/prefeituranaarea\/wp-json\/wp\/v2\/users\/8"}],"replies":[{"embeddable":true,"href":"https:\/\/jundiai.sp.gov.br\/prefeituranaarea\/wp-json\/wp\/v2\/comments?post=2"}],"version-history":[{"count":8,"href":"https:\/\/jundiai.sp.gov.br\/prefeituranaarea\/wp-json\/wp\/v2\/pages\/2\/revisions"}],"predecessor-version":[{"id":97,"href":"https:\/\/jundiai.sp.gov.br\/prefeituranaarea\/wp-json\/wp\/v2\/pages\/2\/revisions\/97"}],"wp:attachment":[{"href":"https:\/\/jundiai.sp.gov.br\/prefeituranaarea\/wp-json\/wp\/v2\/media?parent=2"}],"curies":[{"name":"wp","href":"https:\/\/api.w.org\/{rel}","templated":true}]}}