{"id":79,"date":"2023-01-31T12:44:44","date_gmt":"2023-01-31T15:44:44","guid":{"rendered":"https:\/\/jundiai.sp.gov.br\/iprejun\/?page_id=79"},"modified":"2024-10-09T14:26:53","modified_gmt":"2024-10-09T17:26:53","slug":"regime-proprio-de-previdencia-social","status":"publish","type":"page","link":"https:\/\/jundiai.sp.gov.br\/previdencia-servidor\/regime-proprio-de-previdencia-social\/","title":{"rendered":"Regime Pr\u00f3prio de Previd\u00eancia Social"},"content":{"rendered":"\n<p>O Regime Pr\u00f3prio de Previd\u00eancia Social (RPPS) \u00e9 exclusivo para servidores p\u00fablicos titulares de cargo efetivo. No Munic\u00edpio de Jundia\u00ed, a unidade gestora \u00e9 o Instituto de Previd\u00eancia do Munic\u00edpio de Jundia\u00ed \u2013 IPREJUN criado pela Lei no 5.894, de 12 de setembro de 2002, autarquia municipal, com personalidade jur\u00eddica de direito p\u00fablico. O \u00f3rg\u00e3o cuida dos proventos de cerca de 3 mil aposentados e pensionistas, foi recertificado em abril de 2022 como n\u00edvel IV no Pr\u00f3- Gest\u00e3o RPPS do Minist\u00e9rio da Previd\u00eancia Social.<br><\/p>\n\n\n\n<p>O Regime \u00e9 de car\u00e1ter contributivo e solid\u00e1rio, tanto os benef\u00edcios de aposentadorias e pens\u00f5es atuais quanto os futuros devem ser custeados pelos entes empregadores (Prefeitura, c\u00e2mara e Autarquias), servidores ativos, aposentados e pensionistas mediante contribui\u00e7\u00e3o previdenci\u00e1ria.<\/p>\n\n\n\n<p><a href=\"https:\/\/iprejun.sp.gov.br\/\" target=\"_blank\" rel=\"noreferrer noopener\">Para mais informa\u00e7\u00f5es acesse o site do Iprejun<\/a><\/p>\n\n\n\n<div style=\"height:50px\" aria-hidden=\"true\" class=\"wp-block-spacer\"><\/div>\n","protected":false},"excerpt":{"rendered":"<p>O Regime Pr\u00f3prio de Previd\u00eancia Social (RPPS) \u00e9 exclusivo para servidores p\u00fablicos titulares de cargo efetivo. No Munic\u00edpio de Jundia\u00ed, a unidade gestora \u00e9 o Instituto de Previd\u00eancia do Munic\u00edpio de Jundia\u00ed \u2013 IPREJUN criado pela Lei no 5.894, de 12 de setembro de 2002, autarquia municipal, com personalidade jur\u00eddica de direito p\u00fablico. O \u00f3rg\u00e3o [&hellip;]<\/p>\n","protected":false},"author":8,"featured_media":0,"parent":0,"menu_order":0,"comment_status":"closed","ping_status":"closed","template":"","meta":{"footnotes":""},"class_list":["post-79","page","type-page","status-publish","hentry"],"_links":{"self":[{"href":"https:\/\/jundiai.sp.gov.br\/previdencia-servidor\/wp-json\/wp\/v2\/pages\/79","targetHints":{"allow":["GET"]}}],"collection":[{"href":"https:\/\/jundiai.sp.gov.br\/previdencia-servidor\/wp-json\/wp\/v2\/pages"}],"about":[{"href":"https:\/\/jundiai.sp.gov.br\/previdencia-servidor\/wp-json\/wp\/v2\/types\/page"}],"author":[{"embeddable":true,"href":"https:\/\/jundiai.sp.gov.br\/previdencia-servidor\/wp-json\/wp\/v2\/users\/8"}],"replies":[{"embeddable":true,"href":"https:\/\/jundiai.sp.gov.br\/previdencia-servidor\/wp-json\/wp\/v2\/comments?post=79"}],"version-history":[{"count":5,"href":"https:\/\/jundiai.sp.gov.br\/previdencia-servidor\/wp-json\/wp\/v2\/pages\/79\/revisions"}],"predecessor-version":[{"id":188,"href":"https:\/\/jundiai.sp.gov.br\/previdencia-servidor\/wp-json\/wp\/v2\/pages\/79\/revisions\/188"}],"wp:attachment":[{"href":"https:\/\/jundiai.sp.gov.br\/previdencia-servidor\/wp-json\/wp\/v2\/media?parent=79"}],"curies":[{"name":"wp","href":"https:\/\/api.w.org\/{rel}","templated":true}]}}