{"id":124,"date":"2021-08-31T11:21:32","date_gmt":"2021-08-31T14:21:32","guid":{"rendered":"https:\/\/jundiai.sp.gov.br\/previdencia-servidores\/?page_id=124"},"modified":"2021-10-01T15:49:57","modified_gmt":"2021-10-01T18:49:57","slug":"regime-de-previdencia-complementar-rpc","status":"publish","type":"page","link":"https:\/\/jundiai.sp.gov.br\/previdencia-servidores\/base-legal\/regime-de-previdencia-complementar-rpc\/","title":{"rendered":"Regime de Previd\u00eancia Complementar &#8211; RPC"},"content":{"rendered":"\n<ul class=\"wp-block-list\" id=\"block-ebd63100-2da9-47b9-a61e-217d0aa686d2\"><li><a rel=\"noreferrer noopener\" href=\"https:\/\/jundiai.sp.gov.br\/previdencia-servidores\/wp-content\/uploads\/sites\/67\/2021\/08\/emenda-constitucional-no-41-de-19-de-dezembro-de-2003.pdf\" target=\"_blank\">Emenda Constitucional n\u00ba 41, de 2003 (plano de CD\/Contribui\u00e7\u00e3o Definida)<\/a><\/li><li><a rel=\"noreferrer noopener\" href=\"https:\/\/jundiai.sp.gov.br\/previdencia-servidores\/wp-content\/uploads\/sites\/67\/2021\/08\/emenda-constitucional-n-103-2019.pdf\" target=\"_blank\">Emenda Constitucional n\u00ba 103, de 2019<\/a><\/li><li><a rel=\"noreferrer noopener\" href=\"https:\/\/jundiai.sp.gov.br\/previdencia-servidores\/wp-content\/uploads\/sites\/67\/2021\/08\/art-40-da-constituicao-federal.pdf\" target=\"_blank\">Art. 40 da Constitui\u00e7\u00e3o Federal<\/a><\/li><li><a rel=\"noreferrer noopener\" href=\"https:\/\/jundiai.sp.gov.br\/previdencia-servidores\/wp-content\/uploads\/sites\/67\/2021\/08\/lei-complementar-no-108-de-29-de-maio-de-2001.pdf\" target=\"_blank\">Lei Complementar n.\u00ba 108, de 2001<\/a><\/li><li><a rel=\"noreferrer noopener\" href=\"https:\/\/jundiai.sp.gov.br\/previdencia-servidores\/wp-content\/uploads\/sites\/67\/2021\/08\/lei-complementar-no-109-de-29-de-maio-de-2001.pdf\" target=\"_blank\">Lei Complementar n.\u00ba 109, de 2001<\/a><\/li><li><a rel=\"noreferrer noopener\" href=\"https:\/\/jundiai.sp.gov.br\/previdencia-servidores\/wp-content\/uploads\/sites\/67\/2021\/08\/lei-no-11-053-de-29-de-dezembro-de-2004.pdf\" target=\"_blank\">Lei n\u00ba 11.053, de 2004 (regime tribut\u00e1rio)&nbsp;<\/a><\/li><li><a rel=\"noreferrer noopener\" href=\"https:\/\/jundiai.sp.gov.br\/previdencia-servidores\/wp-content\/uploads\/sites\/67\/2021\/08\/lei-no-12-154-de-23-de-dezembro-de-2009.pdf\" target=\"_blank\">Lei n\u00ba 12.154, de 2010 (\u00f3rg\u00e3o fiscalizador: PREVIC\/ME)<\/a><\/li><li><a rel=\"noreferrer noopener\" href=\"https:\/\/jundiai.sp.gov.br\/previdencia-servidores\/wp-content\/uploads\/sites\/67\/2021\/08\/decreto-no-7-808-de-20-de-setembro-de-2012.pdf\" target=\"_blank\">Decreto n\u00ba 7.808, de 2012<\/a><\/li><li><a rel=\"noreferrer noopener\" href=\"https:\/\/jundiai.sp.gov.br\/previdencia-servidores\/wp-content\/uploads\/sites\/67\/2021\/08\/lei-no-13-183-de-4-de-novembro-de-2015.pdf\" target=\"_blank\">Lei n\u00ba 13.183, de 2015 (Ades\u00e3o Autom\u00e1tica)<\/a><\/li><li><a rel=\"noreferrer noopener\" href=\"https:\/\/jundiai.sp.gov.br\/previdencia-servidores\/wp-content\/uploads\/sites\/67\/2021\/08\/decreto-no-4-942-de-30-de-dezembro-de-2003.pdf\" target=\"_blank\">Decreto n\u00ba 4.942, de 2003 (regime sancionador)<\/a><\/li><li><a rel=\"noreferrer noopener\" href=\"https:\/\/jundiai.sp.gov.br\/previdencia-servidores\/wp-content\/uploads\/sites\/67\/2021\/08\/decreto-no-7-123-de-3-de-marco-de-2010.pdf\" target=\"_blank\">Decreto n\u00ba 7.123, de 03 de mar\u00e7o de 2010 (\u00d3rg\u00e3o regulador: CNPC)<\/a><\/li><li>Resolu\u00e7\u00f5es do CNPC<\/li><\/ul>\n\n\n\n<div style=\"height:100px\" aria-hidden=\"true\" class=\"wp-block-spacer\"><\/div>\n\n\n\n<p class=\"has-background\" style=\"background-color:#e2f4ff\">O Conselho Nacional de Previd\u00eancia Complementar \u2013 CNPC, Regula o regime de previd\u00eancia complementar operado pelas entidades fechadas de previd\u00eancia complementar.<\/p>\n\n\n\n<p><strong>PREVIC<\/strong><br><a href=\"https:\/\/www.gov.br\/previdencia\/pt-br\/assuntos\/previdencia-complementar\/legislacao\"><strong>https:\/\/www.gov.br\/previdencia\/pt-br\/assuntos\/previdencia-complementar\/legislacao<\/strong><\/a><\/p>\n","protected":false},"excerpt":{"rendered":"<p>Emenda Constitucional n\u00ba 41, de 2003 (plano de CD\/Contribui\u00e7\u00e3o Definida) Emenda Constitucional n\u00ba 103, de 2019 Art. 40 da Constitui\u00e7\u00e3o Federal Lei Complementar n.\u00ba 108, de 2001 Lei Complementar n.\u00ba 109, de 2001 Lei n\u00ba 11.053, de 2004 (regime tribut\u00e1rio)&nbsp; Lei n\u00ba 12.154, de 2010 (\u00f3rg\u00e3o fiscalizador: PREVIC\/ME) Decreto n\u00ba 7.808, de 2012 Lei n\u00ba [&hellip;]<\/p>\n","protected":false},"author":8,"featured_media":60,"parent":18,"menu_order":0,"comment_status":"closed","ping_status":"closed","template":"","meta":{"footnotes":""},"class_list":["post-124","page","type-page","status-publish","has-post-thumbnail","hentry"],"_links":{"self":[{"href":"https:\/\/jundiai.sp.gov.br\/previdencia-servidores\/wp-json\/wp\/v2\/pages\/124","targetHints":{"allow":["GET"]}}],"collection":[{"href":"https:\/\/jundiai.sp.gov.br\/previdencia-servidores\/wp-json\/wp\/v2\/pages"}],"about":[{"href":"https:\/\/jundiai.sp.gov.br\/previdencia-servidores\/wp-json\/wp\/v2\/types\/page"}],"author":[{"embeddable":true,"href":"https:\/\/jundiai.sp.gov.br\/previdencia-servidores\/wp-json\/wp\/v2\/users\/8"}],"replies":[{"embeddable":true,"href":"https:\/\/jundiai.sp.gov.br\/previdencia-servidores\/wp-json\/wp\/v2\/comments?post=124"}],"version-history":[{"count":2,"href":"https:\/\/jundiai.sp.gov.br\/previdencia-servidores\/wp-json\/wp\/v2\/pages\/124\/revisions"}],"predecessor-version":[{"id":140,"href":"https:\/\/jundiai.sp.gov.br\/previdencia-servidores\/wp-json\/wp\/v2\/pages\/124\/revisions\/140"}],"up":[{"embeddable":true,"href":"https:\/\/jundiai.sp.gov.br\/previdencia-servidores\/wp-json\/wp\/v2\/pages\/18"}],"wp:featuredmedia":[{"embeddable":true,"href":"https:\/\/jundiai.sp.gov.br\/previdencia-servidores\/wp-json\/wp\/v2\/media\/60"}],"wp:attachment":[{"href":"https:\/\/jundiai.sp.gov.br\/previdencia-servidores\/wp-json\/wp\/v2\/media?parent=124"}],"curies":[{"name":"wp","href":"https:\/\/api.w.org\/{rel}","templated":true}]}}