{"id":126,"date":"2021-08-31T11:21:42","date_gmt":"2021-08-31T14:21:42","guid":{"rendered":"https:\/\/jundiai.sp.gov.br\/previdencia-servidores\/?page_id=126"},"modified":"2021-10-01T15:50:02","modified_gmt":"2021-10-01T18:50:02","slug":"regime-proprio-de-previdencia-social-rpps","status":"publish","type":"page","link":"https:\/\/jundiai.sp.gov.br\/previdencia-servidores\/base-legal\/regime-proprio-de-previdencia-social-rpps\/","title":{"rendered":"Regime Pr\u00f3prio de Previd\u00eancia Social &#8211; RPPS"},"content":{"rendered":"\n<p><a href=\"https:\/\/jundiai.sp.gov.br\/previdencia-servidores\/wp-content\/uploads\/sites\/67\/2021\/09\/lei-n__-5_894_-de-12-de-setembro-de-2002.pdf\" target=\"_blank\" rel=\"noreferrer noopener\">Lei n\u00b0 5.894, de 12 de Setembro de 2002<\/a><br>Cria o Instituto de Previd\u00eancia do Munic\u00edpio de Jundia\u00ed \u2013 IPREJUN<\/p>\n","protected":false},"excerpt":{"rendered":"<p>Lei n\u00b0 5.894, de 12 de Setembro de 2002Cria o Instituto de Previd\u00eancia do Munic\u00edpio de Jundia\u00ed \u2013 IPREJUN<\/p>\n","protected":false},"author":8,"featured_media":60,"parent":18,"menu_order":0,"comment_status":"closed","ping_status":"closed","template":"","meta":{"footnotes":""},"class_list":["post-126","page","type-page","status-publish","has-post-thumbnail","hentry"],"_links":{"self":[{"href":"https:\/\/jundiai.sp.gov.br\/previdencia-servidores\/wp-json\/wp\/v2\/pages\/126","targetHints":{"allow":["GET"]}}],"collection":[{"href":"https:\/\/jundiai.sp.gov.br\/previdencia-servidores\/wp-json\/wp\/v2\/pages"}],"about":[{"href":"https:\/\/jundiai.sp.gov.br\/previdencia-servidores\/wp-json\/wp\/v2\/types\/page"}],"author":[{"embeddable":true,"href":"https:\/\/jundiai.sp.gov.br\/previdencia-servidores\/wp-json\/wp\/v2\/users\/8"}],"replies":[{"embeddable":true,"href":"https:\/\/jundiai.sp.gov.br\/previdencia-servidores\/wp-json\/wp\/v2\/comments?post=126"}],"version-history":[{"count":3,"href":"https:\/\/jundiai.sp.gov.br\/previdencia-servidores\/wp-json\/wp\/v2\/pages\/126\/revisions"}],"predecessor-version":[{"id":152,"href":"https:\/\/jundiai.sp.gov.br\/previdencia-servidores\/wp-json\/wp\/v2\/pages\/126\/revisions\/152"}],"up":[{"embeddable":true,"href":"https:\/\/jundiai.sp.gov.br\/previdencia-servidores\/wp-json\/wp\/v2\/pages\/18"}],"wp:featuredmedia":[{"embeddable":true,"href":"https:\/\/jundiai.sp.gov.br\/previdencia-servidores\/wp-json\/wp\/v2\/media\/60"}],"wp:attachment":[{"href":"https:\/\/jundiai.sp.gov.br\/previdencia-servidores\/wp-json\/wp\/v2\/media?parent=126"}],"curies":[{"name":"wp","href":"https:\/\/api.w.org\/{rel}","templated":true}]}}