{"id":24,"date":"2021-08-18T10:34:45","date_gmt":"2021-08-18T13:34:45","guid":{"rendered":"https:\/\/jundiai.sp.gov.br\/reforma-servidores\/?page_id=24"},"modified":"2021-11-11T16:52:18","modified_gmt":"2021-11-11T19:52:18","slug":"saiba-mais","status":"publish","type":"page","link":"https:\/\/jundiai.sp.gov.br\/previdencia-servidores\/saiba-mais\/","title":{"rendered":"Saiba mais"},"content":{"rendered":"\n<p><a href=\"https:\/\/jundiai.sp.gov.br\/noticias\/2021\/11\/10\/projeto-que-institui-novo-regime-de-previdencia-complementar-e-aprovado-na-camara-municipal\/\" target=\"_blank\" rel=\"noreferrer noopener\">Projeto que institui Novo Regime de Previd\u00eancia Complementar \u00e9 aprovado na C\u00e2mara Municipal<\/a><\/p>\n\n\n\n<p><a href=\"https:\/\/jundiai.sp.gov.br\/noticias\/2021\/11\/03\/primeira-etapa-da-reforma-da-previdencia-e-concluida\/\" data-type=\"URL\" data-id=\"https:\/\/jundiai.sp.gov.br\/noticias\/2021\/11\/03\/primeira-etapa-da-reforma-da-previdencia-e-concluida\/\" target=\"_blank\" rel=\"noreferrer noopener\">Primeira etapa da Reforma da Previd\u00eancia \u00e9 conclu\u00edda<\/a><\/p>\n\n\n\n<p><a rel=\"noreferrer noopener\" href=\"https:\/\/jundiai.sp.gov.br\/noticias\/2021\/10\/29\/jundiai-adotara-duas-regras-de-transicao-na-reforma-da-previdencia-dos-servidores\/\" data-type=\"URL\" data-id=\"https:\/\/jundiai.sp.gov.br\/noticias\/2021\/10\/29\/jundiai-adotara-duas-regras-de-transicao-na-reforma-da-previdencia-dos-servidores\/\" target=\"_blank\">Jundia\u00ed adotar\u00e1 duas regras de transi\u00e7\u00e3o na reforma da previd\u00eancia dos servidores<\/a><\/p>\n\n\n\n<p><a href=\"https:\/\/jundiai.sp.gov.br\/noticias\/2021\/10\/27\/jundiai-realiza-audiencia-publica-para-tirar-duvidas-sobre-reforma-da-previdencia-dos-servidores\/\" data-type=\"URL\" data-id=\"https:\/\/jundiai.sp.gov.br\/noticias\/2021\/10\/27\/jundiai-realiza-audiencia-publica-para-tirar-duvidas-sobre-reforma-da-previdencia-dos-servidores\/\" target=\"_blank\" rel=\"noreferrer noopener\">Jundia\u00ed realiza Audi\u00eancia P\u00fablica para tirar d\u00favidas sobre Reforma da Previd\u00eancia dos servidores<\/a><\/p>\n\n\n\n<p><a href=\"https:\/\/jundiai.sp.gov.br\/noticias\/2021\/10\/22\/audiencia-publica-apresenta-e-discute-reforma-da-previdencia-dos-servidores-municipais\/\" target=\"_blank\" rel=\"noreferrer noopener\">Audi\u00eancia P\u00fablica apresenta e discute Reforma da Previd\u00eancia dos servidores municipais<\/a><\/p>\n\n\n\n<p><a href=\"https:\/\/jundiai.sp.gov.br\/noticias\/2021\/10\/19\/reforma-da-previdencia-e-tema-da-reuniao-de-plataforma-desta-terca-feira-19\/\" target=\"_blank\" rel=\"noreferrer noopener\">Reforma da Previd\u00eancia \u00e9 tema da Reuni\u00e3o de Plataforma desta ter\u00e7a-feira (19)<\/a><\/p>\n\n\n\n<p><a rel=\"noreferrer noopener\" href=\"https:\/\/youtu.be\/ml5YgR9BQ7Q\" target=\"_blank\">Live &#8220;Fragilidade Financeira nos RPPS&#8221; &#8211; 18\/10\/202<\/a><\/p>\n\n\n\n<div class=\"wp-block-file\"><a href=\"http:\/\/jundiai.sp.gov.br\/previdencia-servidores\/wp-content\/uploads\/sites\/67\/2021\/10\/live-do-tcesp-debater_-rpps.pdf\" target=\"_blank\" rel=\"noreferrer noopener\">Live do TCESP debater\u00e1 Regimes Pr\u00f3prios de Previd\u00eancia Social<\/a><a href=\"http:\/\/jundiai.sp.gov.br\/previdencia-servidores\/wp-content\/uploads\/sites\/67\/2021\/10\/live-do-tcesp-debater_-rpps.pdf\" class=\"wp-block-file__button\" download>Baixar<\/a><\/div>\n\n\n\n<p><a href=\"http:\/\/iprejun.sp.gov.br\/N\/avaliacao-atuarial\" target=\"_blank\" rel=\"noreferrer noopener\">Avalia\u00e7\u00e3o Atuarial<\/a><\/p>\n\n\n\n<p><a href=\"https:\/\/jundiai.sp.gov.br\/noticias\/2021\/08\/16\/jundiai-avanca-na-implantacao-do-regime-de-previdencia-complementar-do-servidor\/\" target=\"_blank\" rel=\"noreferrer noopener\">Jundia\u00ed avan\u00e7a na implanta\u00e7\u00e3o do Regime de Previd\u00eancia Complementar do Servidor<\/a><\/p>\n\n\n\n<p><a href=\"https:\/\/jundiai.sp.gov.br\/noticias\/2021\/09\/13\/reforma-da-previdencia-servidores-de-jundiai-detalham-pontos-em-encontro\/\" target=\"_blank\" rel=\"noreferrer noopener\">Reforma da Previd\u00eancia: Servidores de Jundia\u00ed conhecem pontos que devem ser reformados<\/a><\/p>\n\n\n\n<p><a href=\"https:\/\/jundiai.sp.gov.br\/noticias\/2021\/10\/08\/comissao-de-servidores-se-reune-para-conhecer-estudos-da-reforma-do-regime-previdenciario-municipal\/\" target=\"_blank\" rel=\"noreferrer noopener\">Comiss\u00e3o de Servidores se re\u00fane para conhecer estudos da reforma do regime previdenci\u00e1rio municipal<\/a><\/p>\n\n\n\n<p><a href=\"https:\/\/jundiai.sp.gov.br\/noticias\/2021\/09\/10\/comissao-de-servidores-e-capacitada-para-participar-da-reforma-da-previdencia-municipal\/\" target=\"_blank\" rel=\"noreferrer noopener\">Comiss\u00e3o de Servidores \u00e9 capacitada para participar da Reforma da Previd\u00eancia Municipal<\/a><\/p>\n\n\n\n<p><a rel=\"noreferrer noopener\" href=\"https:\/\/www.elcorreo.com\/economia\/tu-economia\/pacto-toledo-2020-guia-pensiones-2021-20201123084202-nt.html\" target=\"_blank\">Gu\u00eda para entender como quedar\u00e1n las pensiones en 2021<\/a><\/p>\n\n\n\n<p><a href=\"https:\/\/jundiai.sp.gov.br\/noticias\/2021\/08\/16\/jundiai-avanca-na-implantacao-do-regime-de-previdencia-complementar-do-servidor\/\" data-type=\"URL\" data-id=\"https:\/\/jundiai.sp.gov.br\/noticias\/2021\/08\/16\/jundiai-avanca-na-implantacao-do-regime-de-previdencia-complementar-do-servidor\/\" target=\"_blank\" rel=\"noreferrer noopener\">Jundia\u00ed avan\u00e7a na implanta\u00e7\u00e3o do Regime de Previd\u00eancia Complementar do Servidor<\/a><\/p>\n\n\n\n<div class=\"wp-block-file\"><a href=\"https:\/\/jundiai.sp.gov.br\/previdencia-servidores\/wp-content\/uploads\/sites\/67\/2021\/08\/nota-tecnica-atricon-01-2021-12-04-21-1.pdf\">Nota T\u00e9cnica n\u00ba 001\/2021 ATRICON<\/a><a href=\"https:\/\/jundiai.sp.gov.br\/previdencia-servidores\/wp-content\/uploads\/sites\/67\/2021\/08\/nota-tecnica-atricon-01-2021-12-04-21-1.pdf\" class=\"wp-block-file__button\" download>Baixar<\/a><\/div>\n\n\n\n<div class=\"wp-block-file\"><a href=\"https:\/\/jundiai.sp.gov.br\/previdencia-servidores\/wp-content\/uploads\/sites\/67\/2021\/08\/informe-estatistico-1-trimestre-2021-1-2-1.pdf\">Informe Estatistico Trimestral (mar\u00e7o de 2021)<\/a><a href=\"https:\/\/jundiai.sp.gov.br\/previdencia-servidores\/wp-content\/uploads\/sites\/67\/2021\/08\/informe-estatistico-1-trimestre-2021-1-2-1.pdf\" class=\"wp-block-file__button\" download>Baixar<\/a><\/div>\n\n\n\n<div class=\"wp-block-file\"><a href=\"https:\/\/jundiai.sp.gov.br\/previdencia-servidores\/wp-content\/uploads\/sites\/67\/2021\/08\/melhores-praticas-em-fundos-de-pensao-1.pdf\">Guia Previc &#8211; Melhores Pr\u00e1ticas em Fundos de Pens\u00e3o<\/a><a href=\"https:\/\/jundiai.sp.gov.br\/previdencia-servidores\/wp-content\/uploads\/sites\/67\/2021\/08\/melhores-praticas-em-fundos-de-pensao-1.pdf\" class=\"wp-block-file__button\" download>Baixar<\/a><\/div>\n\n\n\n<div class=\"wp-block-file\"><a href=\"https:\/\/jundiai.sp.gov.br\/previdencia-servidores\/wp-content\/uploads\/sites\/67\/2021\/08\/10a-serie-de-estudos-despesas-administrativas-2020-1.pdf\">Relat\u00f3rio das Despesas Administrativas das Entidades Fechadas de Previd\u00eancia Complementar (2020)<\/a><a href=\"https:\/\/jundiai.sp.gov.br\/previdencia-servidores\/wp-content\/uploads\/sites\/67\/2021\/08\/10a-serie-de-estudos-despesas-administrativas-2020-1.pdf\" class=\"wp-block-file__button\" download>Baixar<\/a><\/div>\n\n\n\n<div class=\"wp-block-file\"><a href=\"https:\/\/jundiai.sp.gov.br\/previdencia-servidores\/wp-content\/uploads\/sites\/67\/2021\/08\/6-edicao-do-relatorio-de-estabilidade-da-previdencia-complementar-rep-2-1-junho-de-2021-1.pdf\">Relat\u00f3rio de Estabilidade da Previd\u00eancia Complementar (junho de 2021)<\/a><a href=\"https:\/\/jundiai.sp.gov.br\/previdencia-servidores\/wp-content\/uploads\/sites\/67\/2021\/08\/6-edicao-do-relatorio-de-estabilidade-da-previdencia-complementar-rep-2-1-junho-de-2021-1.pdf\" class=\"wp-block-file__button\" download>Baixar<\/a><\/div>\n\n\n\n<div class=\"wp-block-file\"><a href=\"https:\/\/jundiai.sp.gov.br\/previdencia-servidores\/wp-content\/uploads\/sites\/67\/2021\/08\/sdg034-tcesp.pdf\" target=\"_blank\" rel=\"noreferrer noopener\">Comunicado SDG n\u00ba 34\/2021<\/a><a href=\"https:\/\/jundiai.sp.gov.br\/previdencia-servidores\/wp-content\/uploads\/sites\/67\/2021\/08\/sdg034-tcesp.pdf\" class=\"wp-block-file__button\" download>Baixar<\/a><\/div>\n","protected":false},"excerpt":{"rendered":"<p>Projeto que institui Novo Regime de Previd\u00eancia Complementar \u00e9 aprovado na C\u00e2mara Municipal Primeira etapa da Reforma da Previd\u00eancia \u00e9 conclu\u00edda Jundia\u00ed adotar\u00e1 duas regras de transi\u00e7\u00e3o na reforma da previd\u00eancia dos servidores Jundia\u00ed realiza Audi\u00eancia P\u00fablica para tirar d\u00favidas sobre Reforma da Previd\u00eancia dos servidores Audi\u00eancia P\u00fablica apresenta e discute Reforma da Previd\u00eancia dos [&hellip;]<\/p>\n","protected":false},"author":8,"featured_media":60,"parent":0,"menu_order":0,"comment_status":"closed","ping_status":"closed","template":"","meta":{"footnotes":""},"class_list":["post-24","page","type-page","status-publish","has-post-thumbnail","hentry"],"_links":{"self":[{"href":"https:\/\/jundiai.sp.gov.br\/previdencia-servidores\/wp-json\/wp\/v2\/pages\/24","targetHints":{"allow":["GET"]}}],"collection":[{"href":"https:\/\/jundiai.sp.gov.br\/previdencia-servidores\/wp-json\/wp\/v2\/pages"}],"about":[{"href":"https:\/\/jundiai.sp.gov.br\/previdencia-servidores\/wp-json\/wp\/v2\/types\/page"}],"author":[{"embeddable":true,"href":"https:\/\/jundiai.sp.gov.br\/previdencia-servidores\/wp-json\/wp\/v2\/users\/8"}],"replies":[{"embeddable":true,"href":"https:\/\/jundiai.sp.gov.br\/previdencia-servidores\/wp-json\/wp\/v2\/comments?post=24"}],"version-history":[{"count":14,"href":"https:\/\/jundiai.sp.gov.br\/previdencia-servidores\/wp-json\/wp\/v2\/pages\/24\/revisions"}],"predecessor-version":[{"id":389,"href":"https:\/\/jundiai.sp.gov.br\/previdencia-servidores\/wp-json\/wp\/v2\/pages\/24\/revisions\/389"}],"wp:featuredmedia":[{"embeddable":true,"href":"https:\/\/jundiai.sp.gov.br\/previdencia-servidores\/wp-json\/wp\/v2\/media\/60"}],"wp:attachment":[{"href":"https:\/\/jundiai.sp.gov.br\/previdencia-servidores\/wp-json\/wp\/v2\/media?parent=24"}],"curies":[{"name":"wp","href":"https:\/\/api.w.org\/{rel}","templated":true}]}}