{"id":257,"date":"2021-10-21T17:34:51","date_gmt":"2021-10-21T20:34:51","guid":{"rendered":"https:\/\/jundiai.sp.gov.br\/previdencia-servidores\/?page_id=257"},"modified":"2021-10-21T17:36:13","modified_gmt":"2021-10-21T20:36:13","slug":"por-que-o-municipio-precisa-instituir-um-novo-regime-de-previdencia-complementar","status":"publish","type":"page","link":"https:\/\/jundiai.sp.gov.br\/previdencia-servidores\/regime-de-previdencia-complementar\/por-que-o-municipio-precisa-instituir-um-novo-regime-de-previdencia-complementar\/","title":{"rendered":"Por que o munic\u00edpio precisa instituir um novo Regime de Previd\u00eancia Complementar?"},"content":{"rendered":"\n<p>A Previd\u00eancia Complementar do Servidor P\u00fablico \u00e9 uma obriga\u00e7\u00e3o legal, estabelecida pela <a href=\"https:\/\/jundiai.sp.gov.br\/previdencia-servidores\/wp-content\/uploads\/sites\/67\/2021\/08\/emenda-constitucional-n-103-2019.pdf\" target=\"_blank\" rel=\"noreferrer noopener\">Emenda Constitucional n\u00b0 103\/2019<\/a>, que alterou o <a href=\"https:\/\/jundiai.sp.gov.br\/previdencia-servidores\/wp-content\/uploads\/sites\/67\/2021\/08\/art-40-da-constituicao-federal.pdf\" target=\"_blank\" rel=\"noreferrer noopener\">art. 40 da Constitui\u00e7\u00e3o Federal<\/a> e determinou que, <strong>at\u00e9 12 de novembro de 2021<\/strong>, todos os Entes federados que possuam Regimes Pr\u00f3prios de Previd\u00eancia Social \u2013 RPPS, limitem os benef\u00edcios de aposentadorias e pens\u00f5es para os servidores admitidos ap\u00f3s essa data ao teto do INSS (Regime Geral de Previd\u00eancia Social).&nbsp;<\/p>\n\n\n\n<ul class=\"wp-block-list\"><li>Em 2021, <strong>o teto do RGPS \u00e9 de R$ 6.433,57<\/strong>.<\/li><li><strong>Obriga\u00e7\u00e3o de instituir \u00e9 do Poder Executivo<\/strong> de Jundia\u00ed e devem ser <strong>vinculados todos os Poderes e \u00f3rg\u00e3os da administra\u00e7\u00e3o indireta<\/strong>;<\/li><li><strong>Novos servidores ter\u00e3o dois regimes<\/strong>: At\u00e9 o teto todos estar\u00e3o cobertos no RPPS e para a remunera\u00e7\u00e3o do cargo efetivo acima ter\u00e3o o RPC.<\/li><li>O&nbsp;RPC \u00e9 privado, regulado pela Lei Complementar n\u00ba 109\/2001, e de car\u00e1ter complementar;<\/li><li>Aut\u00f4nomo em rela\u00e7\u00e3o ao RPPS \u2013 possui normas, regras e obriga\u00e7\u00f5es espec\u00edficas;<\/li><li>O Ente com RPPS tem a obriga\u00e7\u00e3o de instituir e ao Servidor \u00e9 facultativo a ades\u00e3o.<\/li><li>O RPC \u00e9 capitalizado em contas individuais que constituem reservas para o pagamento de aposentadorias e pens\u00f5es;<\/li><li>Para os servidores p\u00fablicos a EC n\u00ba 103, obriga que os planos sejam de Contribui\u00e7\u00e3o Definida, sem riscos ou obriga\u00e7\u00f5es atuariais, e s\u00f3 podem ser administrado por entidade de previd\u00eancia complementar;<\/li><li>A Lei Complementar n\u00ba 108 de 2001, s\u00f3 permite que Entidades Fechadas administrem os planos para os servidores&nbsp;<\/li><\/ul>\n\n\n\n<p class=\"has-background\" style=\"background-color:#a0dbff\"><strong>Regime: <\/strong>Lei do Munic\u00edpio de Jundia\u00ed que dispor\u00e1 sobre o regramento do direito a previd\u00eancia complementar de seus Servidores e obriga\u00e7\u00e3o do Ente, seus Poderes e \u00f3rg\u00e3os como patrocinadores.<\/p>\n\n\n\n<p class=\"has-background\" style=\"background-color:#a0dbff\"><strong>Entidade:<\/strong> \u00c9 a entidade privada, aut\u00f4noma autorizada a instituir e administrar planos de benef\u00edcios de previd\u00eancia complementar. Jundia\u00ed ir\u00e1 selecionar uma entidade para administrar o seu Plano, visando reduzir o custo e prover sustentabilidade.<\/p>\n\n\n\n<p class=\"has-background\" style=\"background-color:#a0dbff\"><strong>Plano:<\/strong> \u00c9 um contrato entre as partes: Munic\u00edpio, Servidores e a Entidade administradora. O regulamento estabelece: direitos, responsabilidades, obriga\u00e7\u00f5es, a forma de gest\u00e3o dos recursos, e sobre o pagamento&nbsp; de aposentadorias e pens\u00f5es.<\/p>\n","protected":false},"excerpt":{"rendered":"<p>A Previd\u00eancia Complementar do Servidor P\u00fablico \u00e9 uma obriga\u00e7\u00e3o legal, estabelecida pela Emenda Constitucional n\u00b0 103\/2019, que alterou o art. 40 da Constitui\u00e7\u00e3o Federal e determinou que, at\u00e9 12 de novembro de 2021, todos os Entes federados que possuam Regimes Pr\u00f3prios de Previd\u00eancia Social \u2013 RPPS, limitem os benef\u00edcios de aposentadorias e pens\u00f5es para os [&hellip;]<\/p>\n","protected":false},"author":8,"featured_media":60,"parent":6,"menu_order":1,"comment_status":"closed","ping_status":"closed","template":"","meta":{"footnotes":""},"class_list":["post-257","page","type-page","status-publish","has-post-thumbnail","hentry"],"_links":{"self":[{"href":"https:\/\/jundiai.sp.gov.br\/previdencia-servidores\/wp-json\/wp\/v2\/pages\/257","targetHints":{"allow":["GET"]}}],"collection":[{"href":"https:\/\/jundiai.sp.gov.br\/previdencia-servidores\/wp-json\/wp\/v2\/pages"}],"about":[{"href":"https:\/\/jundiai.sp.gov.br\/previdencia-servidores\/wp-json\/wp\/v2\/types\/page"}],"author":[{"embeddable":true,"href":"https:\/\/jundiai.sp.gov.br\/previdencia-servidores\/wp-json\/wp\/v2\/users\/8"}],"replies":[{"embeddable":true,"href":"https:\/\/jundiai.sp.gov.br\/previdencia-servidores\/wp-json\/wp\/v2\/comments?post=257"}],"version-history":[{"count":1,"href":"https:\/\/jundiai.sp.gov.br\/previdencia-servidores\/wp-json\/wp\/v2\/pages\/257\/revisions"}],"predecessor-version":[{"id":258,"href":"https:\/\/jundiai.sp.gov.br\/previdencia-servidores\/wp-json\/wp\/v2\/pages\/257\/revisions\/258"}],"up":[{"embeddable":true,"href":"https:\/\/jundiai.sp.gov.br\/previdencia-servidores\/wp-json\/wp\/v2\/pages\/6"}],"wp:featuredmedia":[{"embeddable":true,"href":"https:\/\/jundiai.sp.gov.br\/previdencia-servidores\/wp-json\/wp\/v2\/media\/60"}],"wp:attachment":[{"href":"https:\/\/jundiai.sp.gov.br\/previdencia-servidores\/wp-json\/wp\/v2\/media?parent=257"}],"curies":[{"name":"wp","href":"https:\/\/api.w.org\/{rel}","templated":true}]}}