{"id":261,"date":"2021-10-21T17:36:42","date_gmt":"2021-10-21T20:36:42","guid":{"rendered":"https:\/\/jundiai.sp.gov.br\/previdencia-servidores\/?page_id=261"},"modified":"2021-10-21T17:36:42","modified_gmt":"2021-10-21T20:36:42","slug":"quem-sao-os-membros-nomeados-para-acompanhar-a-instituicao-do-rpc","status":"publish","type":"page","link":"https:\/\/jundiai.sp.gov.br\/previdencia-servidores\/regime-de-previdencia-complementar\/quem-sao-os-membros-nomeados-para-acompanhar-a-instituicao-do-rpc\/","title":{"rendered":"Quem s\u00e3o os membros nomeados para acompanhar a institui\u00e7\u00e3o do RPC?"},"content":{"rendered":"\n<p>Conforme <a href=\"https:\/\/jundiai.sp.gov.br\/reforma-servidores\/wp-content\/uploads\/sites\/67\/2021\/08\/portaria-154-2021-novo_edicao-4948-04-08-2021.pdf\" target=\"_blank\" rel=\"noreferrer noopener\"><strong>Portaria n\u00ba 154, de 30 de julho de 2021<\/strong><\/a> foi institu\u00eddo o <strong>GRUPO DE TRABALHO EXECUTIVO<\/strong> para fins de acompanhar a cria\u00e7\u00e3o e implementa\u00e7\u00e3o do Regime de Previd\u00eancia Complementar \u2013 RPC, no \u00e2mbito do munic\u00edpio de Jundia\u00ed, integrado pelos seguintes membros:<\/p>\n\n\n\n<p>I &#8211; Unidade de Gest\u00e3o de Administra\u00e7\u00e3o e Gest\u00e3o de Pessoas:<\/p>\n\n\n\n<p>Titular: ROSEMARY APARECIDA GHIRALDI SIMIONATO<br>Suplente: EDNILSON CESAR RODELLA<br>SIVONE CAETANO VILLELA<\/p>\n\n\n\n<p>II &#8211; Unidade de Gest\u00e3o Neg\u00f3cios Jur\u00eddicos e Cidadania:<\/p>\n\n\n\n<p>Titular: ALEXANDRE HONIGMANN<br>Suplente: ANA LUCIA MONZEM <\/p>\n\n\n\n<p>III &#8211; Unidade de Gest\u00e3o de Governo e Finan\u00e7as:<\/p>\n\n\n\n<p>Titular: JOS\u00c9 ROBERTO RIZZOTTI<br>Suplente: F\u00c1BIO ROSASCO<br>LUIZ FERNANDO BOSCOLO<br>M\u00c1RCIO C\u00c9SAR SANTIAGO<\/p>\n\n\n\n<p>IV &#8211; C\u00e2mara Municipal:<\/p>\n\n\n\n<p>Titular: ALESSANDRO APARECIDO PAVANI<br>Suplente: THIAGO M. DE ALMEIDA GIOLO<\/p>\n\n\n\n<p>V &#8211; Escola Superior de Educa\u00e7\u00e3o F\u00edsica:<\/p>\n\n\n\n<p>Titular: LUCIANA BALDO<br>Suplente: RICARDO ALVES MANACERO<\/p>\n\n\n\n<p>VI &#8211; Faculdade de Medicina de Jundia\u00ed:<\/p>\n\n\n\n<p>Titular: CASSIANO GAINO<br>Suplente: EDN\u00c9ZIA GOES SILVA<\/p>\n\n\n\n<p>VII &#8211; Funda\u00e7\u00e3o Casa da Cultura e Esportes:<\/p>\n\n\n\n<p>Titular: ALINE UYARA DENARIO DIAS ROCCO<br>Suplente: JESSICA RODRIGUES SANTOS<\/p>\n\n\n\n<p>VIII &#8211; Funda\u00e7\u00e3o Municipal de A\u00e7\u00e3o Social:<\/p>\n\n\n\n<p>Titular: PAULA DE CARVALHO GIMENEZ<br>Suplente: BRUNA MARINO CLINI<\/p>\n\n\n\n<p>IX &#8211; Funda\u00e7\u00e3o Televis\u00e3o Educativa de Jundia\u00ed:<\/p>\n\n\n\n<p>Titular: LUIZ CARLOS ZAGO<br>Suplente: EMERSON LUIZ RISSO VIEIRA<\/p>\n\n\n\n<p>X &#8211; Funda\u00e7\u00e3o Serra do Japi:<\/p>\n\n\n\n<p>Titular: F\u00c1BIO CAMPOS ROG\u00c9RIO<br>Suplente: RODRIGO HITOSHI YAMAMOTO<\/p>\n\n\n\n<p>XI &#8211; Instituto de Previd\u00eancia do Munic\u00edpio de Jundia\u00ed:<\/p>\n\n\n\n<p>Titular: CLAUDIA GEORGE MUSSELI CEZAR<br>Suplente: SAMARA LUNA SANTOS<\/p>\n\n\n\n<p>XII &#8211; Escola de Gest\u00e3o P\u00fablica de Jundia\u00ed:<\/p>\n\n\n\n<p>Titular: CLARA MARIA DE SOUZA MAGALH\u00c3ES<br>Suplente: KARINA BIZZARRO NEVES<\/p>\n\n\n\n<p>XIII &#8211; DAE S\/A &#8211; \u00c1gua e Esgoto:<\/p>\n\n\n\n<p>Titular: S\u00c9RGIO HENRIQUE DE CARVALHO<br>Suplente: F\u00c1TIMA CRISTINA DE OLIVEIRA<\/p>\n\n\n\n<p>XIV &#8211; Companhia de Inform\u00e1tica de Jundia\u00ed:<\/p>\n\n\n\n<p>Titular: JOS\u00c9 LUIZ FERRAGUT<br>Suplente: LARA ELEN DIOGO MEITLING<\/p>\n","protected":false},"excerpt":{"rendered":"<p>Conforme Portaria n\u00ba 154, de 30 de julho de 2021 foi institu\u00eddo o GRUPO DE TRABALHO EXECUTIVO para fins de acompanhar a cria\u00e7\u00e3o e implementa\u00e7\u00e3o do Regime de Previd\u00eancia Complementar \u2013 RPC, no \u00e2mbito do munic\u00edpio de Jundia\u00ed, integrado pelos seguintes membros: I &#8211; Unidade de Gest\u00e3o de Administra\u00e7\u00e3o e Gest\u00e3o de Pessoas: Titular: ROSEMARY [&hellip;]<\/p>\n","protected":false},"author":8,"featured_media":0,"parent":6,"menu_order":2,"comment_status":"closed","ping_status":"closed","template":"","meta":{"footnotes":""},"class_list":["post-261","page","type-page","status-publish","hentry"],"_links":{"self":[{"href":"https:\/\/jundiai.sp.gov.br\/previdencia-servidores\/wp-json\/wp\/v2\/pages\/261","targetHints":{"allow":["GET"]}}],"collection":[{"href":"https:\/\/jundiai.sp.gov.br\/previdencia-servidores\/wp-json\/wp\/v2\/pages"}],"about":[{"href":"https:\/\/jundiai.sp.gov.br\/previdencia-servidores\/wp-json\/wp\/v2\/types\/page"}],"author":[{"embeddable":true,"href":"https:\/\/jundiai.sp.gov.br\/previdencia-servidores\/wp-json\/wp\/v2\/users\/8"}],"replies":[{"embeddable":true,"href":"https:\/\/jundiai.sp.gov.br\/previdencia-servidores\/wp-json\/wp\/v2\/comments?post=261"}],"version-history":[{"count":1,"href":"https:\/\/jundiai.sp.gov.br\/previdencia-servidores\/wp-json\/wp\/v2\/pages\/261\/revisions"}],"predecessor-version":[{"id":262,"href":"https:\/\/jundiai.sp.gov.br\/previdencia-servidores\/wp-json\/wp\/v2\/pages\/261\/revisions\/262"}],"up":[{"embeddable":true,"href":"https:\/\/jundiai.sp.gov.br\/previdencia-servidores\/wp-json\/wp\/v2\/pages\/6"}],"wp:attachment":[{"href":"https:\/\/jundiai.sp.gov.br\/previdencia-servidores\/wp-json\/wp\/v2\/media?parent=261"}],"curies":[{"name":"wp","href":"https:\/\/api.w.org\/{rel}","templated":true}]}}